{"id":8897,"date":"2022-12-02T19:25:20","date_gmt":"2022-12-02T18:25:20","guid":{"rendered":"https:\/\/www.lux-airport.lu\/presse\/images-videos\/"},"modified":"2023-01-05T18:29:46","modified_gmt":"2023-01-05T17:29:46","slug":"bilder-videos","status":"publish","type":"page","link":"https:\/\/www.lux-airport.lu\/de\/unternehmen\/presse\/bilder-videos\/","title":{"rendered":"Bilder &amp; Videos"},"content":{"rendered":"\n<p>Willkommen in der Mediathek<strong>&nbsp;des Flughafens Luxemburg<\/strong>. Hier k\u00f6nnen Sie&nbsp;<strong>Bilder und Videos des Flughafens<\/strong>&nbsp;durchst\u00f6bern, die zum Download bereit stehen.<\/p>\n\n\n\n<div class=\"wp-block-columns is-layout-flex wp-container-core-columns-is-layout-9d6595d7 wp-block-columns-is-layout-flex\">\n<div class=\"wp-block-column is-layout-flow wp-block-column-is-layout-flow\" style=\"flex-basis:33.34%\">\n<h2 class=\"wp-block-heading\">Terminal<\/h2>\n\n\n<div class=\"wp-block-image is-style-default\">\n<figure class=\"aligncenter size-medium\"><img loading=\"lazy\" decoding=\"async\" width=\"300\" height=\"200\" src=\"https:\/\/www.lux-airport.lu\/wp-content\/uploads\/2022\/12\/Luxairport_042015_Terminal-300x200.jpg\" alt=\"\" class=\"wp-image-8838\" srcset=\"https:\/\/www.lux-airport.lu\/wp-content\/uploads\/2022\/12\/Luxairport_042015_Terminal-300x200.jpg 300w, https:\/\/www.lux-airport.lu\/wp-content\/uploads\/2022\/12\/Luxairport_042015_Terminal-1024x683.jpg 1024w, https:\/\/www.lux-airport.lu\/wp-content\/uploads\/2022\/12\/Luxairport_042015_Terminal-768x512.jpg 768w, https:\/\/www.lux-airport.lu\/wp-content\/uploads\/2022\/12\/Luxairport_042015_Terminal-1536x1024.jpg 1536w, https:\/\/www.lux-airport.lu\/wp-content\/uploads\/2022\/12\/Luxairport_042015_Terminal-2048x1365.jpg 2048w\" sizes=\"auto, (max-width: 300px) 100vw, 300px\" \/><\/figure>\n<\/div>\n\n\n<p>Bild: J. Bands \/ lux-Airport<\/p>\n\n\n\n<div class=\"wp-block-buttons is-content-justification-center is-layout-flex wp-container-core-buttons-is-layout-16018d1d wp-block-buttons-is-layout-flex\">\n<div class=\"wp-block-button blueButton\"><a class=\"wp-block-button__link wp-element-button\">DOWNLOAD<\/a><\/div>\n<\/div>\n\n\n\n<p>Unser modernes und effizientes Terminal von der Landseite aus gesehen.<\/p>\n<\/div>\n\n\n\n<div class=\"wp-block-column is-layout-flow wp-block-column-is-layout-flow\" style=\"flex-basis:33.34%\">\n<h2 class=\"wp-block-heading\">Gate<\/h2>\n\n\n<div class=\"wp-block-image\">\n<figure class=\"aligncenter size-medium\"><img loading=\"lazy\" decoding=\"async\" width=\"300\" height=\"169\" src=\"https:\/\/www.lux-airport.lu\/wp-content\/uploads\/2022\/12\/Luxairport_102016_Gate-300x169.jpg\" alt=\"\" class=\"wp-image-8851\" srcset=\"https:\/\/www.lux-airport.lu\/wp-content\/uploads\/2022\/12\/Luxairport_102016_Gate-300x169.jpg 300w, https:\/\/www.lux-airport.lu\/wp-content\/uploads\/2022\/12\/Luxairport_102016_Gate-1024x576.jpg 1024w, https:\/\/www.lux-airport.lu\/wp-content\/uploads\/2022\/12\/Luxairport_102016_Gate-768x432.jpg 768w, https:\/\/www.lux-airport.lu\/wp-content\/uploads\/2022\/12\/Luxairport_102016_Gate-1536x864.jpg 1536w, https:\/\/www.lux-airport.lu\/wp-content\/uploads\/2022\/12\/Luxairport_102016_Gate-2048x1152.jpg 2048w\" sizes=\"auto, (max-width: 300px) 100vw, 300px\" \/><\/figure>\n<\/div>\n\n\n<p>Bild: FrameArt \/ lux-Airport<\/p>\n\n\n\n<div class=\"wp-block-buttons is-content-justification-center is-layout-flex wp-container-core-buttons-is-layout-16018d1d wp-block-buttons-is-layout-flex\">\n<div class=\"wp-block-button blueButton\"><a class=\"wp-block-button__link wp-element-button\">DOWNLOAD<\/a><\/div>\n<\/div>\n\n\n\n<p>Ein Blick in den Gatebereich \u2013 Nachtstimmung<\/p>\n<\/div>\n\n\n\n<div class=\"wp-block-column is-layout-flow wp-block-column-is-layout-flow\" style=\"flex-basis:33.33%\">\n<h2 class=\"wp-block-heading\">Flughafen City Masterplan<\/h2>\n\n\n<div class=\"wp-block-image\">\n<figure class=\"aligncenter size-medium\"><img loading=\"lazy\" decoding=\"async\" width=\"300\" height=\"150\" src=\"https:\/\/www.lux-airport.lu\/wp-content\/uploads\/2022\/12\/Luxairport_062016_Master-plan-Airport-City-300x150.jpg\" alt=\"\" class=\"wp-image-8858\" srcset=\"https:\/\/www.lux-airport.lu\/wp-content\/uploads\/2022\/12\/Luxairport_062016_Master-plan-Airport-City-300x150.jpg 300w, https:\/\/www.lux-airport.lu\/wp-content\/uploads\/2022\/12\/Luxairport_062016_Master-plan-Airport-City-1024x512.jpg 1024w, https:\/\/www.lux-airport.lu\/wp-content\/uploads\/2022\/12\/Luxairport_062016_Master-plan-Airport-City-768x384.jpg 768w, https:\/\/www.lux-airport.lu\/wp-content\/uploads\/2022\/12\/Luxairport_062016_Master-plan-Airport-City-1536x768.jpg 1536w, https:\/\/www.lux-airport.lu\/wp-content\/uploads\/2022\/12\/Luxairport_062016_Master-plan-Airport-City-2048x1024.jpg 2048w\" sizes=\"auto, (max-width: 300px) 100vw, 300px\" \/><\/figure>\n<\/div>\n\n\n<p>Bild: lux-Airport<\/p>\n\n\n\n<div class=\"wp-block-buttons is-content-justification-center is-layout-flex wp-container-core-buttons-is-layout-16018d1d wp-block-buttons-is-layout-flex\">\n<div class=\"wp-block-button blueButton\"><a class=\"wp-block-button__link wp-element-button\">DOWNLOAD<\/a><\/div>\n<\/div>\n\n\n\n<p>Als wesentlicher Bestandteil des Gesamt-Masterplans f\u00fcr den derzeit in der Entwicklung befindlichen Flughafen, wurde der Masterplan f\u00fcr den \u00f6ffentlich zug\u00e4nglichen Bereich am 28. Juni 2016 vorgestellt.<\/p>\n<\/div>\n<\/div>\n\n\n\n<div class=\"wp-block-columns is-layout-flex wp-container-core-columns-is-layout-9d6595d7 wp-block-columns-is-layout-flex\">\n<div class=\"wp-block-column is-layout-flow wp-block-column-is-layout-flow\" style=\"flex-basis:33.34%\">\n<h2 class=\"wp-block-heading\">VW E-UP Elektrisch<\/h2>\n\n\n<div class=\"wp-block-image\">\n<figure class=\"aligncenter size-medium\"><img loading=\"lazy\" decoding=\"async\" width=\"300\" height=\"200\" src=\"https:\/\/www.lux-airport.lu\/wp-content\/uploads\/2022\/12\/Luxairport_102016_VW-UP-Electric-300x200.jpg\" alt=\"\" class=\"wp-image-8862\" srcset=\"https:\/\/www.lux-airport.lu\/wp-content\/uploads\/2022\/12\/Luxairport_102016_VW-UP-Electric-300x200.jpg 300w, https:\/\/www.lux-airport.lu\/wp-content\/uploads\/2022\/12\/Luxairport_102016_VW-UP-Electric-1024x684.jpg 1024w, https:\/\/www.lux-airport.lu\/wp-content\/uploads\/2022\/12\/Luxairport_102016_VW-UP-Electric-768x513.jpg 768w, https:\/\/www.lux-airport.lu\/wp-content\/uploads\/2022\/12\/Luxairport_102016_VW-UP-Electric-1536x1025.jpg 1536w, https:\/\/www.lux-airport.lu\/wp-content\/uploads\/2022\/12\/Luxairport_102016_VW-UP-Electric-2048x1367.jpg 2048w\" sizes=\"auto, (max-width: 300px) 100vw, 300px\" \/><\/figure>\n<\/div>\n\n\n<p>Bild: M.Lazzarini \/ lux-Airport<\/p>\n\n\n\n<div class=\"wp-block-buttons is-content-justification-center is-layout-flex wp-container-core-buttons-is-layout-16018d1d wp-block-buttons-is-layout-flex\">\n<div class=\"wp-block-button blueButton\"><a class=\"wp-block-button__link wp-element-button\">DOWNLOAD<\/a><\/div>\n<\/div>\n\n\n\n<p>Seit mehr als drei Jahren nutzen wir eine Flotte von E-Ups f\u00fcr unseren Flughafenbetrieb. Flugh\u00e4fen sind die nat\u00fcrliche Umgebung f\u00fcr E-Autos. Jeder bei LUX hat Spa\u00df damit zu fahren.<\/p>\n<\/div>\n\n\n\n<div class=\"wp-block-column is-layout-flow wp-block-column-is-layout-flow\" style=\"flex-basis:33.34%\">\n<h2 class=\"wp-block-heading\">Erster Swiss C-Series Flug<\/h2>\n\n\n\n<figure class=\"wp-block-image size-medium is-style-default\"><img loading=\"lazy\" decoding=\"async\" width=\"300\" height=\"200\" src=\"https:\/\/www.lux-airport.lu\/wp-content\/uploads\/2022\/12\/Luxairport_122016_C_Series_firstflight_2-300x200.jpg\" alt=\"\" class=\"wp-image-8868\" srcset=\"https:\/\/www.lux-airport.lu\/wp-content\/uploads\/2022\/12\/Luxairport_122016_C_Series_firstflight_2-300x200.jpg 300w, https:\/\/www.lux-airport.lu\/wp-content\/uploads\/2022\/12\/Luxairport_122016_C_Series_firstflight_2-1024x682.jpg 1024w, https:\/\/www.lux-airport.lu\/wp-content\/uploads\/2022\/12\/Luxairport_122016_C_Series_firstflight_2-768x512.jpg 768w, https:\/\/www.lux-airport.lu\/wp-content\/uploads\/2022\/12\/Luxairport_122016_C_Series_firstflight_2-1536x1024.jpg 1536w, https:\/\/www.lux-airport.lu\/wp-content\/uploads\/2022\/12\/Luxairport_122016_C_Series_firstflight_2.jpg 2000w\" sizes=\"auto, (max-width: 300px) 100vw, 300px\" \/><\/figure>\n\n\n\n<p>Bild: Vincent Flamion \/ lux-Airport<\/p>\n\n\n\n<div class=\"wp-block-buttons is-content-justification-center is-layout-flex wp-container-core-buttons-is-layout-16018d1d wp-block-buttons-is-layout-flex\">\n<div class=\"wp-block-button blueButton\"><a class=\"wp-block-button__link wp-element-button\">DOWNLOAD<\/a><\/div>\n<\/div>\n\n\n\n<p>Der Flughafen Luxemburg begr\u00fc\u00dft den neuen \u201eWhisperjet\u201c \u2013 SWISS f\u00fcgt Luxemburg dem Netzwerk der Bombardier C-Series hinzu. Die neue Bombardier C-Series ersetzt nach und nach die derzeitigen Avro RJ100s auf den Kurz- und Mittelstrecken der SWISS.<\/p>\n<\/div>\n\n\n\n<div class=\"wp-block-column is-layout-flow wp-block-column-is-layout-flow\" style=\"flex-basis:33.33%\">\n<h2 class=\"wp-block-heading\">Ryanair Erstflug<\/h2>\n\n\n\n<figure class=\"wp-block-image size-medium\"><img loading=\"lazy\" decoding=\"async\" width=\"300\" height=\"192\" src=\"https:\/\/www.lux-airport.lu\/wp-content\/uploads\/2022\/12\/Luxairport_112016_Ryanair_inauguralflight-300x192.jpg\" alt=\"\" class=\"wp-image-8871\" srcset=\"https:\/\/www.lux-airport.lu\/wp-content\/uploads\/2022\/12\/Luxairport_112016_Ryanair_inauguralflight-300x192.jpg 300w, https:\/\/www.lux-airport.lu\/wp-content\/uploads\/2022\/12\/Luxairport_112016_Ryanair_inauguralflight-1024x657.jpg 1024w, https:\/\/www.lux-airport.lu\/wp-content\/uploads\/2022\/12\/Luxairport_112016_Ryanair_inauguralflight-768x493.jpg 768w, https:\/\/www.lux-airport.lu\/wp-content\/uploads\/2022\/12\/Luxairport_112016_Ryanair_inauguralflight-1536x985.jpg 1536w, https:\/\/www.lux-airport.lu\/wp-content\/uploads\/2022\/12\/Luxairport_112016_Ryanair_inauguralflight-2048x1313.jpg 2048w\" sizes=\"auto, (max-width: 300px) 100vw, 300px\" \/><\/figure>\n\n\n\n<p>Bild: O.Minaire \/ lux-Airport<\/p>\n\n\n\n<div class=\"wp-block-buttons is-content-justification-center is-layout-flex wp-container-core-buttons-is-layout-16018d1d wp-block-buttons-is-layout-flex\">\n<div class=\"wp-block-button blueButton\"><a class=\"wp-block-button__link wp-element-button\">DOWNLOAD<\/a><\/div>\n<\/div>\n\n\n\n<p>Ryanair startete im November 2016 seinen Flugbetrieb von Luxemburg nach London Stansted mit einem t\u00e4glichen Flug, sowie mit mit f\u00fcnf w\u00f6chentlichen Fl\u00fcgen nach Porto.<\/p>\n<\/div>\n<\/div>\n\n\n\n<div class=\"wp-block-columns is-layout-flex wp-container-core-columns-is-layout-9d6595d7 wp-block-columns-is-layout-flex\">\n<div class=\"wp-block-column is-layout-flow wp-block-column-is-layout-flow\" style=\"flex-basis:33.34%\">\n<h2 class=\"wp-block-heading\">Luxair &#8211; Erstflug nach Turin<\/h2>\n\n\n\n<figure class=\"wp-block-image size-medium\"><img loading=\"lazy\" decoding=\"async\" width=\"300\" height=\"200\" src=\"https:\/\/www.lux-airport.lu\/wp-content\/uploads\/2022\/12\/Luxairport_092016_Turin_first-flight-300x200.jpg\" alt=\"\" class=\"wp-image-8875\" srcset=\"https:\/\/www.lux-airport.lu\/wp-content\/uploads\/2022\/12\/Luxairport_092016_Turin_first-flight-300x200.jpg 300w, https:\/\/www.lux-airport.lu\/wp-content\/uploads\/2022\/12\/Luxairport_092016_Turin_first-flight-1024x683.jpg 1024w, https:\/\/www.lux-airport.lu\/wp-content\/uploads\/2022\/12\/Luxairport_092016_Turin_first-flight-768x512.jpg 768w, https:\/\/www.lux-airport.lu\/wp-content\/uploads\/2022\/12\/Luxairport_092016_Turin_first-flight-1536x1024.jpg 1536w, https:\/\/www.lux-airport.lu\/wp-content\/uploads\/2022\/12\/Luxairport_092016_Turin_first-flight-2048x1365.jpg 2048w\" sizes=\"auto, (max-width: 300px) 100vw, 300px\" \/><\/figure>\n\n\n\n<p>Bild: O. Minaire \/ lux-Airport<\/p>\n\n\n\n<div class=\"wp-block-buttons is-content-justification-center is-layout-flex wp-container-core-buttons-is-layout-16018d1d wp-block-buttons-is-layout-flex\">\n<div class=\"wp-block-button blueButton\"><a class=\"wp-block-button__link wp-element-button\">DOWNLOAD<\/a><\/div>\n<\/div>\n\n\n\n<p>Wir haben heute Morgen den ersten Direktflug nach Turin gefeiert! Ein italienisches Willkommensfr\u00fchst\u00fcck, mit Espresso und Panettone wurde den Passagieren serviert.<br>Es werden 4 w\u00f6chentliche Fl\u00fcge angeboten: jeweils am Montag- und Dienstagvormittag sowie am Donnerstag- und Freitagabend.<\/p>\n<\/div>\n\n\n\n<div class=\"wp-block-column is-layout-flow wp-block-column-is-layout-flow\" style=\"flex-basis:33.34%\">\n<h2 class=\"wp-block-heading\">Flybe Erstflug<\/h2>\n\n\n\n<figure class=\"wp-block-image size-medium\"><img loading=\"lazy\" decoding=\"async\" width=\"300\" height=\"200\" src=\"https:\/\/www.lux-airport.lu\/wp-content\/uploads\/2022\/12\/Luxairport_092016_Flybe_inauguralflight_2-300x200.jpg\" alt=\"\" class=\"wp-image-8878\" srcset=\"https:\/\/www.lux-airport.lu\/wp-content\/uploads\/2022\/12\/Luxairport_092016_Flybe_inauguralflight_2-300x200.jpg 300w, https:\/\/www.lux-airport.lu\/wp-content\/uploads\/2022\/12\/Luxairport_092016_Flybe_inauguralflight_2-1024x684.jpg 1024w, https:\/\/www.lux-airport.lu\/wp-content\/uploads\/2022\/12\/Luxairport_092016_Flybe_inauguralflight_2-768x513.jpg 768w, https:\/\/www.lux-airport.lu\/wp-content\/uploads\/2022\/12\/Luxairport_092016_Flybe_inauguralflight_2-1536x1025.jpg 1536w, https:\/\/www.lux-airport.lu\/wp-content\/uploads\/2022\/12\/Luxairport_092016_Flybe_inauguralflight_2.jpg 2048w\" sizes=\"auto, (max-width: 300px) 100vw, 300px\" \/><\/figure>\n\n\n\n<p>Bild: Pulsa Pictures \/ lux-Airport<\/p>\n\n\n\n<div class=\"wp-block-buttons is-content-justification-center is-layout-flex wp-container-core-buttons-is-layout-16018d1d wp-block-buttons-is-layout-flex\">\n<div class=\"wp-block-button blueButton\"><a class=\"wp-block-button__link wp-element-button\">DOWNLOAD<\/a><\/div>\n<\/div>\n\n\n\n<p>Am 1. September startete Flybe seinen neuen Dienst zwischen Luxemburg und Manchester. Flybe, Europas gr\u00f6sste regionale Fluggesellschaft, ist in diesem Jahr die vierte neue Fluggesellschaft am Flughafen Luxemburg.<\/p>\n<\/div>\n\n\n\n<div class=\"wp-block-column is-layout-flow wp-block-column-is-layout-flow\" style=\"flex-basis:33.33%\">\n<h2 class=\"wp-block-heading\">Aegean Erstflug<\/h2>\n\n\n\n<figure class=\"wp-block-image size-medium is-style-default\"><img loading=\"lazy\" decoding=\"async\" width=\"300\" height=\"200\" src=\"https:\/\/www.lux-airport.lu\/wp-content\/uploads\/2022\/12\/Luxairport_052016_Aegean-Inauguration-300x200.jpg\" alt=\"\" class=\"wp-image-8907\" srcset=\"https:\/\/www.lux-airport.lu\/wp-content\/uploads\/2022\/12\/Luxairport_052016_Aegean-Inauguration-300x200.jpg 300w, https:\/\/www.lux-airport.lu\/wp-content\/uploads\/2022\/12\/Luxairport_052016_Aegean-Inauguration-1024x684.jpg 1024w, https:\/\/www.lux-airport.lu\/wp-content\/uploads\/2022\/12\/Luxairport_052016_Aegean-Inauguration-768x513.jpg 768w, https:\/\/www.lux-airport.lu\/wp-content\/uploads\/2022\/12\/Luxairport_052016_Aegean-Inauguration-1536x1025.jpg 1536w, https:\/\/www.lux-airport.lu\/wp-content\/uploads\/2022\/12\/Luxairport_052016_Aegean-Inauguration.jpg 2048w\" sizes=\"auto, (max-width: 300px) 100vw, 300px\" \/><\/figure>\n\n\n\n<p>Bild: Pulsa Pictures \/ lux-Airport<\/p>\n\n\n\n<div class=\"wp-block-buttons is-content-justification-center is-layout-flex wp-container-core-buttons-is-layout-16018d1d wp-block-buttons-is-layout-flex\">\n<div class=\"wp-block-button blueButton\"><a class=\"wp-block-button__link wp-element-button\">DOWNLOAD<\/a><\/div>\n<\/div>\n\n\n\n<p>Aegean Airlines, Griechenlands gr\u00f6\u00dftes Luftfahrtunternehmen und Mitglied der Star Alliance, bietet f\u00fcr die Sommersaison eine neue Strecke von Luxemburg nach Athen. Die Fl\u00fcge werden mit einem 174-sitzigen Airbus A320 betrieben, bieten eine Dual-Klassen-Konfiguration und vollen Onboard-Service, einschlie\u00dflich kostenlosem Essen und Getr\u00e4nken.<\/p>\n<\/div>\n<\/div>\n\n\n\n<div class=\"wp-block-columns is-layout-flex wp-container-core-columns-is-layout-9d6595d7 wp-block-columns-is-layout-flex\">\n<div class=\"wp-block-column is-layout-flow wp-block-column-is-layout-flow\" style=\"flex-basis:33.34%\">\n<h2 class=\"wp-block-heading\">LOT Erstflug<\/h2>\n\n\n\n<figure class=\"wp-block-image size-medium\"><img loading=\"lazy\" decoding=\"async\" width=\"300\" height=\"200\" src=\"https:\/\/www.lux-airport.lu\/wp-content\/uploads\/2022\/12\/Luxairport_032016_LOT_inauguralflight-300x200.jpg\" alt=\"\" class=\"wp-image-8901\" srcset=\"https:\/\/www.lux-airport.lu\/wp-content\/uploads\/2022\/12\/Luxairport_032016_LOT_inauguralflight-300x200.jpg 300w, https:\/\/www.lux-airport.lu\/wp-content\/uploads\/2022\/12\/Luxairport_032016_LOT_inauguralflight-1024x684.jpg 1024w, https:\/\/www.lux-airport.lu\/wp-content\/uploads\/2022\/12\/Luxairport_032016_LOT_inauguralflight-768x513.jpg 768w, https:\/\/www.lux-airport.lu\/wp-content\/uploads\/2022\/12\/Luxairport_032016_LOT_inauguralflight-1536x1025.jpg 1536w, https:\/\/www.lux-airport.lu\/wp-content\/uploads\/2022\/12\/Luxairport_032016_LOT_inauguralflight.jpg 2048w\" sizes=\"auto, (max-width: 300px) 100vw, 300px\" \/><\/figure>\n\n\n\n<p>Bild: lux-Airport<\/p>\n\n\n\n<div class=\"wp-block-buttons is-content-justification-center is-layout-flex wp-container-core-buttons-is-layout-16018d1d wp-block-buttons-is-layout-flex\">\n<div class=\"wp-block-button blueButton\"><a class=\"wp-block-button__link wp-element-button\">DOWNLOAD<\/a><\/div>\n<\/div>\n\n\n\n<p>Am 1. M\u00e4rz wurde die Strecke Luxemburg \u2013 Warschau, mit dem Erstflug eingeweiht. LOT betreibt die Strecke sechsmal pro Woche mit einem Embraer 175 Jet. Passagiere, welche von Luxemburg \u00fcber Warschau reisen, erhalten bequeme Transfers zu vielen weltweiten Destinationen.<a href=\"https:\/\/www.lux-airport.lu\/wp-content\/uploads\/2016\/11\/Luxairport_032016_LOT_inauguralflight.jpg\"><\/a><\/p>\n<\/div>\n\n\n\n<div class=\"wp-block-column is-layout-flow wp-block-column-is-layout-flow\" style=\"flex-basis:33.34%\">\n<h2 class=\"wp-block-heading\">HOP! Erstflug<\/h2>\n\n\n\n<figure class=\"wp-block-image size-medium\"><img loading=\"lazy\" decoding=\"async\" width=\"300\" height=\"200\" src=\"https:\/\/www.lux-airport.lu\/wp-content\/uploads\/2022\/12\/Luxairport_022016_HOP_inauguralflight-300x200.jpg\" alt=\"\" class=\"wp-image-8904\" srcset=\"https:\/\/www.lux-airport.lu\/wp-content\/uploads\/2022\/12\/Luxairport_022016_HOP_inauguralflight-300x200.jpg 300w, https:\/\/www.lux-airport.lu\/wp-content\/uploads\/2022\/12\/Luxairport_022016_HOP_inauguralflight-1024x683.jpg 1024w, https:\/\/www.lux-airport.lu\/wp-content\/uploads\/2022\/12\/Luxairport_022016_HOP_inauguralflight-768x512.jpg 768w, https:\/\/www.lux-airport.lu\/wp-content\/uploads\/2022\/12\/Luxairport_022016_HOP_inauguralflight-1536x1024.jpg 1536w, https:\/\/www.lux-airport.lu\/wp-content\/uploads\/2022\/12\/Luxairport_022016_HOP_inauguralflight.jpg 2048w\" sizes=\"auto, (max-width: 300px) 100vw, 300px\" \/><\/figure>\n\n\n\n<p>Bild: Pulsa Pictures \/ lux-Airport<\/p>\n\n\n\n<div class=\"wp-block-buttons is-content-justification-center is-layout-flex wp-container-core-buttons-is-layout-16018d1d wp-block-buttons-is-layout-flex\">\n<div class=\"wp-block-button blueButton\"><a class=\"wp-block-button__link wp-element-button\">DOWNLOAD<\/a><\/div>\n<\/div>\n\n\n\n<p>HOP! Air France er\u00f6ffnete im Februar die neue Route Luxembourg-Lyon. Diese wird t\u00e4glich, au\u00dfer Samstags, bedient. Lyon bietet ein gro\u03b2es Netz an Umsteigeverbindungen. Zum Einsatz kommt eine ATR 42-500. Dies war das erste Mal, dass ein Flugzeug dieses Typs in LUX landete.<\/p>\n<\/div>\n\n\n\n<div class=\"wp-block-column is-layout-flow wp-block-column-is-layout-flow\" style=\"flex-basis:33.33%\"><\/div>\n<\/div>\n","protected":false},"excerpt":{"rendered":"<p>Willkommen in der Mediathek&nbsp;des Flughafens Luxemburg. Hier k\u00f6nnen Sie&nbsp;Bilder und Videos des Flughafens&nbsp;durchst\u00f6bern, die zum Download bereit stehen. Terminal Bild: J. Bands \/ lux-Airport Unser modernes und effizientes Terminal von der Landseite aus gesehen. Gate Bild: FrameArt \/ lux-Airport Ein Blick in den Gatebereich \u2013 Nachtstimmung Flughafen City Masterplan Bild: lux-Airport Als wesentlicher Bestandteil des [&hellip;]<\/p>\n","protected":false},"author":1,"featured_media":0,"parent":6945,"menu_order":0,"comment_status":"closed","ping_status":"closed","template":"page-templates\/template-images-videos.php","meta":{"_acf_changed":false,"footnotes":""},"class_list":["post-8897","page","type-page","status-publish","hentry"],"acf":{"set_page_width_full":false,"start_with_small_header":false,"reno_options":{"hide_reno_widget":false,"open_widget_on_page_load":false,"which_tab_to_open":"chatbot","hide_reno_turn_onoff":false,"set_height_to_mini":false,"reno_page_branded_text_back_front":{"reno_show_branded_text":false,"reno_text_in_the_back":"JOURNEY","reno_text_in_the_front":"my journey starts here"}},"branded_text_backfront":{"hide_branded_text":false,"text_in_the_back":"JOURNEY","text_in_the_front_left":"My journey","text_in_the_front_right":"starts here"},"hide_breadcrumbs":false,"hide_footer_widgets":false,"hide_page_title":false,"advertising__adsense":{"show_ads_in_this_page":true,"image_instead_of_adsense":{"enable_image_instead_of_adsense":false,"banner_image_300x250":null,"banner_url":""}},"header_image_options":{"show_header_image":"Yes","header_image":""}},"_links":{"self":[{"href":"https:\/\/www.lux-airport.lu\/de\/wp-json\/wp\/v2\/pages\/8897","targetHints":{"allow":["GET"]}}],"collection":[{"href":"https:\/\/www.lux-airport.lu\/de\/wp-json\/wp\/v2\/pages"}],"about":[{"href":"https:\/\/www.lux-airport.lu\/de\/wp-json\/wp\/v2\/types\/page"}],"author":[{"embeddable":true,"href":"https:\/\/www.lux-airport.lu\/de\/wp-json\/wp\/v2\/users\/1"}],"replies":[{"embeddable":true,"href":"https:\/\/www.lux-airport.lu\/de\/wp-json\/wp\/v2\/comments?post=8897"}],"version-history":[{"count":0,"href":"https:\/\/www.lux-airport.lu\/de\/wp-json\/wp\/v2\/pages\/8897\/revisions"}],"up":[{"embeddable":true,"href":"https:\/\/www.lux-airport.lu\/de\/wp-json\/wp\/v2\/pages\/6945"}],"wp:attachment":[{"href":"https:\/\/www.lux-airport.lu\/de\/wp-json\/wp\/v2\/media?parent=8897"}],"curies":[{"name":"wp","href":"https:\/\/api.w.org\/{rel}","templated":true}]}}