{"id":8635,"date":"2022-11-27T22:47:20","date_gmt":"2022-11-27T21:47:20","guid":{"rendered":"https:\/\/www.lux-airport.lu\/arbeiten-bei-lux\/airport-community-newsletter-insiders\/"},"modified":"2023-01-25T22:33:06","modified_gmt":"2023-01-25T21:33:06","slug":"flughafen-gemeinde-newsletter-insiders","status":"publish","type":"page","link":"https:\/\/www.lux-airport.lu\/de\/unternehmen\/unser-engagement\/flughafen-gemeinde-newsletter-insiders\/","title":{"rendered":"Newsletter der Flughafengemeinde &#8211; Insider"},"content":{"rendered":"\n<figure class=\"wp-block-image size-large\"><img loading=\"lazy\" decoding=\"async\" width=\"1024\" height=\"297\" src=\"https:\/\/www.lux-airport.lu\/wp-content\/uploads\/2023\/01\/image-20-1024x297.png\" alt=\"\" class=\"wp-image-10711\" srcset=\"https:\/\/www.lux-airport.lu\/wp-content\/uploads\/2023\/01\/image-20-1024x297.png 1024w, https:\/\/www.lux-airport.lu\/wp-content\/uploads\/2023\/01\/image-20-300x87.png 300w, https:\/\/www.lux-airport.lu\/wp-content\/uploads\/2023\/01\/image-20-768x223.png 768w, https:\/\/www.lux-airport.lu\/wp-content\/uploads\/2023\/01\/image-20.png 1200w\" sizes=\"auto, (max-width: 1024px) 100vw, 1024px\" \/><\/figure>\n\n<p>Der Newsletter Airport Insiders h\u00e4lt alle Mitglieder unserer Flughafengemeinschaft auf dem Laufenden. Sie richtet sich an alle Inhaber eines Flughafenausweises, unabh\u00e4ngig davon, f\u00fcr welches Unternehmen sie arbeiten. Der Newsletter ist exklusiv f\u00fcr Sie als Insider. Verpassen Sie kein exklusives Mitarbeiterangebot in unseren Gesch\u00e4ften und Restaurants und bleiben Sie \u00fcber wichtige Innovationen in den Bereichen Betrieb und Sicherheit informiert. Dar\u00fcber hinaus gibt es aktuelle Informationen zu Projekten (z. B. Airport City, Skypark und Startbahnsanierung), Informationen \u00fcber Veranstaltungen und die neuesten Nachrichten aus unserer Flughafengemeinschaft. Wir sind ein tolles Team, das den Flughafen am Laufen h\u00e4lt, und freuen uns auf eine offene Kommunikation mit Ihnen. Melden Sie sich unten an und bleiben Sie auf dem Laufenden.<\/p>\n\n<figure class=\"wp-block-image size-large\"><img loading=\"lazy\" decoding=\"async\" width=\"1024\" height=\"682\" src=\"https:\/\/www.lux-airport.lu\/wp-content\/uploads\/2023\/01\/image-19-1024x682.png\" alt=\"\" class=\"wp-image-10694\" srcset=\"https:\/\/www.lux-airport.lu\/wp-content\/uploads\/2023\/01\/image-19-1024x682.png 1024w, https:\/\/www.lux-airport.lu\/wp-content\/uploads\/2023\/01\/image-19-300x200.png 300w, https:\/\/www.lux-airport.lu\/wp-content\/uploads\/2023\/01\/image-19-768x511.png 768w, https:\/\/www.lux-airport.lu\/wp-content\/uploads\/2023\/01\/image-19.png 1200w\" sizes=\"auto, (max-width: 1024px) 100vw, 1024px\" \/><\/figure>\n\n<div style=\"height:20px\" aria-hidden=\"true\" class=\"wp-block-spacer\"><\/div>\n\n<iframe class=\"mj-w-res-iframe\" src=\"https:\/\/app.mailjet.com\/widget\/iframe\/269P\/LfX\" width=\"100%\" frameborder=\"0\" marginwidth=\"0\" marginheight=\"0\" scrolling=\"no\" id=\"iFrameResizer0\" style=\"overflow: hidden; height: 334px;\"><\/iframe>\n","protected":false},"excerpt":{"rendered":"<p>Der Newsletter Airport Insiders h\u00e4lt alle Mitglieder unserer Flughafengemeinschaft auf dem Laufenden. Sie richtet sich an alle Inhaber eines Flughafenausweises, unabh\u00e4ngig davon, f\u00fcr welches Unternehmen sie arbeiten. Der Newsletter ist exklusiv f\u00fcr Sie als Insider. Verpassen Sie kein exklusives Mitarbeiterangebot in unseren Gesch\u00e4ften und Restaurants und bleiben Sie \u00fcber wichtige Innovationen in den Bereichen Betrieb [&hellip;]<\/p>\n","protected":false},"author":1,"featured_media":0,"parent":6895,"menu_order":0,"comment_status":"closed","ping_status":"closed","template":"","meta":{"_acf_changed":false,"footnotes":""},"class_list":["post-8635","page","type-page","status-publish","hentry"],"acf":{"set_page_width_full":false,"start_with_small_header":false,"reno_options":{"hide_reno_widget":false,"open_widget_on_page_load":false,"which_tab_to_open":"chatbot","hide_reno_turn_onoff":false,"set_height_to_mini":false,"reno_page_branded_text_back_front":{"reno_show_branded_text":false,"reno_text_in_the_back":"JOURNEY","reno_text_in_the_front":"my journey starts here"}},"branded_text_backfront":{"hide_branded_text":false,"text_in_the_back":"JOURNEY","text_in_the_front_left":"My journey","text_in_the_front_right":"starts here"},"hide_breadcrumbs":false,"hide_footer_widgets":false,"hide_page_title":false,"advertising__adsense":{"show_ads_in_this_page":true,"image_instead_of_adsense":{"enable_image_instead_of_adsense":false,"banner_image_300x250":null,"banner_url":""}},"header_image_options":{"show_header_image":"Yes","header_image":""}},"_links":{"self":[{"href":"https:\/\/www.lux-airport.lu\/de\/wp-json\/wp\/v2\/pages\/8635","targetHints":{"allow":["GET"]}}],"collection":[{"href":"https:\/\/www.lux-airport.lu\/de\/wp-json\/wp\/v2\/pages"}],"about":[{"href":"https:\/\/www.lux-airport.lu\/de\/wp-json\/wp\/v2\/types\/page"}],"author":[{"embeddable":true,"href":"https:\/\/www.lux-airport.lu\/de\/wp-json\/wp\/v2\/users\/1"}],"replies":[{"embeddable":true,"href":"https:\/\/www.lux-airport.lu\/de\/wp-json\/wp\/v2\/comments?post=8635"}],"version-history":[{"count":0,"href":"https:\/\/www.lux-airport.lu\/de\/wp-json\/wp\/v2\/pages\/8635\/revisions"}],"up":[{"embeddable":true,"href":"https:\/\/www.lux-airport.lu\/de\/wp-json\/wp\/v2\/pages\/6895"}],"wp:attachment":[{"href":"https:\/\/www.lux-airport.lu\/de\/wp-json\/wp\/v2\/media?parent=8635"}],"curies":[{"name":"wp","href":"https:\/\/api.w.org\/{rel}","templated":true}]}}