{"id":8421,"date":"2022-10-25T17:06:31","date_gmt":"2022-10-25T15:06:31","guid":{"rendered":"https:\/\/www.lux-airport.lu\/parken-transport\/pick-up-drop-off\/"},"modified":"2026-04-02T13:21:56","modified_gmt":"2026-04-02T11:21:56","slug":"abholer-und-bringer","status":"publish","type":"page","link":"https:\/\/www.lux-airport.lu\/de\/parken-transport\/abholer-und-bringer\/","title":{"rendered":"Abholer und Bringer"},"content":{"rendered":"\n<div style=\"height:30px\" aria-hidden=\"true\" class=\"wp-block-spacer\"><\/div>\n\n\n\n<div class=\"wp-block-buttons is-content-justification-space-between is-layout-flex wp-container-core-buttons-is-layout-3d213aab wp-block-buttons-is-layout-flex\">\n<div class=\"wp-block-button turquoiseButton\"><a class=\"wp-block-button__link wp-element-button\" href=\"https:\/\/www.lux-airport.lu\/de\/parken-transport\/parking-information\/\">Informationen zum Parken<\/a><\/div>\n\n\n\n<div class=\"wp-block-button turquoiseButton\"><a class=\"wp-block-button__link wp-element-button\" href=\"https:\/\/www.lux-airport.lu\/de\/parken-transport\/preise-ohne-reservierung\/\">Schrankenpreise<\/a><\/div>\n\n\n\n<div class=\"wp-block-button turquoiseButton\"><a class=\"wp-block-button__link wp-element-button\" href=\"https:\/\/www.lux-airport.lu\/de\/parken-transport\/parkplatz-buchen\/\">Parkplatz buchen<\/a><\/div>\n\n\n\n<div class=\"wp-block-button turquoiseButton\"><a class=\"wp-block-button__link wp-element-button\" href=\"https:\/\/www.lux-airport.lu\/de\/parken-transport\/buchung-aendern\/\">Buchung \u00e4ndern<\/a><\/div>\n<\/div>\n\n\n\n<div style=\"height:30px\" aria-hidden=\"true\" class=\"wp-block-spacer\"><\/div>\n\n\n<div class=\"wp-block-image lightbox\">\n<figure class=\"aligncenter size-large\"><img loading=\"lazy\" decoding=\"async\" width=\"1024\" height=\"486\" src=\"https:\/\/www.lux-airport.lu\/wp-content\/uploads\/2025\/04\/luxembourg-airport-parking-map-1-1024x486.png\" alt=\"\" class=\"wp-image-20917\" srcset=\"https:\/\/www.lux-airport.lu\/wp-content\/uploads\/2025\/04\/luxembourg-airport-parking-map-1-1024x486.png 1024w, https:\/\/www.lux-airport.lu\/wp-content\/uploads\/2025\/04\/luxembourg-airport-parking-map-1-300x142.png 300w, https:\/\/www.lux-airport.lu\/wp-content\/uploads\/2025\/04\/luxembourg-airport-parking-map-1-768x365.png 768w, https:\/\/www.lux-airport.lu\/wp-content\/uploads\/2025\/04\/luxembourg-airport-parking-map-1-1536x729.png 1536w, https:\/\/www.lux-airport.lu\/wp-content\/uploads\/2025\/04\/luxembourg-airport-parking-map-1-2048x973.png 2048w\" sizes=\"auto, (max-width: 1024px) 100vw, 1024px\" \/><\/figure>\n<\/div>\n\n\n<div style=\"height:50px\" aria-hidden=\"true\" class=\"wp-block-spacer\"><\/div>\n\n\n\n<h2 class=\"wp-block-heading\"><strong>KISS &amp; FLY<\/strong><\/h2>\n\n\n\n<p>Auf unserem KISS &amp; FLY\u00a9-Parkplatz (Parkplatz&nbsp;C) direkt vor dem Terminal k\u00f6nnen Sie 15&nbsp;Minuten lang kostenfrei parken.<\/p>\n\n\n\n<p>Eine ideale L\u00f6sung:<\/p>\n\n\n\n<p>f\u00fcr das Absetzen und Abholen von Flugg\u00e4sten<br>f\u00fcr kurzes Parken mit direktem Zugang zum Terminal<\/p>\n\n\n\n<p>Bei Aufenthalten unter 15&nbsp;Minuten k\u00f6nnen Sie direkt zur Ausfahrt fahren, ohne an den Kassenautomaten zu gehen.<\/p>\n\n\n\n<p>Falls es l\u00e4nger dauern sollte, werden 2,70&nbsp;\u20ac pro 15&nbsp;Minuten berechnet. Der Tagessatz betr\u00e4gt 71,50&nbsp;\u20ac.<\/p>\n\n\n\n<figure class=\"wp-block-table\"><table><tbody><tr><td><strong>Aufenthaltsdauer<\/strong><\/td><td><strong>Preis <\/strong><\/td><\/tr><tr><td>0-15 Min<\/td><td>\u20ac 0,00<\/td><\/tr><tr><td>je 15 Min<\/td><td>\u20ac 2,70<\/td><\/tr><tr><td>pro Tag<\/td><td>\u20ac&nbsp;71,50<\/td><\/tr><tr><td>pro Woche<\/td><td>\u20ac 275,00<\/td><\/tr><\/tbody><\/table><\/figure>\n\n\n\n<p>Auf unserem KISS &amp; FLY\u00a9-Parkplatz finden Sie au\u00dferdem Parkpl\u00e4tze f\u00fcr Motorr\u00e4der und nah am Terminal reservierte Stellpl\u00e4tze f\u00fcr Personen mit eingeschr\u00e4nkter Mobilit\u00e4t.<\/p>\n\n\n\n<p><strong>NEU: Kontaktloses Bezahlen an der Ausfahrtschranke<\/strong><\/p>\n\n\n\n<p>An den Ausfahrtschranken unseres KISS &amp; FLY-Parkplatzes k\u00f6nnen Sie Kleinbetr\u00e4ge direkt mit Ihrer Kredit- oder Debitkarte zahlen. Sie m\u00fcssen die Karte nur vor das Chipkartenleseger\u00e4t (NFC-Piktogramm) halten.<\/p>\n\n\n\n<p>Wenn Sie mehr Zeit am Flughafen verbringen m\u00f6chten, empfehlen wir Ihnen unsere Tiefgarage A\/B oder den Parkbereich&nbsp;G direkt am Terminal.<\/p>\n\n\n\n<div class=\"wp-block-group parkingTermsContainer is-content-justification-space-between is-nowrap is-layout-flex wp-container-core-group-is-layout-0dfbf163 wp-block-group-is-layout-flex\">\n<p><a href=\"mailto:hello@airportparking.lu\">Kontaktieren Sie uns<\/a><\/p>\n\n\n\n<p><\/p>\n\n\n\n<p><a href=\"https:\/\/www.lux-airport.lu\/wp-content\/uploads\/2023\/02\/Conditions-generales-Parking-2022-v12-DE-clean-1.pdf\" target=\"_blank\" rel=\"noreferrer noopener\">Allgemeine Gesch\u00e4ftsbedingungen f\u00fcr das Parken<\/a><\/p>\n<\/div>\n\n","protected":false},"excerpt":{"rendered":"<p>KISS &amp; FLY Auf unserem KISS &amp; FLY\u00a9-Parkplatz (Parkplatz&nbsp;C) direkt vor dem Terminal k\u00f6nnen Sie 15&nbsp;Minuten lang kostenfrei parken. Eine ideale L\u00f6sung: f\u00fcr das Absetzen und Abholen von Flugg\u00e4stenf\u00fcr kurzes Parken mit direktem Zugang zum Terminal Bei Aufenthalten unter 15&nbsp;Minuten k\u00f6nnen Sie direkt zur Ausfahrt fahren, ohne an den Kassenautomaten zu gehen. Falls es l\u00e4nger [&hellip;]<\/p>\n","protected":false},"author":1,"featured_media":0,"parent":6951,"menu_order":3,"comment_status":"closed","ping_status":"closed","template":"","meta":{"_acf_changed":false,"footnotes":""},"class_list":["post-8421","page","type-page","status-publish","hentry"],"acf":{"set_page_width_full":false,"start_with_small_header":false,"reno_options":{"hide_reno_widget":false,"open_widget_on_page_load":false,"which_tab_to_open":"chatbot","hide_reno_turn_onoff":false,"set_height_to_mini":false,"reno_page_branded_text_back_front":{"reno_show_branded_text":false,"reno_text_in_the_back":"JOURNEY","reno_text_in_the_front":"my journey starts here"}},"branded_text_backfront":{"hide_branded_text":false,"text_in_the_back":"PARKING","text_in_the_front_left":"My journey","text_in_the_front_right":"is smooth"},"hide_breadcrumbs":false,"hide_footer_widgets":false,"hide_page_title":false,"advertising__adsense":{"show_ads_in_this_page":true,"image_instead_of_adsense":{"enable_image_instead_of_adsense":false,"banner_image_300x250":null,"banner_url":""}},"header_image_options":{"show_header_image":"Yes","header_image":""}},"_links":{"self":[{"href":"https:\/\/www.lux-airport.lu\/de\/wp-json\/wp\/v2\/pages\/8421","targetHints":{"allow":["GET"]}}],"collection":[{"href":"https:\/\/www.lux-airport.lu\/de\/wp-json\/wp\/v2\/pages"}],"about":[{"href":"https:\/\/www.lux-airport.lu\/de\/wp-json\/wp\/v2\/types\/page"}],"author":[{"embeddable":true,"href":"https:\/\/www.lux-airport.lu\/de\/wp-json\/wp\/v2\/users\/1"}],"replies":[{"embeddable":true,"href":"https:\/\/www.lux-airport.lu\/de\/wp-json\/wp\/v2\/comments?post=8421"}],"version-history":[{"count":1,"href":"https:\/\/www.lux-airport.lu\/de\/wp-json\/wp\/v2\/pages\/8421\/revisions"}],"predecessor-version":[{"id":23863,"href":"https:\/\/www.lux-airport.lu\/de\/wp-json\/wp\/v2\/pages\/8421\/revisions\/23863"}],"up":[{"embeddable":true,"href":"https:\/\/www.lux-airport.lu\/de\/wp-json\/wp\/v2\/pages\/6951"}],"wp:attachment":[{"href":"https:\/\/www.lux-airport.lu\/de\/wp-json\/wp\/v2\/media?parent=8421"}],"curies":[{"name":"wp","href":"https:\/\/api.w.org\/{rel}","templated":true}]}}