{"id":7924,"date":"2022-09-07T00:20:06","date_gmt":"2022-09-06T23:20:06","guid":{"rendered":"https:\/\/www.lux-airport.lu\/ueber-uns\/startbahn-renovierung\/meilensteine-der-startbahnsanierung\/"},"modified":"2023-05-11T11:40:26","modified_gmt":"2023-05-11T10:40:26","slug":"meilensteine-der-startbahnsanierung","status":"publish","type":"page","link":"https:\/\/www.lux-airport.lu\/de\/unternehmen\/ueber-uns\/startbahn-renovierung\/meilensteine-der-startbahnsanierung\/","title":{"rendered":"Meilensteine der Startbahnsanierung"},"content":{"rendered":"\n<p>Informieren Sie sich \u00fcber die Meilensteine der Sanierung der Start- und Landebahn am Flughafen Luxemburg.<\/p>\n\n\n\n<h3 class=\"wp-block-heading\">SEPTEMBER 2021: Beendigung der Nachtarbeiten<\/h3>\n\n\n\n<p>Fertigstellung der Bauarbeiten w\u00e4hrend der n\u00e4chtlichen Sperrung der RWY.<\/p>\n\n\n\n<figure class=\"wp-block-image size-large\"><img loading=\"lazy\" decoding=\"async\" width=\"1024\" height=\"576\" src=\"https:\/\/www.lux-airport.lu\/wp-content\/uploads\/2023\/05\/September-01-scaled-1-1024x576.jpg\" alt=\"\" class=\"wp-image-11876\" srcset=\"https:\/\/www.lux-airport.lu\/wp-content\/uploads\/2023\/05\/September-01-scaled-1-1024x576.jpg 1024w, https:\/\/www.lux-airport.lu\/wp-content\/uploads\/2023\/05\/September-01-scaled-1-300x169.jpg 300w, https:\/\/www.lux-airport.lu\/wp-content\/uploads\/2023\/05\/September-01-scaled-1-768x432.jpg 768w, https:\/\/www.lux-airport.lu\/wp-content\/uploads\/2023\/05\/September-01-scaled-1-1536x864.jpg 1536w, https:\/\/www.lux-airport.lu\/wp-content\/uploads\/2023\/05\/September-01-scaled-1-2048x1152.jpg 2048w\" sizes=\"auto, (max-width: 1024px) 100vw, 1024px\" \/><\/figure>\n\n\n\n<h3 class=\"wp-block-heading\"><br>AUGUST 2021: Reduzierter Pistenbetrieb<\/h3>\n\n\n\n<p>Einf\u00fchrung eines reduzierten Start- und Landebahnbetriebs, der den Flugbetrieb auf der einen Seite erm\u00f6glicht, w\u00e4hrend auf der anderen Seite Bauarbeiten durchgef\u00fchrt werden.<\/p>\n\n\n\n<figure class=\"wp-block-image size-large\"><img loading=\"lazy\" decoding=\"async\" width=\"1024\" height=\"576\" src=\"https:\/\/www.lux-airport.lu\/wp-content\/uploads\/2023\/05\/August-01-1024x576.jpg\" alt=\"\" class=\"wp-image-11879\" srcset=\"https:\/\/www.lux-airport.lu\/wp-content\/uploads\/2023\/05\/August-01-1024x576.jpg 1024w, https:\/\/www.lux-airport.lu\/wp-content\/uploads\/2023\/05\/August-01-300x169.jpg 300w, https:\/\/www.lux-airport.lu\/wp-content\/uploads\/2023\/05\/August-01-768x432.jpg 768w, https:\/\/www.lux-airport.lu\/wp-content\/uploads\/2023\/05\/August-01-1536x864.jpg 1536w, https:\/\/www.lux-airport.lu\/wp-content\/uploads\/2023\/05\/August-01.jpg 1900w\" sizes=\"auto, (max-width: 1024px) 100vw, 1024px\" \/><\/figure>\n\n\n\n<h3 class=\"wp-block-heading\"><br>JULI 2021: Reprofilierung abgeschlossen<\/h3>\n\n\n\n<p>Reprofilierung f\u00fcr 2021 der Start- und Landebahn abgeschlossen.<\/p>\n\n\n\n<figure class=\"wp-block-image size-large\"><img loading=\"lazy\" decoding=\"async\" width=\"1024\" height=\"576\" src=\"https:\/\/www.lux-airport.lu\/wp-content\/uploads\/2023\/05\/July-01-1024x576.jpg\" alt=\"\" class=\"wp-image-11882\" srcset=\"https:\/\/www.lux-airport.lu\/wp-content\/uploads\/2023\/05\/July-01-1024x576.jpg 1024w, https:\/\/www.lux-airport.lu\/wp-content\/uploads\/2023\/05\/July-01-300x169.jpg 300w, https:\/\/www.lux-airport.lu\/wp-content\/uploads\/2023\/05\/July-01-768x432.jpg 768w, https:\/\/www.lux-airport.lu\/wp-content\/uploads\/2023\/05\/July-01-1536x864.jpg 1536w, https:\/\/www.lux-airport.lu\/wp-content\/uploads\/2023\/05\/July-01.jpg 1900w\" sizes=\"auto, (max-width: 1024px) 100vw, 1024px\" \/><\/figure>\n\n\n\n<h3 class=\"wp-block-heading\"><br>JUNI 2021: Verringerung der Breite der Start- und Landebahn<\/h3>\n\n\n\n<p>Verringerung der bestehenden Start- und Landebahnbreite von 60 m auf 45 m mit zwei 7,5 m breiten Seitenstreifen. 130 Lichter bewegen und 14.000<sup>m2<\/sup> in einer Nacht streichen.<\/p>\n\n\n\n<figure class=\"wp-block-image size-large\"><img loading=\"lazy\" decoding=\"async\" width=\"1024\" height=\"576\" src=\"https:\/\/www.lux-airport.lu\/wp-content\/uploads\/2023\/05\/20210612_044608-copy-scaled-1-1024x576.jpg\" alt=\"\" class=\"wp-image-11885\" srcset=\"https:\/\/www.lux-airport.lu\/wp-content\/uploads\/2023\/05\/20210612_044608-copy-scaled-1-1024x576.jpg 1024w, https:\/\/www.lux-airport.lu\/wp-content\/uploads\/2023\/05\/20210612_044608-copy-scaled-1-300x169.jpg 300w, https:\/\/www.lux-airport.lu\/wp-content\/uploads\/2023\/05\/20210612_044608-copy-scaled-1-768x432.jpg 768w, https:\/\/www.lux-airport.lu\/wp-content\/uploads\/2023\/05\/20210612_044608-copy-scaled-1-1536x864.jpg 1536w, https:\/\/www.lux-airport.lu\/wp-content\/uploads\/2023\/05\/20210612_044608-copy-scaled-1-2048x1152.jpg 2048w\" sizes=\"auto, (max-width: 1024px) 100vw, 1024px\" \/><\/figure>\n\n\n\n<h3 class=\"wp-block-heading\"><br>MAI 2021: Beginn der gro\u00dfen Asphaltierungsarbeiten<\/h3>\n\n\n\n<p>Die n\u00e4chtlichen Asphaltierungsarbeiten haben begonnen. Aufbringen von Asphalt und Neuanstrich vor der Er\u00f6ffnung der Start- und Landebahn.<\/p>\n\n\n\n<figure class=\"wp-block-image is-resized\"><a href=\"https:\/\/www.lux-airport.lu\/wp-content\/uploads\/2021\/06\/AERLUX-01-26052021-WEB-%E2%94%AC%C2%AE-LCGDP-L1210810-1-copy.jpg\"><img decoding=\"async\" src=\"https:\/\/www.lux-airport.lu\/wp-content\/uploads\/2021\/06\/AERLUX-01-26052021-WEB-%E2%94%AC%C2%AE-LCGDP-L1210810-1-copy.jpg\" alt=\"\" class=\"wp-image-17160\" width=\"640\"><\/a><\/figure>\n\n\n\n<h3 class=\"wp-block-heading\"><br>APRIL 2021: Beginn der vorbereitenden Arbeiten<\/h3>\n\n\n\n<p>Die erste Renovierung der Start- und Landebahn hat begonnen. Die Arbeiten sind in periodischen Nachtbaustufen und in der Zeit von April bis Oktober bis Ende 2022 geplant.<br><\/p>\n\n\n\n<figure class=\"wp-block-image size-full is-resized\"><img decoding=\"async\" src=\"https:\/\/www.lux-airport.lu\/wp-content\/uploads\/2022\/09\/image-36.png\" alt=\"\" class=\"wp-image-5075\" width=\"640\" srcset=\"https:\/\/www.lux-airport.lu\/wp-content\/uploads\/2022\/09\/image-36.png 700w, https:\/\/www.lux-airport.lu\/wp-content\/uploads\/2022\/09\/image-36-300x158.png 300w\" sizes=\"(max-width: 700px) 100vw, 700px\" \/><\/figure>\n\n\n\n<h3 class=\"wp-block-heading\"><br>M\u00c4RZ 2021: Ein neuer Sicherheitskontrollpunkt<\/h3>\n\n\n\n<p>Um einen schnellen und einfachen Zugang zur Baustelle zu gew\u00e4hrleisten und den Verkehr zu reduzieren, wurde ein neuer Sicherheitszugang errichtet.<\/p>\n\n\n\n<figure class=\"wp-block-image size-full\"><img loading=\"lazy\" decoding=\"async\" width=\"700\" height=\"394\" src=\"https:\/\/www.lux-airport.lu\/wp-content\/uploads\/2023\/05\/E121-march-700x394-1.jpg\" alt=\"\" class=\"wp-image-11888\" srcset=\"https:\/\/www.lux-airport.lu\/wp-content\/uploads\/2023\/05\/E121-march-700x394-1.jpg 700w, https:\/\/www.lux-airport.lu\/wp-content\/uploads\/2023\/05\/E121-march-700x394-1-300x169.jpg 300w\" sizes=\"auto, (max-width: 700px) 100vw, 700px\" \/><\/figure>\n","protected":false},"excerpt":{"rendered":"<p>Informieren Sie sich \u00fcber die Meilensteine der Sanierung der Start- und Landebahn am Flughafen Luxemburg. SEPTEMBER 2021: Beendigung der Nachtarbeiten Fertigstellung der Bauarbeiten w\u00e4hrend der n\u00e4chtlichen Sperrung der RWY. AUGUST 2021: Reduzierter Pistenbetrieb Einf\u00fchrung eines reduzierten Start- und Landebahnbetriebs, der den Flugbetrieb auf der einen Seite erm\u00f6glicht, w\u00e4hrend auf der anderen Seite Bauarbeiten durchgef\u00fchrt werden. [&hellip;]<\/p>\n","protected":false},"author":1,"featured_media":0,"parent":7922,"menu_order":0,"comment_status":"closed","ping_status":"closed","template":"","meta":{"_acf_changed":false,"footnotes":""},"class_list":["post-7924","page","type-page","status-publish","hentry"],"acf":{"set_page_width_full":false,"start_with_small_header":false,"reno_options":{"hide_reno_widget":false,"open_widget_on_page_load":false,"which_tab_to_open":"chatbot","hide_reno_turn_onoff":false,"set_height_to_mini":false,"reno_page_branded_text_back_front":{"reno_show_branded_text":false,"reno_text_in_the_back":"JOURNEY","reno_text_in_the_front":"my journey starts here"}},"branded_text_backfront":{"hide_branded_text":false,"text_in_the_back":"JOURNEY","text_in_the_front_left":"My journey","text_in_the_front_right":"starts here"},"hide_breadcrumbs":false,"hide_footer_widgets":false,"hide_page_title":false,"advertising__adsense":{"show_ads_in_this_page":true,"image_instead_of_adsense":{"enable_image_instead_of_adsense":false,"banner_image_300x250":null,"banner_url":""}},"header_image_options":{"show_header_image":"Yes","header_image":""}},"_links":{"self":[{"href":"https:\/\/www.lux-airport.lu\/de\/wp-json\/wp\/v2\/pages\/7924","targetHints":{"allow":["GET"]}}],"collection":[{"href":"https:\/\/www.lux-airport.lu\/de\/wp-json\/wp\/v2\/pages"}],"about":[{"href":"https:\/\/www.lux-airport.lu\/de\/wp-json\/wp\/v2\/types\/page"}],"author":[{"embeddable":true,"href":"https:\/\/www.lux-airport.lu\/de\/wp-json\/wp\/v2\/users\/1"}],"replies":[{"embeddable":true,"href":"https:\/\/www.lux-airport.lu\/de\/wp-json\/wp\/v2\/comments?post=7924"}],"version-history":[{"count":0,"href":"https:\/\/www.lux-airport.lu\/de\/wp-json\/wp\/v2\/pages\/7924\/revisions"}],"up":[{"embeddable":true,"href":"https:\/\/www.lux-airport.lu\/de\/wp-json\/wp\/v2\/pages\/7922"}],"wp:attachment":[{"href":"https:\/\/www.lux-airport.lu\/de\/wp-json\/wp\/v2\/media?parent=7924"}],"curies":[{"name":"wp","href":"https:\/\/api.w.org\/{rel}","templated":true}]}}