{"id":7908,"date":"2022-08-30T23:00:44","date_gmt":"2022-08-30T21:00:44","guid":{"rendered":"https:\/\/www.lux-airport.lu\/parken-transport\/bus\/"},"modified":"2026-02-25T09:20:55","modified_gmt":"2026-02-25T08:20:55","slug":"bus","status":"publish","type":"page","link":"https:\/\/www.lux-airport.lu\/de\/parken-transport\/bus\/","title":{"rendered":"Bus &amp; Tram"},"content":{"rendered":"\n<p>Die Anreise zum Flughafen Luxemburg mit dem Bus &amp; Tram ist einfach. Hier finden Sie eine Liste mit Fahrpl\u00e4nen, Routen, Busnummern und Tram Tramlinie und allem, was Sie sonst noch wissen m\u00fcssen, um Ihre Anreise so angenehm wie m\u00f6glich zu gestalten. Gute Reise!<\/p>\n\n\n\n<figure class=\"wp-block-image size-full\"><img loading=\"lazy\" decoding=\"async\" width=\"2152\" height=\"1022\" src=\"https:\/\/www.lux-airport.lu\/wp-content\/uploads\/2025\/04\/luxembourg-airport-public-transport-map-1.png\" alt=\"\" class=\"wp-image-20913\" srcset=\"https:\/\/www.lux-airport.lu\/wp-content\/uploads\/2025\/04\/luxembourg-airport-public-transport-map-1.png 2152w, https:\/\/www.lux-airport.lu\/wp-content\/uploads\/2025\/04\/luxembourg-airport-public-transport-map-1-300x142.png 300w, https:\/\/www.lux-airport.lu\/wp-content\/uploads\/2025\/04\/luxembourg-airport-public-transport-map-1-1024x486.png 1024w, https:\/\/www.lux-airport.lu\/wp-content\/uploads\/2025\/04\/luxembourg-airport-public-transport-map-1-768x365.png 768w, https:\/\/www.lux-airport.lu\/wp-content\/uploads\/2025\/04\/luxembourg-airport-public-transport-map-1-1536x729.png 1536w, https:\/\/www.lux-airport.lu\/wp-content\/uploads\/2025\/04\/luxembourg-airport-public-transport-map-1-2048x973.png 2048w\" sizes=\"auto, (max-width: 2152px) 100vw, 2152px\" \/><\/figure>\n\n\n\n<p><strong>BITTE BEACHTEN:<\/strong><\/p>\n\n\n\n<p><em>F\u00fcr alle ankommenden Privatbusse, informieren Sie bitte lux-Airport im Voraus unter mobility-carparking@lux-airport.lu und klicken Sie <a href=\"https:\/\/www.lux-airport.lu\/wp-content\/uploads\/2026\/02\/Stops-and-procedures-for-coaches-at-lux-Airport.pdf\">hier<\/a>. <\/em><\/p>\n\n\n\n<p><em>Wenn Sie im Voraus ein Taxi gebucht haben, beachten Sie bitte, dass die neue Abholzone zum Kiss &amp; Fly Parkplatz C verlegt wurde.<\/em><\/p>\n\n\n\n<h2 class=\"wp-block-heading\">Ich reise innerhalb Luxemburgs<\/h2>\n\n\n\n<h3 class=\"wp-block-heading has-black-color has-text-color\">Fahrplan und Routen<\/h3>\n\n\n\n<div class=\"wp-block-columns is-layout-flex wp-container-core-columns-is-layout-9d6595d7 wp-block-columns-is-layout-flex\">\n<div class=\"wp-block-column is-layout-flow wp-block-column-is-layout-flow\">\n<p style=\"font-size:24px\"><strong>Tram<\/strong><\/p>\n\n\n\n<figure class=\"wp-block-image size-full\"><img loading=\"lazy\" decoding=\"async\" width=\"435\" height=\"126\" src=\"https:\/\/www.lux-airport.lu\/wp-content\/uploads\/2025\/03\/tram-stops.png\" alt=\"\" class=\"wp-image-20764\" srcset=\"https:\/\/www.lux-airport.lu\/wp-content\/uploads\/2025\/03\/tram-stops.png 435w, https:\/\/www.lux-airport.lu\/wp-content\/uploads\/2025\/03\/tram-stops-300x87.png 300w\" sizes=\"auto, (max-width: 435px) 100vw, 435px\" \/><\/figure>\n\n\n\n<div style=\"height:10px\" aria-hidden=\"true\" class=\"wp-block-spacer\"><\/div>\n\n\n\n<div class=\"wp-block-buttons is-content-justification-center is-layout-flex wp-container-core-buttons-is-layout-16018d1d wp-block-buttons-is-layout-flex\">\n<div class=\"wp-block-button blueButton\"><a class=\"wp-block-button__link wp-element-button\">KLICKEN SIE, UM DIE FAHRPL\u00c4NE EINZUSEHEN<\/a><\/div>\n<\/div>\n<\/div>\n\n\n\n<div class=\"wp-block-column is-layout-flow wp-block-column-is-layout-flow\">\n<p style=\"font-size:24px\"><strong>Bus 16<\/strong><\/p>\n\n\n\n<figure class=\"wp-block-image size-full\"><img loading=\"lazy\" decoding=\"async\" width=\"435\" height=\"126\" src=\"https:\/\/www.lux-airport.lu\/wp-content\/uploads\/2025\/03\/bus16-3.png\" alt=\"\" class=\"wp-image-20796\" srcset=\"https:\/\/www.lux-airport.lu\/wp-content\/uploads\/2025\/03\/bus16-3.png 435w, https:\/\/www.lux-airport.lu\/wp-content\/uploads\/2025\/03\/bus16-3-300x87.png 300w\" sizes=\"auto, (max-width: 435px) 100vw, 435px\" \/><\/figure>\n\n\n\n<div style=\"height:10px\" aria-hidden=\"true\" class=\"wp-block-spacer\"><\/div>\n\n\n\n<div class=\"wp-block-buttons is-content-justification-center is-layout-flex wp-container-core-buttons-is-layout-16018d1d wp-block-buttons-is-layout-flex\">\n<div class=\"wp-block-button blueButton\"><a class=\"wp-block-button__link wp-element-button\" href=\"https:\/\/www.mobiliteit.lu\/en\/line\/bus-16-avl-2\/\" target=\"_blank\" rel=\"noreferrer noopener nofollow\">KLICKEN SIE, UM DIE FAHRPL\u00c4NE EINZUSEHEN<\/a><\/div>\n<\/div>\n<\/div>\n\n\n\n<div class=\"wp-block-column is-layout-flow wp-block-column-is-layout-flow\">\n<p style=\"font-size:24px\"><strong>Bus 29<\/strong><\/p>\n\n\n\n<figure class=\"wp-block-image size-full\"><img loading=\"lazy\" decoding=\"async\" width=\"435\" height=\"126\" src=\"https:\/\/www.lux-airport.lu\/wp-content\/uploads\/2025\/04\/bus29.png\" alt=\"\" class=\"wp-image-20808\" srcset=\"https:\/\/www.lux-airport.lu\/wp-content\/uploads\/2025\/04\/bus29.png 435w, https:\/\/www.lux-airport.lu\/wp-content\/uploads\/2025\/04\/bus29-300x87.png 300w\" sizes=\"auto, (max-width: 435px) 100vw, 435px\" \/><\/figure>\n\n\n\n<div style=\"height:10px\" aria-hidden=\"true\" class=\"wp-block-spacer\"><\/div>\n\n\n\n<div class=\"wp-block-buttons is-content-justification-center is-layout-flex wp-container-core-buttons-is-layout-16018d1d wp-block-buttons-is-layout-flex\">\n<div class=\"wp-block-button blueButton\"><a class=\"wp-block-button__link wp-element-button\" href=\"https:\/\/www.mobiliteit.lu\/en\/line\/bus-29-avl-2\/\" target=\"_blank\" rel=\"noreferrer noopener nofollow\">KLICKEN SIE, UM DIE FAHRPL\u00c4NE EINZUSEHEN<\/a><\/div>\n<\/div>\n<\/div>\n\n\n\n<div class=\"wp-block-column is-layout-flow wp-block-column-is-layout-flow\">\n<p style=\"font-size:24px\"><strong>Bus 6<\/strong><\/p>\n\n\n\n<figure class=\"wp-block-image size-full\"><img loading=\"lazy\" decoding=\"async\" width=\"435\" height=\"126\" src=\"https:\/\/www.lux-airport.lu\/wp-content\/uploads\/2022\/11\/bus6-2.png\" alt=\"\" class=\"wp-image-7840\" srcset=\"https:\/\/www.lux-airport.lu\/wp-content\/uploads\/2022\/11\/bus6-2.png 435w, https:\/\/www.lux-airport.lu\/wp-content\/uploads\/2022\/11\/bus6-2-300x87.png 300w\" sizes=\"auto, (max-width: 435px) 100vw, 435px\" \/><\/figure>\n\n\n\n<div style=\"height:10px\" aria-hidden=\"true\" class=\"wp-block-spacer\"><\/div>\n\n\n\n<div class=\"wp-block-buttons is-content-justification-center is-layout-flex wp-container-core-buttons-is-layout-16018d1d wp-block-buttons-is-layout-flex\">\n<div class=\"wp-block-button blueButton\"><a class=\"wp-block-button__link wp-element-button\" href=\"https:\/\/www.mobiliteit.lu\/en\/line\/bus-6-avl-2\/\" target=\"_blank\" rel=\"noreferrer noopener nofollow\">KLICKEN SIE, UM DIE FAHRPL\u00c4NE EINZUSEHEN<\/a><\/div>\n<\/div>\n<\/div>\n<\/div>\n\n\n\n<h2 class=\"wp-block-heading liveBusScheduleItem\">In die Stadt fahren<\/h2>\n\n\n\n<div class=\"wp-block-columns linesFromTheAirport liveBusScheduleItem is-layout-flex wp-container-core-columns-is-layout-9d6595d7 wp-block-columns-is-layout-flex\">\n<div class=\"wp-block-column lineT1toTheCity is-layout-flow wp-block-column-is-layout-flow\">\n<div class=\"wp-block-group is-content-justification-space-between is-nowrap is-layout-flex wp-container-core-group-is-layout-0dfbf163 wp-block-group-is-layout-flex\">\n<p style=\"font-size:24px\">Tram Richtung Stadt<\/p>\n\n\n\n<p class=\"busScheduleLive has-white-color has-text-color has-background\" style=\"background-color:#df2b32\">Live<\/p>\n<\/div>\n<\/div>\n\n\n\n<div class=\"wp-block-column line16toTheCity is-layout-flow wp-block-column-is-layout-flow\">\n<div class=\"wp-block-group is-content-justification-space-between is-nowrap is-layout-flex wp-container-core-group-is-layout-0dfbf163 wp-block-group-is-layout-flex\">\n<p style=\"font-size:24px\">Bus 16 Richtung Stadt<\/p>\n\n\n\n<p class=\"busScheduleLive has-white-color has-text-color has-background\" style=\"background-color:#df2b32\">Live<\/p>\n<\/div>\n<\/div>\n\n\n\n<div class=\"wp-block-column line29toTheCity is-layout-flow wp-block-column-is-layout-flow\">\n<div class=\"wp-block-group is-content-justification-space-between is-nowrap is-layout-flex wp-container-core-group-is-layout-0dfbf163 wp-block-group-is-layout-flex\">\n<p style=\"font-size:24px\">Bus 29 Richtung Stadt<\/p>\n\n\n\n<p class=\"busScheduleLive has-white-color has-text-color has-background\" style=\"background-color:#df2b32\">Live<\/p>\n<\/div>\n<\/div>\n\n\n\n<div class=\"wp-block-column line6toTheCity is-layout-flow wp-block-column-is-layout-flow\">\n<div class=\"wp-block-group is-content-justification-space-between is-nowrap is-layout-flex wp-container-core-group-is-layout-0dfbf163 wp-block-group-is-layout-flex\">\n<p style=\"font-size:24px\">Bus 6 Richtung Stadt<\/p>\n\n\n\n<p class=\"busScheduleLive has-white-color has-text-color has-background\" style=\"background-color:#df2b32\">Live<\/p>\n<\/div>\n<\/div>\n<\/div>\n\n\n\n<h2 class=\"wp-block-heading liveBusScheduleItem\">Zum Flughafen fahren<\/h2>\n\n\n\n<div class=\"wp-block-columns linesToTheAirport liveBusScheduleItem is-layout-flex wp-container-core-columns-is-layout-9d6595d7 wp-block-columns-is-layout-flex\">\n<div class=\"wp-block-column lineT1toTheAirport is-layout-flow wp-block-column-is-layout-flow\">\n<div class=\"wp-block-group is-content-justification-space-between is-nowrap is-layout-flex wp-container-core-group-is-layout-0dfbf163 wp-block-group-is-layout-flex\">\n<p style=\"font-size:24px\">Tram zum Flughafen<\/p>\n\n\n\n<p class=\"busScheduleLive has-white-color has-text-color has-background\" style=\"background-color:#df2b32\">Live<\/p>\n<\/div>\n<\/div>\n\n\n\n<div class=\"wp-block-column line16toTheAirport is-layout-flow wp-block-column-is-layout-flow\">\n<div class=\"wp-block-group is-content-justification-space-between is-nowrap is-layout-flex wp-container-core-group-is-layout-0dfbf163 wp-block-group-is-layout-flex\">\n<p style=\"font-size:24px\">Bus 16 zum Flughafen<\/p>\n\n\n\n<p class=\"busScheduleLive has-white-color has-text-color has-background\" style=\"background-color:#df2b32\">Live<\/p>\n<\/div>\n<\/div>\n\n\n\n<div class=\"wp-block-column line29toTheAirport is-layout-flow wp-block-column-is-layout-flow\">\n<div class=\"wp-block-group is-content-justification-space-between is-nowrap is-layout-flex wp-container-core-group-is-layout-0dfbf163 wp-block-group-is-layout-flex\">\n<p style=\"font-size:24px\">Bus 29 zum Flughafen<\/p>\n\n\n\n<p class=\"busScheduleLive has-white-color has-text-color has-background\" style=\"background-color:#df2b32\">Live<\/p>\n<\/div>\n<\/div>\n\n\n\n<div class=\"wp-block-column line6toTheAirport is-layout-flow wp-block-column-is-layout-flow\">\n<div class=\"wp-block-group is-content-justification-space-between is-nowrap is-layout-flex wp-container-core-group-is-layout-0dfbf163 wp-block-group-is-layout-flex\">\n<p style=\"font-size:24px\">Bus 6 zum Flughafen<\/p>\n\n\n\n<p class=\"busScheduleLive has-white-color has-text-color has-background\" style=\"background-color:#df2b32\">Live<\/p>\n<\/div>\n<\/div>\n<\/div>\n\n\n\n<p>Alle Daten auf dieser Seite werden von Mobiliteit.lu zur Verf\u00fcgung gestellt. lux-Airport \u00fcbernimmt keine Haftung f\u00fcr die Richtigkeit der Daten auf dieser Seite.<\/p>\n\n\n\n<div class=\"wp-block-columns is-layout-flex wp-container-core-columns-is-layout-9d6595d7 wp-block-columns-is-layout-flex\">\n<div class=\"wp-block-column is-layout-flow wp-block-column-is-layout-flow\" style=\"flex-basis:33.33%\">\n<h2 class=\"wp-block-heading\">Sie wissen nicht, wie Sie von Punkt A nach Punkt B kommen?<\/h2>\n\n\n\n<p>F\u00fcr Fahrten innerhalb Luxemburgs k\u00f6nnen Sie den <a href=\"https:\/\/www.mobiliteit.lu\/de\/\" target=\"_blank\" rel=\"noreferrer noopener nofollow\"><strong>offiziellen Wegweiser f\u00fcr \u00f6ffentliche Verkehrsmittel von Mobiliteit<\/strong><\/a> benutzen.<\/p>\n\n\n\n<p>F\u00fcr Reisen, die Luxemburg verlassen, nutzen Sie den <a href=\"https:\/\/www.cfl.lu\/de-de\" target=\"_blank\" rel=\"noreferrer noopener nofollow\"><strong>CFL-Bahnf\u00fchrer.<\/strong><\/a><\/p>\n\n\n\n<p>Es kommt noch besser! Ab dem 1 M\u00e4rz 2020 ist die Fahrt mit \u00f6ffentlichen Verkehrsmitteln in Luxemburg kostenlos (au\u00dfer 1 Klasse).<\/p>\n<\/div>\n\n\n\n<div class=\"wp-block-column is-layout-flow wp-block-column-is-layout-flow\" style=\"flex-basis:66.66%\">\n<div class=\"wp-block-columns is-layout-flex wp-container-core-columns-is-layout-9d6595d7 wp-block-columns-is-layout-flex\">\n<div class=\"wp-block-column is-layout-flow wp-block-column-is-layout-flow\"><div class=\"wp-block-image\">\n<figure class=\"aligncenter size-full is-resized\"><a href=\"https:\/\/www.mobiliteit.lu\/de\/\" target=\"_blank\" rel=\"noreferrer noopener nofollow\"><img loading=\"lazy\" decoding=\"async\" width=\"606\" height=\"755\" src=\"https:\/\/www.lux-airport.lu\/wp-content\/uploads\/2023\/07\/De-mobilitat-2.png\" alt=\"\" class=\"wp-image-14426\" style=\"width:333px;height:413px\" srcset=\"https:\/\/www.lux-airport.lu\/wp-content\/uploads\/2023\/07\/De-mobilitat-2.png 606w, https:\/\/www.lux-airport.lu\/wp-content\/uploads\/2023\/07\/De-mobilitat-2-241x300.png 241w\" sizes=\"auto, (max-width: 606px) 100vw, 606px\" \/><\/a><\/figure>\n<\/div><\/div>\n\n\n\n<div class=\"wp-block-column is-layout-flow wp-block-column-is-layout-flow\"><div class=\"wp-block-image\">\n<figure class=\"aligncenter size-full is-resized\"><a href=\"https:\/\/www.cfl.lu\/de-de\" target=\"_blank\" rel=\"noreferrer noopener nofollow\"><img loading=\"lazy\" decoding=\"async\" width=\"950\" height=\"505\" src=\"https:\/\/www.lux-airport.lu\/wp-content\/uploads\/2023\/07\/cfl-de.png\" alt=\"\" class=\"wp-image-14429\" style=\"width:523px;height:276px\" srcset=\"https:\/\/www.lux-airport.lu\/wp-content\/uploads\/2023\/07\/cfl-de.png 950w, https:\/\/www.lux-airport.lu\/wp-content\/uploads\/2023\/07\/cfl-de-300x159.png 300w, https:\/\/www.lux-airport.lu\/wp-content\/uploads\/2023\/07\/cfl-de-768x408.png 768w\" sizes=\"auto, (max-width: 950px) 100vw, 950px\" \/><\/a><\/figure>\n<\/div><\/div>\n<\/div>\n<\/div>\n<\/div>\n\n\n\n<h2 class=\"wp-block-heading\">Ich reise nach \/ von Frankreich, Belgien oder Deutschland<\/h2>\n\n\n\n<h3 class=\"wp-block-heading has-black-color has-text-color\">Regionalbus<\/h3>\n\n\n\n<p style=\"font-size:24px\"><strong>Bus 302<\/strong><\/p>\n\n\n\n<div class=\"wp-block-columns is-layout-flex wp-container-core-columns-is-layout-9d6595d7 wp-block-columns-is-layout-flex\">\n<div class=\"wp-block-column is-vertically-aligned-top is-layout-flow wp-block-column-is-layout-flow\">\n<figure class=\"wp-block-image size-full\"><img loading=\"lazy\" decoding=\"async\" width=\"600\" height=\"130\" src=\"https:\/\/www.lux-airport.lu\/wp-content\/uploads\/2022\/11\/bus302.png\" alt=\"\" class=\"wp-image-7872\" srcset=\"https:\/\/www.lux-airport.lu\/wp-content\/uploads\/2022\/11\/bus302.png 600w, https:\/\/www.lux-airport.lu\/wp-content\/uploads\/2022\/11\/bus302-300x65.png 300w\" sizes=\"auto, (max-width: 600px) 100vw, 600px\" \/><\/figure>\n\n\n\n<div style=\"height:60px\" aria-hidden=\"true\" class=\"wp-block-spacer\"><\/div>\n\n\n\n<div class=\"wp-block-buttons is-content-justification-center is-layout-flex wp-container-core-buttons-is-layout-16018d1d wp-block-buttons-is-layout-flex\">\n<div class=\"wp-block-button blueButton\"><a class=\"wp-block-button__link wp-element-button\" href=\"https:\/\/www.mobiliteit.lu\/en\/line\/bus-302-rgtr-2\/\" target=\"_blank\" rel=\"noreferrer noopener nofollow\">KLICKEN SIE, UM DIE FAHRPL\u00c4NE EINZUSEHEN<\/a><\/div>\n<\/div>\n<\/div>\n\n\n\n<div class=\"wp-block-column is-vertically-aligned-top is-layout-flow wp-block-column-is-layout-flow\">\n<p><strong>Fahrpreise: <\/strong>Die kostenlose Nutzung der \u00f6ffentlichen Verkehrsmittel endet an der Grenze. Wenn Sie au\u00dferhalb des luxemburgischen Hoheitsgebiets reisen m\u00f6chten, ben\u00f6tigen Sie einen Grenzg\u00e4ngerausweis oder eine Fahrkarte. <a href=\"https:\/\/www.mobiliteit.lu\/de\/fahrscheine\/grenzuberschreitende-fahrscheine\/\" target=\"_blank\" rel=\"noreferrer noopener nofollow\">Klicken Sie hier, um mehr zu erfahren.<\/a><\/p>\n<\/div>\n<\/div>\n","protected":false},"excerpt":{"rendered":"<p>Die Anreise zum Flughafen Luxemburg mit dem Bus &amp; Tram ist einfach. Hier finden Sie eine Liste mit Fahrpl\u00e4nen, Routen, Busnummern und Tram Tramlinie und allem, was Sie sonst noch wissen m\u00fcssen, um Ihre Anreise so angenehm wie m\u00f6glich zu gestalten. Gute Reise! BITTE BEACHTEN: F\u00fcr alle ankommenden Privatbusse, informieren Sie bitte lux-Airport im Voraus [&hellip;]<\/p>\n","protected":false},"author":1,"featured_media":0,"parent":6951,"menu_order":0,"comment_status":"closed","ping_status":"closed","template":"","meta":{"_acf_changed":false,"footnotes":""},"class_list":["post-7908","page","type-page","status-publish","hentry"],"acf":{"set_page_width_full":false,"start_with_small_header":false,"reno_options":{"hide_reno_widget":false,"open_widget_on_page_load":false,"which_tab_to_open":"chatbot","hide_reno_turn_onoff":false,"set_height_to_mini":false,"reno_page_branded_text_back_front":{"reno_show_branded_text":false,"reno_text_in_the_back":"JOURNEY","reno_text_in_the_front":"my journey starts here"}},"branded_text_backfront":{"hide_branded_text":false,"text_in_the_back":"PUBLIC TRANSPORT","text_in_the_front_left":"My journey","text_in_the_front_right":"is a free ride"},"hide_breadcrumbs":false,"hide_footer_widgets":false,"hide_page_title":false,"advertising__adsense":{"show_ads_in_this_page":true,"image_instead_of_adsense":{"enable_image_instead_of_adsense":false,"banner_image_300x250":null,"banner_url":""}},"header_image_options":{"show_header_image":"Yes","header_image":""}},"_links":{"self":[{"href":"https:\/\/www.lux-airport.lu\/de\/wp-json\/wp\/v2\/pages\/7908","targetHints":{"allow":["GET"]}}],"collection":[{"href":"https:\/\/www.lux-airport.lu\/de\/wp-json\/wp\/v2\/pages"}],"about":[{"href":"https:\/\/www.lux-airport.lu\/de\/wp-json\/wp\/v2\/types\/page"}],"author":[{"embeddable":true,"href":"https:\/\/www.lux-airport.lu\/de\/wp-json\/wp\/v2\/users\/1"}],"replies":[{"embeddable":true,"href":"https:\/\/www.lux-airport.lu\/de\/wp-json\/wp\/v2\/comments?post=7908"}],"version-history":[{"count":0,"href":"https:\/\/www.lux-airport.lu\/de\/wp-json\/wp\/v2\/pages\/7908\/revisions"}],"up":[{"embeddable":true,"href":"https:\/\/www.lux-airport.lu\/de\/wp-json\/wp\/v2\/pages\/6951"}],"wp:attachment":[{"href":"https:\/\/www.lux-airport.lu\/de\/wp-json\/wp\/v2\/media?parent=7908"}],"curies":[{"name":"wp","href":"https:\/\/api.w.org\/{rel}","templated":true}]}}