{"id":7067,"date":"2022-10-16T16:09:50","date_gmt":"2022-10-16T14:09:50","guid":{"rendered":"https:\/\/www.lux-airport.lu\/?page_id=7067"},"modified":"2023-05-24T13:40:29","modified_gmt":"2023-05-24T12:40:29","slug":"kunstausstellungen","status":"publish","type":"page","link":"https:\/\/www.lux-airport.lu\/de\/einkaufen-geniessen-entdecken\/kunstausstellungen\/","title":{"rendered":"Kunstausstellungen"},"content":{"rendered":"\n<p>In letzter Zeit haben wir die Werke lokaler luxemburgischer K\u00fcnstler im Business Aviation Center von lux-Airport ausgestellt, denn wir m\u00f6chten die kulturelle Vielfalt und die Talente Luxemburgs pr\u00e4sentieren. Bisher wurden die Werke von Sophia Rein und Carmenly gezeigt. Wir freuen uns darauf, noch viele weitere talentierte K\u00fcnstler aus der Region zu Ausstellungen am Flughafen begr\u00fc\u00dfen zu d\u00fcrfen!<\/p>\n\n\n\n<h2 class=\"wp-block-heading\">Sophia Rein<\/h2>\n\n\n\n<div class=\"wp-block-columns is-layout-flex wp-container-core-columns-is-layout-9d6595d7 wp-block-columns-is-layout-flex\">\n<div class=\"wp-block-column is-vertically-aligned-center is-layout-flow wp-block-column-is-layout-flow\"><div class=\"wp-block-image\">\n<figure class=\"aligncenter size-full\"><img loading=\"lazy\" decoding=\"async\" width=\"447\" height=\"447\" src=\"https:\/\/www.lux-airport.lu\/wp-content\/uploads\/2023\/01\/image.png\" alt=\"\" class=\"wp-image-9643\" srcset=\"https:\/\/www.lux-airport.lu\/wp-content\/uploads\/2023\/01\/image.png 447w, https:\/\/www.lux-airport.lu\/wp-content\/uploads\/2023\/01\/image-300x300.png 300w, https:\/\/www.lux-airport.lu\/wp-content\/uploads\/2023\/01\/image-150x150.png 150w\" sizes=\"auto, (max-width: 447px) 100vw, 447px\" \/><\/figure>\n<\/div><\/div>\n\n\n\n<div class=\"wp-block-column is-vertically-aligned-center is-layout-flow wp-block-column-is-layout-flow\">\n<h3 class=\"wp-block-heading\">\u00dcBER DIE K\u00dcNSTLERIN<\/h3>\n\n\n\n<p>Sophia Rein ist die erste K\u00fcnstlerin, die bei lux-Airport ausgestellt hat. Tief in ihrem Herzen ist sie eine Nomadin, die ihre Leidenschaft f\u00fcr urbane Landschaften, Architektur und tropische Stimmungen lebt. Der Blick durch ihre Kamera auf das Leben regt ihre Kreativit\u00e4t an und inspiriert sie, dieses Leben neu zu gestalten: farbenfroher, dynamischer und aufregender. Der Kontrast zwischen der Realit\u00e4t der Fotografie und dem anregenden Mix aus Malerei und modernen Medien schafft eine neue Perspektive auf die Welt, in der wir leben.<\/p>\n<\/div>\n<\/div>\n\n\n\n<div class=\"wp-block-columns is-layout-flex wp-container-core-columns-is-layout-9d6595d7 wp-block-columns-is-layout-flex\">\n<div class=\"wp-block-column is-vertically-aligned-center is-layout-flow wp-block-column-is-layout-flow\">\n<h3 class=\"wp-block-heading\"><strong>FARBENFROHE REISEBILDER<\/strong><\/h3>\n\n\n\n<p>Die farbenfrohe Kunst von Sophia Rein kombiniert auf unglaubliche Weise Reisen mit Kunst, denn alle Kunstwerke basieren auf Fotos, die auf ihren Reisen entstanden sind.\u00a0 Die Ausstellung ENJOY! zeigt Bilder von Luxemburg \u00fcber Miami bis Saint Tropez. \u00dcber ihre Kunstwerke teilt Sophia Rein ihre sch\u00f6nsten Reisemomente mit Ihnen. Ihre Werke sind von einer Technik gepr\u00e4gt, die als Photo Painting bezeichnet wird. Die Fotos werden zun\u00e4chst in Schwarzwei\u00df auf Alu-Dibond gedruckt. Anschlie\u00dfend werden die Drucke von Hand koloriert. Auf diese Weise werden reale Momente in au\u00dfergew\u00f6hnliche und atemberaubende Erinnerungen verwandelt. Die Sch\u00f6nheit des Augenblicks zu genie\u00dfen, steht stets im Mittelpunkt! Da Ihnen die Ausstellung die sch\u00f6nsten Reiseziele pr\u00e4sentiert, ist der Flughafen gewiss der ideale Ort, diese Kunst zu erleben.<\/p>\n<\/div>\n\n\n\n<div class=\"wp-block-column is-vertically-aligned-center is-layout-flow wp-block-column-is-layout-flow\"><div class=\"wp-block-image\">\n<figure class=\"aligncenter size-full\"><img loading=\"lazy\" decoding=\"async\" width=\"436\" height=\"436\" src=\"https:\/\/www.lux-airport.lu\/wp-content\/uploads\/2023\/01\/image-1.png\" alt=\"\" class=\"wp-image-9646\" srcset=\"https:\/\/www.lux-airport.lu\/wp-content\/uploads\/2023\/01\/image-1.png 436w, https:\/\/www.lux-airport.lu\/wp-content\/uploads\/2023\/01\/image-1-300x300.png 300w, https:\/\/www.lux-airport.lu\/wp-content\/uploads\/2023\/01\/image-1-150x150.png 150w\" sizes=\"auto, (max-width: 436px) 100vw, 436px\" \/><\/figure>\n<\/div><\/div>\n<\/div>\n\n\n\n<div style=\"height:50px\" aria-hidden=\"true\" class=\"wp-block-spacer\"><\/div>\n\n\n\n<figure class=\"wp-block-embed is-type-video is-provider-youtube wp-block-embed-youtube wp-embed-aspect-16-9 wp-has-aspect-ratio\"><div class=\"wp-block-embed__wrapper\">\n<iframe loading=\"lazy\" title=\"Art at lux-Airport with Sophia Rein\" width=\"640\" height=\"360\" src=\"https:\/\/www.youtube.com\/embed\/s4QAaDS5H-s?feature=oembed\" frameborder=\"0\" allow=\"accelerometer; autoplay; clipboard-write; encrypted-media; gyroscope; picture-in-picture; web-share\" referrerpolicy=\"strict-origin-when-cross-origin\" allowfullscreen><\/iframe>\n<\/div><\/figure>\n\n\n\n<div style=\"height:50px\" aria-hidden=\"true\" class=\"wp-block-spacer\"><\/div>\n\n\n\n<hr class=\"wp-block-separator has-alpha-channel-opacity is-style-wide\"\/>\n\n\n\n<h2 class=\"wp-block-heading\">Carmenly<\/h2>\n\n\n\n<div class=\"wp-block-columns is-layout-flex wp-container-core-columns-is-layout-9d6595d7 wp-block-columns-is-layout-flex\">\n<div class=\"wp-block-column is-vertically-aligned-center is-layout-flow wp-block-column-is-layout-flow\"><div class=\"wp-block-image\">\n<figure class=\"aligncenter size-full\"><img loading=\"lazy\" decoding=\"async\" width=\"353\" height=\"352\" src=\"https:\/\/www.lux-airport.lu\/wp-content\/uploads\/2023\/01\/image-2.png\" alt=\"\" class=\"wp-image-9673\" srcset=\"https:\/\/www.lux-airport.lu\/wp-content\/uploads\/2023\/01\/image-2.png 353w, https:\/\/www.lux-airport.lu\/wp-content\/uploads\/2023\/01\/image-2-300x300.png 300w, https:\/\/www.lux-airport.lu\/wp-content\/uploads\/2023\/01\/image-2-150x150.png 150w\" sizes=\"auto, (max-width: 353px) 100vw, 353px\" \/><\/figure>\n<\/div><\/div>\n\n\n\n<div class=\"wp-block-column is-vertically-aligned-center is-layout-flow wp-block-column-is-layout-flow\">\n<h3 class=\"wp-block-heading\">\u00dcBER DIE K\u00dcNSTLERIN<\/h3>\n\n\n\n<p>Die zweite K\u00fcnstlerin mit eigener Ausstellung war Carmenly. Nach einem Studium im Bereich Marketing und Kommunikation schloss sie 2006 ihre Ausbildung an einer Grafik- und Designschule ab. Anschlie\u00dfend arbeitete sie als Vektordesignerin f\u00fcr eine Pariser Event-Agentur und wandte sich der Malerei mit Acryl zu.<\/p>\n\n\n\n<p>Nach und nach nahm sie auch andere Materialien hinzu. Die ersten Gem\u00e4lde entstanden 2008. Ihre Kunst konzentriert sich auf die Darstellung der Frau in der heutigen Gesellschaft. Die Gem\u00e4lde basieren weitgehend auf Poesie.<\/p>\n<\/div>\n<\/div>\n\n\n\n<div class=\"wp-block-columns is-layout-flex wp-container-core-columns-is-layout-9d6595d7 wp-block-columns-is-layout-flex\">\n<div class=\"wp-block-column is-vertically-aligned-center is-layout-flow wp-block-column-is-layout-flow\">\n<h3 class=\"wp-block-heading\"><strong><strong>FRAUEN IN DER MODERNEN GESELLSCHAFT<\/strong><\/strong><\/h3>\n\n\n\n<p>Carmenly r\u00fcckt die Darstellung der Frau in der modernen Gesellschaft in den Mittelpunkt ihrer Arbeit. Sie versucht, den Betrachter \u00fcber die Aura der Person zu erreichen. Sch\u00f6nheit und \u00c4sthetik reichen nicht aus. Entscheidend ist das \u201egewisse Etwas\u201c, das man als Charisma oder Ausstrahlung bezeichnen k\u00f6nnte: \u201eIch m\u00f6chte Emotionen ausdr\u00fccken und verwende dazu vor allem Farben. Mein Ziel ist es, eine relationale \u00c4sthetik zu schaffen, die Neugierde und einen pers\u00f6nlichen Bezug zum Bild erzeugen soll.\u201c Die Haltung der Frauen, ihr Aussehen und ihre Geschichten spiegeln eine bestimmte Gem\u00fctsverfassung wider. Ihnen gemein ist eine tief verwurzelte Melancholie, die sie bereit sind, mit Ihnen zu teilen. Die Ausstellung hebt die Vielfalt der Frauen bez\u00fcglich Charakter und Herkunft hervor.<\/p>\n<\/div>\n\n\n\n<div class=\"wp-block-column is-vertically-aligned-center is-layout-flow wp-block-column-is-layout-flow\"><div class=\"wp-block-image\">\n<figure class=\"aligncenter size-full\"><img loading=\"lazy\" decoding=\"async\" width=\"374\" height=\"502\" src=\"https:\/\/www.lux-airport.lu\/wp-content\/uploads\/2023\/01\/image-3.png\" alt=\"\" class=\"wp-image-9676\" srcset=\"https:\/\/www.lux-airport.lu\/wp-content\/uploads\/2023\/01\/image-3.png 374w, https:\/\/www.lux-airport.lu\/wp-content\/uploads\/2023\/01\/image-3-224x300.png 224w\" sizes=\"auto, (max-width: 374px) 100vw, 374px\" \/><\/figure>\n<\/div><\/div>\n<\/div>\n\n\n\n<div style=\"height:50px\" aria-hidden=\"true\" class=\"wp-block-spacer\"><\/div>\n\n\n\n<figure class=\"wp-block-embed aligncenter is-type-video is-provider-youtube wp-block-embed-youtube wp-embed-aspect-16-9 wp-has-aspect-ratio\"><div class=\"wp-block-embed__wrapper\">\n<iframe loading=\"lazy\" title=\"Art at lux-Airport with Carmenly\" width=\"640\" height=\"360\" src=\"https:\/\/www.youtube.com\/embed\/MvIW6WPt8qU?feature=oembed\" frameborder=\"0\" allow=\"accelerometer; autoplay; clipboard-write; encrypted-media; gyroscope; picture-in-picture; web-share\" referrerpolicy=\"strict-origin-when-cross-origin\" allowfullscreen><\/iframe>\n<\/div><\/figure>\n\n\n\n<div style=\"height:50px\" aria-hidden=\"true\" class=\"wp-block-spacer\"><\/div>\n","protected":false},"excerpt":{"rendered":"<p>In letzter Zeit haben wir die Werke lokaler luxemburgischer K\u00fcnstler im Business Aviation Center von lux-Airport ausgestellt, denn wir m\u00f6chten die kulturelle Vielfalt und die Talente Luxemburgs pr\u00e4sentieren. Bisher wurden die Werke von Sophia Rein und Carmenly gezeigt. Wir freuen uns darauf, noch viele weitere talentierte K\u00fcnstler aus der Region zu Ausstellungen am Flughafen begr\u00fc\u00dfen [&hellip;]<\/p>\n","protected":false},"author":1,"featured_media":0,"parent":6891,"menu_order":0,"comment_status":"closed","ping_status":"closed","template":"","meta":{"_acf_changed":false,"footnotes":""},"class_list":["post-7067","page","type-page","status-publish","hentry"],"acf":{"set_page_width_full":false,"start_with_small_header":false,"reno_options":{"hide_reno_widget":false,"open_widget_on_page_load":false,"which_tab_to_open":"chatbot","hide_reno_turn_onoff":false,"set_height_to_mini":false,"reno_page_branded_text_back_front":{"reno_show_branded_text":false,"reno_text_in_the_back":"JOURNEY","reno_text_in_the_front":"my journey starts here"}},"branded_text_backfront":{"hide_branded_text":false,"text_in_the_back":"CREATIVITY","text_in_the_front_left":"My journey","text_in_the_front_right":"is inspired"},"hide_breadcrumbs":false,"hide_footer_widgets":false,"hide_page_title":false,"advertising__adsense":{"show_ads_in_this_page":true,"image_instead_of_adsense":{"enable_image_instead_of_adsense":false,"banner_image_300x250":null,"banner_url":""}},"header_image_options":{"show_header_image":"Yes","header_image":""}},"_links":{"self":[{"href":"https:\/\/www.lux-airport.lu\/de\/wp-json\/wp\/v2\/pages\/7067","targetHints":{"allow":["GET"]}}],"collection":[{"href":"https:\/\/www.lux-airport.lu\/de\/wp-json\/wp\/v2\/pages"}],"about":[{"href":"https:\/\/www.lux-airport.lu\/de\/wp-json\/wp\/v2\/types\/page"}],"author":[{"embeddable":true,"href":"https:\/\/www.lux-airport.lu\/de\/wp-json\/wp\/v2\/users\/1"}],"replies":[{"embeddable":true,"href":"https:\/\/www.lux-airport.lu\/de\/wp-json\/wp\/v2\/comments?post=7067"}],"version-history":[{"count":0,"href":"https:\/\/www.lux-airport.lu\/de\/wp-json\/wp\/v2\/pages\/7067\/revisions"}],"up":[{"embeddable":true,"href":"https:\/\/www.lux-airport.lu\/de\/wp-json\/wp\/v2\/pages\/6891"}],"wp:attachment":[{"href":"https:\/\/www.lux-airport.lu\/de\/wp-json\/wp\/v2\/media?parent=7067"}],"curies":[{"name":"wp","href":"https:\/\/api.w.org\/{rel}","templated":true}]}}