{"id":6935,"date":"2022-09-11T16:39:58","date_gmt":"2022-09-11T14:39:58","guid":{"rendered":"https:\/\/www.lux-airport.lu\/?page_id=6935"},"modified":"2024-05-24T14:49:16","modified_gmt":"2024-05-24T12:49:16","slug":"larm-management","status":"publish","type":"page","link":"https:\/\/www.lux-airport.lu\/de\/unternehmen\/unser-engagement\/umwelt-und-nachhaltigkeit\/larm-management\/","title":{"rendered":"L\u00e4rm-Management"},"content":{"rendered":"\n<figure class=\"wp-block-table\"><table class=\"has-fixed-layout\"><thead><tr><th class=\"has-text-align-center\" data-align=\"center\">17<\/th><th class=\"has-text-align-center\" data-align=\"center\"><strong>16<\/strong><\/th><\/tr><\/thead><tbody><tr><td class=\"has-text-align-center\" data-align=\"center\">new engine run-up area max. db(A)<\/td><td class=\"has-text-align-center\" data-align=\"center\">T\u00dcV untersucht Emissionspunkte<\/td><\/tr><\/tbody><\/table><\/figure>\n\n\n\n<h3 class=\"wp-block-heading\"><strong>Die Verpflichtungen des Lux-Airport<\/strong><\/h3>\n\n\n\n<p>Mit dem L\u00e4rmbeirat des Flughafens setzt sich der lux-Airport daf\u00fcr ein, die L\u00e4rmumgebung f\u00fcr seine Anrainer zu verbessern. Wir arbeiten an folgenden Themen:<\/p>\n\n\n\n<ul class=\"wp-block-list\">\n<li>Entwicklung theoretischer Szenarien f\u00fcr eine m\u00f6gliche Weiterentwicklung des Flughafenbetriebs<\/li>\n\n\n\n<li>Studie f\u00fcr einen neuen Motorentestbereich<\/li>\n\n\n\n<li>Finanzieller Anreiz f\u00fcr Landungen<\/li>\n<\/ul>\n\n\n\n<p><strong>Einf\u00fchrung von Landegeb\u00fchren<\/strong><\/p>\n\n\n\n<p>In der Sommersaison 2021 hat der lux-Airport ein Landeentgelt eingef\u00fchrt, um die Kosten f\u00fcr den sicheren und effizienten Betrieb der luftseitigen Infrastruktur zu decken. Die Landegeb\u00fchren enthalten mehrere Variablen, die auf der Art und Zeit des Verkehrs basieren, darunter einen Umweltfaktorindex: einen L\u00e4rmbewertungsindex.<\/p>\n\n\n\n<p><strong>L\u00e4rmabh\u00e4ngige Lande-\/Startgeb\u00fchren<\/strong><\/p>\n\n\n\n<p>Der L\u00e4rmfaktor wird durch den ACI Noise Rating Index bestimmt, der die L\u00e4rmleistung jedes einzelnen Flugzeugs im Vergleich zu seinen zertifizierten L\u00e4rmgrenzwerten angibt. Im Geb\u00fchrensystem ist eine schrittweise Anpassung des L\u00e4rmfaktors vorgesehen.<\/p>\n\n\n<div class=\"wp-block-image\">\n<figure class=\"aligncenter size-full\"><img loading=\"lazy\" decoding=\"async\" width=\"762\" height=\"846\" src=\"https:\/\/www.lux-airport.lu\/wp-content\/uploads\/2024\/05\/434234.png\" alt=\"\" class=\"wp-image-17498\" srcset=\"https:\/\/www.lux-airport.lu\/wp-content\/uploads\/2024\/05\/434234.png 762w, https:\/\/www.lux-airport.lu\/wp-content\/uploads\/2024\/05\/434234-270x300.png 270w\" sizes=\"auto, (max-width: 762px) 100vw, 762px\" \/><\/figure>\n<\/div>\n\n\n<h3 class=\"wp-block-heading\"><strong>Neuer Standort f\u00fcr den Triebwerkstest-Hochlaufbereich<\/strong><\/h3>\n\n\n\n<p>Um die L\u00e4rmbelastung f\u00fcr die Anrainer des Flughafens zu verringern und gleichzeitig die Kontinuit\u00e4t der Flughafenaktivit\u00e4ten sicherzustellen, wurde ein neuer Testbereich f\u00fcr Triebwerke untersucht.<\/p>\n\n\n\n<p><strong>Ansatz<\/strong><\/p>\n\n\n\n<p>Die Berechnung der maximalen L\u00e4rmpegel LA, max f\u00fcr einen Triebwerkstest im Anlaufbereich (Startschub) erfolgt mit dem Aviation Environmental Design Tool (AEDT). Die Ermittlung und Bewertung f\u00fcr unterschiedliche Standorte erfolgte in Wohngebieten, insbesondere an der Grenze des bebauten Gebietes \u201eOrtschaft Sandweiler\u201c (Immissionspunkte 2-3-4). Anschlie\u00dfend werden die Ergebnisse zwischen den bestehenden und geplanten Standorten f\u00fcr den Triebwerkstestlaufbereich verglichen.<\/p>\n\n\n\n<p><strong>L\u00e4rmbelastung<\/strong><\/p>\n\n\n\n<p>Vergleich zwischen bestehenden und geplanten Standorten f\u00fcr den Triebwerkstest-Hochlaufbereich am Lux-Airport:<\/p>\n\n\n<div class=\"wp-block-image\">\n<figure class=\"aligncenter size-large\"><img loading=\"lazy\" decoding=\"async\" width=\"1024\" height=\"698\" src=\"https:\/\/www.lux-airport.lu\/wp-content\/uploads\/2024\/05\/755-1024x698.png\" alt=\"\" class=\"wp-image-17501\" srcset=\"https:\/\/www.lux-airport.lu\/wp-content\/uploads\/2024\/05\/755-1024x698.png 1024w, https:\/\/www.lux-airport.lu\/wp-content\/uploads\/2024\/05\/755-300x205.png 300w, https:\/\/www.lux-airport.lu\/wp-content\/uploads\/2024\/05\/755-768x524.png 768w, https:\/\/www.lux-airport.lu\/wp-content\/uploads\/2024\/05\/755-1536x1047.png 1536w, https:\/\/www.lux-airport.lu\/wp-content\/uploads\/2024\/05\/755.png 1559w\" sizes=\"auto, (max-width: 1024px) 100vw, 1024px\" \/><\/figure>\n<\/div>\n\n<div class=\"wp-block-image\">\n<figure class=\"aligncenter size-large\"><img loading=\"lazy\" decoding=\"async\" width=\"1024\" height=\"958\" src=\"https:\/\/www.lux-airport.lu\/wp-content\/uploads\/2024\/05\/42424-1024x958.jpg\" alt=\"\" class=\"wp-image-17504\" srcset=\"https:\/\/www.lux-airport.lu\/wp-content\/uploads\/2024\/05\/42424-1024x958.jpg 1024w, https:\/\/www.lux-airport.lu\/wp-content\/uploads\/2024\/05\/42424-300x281.jpg 300w, https:\/\/www.lux-airport.lu\/wp-content\/uploads\/2024\/05\/42424-768x718.jpg 768w, https:\/\/www.lux-airport.lu\/wp-content\/uploads\/2024\/05\/42424.jpg 1312w\" sizes=\"auto, (max-width: 1024px) 100vw, 1024px\" \/><\/figure>\n<\/div>\n\n\n<p><strong>Intensit\u00e4tsunterschiede:<\/strong><\/p>\n\n\n\n<p>1 dB \u2013 kaum wahrnehmbar<\/p>\n\n\n\n<p>3 dB \u2013 deutlich wahrnehmbar (bedeutet doppelte\/halbe Schallenergie)<\/p>\n\n\n\n<p>6 dB \u2013 Flugl\u00e4rmreduzierung von Airbus A320neo gegen\u00fcber A320ceo<\/p>\n\n\n\n<p>10 dB \u2013 wird etwa doppelt so laut wahrgenommen<\/p>\n\n\n\n<p><strong>Die Schlussfolgerungen lauten:<\/strong><\/p>\n\n\n\n<p>Deutlich sp\u00fcrbare Reduzierung des maximalen L\u00e4rmpegels f\u00fcr 7 Immissionspunkte (Birelerhaff nur 06)<\/p>\n\n\n\n<p>Erh\u00f6hung der maximalen L\u00e4rmpegel f\u00fcr Scheidhof<\/p>\n\n\n\n<p>LA,max von 75 dB(A) f\u00fcr bebaute Gebiete in Sandweiler nicht \u00fcberschritten<\/p>\n\n\n\n<p>Der k\u00fcnftige Standort erf\u00fcllt die Anforderungen der Betriebsordnung zur Gew\u00e4hrleistung eines LA,max von 75 dB(A) f\u00fcr bebaute Gebiete in Sandweiler. Der neue Standort wird auch Z\u00e4une (L\u00e4rmschutzw\u00e4nde) hinter Flugzeugen im Triebwerkshochlaufbereich umfassen, die in dieser L\u00e4rmberechnung nicht ber\u00fccksichtigt werden.<\/p>\n\n\n\n<h2 class=\"wp-block-heading\"><strong>T\u00dcV-Studie<\/strong><\/h2>\n\n\n\n<p>Der Lux-Airport arbeitet an einer Bodenl\u00e4rmstudie des T\u00dcV Rheinland.<\/p>\n\n\n\n<p>Die von der Administration de l&#8217;Environnement entwickelten strategischen Flughafenl\u00e4rmkarten wurden nach den Berechnungsmethoden des \u201eR\u00e9glement Grand-ducal du 2 ao\u00fbt 2006\u201c zur Umsetzung der Richtlinie 2009\/49\/EG der Europ\u00e4ischen Union erstellt. Zus\u00e4tzlich zu diesen Karten lux-Airport arbeitet in enger Abstimmung mit der Administration de l&#8217;Environnement an einer Bodenl\u00e4rmstudie des T\u00dcV Rheinland. Zur Vervollst\u00e4ndigung der bereits vorliegenden Daten haben wir Vor-Ort-Ma\u00dfnahmen auf den Vorfeldern und Rollwegen durchgef\u00fchrt.<\/p>\n\n\n\n<p><strong>Status<\/strong><\/p>\n\n\n\n<p>Der Arbeitsplan wurde der AEV vorgelegt, einschlie\u00dflich einer detaillierten \u00dcberpr\u00fcfung der in der Abschlussstudie zu ber\u00fccksichtigenden Bereiche. Sobald die Methodik und die L\u00e4rmempf\u00e4ngerpunkte validiert wurden, wird das digitale Modell gestartet, das die l\u00e4rmbelastenden Aktivit\u00e4ten auf diesen Gebieten\/Parzellen enth\u00e4lt. Die Ergebnisse dieser Studie werden uns dabei helfen, Ma\u00dfnahmen zu definieren, die einen optimalen Einfluss auf die Reduzierung der L\u00e4rmbel\u00e4stigung f\u00fcr unsere Nachbarn haben k\u00f6nnen.<\/p>\n\n\n\n<div class=\"wp-block-columns is-layout-flex wp-container-core-columns-is-layout-9d6595d7 wp-block-columns-is-layout-flex\">\n<div class=\"wp-block-column is-layout-flow wp-block-column-is-layout-flow\"><div class=\"wp-block-image\">\n<figure class=\"aligncenter size-full\"><img loading=\"lazy\" decoding=\"async\" width=\"458\" height=\"785\" src=\"https:\/\/www.lux-airport.lu\/wp-content\/uploads\/2024\/05\/434232.jpg\" alt=\"\" class=\"wp-image-17507\" srcset=\"https:\/\/www.lux-airport.lu\/wp-content\/uploads\/2024\/05\/434232.jpg 458w, https:\/\/www.lux-airport.lu\/wp-content\/uploads\/2024\/05\/434232-175x300.jpg 175w\" sizes=\"auto, (max-width: 458px) 100vw, 458px\" \/><\/figure>\n<\/div><\/div>\n\n\n\n<div class=\"wp-block-column is-layout-flow wp-block-column-is-layout-flow\"><div class=\"wp-block-image\">\n<figure class=\"aligncenter size-full\"><img loading=\"lazy\" decoding=\"async\" width=\"836\" height=\"522\" src=\"https:\/\/www.lux-airport.lu\/wp-content\/uploads\/2024\/05\/232.jpg\" alt=\"\" class=\"wp-image-17510\" srcset=\"https:\/\/www.lux-airport.lu\/wp-content\/uploads\/2024\/05\/232.jpg 836w, https:\/\/www.lux-airport.lu\/wp-content\/uploads\/2024\/05\/232-300x187.jpg 300w, https:\/\/www.lux-airport.lu\/wp-content\/uploads\/2024\/05\/232-768x480.jpg 768w\" sizes=\"auto, (max-width: 836px) 100vw, 836px\" \/><\/figure>\n<\/div><\/div>\n<\/div>\n\n\n\n<p><br><\/p>\n\n\n\n<pre class=\"wp-block-preformatted\"><strong>Lden:\n<\/strong>Durchschnittsl\u00e4rmindex f\u00fcr einen durchschnittlichen 24-Stunden-Tag, Bewertung \u00fcber ein Jahr (f\u00fcr den Abend wurden 5 dB zus\u00e4tzlich ber\u00fccksichtigt [A] und f\u00fcr die Nacht 10 dB [A])\n\n<strong>Lnight:\n<\/strong>Durchschnittsl\u00e4rmindex f\u00fcr eine durchschnittliche 8-Stunden-Nacht, Bewertung \u00fcber ein Jahr<\/pre>\n\n\n\n<div style=\"height:50px\" aria-hidden=\"true\" class=\"wp-block-spacer\"><\/div>\n\n\n<div class=\"wp-block-image\">\n<figure class=\"aligncenter size-full is-resized\"><img loading=\"lazy\" decoding=\"async\" width=\"768\" height=\"541\" src=\"https:\/\/www.lux-airport.lu\/wp-content\/uploads\/2022\/10\/image-6.png\" alt=\"L\u00e4rm-Karte 2016\u20132011 | Tag\" class=\"wp-image-7116\" style=\"width:769px;height:542px\" srcset=\"https:\/\/www.lux-airport.lu\/wp-content\/uploads\/2022\/10\/image-6.png 768w, https:\/\/www.lux-airport.lu\/wp-content\/uploads\/2022\/10\/image-6-300x211.png 300w\" sizes=\"auto, (max-width: 768px) 100vw, 768px\" \/><\/figure>\n<\/div>\n\n\n<p>L\u00e4rm-Karte 2016\u20132011 | Tag<\/p>\n\n\n\n<div style=\"height:50px\" aria-hidden=\"true\" class=\"wp-block-spacer\"><\/div>\n\n\n<div class=\"wp-block-image\">\n<figure class=\"aligncenter size-full\"><img loading=\"lazy\" decoding=\"async\" width=\"768\" height=\"541\" src=\"https:\/\/www.lux-airport.lu\/wp-content\/uploads\/2022\/10\/image-8.png\" alt=\"L\u00e4rm-Karte 2016\u20132011 | Nacht\" class=\"wp-image-7122\" srcset=\"https:\/\/www.lux-airport.lu\/wp-content\/uploads\/2022\/10\/image-8.png 768w, https:\/\/www.lux-airport.lu\/wp-content\/uploads\/2022\/10\/image-8-300x211.png 300w\" sizes=\"auto, (max-width: 768px) 100vw, 768px\" \/><\/figure>\n<\/div>\n\n\n<p>L\u00e4rm-Karte 2016\u20132011 | Nacht<\/p>\n\n\n\n<div style=\"height:50px\" aria-hidden=\"true\" class=\"wp-block-spacer\"><\/div>\n\n\n\n<div class=\"wp-block-group lightGreenBackground is-content-justification-center is-nowrap is-layout-flex wp-container-core-group-is-layout-94bc23d7 wp-block-group-is-layout-flex\">\n<figure class=\"wp-block-image size-large\"><img loading=\"lazy\" decoding=\"async\" width=\"1024\" height=\"365\" src=\"https:\/\/www.lux-airport.lu\/wp-content\/uploads\/2023\/06\/Asset-16@5x-1024x365.png\" alt=\"\" class=\"wp-image-14111\" srcset=\"https:\/\/www.lux-airport.lu\/wp-content\/uploads\/2023\/06\/Asset-16@5x-1024x365.png 1024w, https:\/\/www.lux-airport.lu\/wp-content\/uploads\/2023\/06\/Asset-16@5x-300x107.png 300w, https:\/\/www.lux-airport.lu\/wp-content\/uploads\/2023\/06\/Asset-16@5x-768x274.png 768w, https:\/\/www.lux-airport.lu\/wp-content\/uploads\/2023\/06\/Asset-16@5x-1536x548.png 1536w, https:\/\/www.lux-airport.lu\/wp-content\/uploads\/2023\/06\/Asset-16@5x-2048x731.png 2048w\" sizes=\"auto, (max-width: 1024px) 100vw, 1024px\" \/><\/figure>\n<\/div>\n\n\n\n<div style=\"height:100px\" aria-hidden=\"true\" class=\"wp-block-spacer\"><\/div>\n\n\n\n<h4 class=\"wp-block-heading\">SO WIRD L\u00c4RMBELASTUNG VOM AUSSCHUSS BEK\u00c4MPFT<\/h4>\n\n\n\n<p><strong><strong>Vorbeugende Ma\u00dfnahmen<\/strong> <\/strong>umfassen an oberster Stelle Ma\u00dfnahmen auf Raumplanungsebene (z.&nbsp;B. allgemeiner Entwicklungsplan, Sonderentwicklungsplan, Fl\u00e4chennutzungsplan, Musterbauordnung) und die St\u00e4dteplanung (Sektorpl\u00e4ne). Diese Ma\u00dfnahmen sind Teil eines Konzepts, mit dem Ruhezonen in der Stadt gesch\u00fctzt werden.<\/p>\n\n\n\n<p><strong><strong>Ma\u00dfnahmen zur Bek\u00e4mpfung bestehender L\u00e4rmprobleme<\/strong> <\/strong>umfassen die Konzentration auf priorit\u00e4re L\u00e4rmmanagementzonen, d.&nbsp;h. Zonen mit hohem L\u00e4rmniveau und vielen betroffenen Menschen. Die Aktionspl\u00e4ne konzentrieren sich auf Ma\u00dfnahmen zur L\u00e4rmreduzierung durch L\u00e4rmvermeidung, d.&nbsp;h. an der Stelle, an der der L\u00e4rm verursacht wird. Dies hat den Vorteil einer unmittelbaren Auswirkung auf die \u00e4u\u00dfere Ger\u00e4uschumgebung und in der Regel ist das Kosten-Nutzen-Verh\u00e4ltnis der Ma\u00dfnahmen besser.<\/p>\n\n\n\n<p>Dort, wo die L\u00e4rmvermeidung unzureichend ist, k\u00f6nnen L\u00e4rmschutzma\u00dfnahmen in Betracht gezogen werden (z.&nbsp;B. L\u00e4rmschutzw\u00e4nde), sofern sie sich gut in die Umwelt oder in die Stadtlandschaft einf\u00fcgen.<\/p>\n\n\n\n<p><strong><strong>Im Vergleich zu 2011 zeigten die Ergebnisse der L\u00e4rmkarten von 2016 eine Verringerung der Isokonturen und somit der betroffenen Fl\u00e4chen in km<sup>2<\/sup> um 6&nbsp;% bis 9&nbsp;%.<\/strong><\/strong><\/p>\n\n\n\n<p>Wir erreichten eine Verringerung der Personenzahl, die nachts der h\u00f6chsten L\u00e4rmstufe ausgesetzt war, von 8&nbsp;900 auf 5&nbsp;700 und eine Verringerung der Personenzahl, die mittleren L\u00e4rmstufen ausgesetzt war, von 3&nbsp;100 auf 2&nbsp;400. Au\u00dferdem wurde ber\u00fccksichtigt, dass die Gesamtzahl der betroffenen Personen ansteigt, da die Bev\u00f6lkerung rund um den Flughafen w\u00e4chst.<\/p>\n\n\n\n<div style=\"height:50px\" aria-hidden=\"true\" class=\"wp-block-spacer\"><\/div>\n\n\n\n<pre class=\"wp-block-preformatted\">Der vollst\u00e4ndige L\u00e4rm-Aktionsplan ist auf der Website der Umweltbeh\u00f6rde verf\u00fcgbar: \n&gt; www.environnement.public.lu<\/pre>\n\n\n\n<div style=\"height:50px\" aria-hidden=\"true\" class=\"wp-block-spacer\"><\/div>\n\n\n\n<figure class=\"wp-block-image size-full\"><img loading=\"lazy\" decoding=\"async\" width=\"1722\" height=\"564\" src=\"https:\/\/www.lux-airport.lu\/wp-content\/uploads\/2022\/11\/image-3.png\" alt=\"Diagramm zur Umgebungsoptimierung\" class=\"wp-image-8506\" srcset=\"https:\/\/www.lux-airport.lu\/wp-content\/uploads\/2022\/11\/image-3.png 1722w, https:\/\/www.lux-airport.lu\/wp-content\/uploads\/2022\/11\/image-3-300x98.png 300w, https:\/\/www.lux-airport.lu\/wp-content\/uploads\/2022\/11\/image-3-1024x335.png 1024w, https:\/\/www.lux-airport.lu\/wp-content\/uploads\/2022\/11\/image-3-768x252.png 768w, https:\/\/www.lux-airport.lu\/wp-content\/uploads\/2022\/11\/image-3-1536x503.png 1536w\" sizes=\"auto, (max-width: 1722px) 100vw, 1722px\" \/><\/figure>\n","protected":false},"excerpt":{"rendered":"<p>17 16 new engine run-up area max. db(A) T\u00dcV untersucht Emissionspunkte Die Verpflichtungen des Lux-Airport Mit dem L\u00e4rmbeirat des Flughafens setzt sich der lux-Airport daf\u00fcr ein, die L\u00e4rmumgebung f\u00fcr seine Anrainer zu verbessern. Wir arbeiten an folgenden Themen: Einf\u00fchrung von Landegeb\u00fchren In der Sommersaison 2021 hat der lux-Airport ein Landeentgelt eingef\u00fchrt, um die Kosten f\u00fcr [&hellip;]<\/p>\n","protected":false},"author":1,"featured_media":0,"parent":8963,"menu_order":0,"comment_status":"closed","ping_status":"closed","template":"","meta":{"_acf_changed":false,"footnotes":""},"class_list":["post-6935","page","type-page","status-publish","hentry"],"acf":{"set_page_width_full":false,"start_with_small_header":false,"reno_options":{"hide_reno_widget":false,"open_widget_on_page_load":false,"which_tab_to_open":"chatbot","hide_reno_turn_onoff":false,"set_height_to_mini":false,"reno_page_branded_text_back_front":{"reno_show_branded_text":false,"reno_text_in_the_back":"JOURNEY","reno_text_in_the_front":"my journey starts here"}},"branded_text_backfront":{"hide_branded_text":false,"text_in_the_back":"JOURNEY","text_in_the_front_left":"My journey","text_in_the_front_right":"starts here"},"hide_breadcrumbs":false,"hide_footer_widgets":false,"hide_page_title":false,"advertising__adsense":{"show_ads_in_this_page":true,"image_instead_of_adsense":{"enable_image_instead_of_adsense":false,"banner_image_300x250":null,"banner_url":""}},"header_image_options":{"show_header_image":"Yes","header_image":""}},"_links":{"self":[{"href":"https:\/\/www.lux-airport.lu\/de\/wp-json\/wp\/v2\/pages\/6935","targetHints":{"allow":["GET"]}}],"collection":[{"href":"https:\/\/www.lux-airport.lu\/de\/wp-json\/wp\/v2\/pages"}],"about":[{"href":"https:\/\/www.lux-airport.lu\/de\/wp-json\/wp\/v2\/types\/page"}],"author":[{"embeddable":true,"href":"https:\/\/www.lux-airport.lu\/de\/wp-json\/wp\/v2\/users\/1"}],"replies":[{"embeddable":true,"href":"https:\/\/www.lux-airport.lu\/de\/wp-json\/wp\/v2\/comments?post=6935"}],"version-history":[{"count":0,"href":"https:\/\/www.lux-airport.lu\/de\/wp-json\/wp\/v2\/pages\/6935\/revisions"}],"up":[{"embeddable":true,"href":"https:\/\/www.lux-airport.lu\/de\/wp-json\/wp\/v2\/pages\/8963"}],"wp:attachment":[{"href":"https:\/\/www.lux-airport.lu\/de\/wp-json\/wp\/v2\/media?parent=6935"}],"curies":[{"name":"wp","href":"https:\/\/api.w.org\/{rel}","templated":true}]}}