{"id":6929,"date":"2022-10-12T21:04:35","date_gmt":"2022-10-12T19:04:35","guid":{"rendered":"https:\/\/www.lux-airport.lu\/?page_id=6929"},"modified":"2024-05-27T09:49:52","modified_gmt":"2024-05-27T07:49:52","slug":"co2-fussabdruck","status":"publish","type":"page","link":"https:\/\/www.lux-airport.lu\/de\/unternehmen\/unser-engagement\/umwelt-und-nachhaltigkeit\/co2-fussabdruck\/","title":{"rendered":"CO2-Fu\u00dfabdruck"},"content":{"rendered":"\n<h3 class=\"wp-block-heading\"><strong>WIR HANDELN<\/strong><\/h3>\n\n\n\n<p><strong>lux-Airport wurde von WSP gem\u00e4\u00df dem Airport Carbon Accreditation Program zertifiziert. Der Luxemburger Flughafen erreichte das Akkreditierungs-Level 3 (\u201eneutrality\u201c). Damit wurden die Ma\u00dfnahmen des Flughafens zur Steuerung der CO2-Emissionen gew\u00fcrdigt.<\/strong><\/p>\n\n\n\n<p><strong>Das Zertifizierungsprogramm ist Teil der Antwort, die Flugh\u00e4fen weltweit auf die Herausforderungen des Klimawandels geben.<\/strong><\/p>\n\n\n\n<figure class=\"wp-block-table\"><table class=\"has-fixed-layout\"><thead><tr><th class=\"has-text-align-center\" data-align=\"center\">327<\/th><th class=\"has-text-align-center\" data-align=\"center\">3+<\/th><th class=\"has-text-align-center\" data-align=\"center\">63<\/th><\/tr><\/thead><tbody><tr><td class=\"has-text-align-center\" data-align=\"center\">FLUGH\u00c4FEN WELTWEIT<\/td><td class=\"has-text-align-center\" data-align=\"center\">DAS ERREICHTE LEVEL VON LUX-AIRPORT<\/td><td class=\"has-text-align-center\" data-align=\"center\">CO2-NEUTRALE FLUGH\u00c4FEN<\/td><\/tr><\/tbody><\/table><\/figure>\n\n\n\n<pre class=\"wp-block-preformatted\">\u201eAnfang der 1990er Jahre hielt man mich f\u00fcr einen Tr\u00e4umer, als ich ank\u00fcndigte, dass wir die CO2-Emissionen halbieren werden. Heute ist das der Fall. Und ich glaube nach wie vor: Die gr\u00f6\u00dfte Schwierigkeit liegt darin, sich f\u00fcr den Kurswechsel zu entscheiden. Danach ist alles nur noch eine Frage von Fristen und Fortschritten.\"\n\nCamille Gira \u2013 Ehemaliger Staatssekret\u00e4r f\u00fcr nachhaltige Entwicklung und Infrastruktur, Luxemburg<\/pre>\n\n\n\n<h3 class=\"wp-block-heading\"><strong><strong>Verpflichtung zu Netto-Null bis 2030<\/strong><\/strong><\/h3>\n\n\n\n<p>lux-Airport ist einer von 97 Flugh\u00e4fen, die sich verpflichtet haben, bis 2030 die absolute Kohlenstoffneutralit\u00e4t (Net Zero) zu erreichen.<\/p>\n\n\n\n<p>Um die schlimmsten Auswirkungen des Klimawandels zu vermeiden, muss unsere Zivilisation bis sp\u00e4testens 2050 \u201eNetto-Null-Kohlenstoffemissionen\u201c erreichen. Netto-Null-Emissionen sind nach der Definition des IPCC der Zustand, \u201ein dem die anthropogenen CO2-Emissionen global durch den anthropogenen CO2-Abbau \u00fcber einen bestimmten Zeitraum ausgeglichen sind\u201c.<\/p>\n\n\n\n<p>Mit anderen Worten: Um dieses Ziel zu erreichen, m\u00fcssen wir entweder aufh\u00f6ren, neues CO2 zu produzieren, oder wir m\u00fcssen alle Emissionen durch die Entfernung bestehender Emissionen aus der Erdatmosph\u00e4re kompensieren.<\/p>\n\n\n<div class=\"wp-block-image\">\n<figure class=\"aligncenter size-full\"><img loading=\"lazy\" decoding=\"async\" width=\"410\" height=\"667\" src=\"https:\/\/www.lux-airport.lu\/wp-content\/uploads\/2024\/05\/4544.jpg\" alt=\"\" class=\"wp-image-17380\" srcset=\"https:\/\/www.lux-airport.lu\/wp-content\/uploads\/2024\/05\/4544.jpg 410w, https:\/\/www.lux-airport.lu\/wp-content\/uploads\/2024\/05\/4544-184x300.jpg 184w\" sizes=\"auto, (max-width: 410px) 100vw, 410px\" \/><\/figure>\n<\/div>\n\n\n<div style=\"height:100px\" aria-hidden=\"true\" class=\"wp-block-spacer\"><\/div>\n\n\n<div class=\"wp-block-image\">\n<figure class=\"aligncenter size-full\"><img loading=\"lazy\" decoding=\"async\" width=\"914\" height=\"983\" src=\"https:\/\/www.lux-airport.lu\/wp-content\/uploads\/2024\/05\/43432-1.png\" alt=\"\" class=\"wp-image-17386\" srcset=\"https:\/\/www.lux-airport.lu\/wp-content\/uploads\/2024\/05\/43432-1.png 914w, https:\/\/www.lux-airport.lu\/wp-content\/uploads\/2024\/05\/43432-1-279x300.png 279w, https:\/\/www.lux-airport.lu\/wp-content\/uploads\/2024\/05\/43432-1-768x826.png 768w\" sizes=\"auto, (max-width: 914px) 100vw, 914px\" \/><\/figure>\n<\/div>\n\n\n<p><em>Eine Reihe von Flugh\u00e4fen, die sich verpflichtet haben, bis zum Jahr 2030<\/em><\/p>\n\n\n\n<p><strong>In guter Gesellschaft: Europ\u00e4ische Flugh\u00e4fen ziehen an einem Strang<\/strong><\/p>\n\n\n\n<p>Flugh\u00e4fen haben ehrgeizige Ziele auf ihrem Weg zur Klimaneutralit\u00e4t und verf\u00fcgen \u00fcber mehr als ein Jahrzehnt Erfahrung im Klimamanagement. In ihrer bahnbrechenden Resolution, die im Juni 2019 verabschiedet wurde, haben sie sich verpflichtet, bis sp\u00e4testens 2050 die Kohlendioxid-Emissionen aus dem Betrieb vollst\u00e4ndig aus eigener Kraft zu reduzieren. lux-Airport ist einer von 97 Flugh\u00e4fen, die sich verpflichtet haben, bis 2030 eine absolute Kohlendioxid-Neutralit\u00e4t (Net Zero) zu erreichen.<\/p>\n\n\n\n<div style=\"height:100px\" aria-hidden=\"true\" class=\"wp-block-spacer\"><\/div>\n\n\n\n<h3 class=\"wp-block-heading\"><strong><strong>Emissionsinventar und Festlegung von Zielen<\/strong><\/strong><\/h3>\n\n\n\n<p><strong>Basisbewertung des Carbon Footprint<\/strong><\/p>\n\n\n\n<p>Als Basisjahr f\u00fcr den Fahrplan wurde 2019 gew\u00e4hlt. Diese Entscheidung beruhte auf der klaren Verf\u00fcgbarkeit von Daten f\u00fcr Strom, Heizung, K\u00fchlung und Fahrzeugkraftstoff. Nach der Festlegung des Basisjahres wurde eine detaillierte Analyse der Emissionsquellen erstellt, um zu verstehen, wo die gr\u00f6\u00dften Verbesserungsm\u00f6glichkeiten an den Flugh\u00e4fen liegen. Eine umfangreiche Liste von L\u00f6sungen, die an anderen Flugh\u00e4fen und in anderen Branchen eingesetzt werden, wurde untersucht und das Potenzial ihrer Anwendung auf lux-Airport im Detail analysiert. Mit diesem Ansatz wurden die verschiedenen M\u00f6glichkeiten zur Erreichung von Netto-Null, ihre potenziellen Auswirkungen und die damit verbundenen Herausforderungen analysiert. Auf dieser Grundlage wurde die Liste der m\u00f6glichen L\u00f6sungen f\u00fcr den lux-Airport erweitert.<\/p>\n\n\n\n<p>Unsere Quellen f\u00fcr Kohlenstoffemissionen<\/p>\n\n\n\n<p>(Bezugsjahr 2019)<\/p>\n\n\n<div class=\"wp-block-image\">\n<figure class=\"aligncenter size-full\"><img loading=\"lazy\" decoding=\"async\" width=\"970\" height=\"843\" src=\"https:\/\/www.lux-airport.lu\/wp-content\/uploads\/2024\/05\/3423.jpg\" alt=\"\" class=\"wp-image-17389\" srcset=\"https:\/\/www.lux-airport.lu\/wp-content\/uploads\/2024\/05\/3423.jpg 970w, https:\/\/www.lux-airport.lu\/wp-content\/uploads\/2024\/05\/3423-300x261.jpg 300w, https:\/\/www.lux-airport.lu\/wp-content\/uploads\/2024\/05\/3423-768x667.jpg 768w\" sizes=\"auto, (max-width: 970px) 100vw, 970px\" \/><\/figure>\n<\/div>\n\n\n<div style=\"height:100px\" aria-hidden=\"true\" class=\"wp-block-spacer\"><\/div>\n\n\n\n<h4 class=\"wp-block-heading\">Zielszenario: 4 S\u00e4ulen<\/h4>\n\n\n\n<p>Unser Ansatz besteht darin, ein Emissionsinventar zu erstellen (Bezugsjahr: 2019) und eine Basis-Emissionsprognose f\u00fcr den Zeitraum von heute bis 2023 zu erstellen. Wir betrachten vier S\u00e4ulen: Fahrzeugkraftstoff, Heizung, K\u00fchlung und Strom. F\u00fcr jede dieser Haupts\u00e4ulen werden wir m\u00f6gliche Ma\u00dfnahmen entwickeln und bewerten, einschlie\u00dflich einer Pr\u00fcfung der technischen Machbarkeit, einer Bewertung der m\u00f6glichen CO2-Reduzierung sowie einer Zeitplanung und Kostensch\u00e4tzung (CAPEX\/OPEX).<\/p>\n\n\n\n<p>Die sich daraus ergebende Machbarkeits-\/Szenarienmatrix wird unsere Ma\u00dfnahmen bestimmen.<\/p>\n\n\n<div class=\"wp-block-image\">\n<figure class=\"aligncenter size-full\"><img loading=\"lazy\" decoding=\"async\" width=\"483\" height=\"481\" src=\"https:\/\/www.lux-airport.lu\/wp-content\/uploads\/2024\/05\/54423.png\" alt=\"\" class=\"wp-image-17392\" srcset=\"https:\/\/www.lux-airport.lu\/wp-content\/uploads\/2024\/05\/54423.png 483w, https:\/\/www.lux-airport.lu\/wp-content\/uploads\/2024\/05\/54423-300x300.png 300w, https:\/\/www.lux-airport.lu\/wp-content\/uploads\/2024\/05\/54423-150x150.png 150w\" sizes=\"auto, (max-width: 483px) 100vw, 483px\" \/><\/figure>\n<\/div>\n\n\n<div style=\"height:100px\" aria-hidden=\"true\" class=\"wp-block-spacer\"><\/div>\n\n\n\n<p>Schwer zu reduzierende Emissionen Obwohl die entwickelten Szenarien Wege beschreiben, die darauf abzielen, sicherzustellen, dass der Lux-Airport ein CO2-neutraler Flughafen wird, wird erwartet, dass einige schwer zu reduzierende Emissionsquellen bestehen bleiben. lux-Airport wird eine L\u00f6sung w\u00e4hlen, die den Anforderungen entspricht, wie z. B. Kohlenstoffabscheidung und -speicherung oder andere lokale Naturerzeugung.<\/p>\n\n\n\n<div style=\"height:100px\" aria-hidden=\"true\" class=\"wp-block-spacer\"><\/div>\n\n\n<div class=\"wp-block-image\">\n<figure class=\"aligncenter size-full is-resized\"><img loading=\"lazy\" decoding=\"async\" width=\"539\" height=\"925\" src=\"https:\/\/www.lux-airport.lu\/wp-content\/uploads\/2024\/05\/343423.png\" alt=\"\" class=\"wp-image-17395\" style=\"width:540px;height:auto\" srcset=\"https:\/\/www.lux-airport.lu\/wp-content\/uploads\/2024\/05\/343423.png 539w, https:\/\/www.lux-airport.lu\/wp-content\/uploads\/2024\/05\/343423-175x300.png 175w\" sizes=\"auto, (max-width: 539px) 100vw, 539px\" \/><\/figure>\n<\/div>\n\n\n<div style=\"height:100px\" aria-hidden=\"true\" class=\"wp-block-spacer\"><\/div>\n\n\n\n<h3 class=\"wp-block-heading\"><strong>Ergebnisse der Reduzierung des CO2-Fu\u00dfabdrucks<\/strong><\/h3>\n\n\n\n<p>Zur Berechnung des marktbasierten CO2-Fu\u00dfabdrucks verwenden Flugh\u00e4fen den Emissionsfaktor, der sich aus den in ihren Vertr\u00e4gen festgelegten Energieattributen ergibt.<\/p>\n\n\n\n<div class=\"wp-block-group lightGreenBackground is-content-justification-center is-nowrap is-layout-flex wp-container-core-group-is-layout-94bc23d7 wp-block-group-is-layout-flex\">\n<figure class=\"wp-block-image size-full\"><img loading=\"lazy\" decoding=\"async\" width=\"1385\" height=\"883\" src=\"https:\/\/www.lux-airport.lu\/wp-content\/uploads\/2024\/05\/44543.jpg\" alt=\"\" class=\"wp-image-17398\" srcset=\"https:\/\/www.lux-airport.lu\/wp-content\/uploads\/2024\/05\/44543.jpg 1385w, https:\/\/www.lux-airport.lu\/wp-content\/uploads\/2024\/05\/44543-300x191.jpg 300w, https:\/\/www.lux-airport.lu\/wp-content\/uploads\/2024\/05\/44543-1024x653.jpg 1024w, https:\/\/www.lux-airport.lu\/wp-content\/uploads\/2024\/05\/44543-768x490.jpg 768w\" sizes=\"auto, (max-width: 1385px) 100vw, 1385px\" \/><\/figure>\n<\/div>\n\n\n\n<p>Am Lux-Airport sind sowohl unsere Strom- als auch unsere Gasquellen CO2-neutral:<\/p>\n\n\n\n<p><strong>Strom (einschlie\u00dflich K\u00fchlung):<\/strong> \u00d6kostrom Ecomix Hydro von Enovos, der vollst\u00e4ndig aus erneuerbaren Quellen (Wasserkraftwerken) stammt.<\/p>\n\n\n\n<p><strong>Gasheizung: <\/strong>Erdgas ist zu 100 % klimaneutral und gleicht seine Treibhausgasemissionen durch hochwertige Entwicklungsprojekte aus.<\/p>\n\n\n\n<div style=\"height:100px\" aria-hidden=\"true\" class=\"wp-block-spacer\"><\/div>\n\n\n\n<figure class=\"wp-block-image size-full\"><img loading=\"lazy\" decoding=\"async\" width=\"1722\" height=\"564\" src=\"https:\/\/www.lux-airport.lu\/wp-content\/uploads\/2022\/11\/image-3.png\" alt=\"Diagramm zur Umgebungsoptimierung\" class=\"wp-image-8506\" srcset=\"https:\/\/www.lux-airport.lu\/wp-content\/uploads\/2022\/11\/image-3.png 1722w, https:\/\/www.lux-airport.lu\/wp-content\/uploads\/2022\/11\/image-3-300x98.png 300w, https:\/\/www.lux-airport.lu\/wp-content\/uploads\/2022\/11\/image-3-1024x335.png 1024w, https:\/\/www.lux-airport.lu\/wp-content\/uploads\/2022\/11\/image-3-768x252.png 768w, https:\/\/www.lux-airport.lu\/wp-content\/uploads\/2022\/11\/image-3-1536x503.png 1536w\" sizes=\"auto, (max-width: 1722px) 100vw, 1722px\" \/><\/figure>\n","protected":false},"excerpt":{"rendered":"<p>WIR HANDELN lux-Airport wurde von WSP gem\u00e4\u00df dem Airport Carbon Accreditation Program zertifiziert. Der Luxemburger Flughafen erreichte das Akkreditierungs-Level 3 (\u201eneutrality\u201c). Damit wurden die Ma\u00dfnahmen des Flughafens zur Steuerung der CO2-Emissionen gew\u00fcrdigt. Das Zertifizierungsprogramm ist Teil der Antwort, die Flugh\u00e4fen weltweit auf die Herausforderungen des Klimawandels geben. 327 3+ 63 FLUGH\u00c4FEN WELTWEIT DAS ERREICHTE LEVEL [&hellip;]<\/p>\n","protected":false},"author":1,"featured_media":0,"parent":8963,"menu_order":0,"comment_status":"closed","ping_status":"closed","template":"","meta":{"_acf_changed":false,"footnotes":""},"class_list":["post-6929","page","type-page","status-publish","hentry"],"acf":{"set_page_width_full":false,"start_with_small_header":false,"reno_options":{"hide_reno_widget":false,"open_widget_on_page_load":false,"which_tab_to_open":"chatbot","hide_reno_turn_onoff":false,"set_height_to_mini":false,"reno_page_branded_text_back_front":{"reno_show_branded_text":false,"reno_text_in_the_back":"JOURNEY","reno_text_in_the_front":"my journey starts here"}},"branded_text_backfront":{"hide_branded_text":false,"text_in_the_back":"JOURNEY","text_in_the_front_left":"My journey","text_in_the_front_right":"starts here"},"hide_breadcrumbs":false,"hide_footer_widgets":false,"hide_page_title":false,"advertising__adsense":{"show_ads_in_this_page":true,"image_instead_of_adsense":{"enable_image_instead_of_adsense":false,"banner_image_300x250":null,"banner_url":""}},"header_image_options":{"show_header_image":"Yes","header_image":""}},"_links":{"self":[{"href":"https:\/\/www.lux-airport.lu\/de\/wp-json\/wp\/v2\/pages\/6929","targetHints":{"allow":["GET"]}}],"collection":[{"href":"https:\/\/www.lux-airport.lu\/de\/wp-json\/wp\/v2\/pages"}],"about":[{"href":"https:\/\/www.lux-airport.lu\/de\/wp-json\/wp\/v2\/types\/page"}],"author":[{"embeddable":true,"href":"https:\/\/www.lux-airport.lu\/de\/wp-json\/wp\/v2\/users\/1"}],"replies":[{"embeddable":true,"href":"https:\/\/www.lux-airport.lu\/de\/wp-json\/wp\/v2\/comments?post=6929"}],"version-history":[{"count":0,"href":"https:\/\/www.lux-airport.lu\/de\/wp-json\/wp\/v2\/pages\/6929\/revisions"}],"up":[{"embeddable":true,"href":"https:\/\/www.lux-airport.lu\/de\/wp-json\/wp\/v2\/pages\/8963"}],"wp:attachment":[{"href":"https:\/\/www.lux-airport.lu\/de\/wp-json\/wp\/v2\/media?parent=6929"}],"curies":[{"name":"wp","href":"https:\/\/api.w.org\/{rel}","templated":true}]}}