{"id":6923,"date":"2022-09-11T16:43:20","date_gmt":"2022-09-11T14:43:20","guid":{"rendered":"https:\/\/www.lux-airport.lu\/?page_id=6923"},"modified":"2024-05-27T09:55:06","modified_gmt":"2024-05-27T07:55:06","slug":"zahlen-fakten","status":"publish","type":"page","link":"https:\/\/www.lux-airport.lu\/de\/unternehmen\/unser-engagement\/umwelt-und-nachhaltigkeit\/zahlen-fakten\/","title":{"rendered":"Zahlen &#038; Fakten"},"content":{"rendered":"\n<h2 class=\"wp-block-heading\">UNSERE ZIELE<\/h2>\n\n\n\n<ol class=\"wp-block-list\">\n<li><strong>Netto-Null-Verpflichtung 2030<br><\/strong>lux-Airport f\u00f6rdert aktiv die Erzeugung und Nutzung erneuerbarer Energien und kauft seit 2014 ausschlie\u00dflich erneuerbare Energien, insbesondere 100% Wasserkraft. Das Engagement im Rahmen des Programms Airport Carbon Accreditation bedeutet, dass wir die Neutralit\u00e4t der Stufe 3+ im Jahr 2022 erreichen wollen. lux-Airport plant, die Stufe 4+ bis 2025 zu erreichen, wie in der Roadmap zur Erreichung der tats\u00e4chlichen Neutralit\u00e4t bis 2030 festgelegt. Der erste Stern der Lean &amp; Green-Zertifizierung wurde 2019 verliehen und der zweite Stern ist f\u00fcr 2025 geplant. Parallel dazu engagiert sich der lux-Airport mit einer speziellen Arbeitsgruppe stark f\u00fcr die Reduzierung seines Energieverbrauchs. Bei jedem neuen Projekt wird erneuerbare Energie eingesetzt.<\/li>\n\n\n\n<li><strong>Wasserwirtschaft<br><\/strong>Der lux-Airport befindet sich in drei verschiedenen Grundwasserschutzgebieten und arbeitet eng mit den zust\u00e4ndigen Stellen zusammen, um die Qualit\u00e4t des Grundwassers zu gew\u00e4hrleisten. Das Abwassermanagement, das derzeit durch neue Anlagen verbessert wird, wird durch die Ableitung des Enteisungswassers direkt am Standplatz verst\u00e4rkt, um die Behandlung zu optimieren.<\/li>\n\n\n\n<li><strong>Abfallwirtschaft<br><\/strong>lux-Airport arbeitet kontinuierlich daran, die Abfallproduktion an der Quelle zu reduzieren: Es bem\u00fcht sich, Einwegplastik durch die F\u00f6rderung von wiederverwendbaren Gegenst\u00e4nden zu stoppen, erh\u00f6ht die Recyclingrate und sucht nach neuen L\u00f6sungen f\u00fcr Recycling und R\u00fcckgewinnung. Das Management ist durch das SuperDrecksKescht-Label zertifiziert.<\/li>\n\n\n\n<li><strong>Bodenbewirtschaftung<br><\/strong>lux-Airport entwickelt einen Fl\u00e4chennutzungsplan f\u00fcr die verschiedenen Zonen, der die notwendigen Ma\u00dfnahmen zur Vermeidung von Umweltverschmutzung erm\u00f6glicht, um eine gesunde Umwelt zu gew\u00e4hrleisten und Verunreinigungen zu vermeiden. F\u00fcr jedes Projekt wird die Bodenqualit\u00e4t analysiert und die Sanierung durchgef\u00fchrt.<\/li>\n\n\n\n<li><strong>Biologische Vielfalt<br><\/strong>Die Erhaltung von Fauna und Flora wird bei jedem neuen Projekt ber\u00fccksichtigt und die notwendigen Ma\u00dfnahmen zur Vermeidung jeglicher Beeintr\u00e4chtigung geplant. Die F\u00f6rderung der biologischen Vielfalt umfasst eine Reihe verschiedener Projekte, wie z. B. die Aufstellung von Bienenst\u00f6cken, die Schaffung neuer Lebensr\u00e4ume und die Verbesserung der Umweltqualit\u00e4t durch den Verzicht auf den Einsatz von Glyphosat auf dem gesamten Flughafengel\u00e4nde.<\/li>\n\n\n\n<li><strong>L\u00e4rmmanagment<\/strong><br>lux-Airport f\u00fchrt L\u00e4rmstudien durch, um die L\u00e4rmbelastung zu definieren und einen Aktionsplan zu erstellen. lux-Airport engagiert sich auch im L\u00e4rmbeirat des Flughafens, um die L\u00e4rmsituation f\u00fcr seine Nachbarn zu verbessern.<\/li>\n\n\n\n<li><strong>Luftqualit\u00e4t<\/strong><br>Die Luftqualit\u00e4t am Boden ist eng mit den Flugrouten und der Fahrzeugnutzung verbunden. Auf der Grundlage einer Studie \u00fcber die Luftqualit\u00e4t am Boden hat lux-Airport verbesserungsw\u00fcrdige Bereiche ermittelt und bereits neue Technologien zur Reduzierung der Luftemissionen getestet.<\/li>\n<\/ol>\n\n\n\n<div class=\"wp-block-group lightGreenBackground is-content-justification-center is-nowrap is-layout-flex wp-container-core-group-is-layout-94bc23d7 wp-block-group-is-layout-flex\">\n<figure class=\"wp-block-image size-large is-resized\"><img loading=\"lazy\" decoding=\"async\" width=\"541\" height=\"1024\" src=\"https:\/\/www.lux-airport.lu\/wp-content\/uploads\/2024\/05\/222-2-541x1024.png\" alt=\"\" class=\"wp-image-17349\" style=\"width:500px\" srcset=\"https:\/\/www.lux-airport.lu\/wp-content\/uploads\/2024\/05\/222-2-541x1024.png 541w, https:\/\/www.lux-airport.lu\/wp-content\/uploads\/2024\/05\/222-2-158x300.png 158w, https:\/\/www.lux-airport.lu\/wp-content\/uploads\/2024\/05\/222-2-768x1455.png 768w, https:\/\/www.lux-airport.lu\/wp-content\/uploads\/2024\/05\/222-2-811x1536.png 811w, https:\/\/www.lux-airport.lu\/wp-content\/uploads\/2024\/05\/222-2-1081x2048.png 1081w, https:\/\/www.lux-airport.lu\/wp-content\/uploads\/2024\/05\/222-2.png 1618w\" sizes=\"auto, (max-width: 541px) 100vw, 541px\" \/><\/figure>\n<\/div>\n\n\n\n<div style=\"height:100px\" aria-hidden=\"true\" class=\"wp-block-spacer\"><\/div>\n\n\n\n<h2 class=\"wp-block-heading\">ECKDATEN<\/h2>\n\n\n\n<p>Unsere Leistungen im Bereich Nachhaltigkeit messen wir anhand aussagekr\u00e4ftiger Eckdaten. Sie dokumentieren den Fortschritt, verweisen aber auch auf erforderliche Verbesserungen und bilden somit die Grundlage f\u00fcr die Koordination unserer nachhaltigen Aktivit\u00e4ten. Unser Ziel ist ein operatives Gesch\u00e4ft, das zu 100&nbsp;% nachhaltig ist.<\/p>\n\n\n\n<div class=\"wp-block-group lightGreenBackground is-content-justification-center is-nowrap is-layout-flex wp-container-core-group-is-layout-94bc23d7 wp-block-group-is-layout-flex\">\n<figure class=\"wp-block-image size-full\"><img loading=\"lazy\" decoding=\"async\" width=\"870\" height=\"812\" src=\"https:\/\/www.lux-airport.lu\/wp-content\/uploads\/2024\/05\/3333-3.png\" alt=\"\" class=\"wp-image-17375\" srcset=\"https:\/\/www.lux-airport.lu\/wp-content\/uploads\/2024\/05\/3333-3.png 870w, https:\/\/www.lux-airport.lu\/wp-content\/uploads\/2024\/05\/3333-3-300x280.png 300w, https:\/\/www.lux-airport.lu\/wp-content\/uploads\/2024\/05\/3333-3-768x717.png 768w\" sizes=\"auto, (max-width: 870px) 100vw, 870px\" \/><\/figure>\n<\/div>\n\n\n\n<div style=\"height:100px\" aria-hidden=\"true\" class=\"wp-block-spacer\"><\/div>\n\n\n\n<h2 class=\"wp-block-heading\">CO2-FUSSABDRUCK<\/h2>\n\n\n\n<p><strong>Airport Carbon Akkreditierung Stufe 3+<\/strong><\/p>\n\n\n\n<p>lux-Airport ist direkt von Stufe 2 auf Stufe 3+ der vom ACI entwickelten Airport Carbon Accreditation aufgestiegen<\/p>\n\n\n\n<p>Die Airport Carbon Accreditation ist der weltweite Standard f\u00fcr das Kohlenstoffmanagement in der Flughafenbranche. Ziel dieses Programms ist es, Flugh\u00e4fen zu ermutigen und in die Lage zu versetzen, die besten Praktiken im Bereich des Kohlenstoffmanagements umzusetzen, mit dem letztendlichen Ziel, netto null zu werden. Das Zertifizierungsprogramm ist Teil der Antwort der globalen Flughafenindustrie auf die Herausforderung des Klimawandels.<\/p>\n\n\n\n<p>lux-Airport hat im Januar 2020 die Stufe 2 der Airport Carbon Accreditation erreicht. Seitdem hat die Gesundheitskrise den Luftfahrtsektor und insbesondere den Flughafenbetrieb stark beeintr\u00e4chtigt.<\/p>\n\n\n\n<p>Trotzdem hat lux-Airport seine Bem\u00fchungen fortgesetzt, seinen CO2-Fu\u00dfabdruck zu reduzieren und am 1. Februar 2022 die Stufe 3+ zu erreichen.<\/p>\n\n\n\n<div class=\"wp-block-group lightGreenBackground is-content-justification-center is-nowrap is-layout-flex wp-container-core-group-is-layout-94bc23d7 wp-block-group-is-layout-flex\">\n<figure class=\"wp-block-image size-full\"><img loading=\"lazy\" decoding=\"async\" width=\"2560\" height=\"2042\" src=\"https:\/\/www.lux-airport.lu\/wp-content\/uploads\/2022\/10\/image-39.png\" alt=\"Carbon footprints\" class=\"wp-image-7338\" srcset=\"https:\/\/www.lux-airport.lu\/wp-content\/uploads\/2022\/10\/image-39.png 2560w, https:\/\/www.lux-airport.lu\/wp-content\/uploads\/2022\/10\/image-39-300x239.png 300w, https:\/\/www.lux-airport.lu\/wp-content\/uploads\/2022\/10\/image-39-1024x817.png 1024w, https:\/\/www.lux-airport.lu\/wp-content\/uploads\/2022\/10\/image-39-768x613.png 768w, https:\/\/www.lux-airport.lu\/wp-content\/uploads\/2022\/10\/image-39-1536x1225.png 1536w, https:\/\/www.lux-airport.lu\/wp-content\/uploads\/2022\/10\/image-39-2048x1634.png 2048w\" sizes=\"auto, (max-width: 2560px) 100vw, 2560px\" \/><\/figure>\n\n\n\n<p><\/p>\n<\/div>\n\n\n\n<div style=\"height:100px\" aria-hidden=\"true\" class=\"wp-block-spacer\"><\/div>\n\n\n\n<figure class=\"wp-block-image size-large\"><img loading=\"lazy\" decoding=\"async\" width=\"1024\" height=\"656\" src=\"https:\/\/www.lux-airport.lu\/wp-content\/uploads\/2024\/05\/444-1024x656.jpg\" alt=\"\" class=\"wp-image-17356\" srcset=\"https:\/\/www.lux-airport.lu\/wp-content\/uploads\/2024\/05\/444-1024x656.jpg 1024w, https:\/\/www.lux-airport.lu\/wp-content\/uploads\/2024\/05\/444-300x192.jpg 300w, https:\/\/www.lux-airport.lu\/wp-content\/uploads\/2024\/05\/444-768x492.jpg 768w, https:\/\/www.lux-airport.lu\/wp-content\/uploads\/2024\/05\/444.jpg 1031w\" sizes=\"auto, (max-width: 1024px) 100vw, 1024px\" \/><\/figure>\n\n\n\n<p>Zur Feier des ACA Level 3+: lux-Airport zeigt eine Auswahl seiner Elektrofahrzeuge, die ausschlie\u00dflich mit 100% Wasserkraft geladen werden.<\/p>\n\n\n\n<p><strong>Ebene 3: Ergriffene Ma\u00dfnahmen<\/strong><\/p>\n\n\n\n<p>Um die Stufe 3-Zertifizierung zu erreichen, hat lux-Airport seinen relativen Kohlenstoff-Fu\u00dfabdruck weiter reduziert und gleichzeitig mit den wichtigsten Partnern des Flughafens zusammengearbeitet, insbesondere mit denjenigen, die einen wesentlichen Beitrag zu den Kohlenstoffemissionen des Flughafens leisten. Gemeinsam haben sie ein gemeinsames Managementsystem f\u00fcr den CO2-Fu\u00dfabdruck entwickelt und einen Aktionsplan mit Ma\u00dfnahmen zur Reduzierung dieses Fu\u00dfabdrucks festgelegt.<\/p>\n\n\n\n<p><strong>Wichtige Ma\u00dfnahmen<\/strong><\/p>\n\n\n\n<p>Regulierung des Triebwerkseinsatzes w\u00e4hrend des Rollens (LTO = Landing-Take-Off-Zyklen)<br>Regulierung des APU-Einsatzes auf dem Vorfeld<\/p>\n\n\n\n<p><br><strong>Energie-Effizienz<\/strong><\/p>\n\n\n\n<p>Einige Partner, wie z. B. Cargolux, haben in die Erneuerung ihrer Flotte mit energieeffizienteren Flugzeugen investiert. Das wichtigste Abfertigungsunternehmen, Luxair, plant ebenfalls den \u00dcbergang zu elektrischen GSEs, wo immer dies m\u00f6glich ist.<\/p>\n\n\n\n<p><strong>Gr\u00fcner Strom<\/strong><\/p>\n\n\n\n<p>Au\u00dferdem verwenden die Hauptakteure des Flughafens ausschlie\u00dflich Strom, der zu 100 % aus erneuerbaren Quellen auf der Grundlage von Wasserkraft erzeugt wird. So werden alle elektrischen Ladestationen mit erneuerbarer Energie versorgt.<\/p>\n\n\n\n<p><strong>Kompensationsprojekt der Stufe 3+<\/strong><\/p>\n\n\n\n<p>Level 3+ steht f\u00fcr die Klimaneutralit\u00e4t, die der lux-Airport durch die finanzielle Kompensation seines CO2-Fu\u00dfabdrucks mit einem von anerkannten internationalen Organisationen zertifizierten Projekt erreicht hat.<\/p>\n\n\n\n<p><strong>Kl\u00e4ranlage Kubratovo<\/strong><\/p>\n\n\n\n<p>Das Projekt, das zum Ausgleich unserer Emissionen f\u00fcr 2020-2021 ausgew\u00e4hlt wurde, ist ein kombiniertes Projekt zur Reduzierung von Methanemissionen und zur Energieerzeugung in Bulgarien. Das in der Abwasseraufbereitungsanlage Kubratovo erzeugte Methan wird in Tanks aufgefangen und einem Gasmotor mit Kraft-W\u00e4rme-Kopplung zur Strom- und W\u00e4rmeerzeugung zugef\u00fchrt.<\/p>\n\n\n\n<figure class=\"wp-block-image size-full\"><img loading=\"lazy\" decoding=\"async\" width=\"743\" height=\"587\" src=\"https:\/\/www.lux-airport.lu\/wp-content\/uploads\/2024\/05\/555.jpg\" alt=\"\" class=\"wp-image-17359\" srcset=\"https:\/\/www.lux-airport.lu\/wp-content\/uploads\/2024\/05\/555.jpg 743w, https:\/\/www.lux-airport.lu\/wp-content\/uploads\/2024\/05\/555-300x237.jpg 300w\" sizes=\"auto, (max-width: 743px) 100vw, 743px\" \/><\/figure>\n\n\n\n<p>Kl\u00e4ranlage Kubratovo<br><\/p>\n\n\n\n<p><strong>Die Auswirkungen<\/strong><\/p>\n\n\n\n<p>Drastische Reduzierung der Methangasemissionen<\/p>\n\n\n\n<p>Verringerung der Schlammmenge, die transportiert werden muss<\/p>\n\n\n\n<p>Strom- und W\u00e4rmeerzeugung vor Ort, wodurch die Versorgung aus dem Netz und der Dieselverbrauch ersetzt werden<\/p>\n\n\n\n<figure class=\"wp-block-image size-full\"><img loading=\"lazy\" decoding=\"async\" width=\"449\" height=\"527\" src=\"https:\/\/www.lux-airport.lu\/wp-content\/uploads\/2024\/05\/565.jpg\" alt=\"\" class=\"wp-image-17362\" srcset=\"https:\/\/www.lux-airport.lu\/wp-content\/uploads\/2024\/05\/565.jpg 449w, https:\/\/www.lux-airport.lu\/wp-content\/uploads\/2024\/05\/565-256x300.jpg 256w\" sizes=\"auto, (max-width: 449px) 100vw, 449px\" \/><\/figure>\n\n\n\n<p><\/p>\n\n\n\n<p><strong>Kein Grund zum Ausruhen<\/strong><\/p>\n\n\n\n<p>ACI hat neue Zertifizierungsstufen entwickelt: Stufe 4 und 4+. Die Einf\u00fchrung dieser beiden neuen Stufen markiert eine Verlagerung der Ambitionen des Programms. Zu den strengen Anforderungen geh\u00f6ren die Anpassung an das Pariser Abkommen, die Einbeziehung zus\u00e4tzlicher Emissionsquellen, insbesondere aller wesentlichen betrieblichen Emissionen von Dritten, und ein verst\u00e4rktes Engagement der Stakeholder.<\/p>\n\n\n\n<figure class=\"wp-block-image size-large\"><img loading=\"lazy\" decoding=\"async\" width=\"1024\" height=\"956\" src=\"https:\/\/www.lux-airport.lu\/wp-content\/uploads\/2024\/05\/556-1024x956.png\" alt=\"\" class=\"wp-image-17365\" srcset=\"https:\/\/www.lux-airport.lu\/wp-content\/uploads\/2024\/05\/556-1024x956.png 1024w, https:\/\/www.lux-airport.lu\/wp-content\/uploads\/2024\/05\/556-300x280.png 300w, https:\/\/www.lux-airport.lu\/wp-content\/uploads\/2024\/05\/556-768x717.png 768w, https:\/\/www.lux-airport.lu\/wp-content\/uploads\/2024\/05\/556-1536x1434.png 1536w, https:\/\/www.lux-airport.lu\/wp-content\/uploads\/2024\/05\/556.png 1831w\" sizes=\"auto, (max-width: 1024px) 100vw, 1024px\" \/><\/figure>\n\n\n\n<p>2022<br>Erreicht<\/p>\n\n\n\n<p>Stufe 3+<\/p>\n\n\n\n<p>Auf dem Weg in die Zukunft: Level 4\/4+<\/p>\n\n\n\n<p>Mit den neuen Levels 4 und 4+ hat der ACI neue Zertifizierungsstufen entwickelt. lux-Airport strebt bis 2025 das Level 4+ an.<\/p>\n\n\n\n<p>Bis 2025<\/p>\n\n\n\n<p>Stufe 4: Umwandlung<\/p>\n\n\n\n<p>Auf Stufe 4 m\u00fcssen Flugh\u00e4fen ihr Kohlenstoffmanagement an den globalen Klimazielen ausrichten und ihren Betrieb im Hinblick auf absolute Emissionsreduzierungen umgestalten, w\u00e4hrend sie gleichzeitig ihr Engagement f\u00fcr die Interessengruppen verst\u00e4rken.<\/p>\n\n\n\n<p>Stufe 4+: \u00dcbergang Auf Stufe 4+ werden die Flugh\u00e4fen aufgefordert, die verbleibenden Kohlenstoffemissionen, \u00fcber die der Flughafen die Kontrolle hat, durch international anerkannte Kompensationsma\u00dfnahmen auszugleichen.<\/p>\n\n\n\n<p><\/p>\n\n\n\n<h2 class=\"wp-block-heading\">ZAHLEN ZUR E-MOBILIT\u00c4T<\/h2>\n\n\n\n<p>Neue Ladestationen f\u00fcr Elektro-Autos wurden im Unterdeck des Parkhauses am Terminal eingerichtet. Wir f\u00f6rdern die Nutzung von Elektro-Autos auf dem Vorfeld.<br>Daher haben wir einen Vertrag mit einem Unternehmen geschlossen, das ausschlie\u00dflich Elektro-Autos vermietet.<\/p>\n\n\n\n<div style=\"height:30px\" aria-hidden=\"true\" class=\"wp-block-spacer\"><\/div>\n\n\n\n<h3 class=\"wp-block-heading\">EINSPARUNGEN BEI BUSSEN<\/h3>\n\n\n\n<p><strong>Diesel-Bus = 110&nbsp;t CO<sub>\u00b2<\/sub>&nbsp;pro Jahr<br>E-Bus = 1&nbsp;t CO<sub>\u00b2<\/sub>&nbsp;pro Jahr<\/strong><\/p>\n\n\n\n<p><strong>Einsparungen = 109&nbsp;t CO<sub>\u00b2<\/sub>&nbsp;pro Jahr<\/strong><\/p>\n\n\n\n<div style=\"height:100px\" aria-hidden=\"true\" class=\"wp-block-spacer\"><\/div>\n\n\n\n<figure class=\"wp-block-image size-full\"><img loading=\"lazy\" decoding=\"async\" width=\"1722\" height=\"564\" src=\"https:\/\/www.lux-airport.lu\/wp-content\/uploads\/2022\/11\/image-3.png\" alt=\"Diagramm zur Umgebungsoptimierung\" class=\"wp-image-8506\" srcset=\"https:\/\/www.lux-airport.lu\/wp-content\/uploads\/2022\/11\/image-3.png 1722w, https:\/\/www.lux-airport.lu\/wp-content\/uploads\/2022\/11\/image-3-300x98.png 300w, https:\/\/www.lux-airport.lu\/wp-content\/uploads\/2022\/11\/image-3-1024x335.png 1024w, https:\/\/www.lux-airport.lu\/wp-content\/uploads\/2022\/11\/image-3-768x252.png 768w, https:\/\/www.lux-airport.lu\/wp-content\/uploads\/2022\/11\/image-3-1536x503.png 1536w\" sizes=\"auto, (max-width: 1722px) 100vw, 1722px\" \/><\/figure>\n","protected":false},"excerpt":{"rendered":"<p>UNSERE ZIELE ECKDATEN Unsere Leistungen im Bereich Nachhaltigkeit messen wir anhand aussagekr\u00e4ftiger Eckdaten. Sie dokumentieren den Fortschritt, verweisen aber auch auf erforderliche Verbesserungen und bilden somit die Grundlage f\u00fcr die Koordination unserer nachhaltigen Aktivit\u00e4ten. Unser Ziel ist ein operatives Gesch\u00e4ft, das zu 100&nbsp;% nachhaltig ist. CO2-FUSSABDRUCK Airport Carbon Akkreditierung Stufe 3+ lux-Airport ist direkt von [&hellip;]<\/p>\n","protected":false},"author":1,"featured_media":0,"parent":8963,"menu_order":0,"comment_status":"closed","ping_status":"closed","template":"","meta":{"_acf_changed":false,"footnotes":""},"class_list":["post-6923","page","type-page","status-publish","hentry"],"acf":{"set_page_width_full":false,"start_with_small_header":false,"reno_options":{"hide_reno_widget":false,"open_widget_on_page_load":false,"which_tab_to_open":"chatbot","hide_reno_turn_onoff":false,"set_height_to_mini":false,"reno_page_branded_text_back_front":{"reno_show_branded_text":false,"reno_text_in_the_back":"JOURNEY","reno_text_in_the_front":"my journey starts here"}},"branded_text_backfront":{"hide_branded_text":false,"text_in_the_back":"JOURNEY","text_in_the_front_left":"My journey","text_in_the_front_right":"starts here"},"hide_breadcrumbs":false,"hide_footer_widgets":false,"hide_page_title":false,"advertising__adsense":{"show_ads_in_this_page":true,"image_instead_of_adsense":{"enable_image_instead_of_adsense":false,"banner_image_300x250":null,"banner_url":""}},"header_image_options":{"show_header_image":"Yes","header_image":""}},"_links":{"self":[{"href":"https:\/\/www.lux-airport.lu\/de\/wp-json\/wp\/v2\/pages\/6923","targetHints":{"allow":["GET"]}}],"collection":[{"href":"https:\/\/www.lux-airport.lu\/de\/wp-json\/wp\/v2\/pages"}],"about":[{"href":"https:\/\/www.lux-airport.lu\/de\/wp-json\/wp\/v2\/types\/page"}],"author":[{"embeddable":true,"href":"https:\/\/www.lux-airport.lu\/de\/wp-json\/wp\/v2\/users\/1"}],"replies":[{"embeddable":true,"href":"https:\/\/www.lux-airport.lu\/de\/wp-json\/wp\/v2\/comments?post=6923"}],"version-history":[{"count":0,"href":"https:\/\/www.lux-airport.lu\/de\/wp-json\/wp\/v2\/pages\/6923\/revisions"}],"up":[{"embeddable":true,"href":"https:\/\/www.lux-airport.lu\/de\/wp-json\/wp\/v2\/pages\/8963"}],"wp:attachment":[{"href":"https:\/\/www.lux-airport.lu\/de\/wp-json\/wp\/v2\/media?parent=6923"}],"curies":[{"name":"wp","href":"https:\/\/api.w.org\/{rel}","templated":true}]}}