{"id":6878,"date":"2022-09-26T18:44:14","date_gmt":"2022-09-26T16:44:14","guid":{"rendered":"https:\/\/www.lux-airport.lu\/?page_id=6878"},"modified":"2024-11-20T17:41:42","modified_gmt":"2024-11-20T16:41:42","slug":"kontakt-uns","status":"publish","type":"page","link":"https:\/\/www.lux-airport.lu\/de\/unternehmen\/presse\/kontakt-uns\/","title":{"rendered":"Presseanfragen"},"content":{"rendered":"\n<div class=\"wp-block-columns is-layout-flex wp-container-core-columns-is-layout-9d6595d7 wp-block-columns-is-layout-flex\">\n<div class=\"wp-block-column is-layout-flow wp-block-column-is-layout-flow\">\n<iframe src=\"https:\/\/www.google.com\/maps\/embed?pb=!1m18!1m12!1m3!1d5168.695492750343!2d6.205989869775389!3d49.62890019999999!2m3!1f0!2f0!3f0!3m2!1i1024!2i768!4f13.1!3m3!1m2!1s0x479545c7bf04ee7f%3A0xe23e64a121abf124!2sLuxembourg%20Airport!5e0!3m2!1sen!2sgr!4v1669586227166!5m2!1sen!2sgr\" width=\"600\" height=\"450\" style=\"border:0;\" allowfullscreen=\"\" loading=\"lazy\" referrerpolicy=\"no-referrer-when-downgrade\"><\/iframe>\n\n\n\n<h3 class=\"wp-block-heading\">Soci\u00e9t\u00e9 de l&#8217;A\u00e9roport de Luxembourg S.A.<\/h3>\n\n\n\n<p><strong>lux-Flughafen<\/strong><br>4, Rue de Tr\u00e8ves,<br>B.P. 635 L-2016 Luxemburg<\/p>\n\n\n\n<p><strong>Telefon.<\/strong> <a href=\"tel:(+352)%202464%200\">(+352) 2464 0<\/a> <strong>f\u00fcr alle Informationen \u00fcber Fl\u00fcge und den Flughafen<\/strong><br><strong>Telefon.<\/strong> <a href=\"tel:(+352)%202464%201\">(+352) 2464 1<\/a> <strong>f\u00fcr die Telefonzentrale des Unternehmens<\/strong><\/p>\n\n\n\n<p><strong>E-Mail:<\/strong> communication(@)lux-airport.lu<\/p>\n<\/div>\n\n\n\n<div class=\"wp-block-column is-layout-flow wp-block-column-is-layout-flow\">\n<p><strong>Bitte beachten Sie: Dieses Kontaktformular ist nur f\u00fcr Presse-\/PR-Anfragen gedacht. Es ist NICHT f\u00fcr Parkplatzanfragen gedacht. F\u00fcr alle anderen Anfragen klicken Sie bitte <a href=\"https:\/\/www.lux-airport.lu\/de\/informationen\/kontakt\/\">hier<\/a>.<\/strong><\/p>\n\n\n\n<p>In dringenden F\u00e4llen wenden Sie sich bitte an eine der links auf der Seite angegebenen Kontaktnummern.<\/p>\n\n\n<style id=\"wpforms-css-vars-18702-block-701aabe2-d601-416d-ba3b-7cc732c5b954\">\n\t\t\t\t#wpforms-18702.wpforms-block-701aabe2-d601-416d-ba3b-7cc732c5b954 {\n\t\t\t\t--wpforms-field-border-radius: 5px;\n--wpforms-container-border-radius: 5px;\n--wpforms-button-border-radius: 5px;\n--wpforms-button-background-color: #0d7eac;\n--wpforms-field-size-input-height: 31px;\n--wpforms-field-size-input-spacing: 10px;\n--wpforms-field-size-font-size: 14px;\n--wpforms-field-size-line-height: 17px;\n--wpforms-field-size-padding-h: 9px;\n--wpforms-field-size-checkbox-size: 14px;\n--wpforms-field-size-sublabel-spacing: 5px;\n--wpforms-field-size-icon-size: 0.75;\n--wpforms-label-size-font-size: 14px;\n--wpforms-label-size-line-height: 17px;\n--wpforms-label-size-sublabel-font-size: 13px;\n--wpforms-label-size-sublabel-line-height: 16px;\n--wpforms-button-size-font-size: 20px;\n--wpforms-button-size-height: 48px;\n--wpforms-button-size-padding-h: 20px;\n--wpforms-button-size-margin-top: 15px;\n--wpforms-container-shadow-size-box-shadow: none;\n\t\t\t}\n\t\t\t<\/style><div class=\"wpforms-container wpforms-container-full wpforms-block wpforms-block-701aabe2-d601-416d-ba3b-7cc732c5b954 wpforms-render-modern\" id=\"wpforms-18702\"><form id=\"wpforms-form-18702\" class=\"wpforms-validate wpforms-form wpforms-ajax-form\" data-formid=\"18702\" method=\"post\" enctype=\"multipart\/form-data\" action=\"\/de\/wp-json\/wp\/v2\/pages\/6878\" data-token=\"0a9bf4c5f70d57db0d3923127202f753\" data-token-time=\"1776789840\"><noscript class=\"wpforms-error-noscript\">Bitte aktiviere JavaScript in deinem Browser, um dieses Formular fertigzustellen.<\/noscript><div id=\"wpforms-error-noscript\" style=\"display: none;\">Bitte aktiviere JavaScript in deinem Browser, um dieses Formular fertigzustellen.<\/div><div class=\"wpforms-field-container\"><div id=\"wpforms-18702-field_3-container\" class=\"wpforms-field wpforms-field-name\" data-field-id=\"3\"><label class=\"wpforms-field-label\" for=\"wpforms-18702-field_3\">Mein Name <span class=\"wpforms-required-label\" aria-hidden=\"true\">*<\/span><\/label><input type=\"text\" id=\"wpforms-18702-field_3\" class=\"wpforms-field-medium wpforms-field-required\" name=\"wpforms[fields][3]\" aria-errormessage=\"wpforms-18702-field_3-error\" required><\/div>\t\t<div id=\"wpforms-18702-field_1-container\"\n\t\t\tclass=\"wpforms-field wpforms-field-text\"\n\t\t\tdata-field-type=\"text\"\n\t\t\tdata-field-id=\"1\"\n\t\t\t>\n\t\t\t<label class=\"wpforms-field-label\" for=\"wpforms-18702-field_1\" >Mein Nachright Meine<\/label>\n\t\t\t<input type=\"text\" id=\"wpforms-18702-field_1\" class=\"wpforms-field-medium\" name=\"wpforms[fields][1]\" >\n\t\t<\/div>\n\t\t<div id=\"wpforms-18702-field_5-container\" class=\"wpforms-field wpforms-field-email\" data-field-id=\"5\"><label class=\"wpforms-field-label\" for=\"wpforms-18702-field_5\">Meine E-mail <span class=\"wpforms-required-label\" aria-hidden=\"true\">*<\/span><\/label><input type=\"email\" id=\"wpforms-18702-field_5\" class=\"wpforms-field-medium wpforms-field-required\" name=\"wpforms[fields][5]\" spellcheck=\"false\" aria-errormessage=\"wpforms-18702-field_5-error\" required><\/div><div id=\"wpforms-18702-field_6-container\" class=\"wpforms-field wpforms-field-text\" data-field-id=\"6\"><label class=\"wpforms-field-label\" for=\"wpforms-18702-field_6\">Subject <span class=\"wpforms-required-label\" aria-hidden=\"true\">*<\/span><\/label><input type=\"text\" id=\"wpforms-18702-field_6\" class=\"wpforms-field-medium wpforms-field-required\" name=\"wpforms[fields][6]\" aria-errormessage=\"wpforms-18702-field_6-error\" required><\/div><div id=\"wpforms-18702-field_7-container\" class=\"wpforms-field wpforms-field-textarea\" data-field-id=\"7\"><label class=\"wpforms-field-label\" for=\"wpforms-18702-field_7\">Meine Nachright <span class=\"wpforms-required-label\" aria-hidden=\"true\">*<\/span><\/label><textarea id=\"wpforms-18702-field_7\" class=\"wpforms-field-large wpforms-field-required\" name=\"wpforms[fields][7]\" aria-errormessage=\"wpforms-18702-field_7-error\" required><\/textarea><\/div><script>\n\t\t\t\t( function() {\n\t\t\t\t\tconst style = document.createElement( 'style' );\n\t\t\t\t\tstyle.appendChild( document.createTextNode( '#wpforms-18702-field_1-container { position: absolute !important; overflow: hidden !important; display: inline !important; height: 1px !important; width: 1px !important; z-index: -1000 !important; padding: 0 !important; } #wpforms-18702-field_1-container input { visibility: hidden; } #wpforms-conversational-form-page #wpforms-18702-field_1-container label { counter-increment: none; }' ) );\n\t\t\t\t\tdocument.head.appendChild( style );\n\t\t\t\t\tdocument.currentScript?.remove();\n\t\t\t\t} )();\n\t\t\t<\/script><\/div><!-- .wpforms-field-container --><div class=\"wpforms-recaptcha-container wpforms-is-recaptcha wpforms-is-recaptcha-type-v3\" ><input type=\"hidden\" name=\"wpforms[recaptcha]\" value=\"\"><\/div><div class=\"wpforms-submit-container\" ><input type=\"hidden\" name=\"wpforms[id]\" value=\"18702\"><input type=\"hidden\" name=\"page_title\" value=\"\"><input type=\"hidden\" name=\"page_url\" value=\"https:\/\/www.lux-airport.lu\/de\/wp-json\/wp\/v2\/pages\/6878\"><input type=\"hidden\" name=\"url_referer\" value=\"\"><button type=\"submit\" name=\"wpforms[submit]\" id=\"wpforms-submit-18702\" class=\"wpforms-submit\" data-alt-text=\"Senden...\" data-submit-text=\"Absenden\" aria-live=\"assertive\" value=\"wpforms-submit\">Absenden<\/button><img loading=\"lazy\" decoding=\"async\" src=\"https:\/\/www.lux-airport.lu\/wp-content\/plugins\/wpforms\/assets\/images\/submit-spin.svg\" class=\"wpforms-submit-spinner\" style=\"display: none;\" width=\"26\" height=\"26\" alt=\"Wird geladen\"><\/div><\/form><\/div>  <!-- .wpforms-container --><\/div>\n<\/div>\n","protected":false},"excerpt":{"rendered":"<p>Soci\u00e9t\u00e9 de l&#8217;A\u00e9roport de Luxembourg S.A. lux-Flughafen4, Rue de Tr\u00e8ves,B.P. 635 L-2016 Luxemburg Telefon. (+352) 2464 0 f\u00fcr alle Informationen \u00fcber Fl\u00fcge und den FlughafenTelefon. (+352) 2464 1 f\u00fcr die Telefonzentrale des Unternehmens E-Mail: communication(@)lux-airport.lu Bitte beachten Sie: Dieses Kontaktformular ist nur f\u00fcr Presse-\/PR-Anfragen gedacht. Es ist NICHT f\u00fcr Parkplatzanfragen gedacht. F\u00fcr alle anderen Anfragen [&hellip;]<\/p>\n","protected":false},"author":1,"featured_media":0,"parent":6945,"menu_order":0,"comment_status":"closed","ping_status":"closed","template":"","meta":{"_acf_changed":false,"footnotes":""},"class_list":["post-6878","page","type-page","status-publish","hentry"],"acf":{"set_page_width_full":false,"start_with_small_header":false,"reno_options":{"hide_reno_widget":false,"open_widget_on_page_load":false,"which_tab_to_open":"chatbot","hide_reno_turn_onoff":false,"set_height_to_mini":false,"reno_page_branded_text_back_front":{"reno_show_branded_text":false,"reno_text_in_the_back":"JOURNEY","reno_text_in_the_front":"my journey starts here"}},"branded_text_backfront":{"hide_branded_text":false,"text_in_the_back":"JOURNEY","text_in_the_front_left":"My journey","text_in_the_front_right":"starts here"},"hide_breadcrumbs":false,"hide_footer_widgets":false,"hide_page_title":false,"advertising__adsense":{"show_ads_in_this_page":true,"image_instead_of_adsense":{"enable_image_instead_of_adsense":false,"banner_image_300x250":null,"banner_url":""}},"header_image_options":{"show_header_image":"Yes","header_image":""}},"_links":{"self":[{"href":"https:\/\/www.lux-airport.lu\/de\/wp-json\/wp\/v2\/pages\/6878","targetHints":{"allow":["GET"]}}],"collection":[{"href":"https:\/\/www.lux-airport.lu\/de\/wp-json\/wp\/v2\/pages"}],"about":[{"href":"https:\/\/www.lux-airport.lu\/de\/wp-json\/wp\/v2\/types\/page"}],"author":[{"embeddable":true,"href":"https:\/\/www.lux-airport.lu\/de\/wp-json\/wp\/v2\/users\/1"}],"replies":[{"embeddable":true,"href":"https:\/\/www.lux-airport.lu\/de\/wp-json\/wp\/v2\/comments?post=6878"}],"version-history":[{"count":0,"href":"https:\/\/www.lux-airport.lu\/de\/wp-json\/wp\/v2\/pages\/6878\/revisions"}],"up":[{"embeddable":true,"href":"https:\/\/www.lux-airport.lu\/de\/wp-json\/wp\/v2\/pages\/6945"}],"wp:attachment":[{"href":"https:\/\/www.lux-airport.lu\/de\/wp-json\/wp\/v2\/media?parent=6878"}],"curies":[{"name":"wp","href":"https:\/\/api.w.org\/{rel}","templated":true}]}}