{"id":5851,"date":"2022-09-27T17:33:23","date_gmt":"2022-09-27T15:33:23","guid":{"rendered":"https:\/\/www.lux-airport.lu\/airport-rules-and-regulations\/"},"modified":"2025-04-29T17:29:05","modified_gmt":"2025-04-29T15:29:05","slug":"airport-rules-and-regulations","status":"publish","type":"page","link":"https:\/\/www.lux-airport.lu\/de\/unternehmen\/business-partners\/airport-rules-and-regulations\/","title":{"rendered":"Flughafenvorschriften<br>und \u2013bestimmungen"},"content":{"rendered":"\n<p>Alle Nutzer des Flughafens, unabh\u00e4ngig davon, ob sie ihn mit dem Flugzeug, mit Bodenfahrzeugen oder zu Fu\u00df nutzen, unterliegen bestehenden und k\u00fcnftigen Gesetzen und Bestimmungen sowie den bestehenden und k\u00fcnftigen am Flughafen Luxemburg geltenden Vorschriften, Bestimmungen, Prozessen, Handb\u00fcchern und Anweisungen.<\/p>\n\n\n\n<p>Im Folgenden finden Sie die geltenden <a href=\"https:\/\/www.lux-airport.lu\/wp-content\/uploads\/2025\/04\/Airport-Rules-and-Regulations-de-250425.pdf\" target=\"_blank\" rel=\"noreferrer noopener\">Flughafenvorschriften und -bestimmungen.<\/a><\/p>\n\n\n\n<div data-wp-interactive=\"core\/file\" class=\"wp-block-file\"><object data-wp-bind--hidden=\"!state.hasPdfPreview\" hidden class=\"wp-block-file__embed\" data=\"https:\/\/www.lux-airport.lu\/wp-content\/uploads\/2025\/04\/Airport-Rules-and-Regulations-de-250425.pdf\" type=\"application\/pdf\" style=\"width:100%;height:600px\" aria-label=\"Einbettung von Airport Rules and Regulations (de) 250425.\"><\/object><a id=\"wp-block-file--media-60ac49df-4b83-46e2-94d8-0c6023a5e7e0\" href=\"https:\/\/www.lux-airport.lu\/wp-content\/uploads\/2025\/04\/Airport-Rules-and-Regulations-de-250425.pdf\">Airport Rules and Regulations (de) 250425<\/a><a href=\"https:\/\/www.lux-airport.lu\/wp-content\/uploads\/2025\/04\/Airport-Rules-and-Regulations-de-250425.pdf\" class=\"wp-block-file__button wp-element-button\" download aria-describedby=\"wp-block-file--media-60ac49df-4b83-46e2-94d8-0c6023a5e7e0\">Download<\/a><\/div>\n","protected":false},"excerpt":{"rendered":"<p>Alle Nutzer des Flughafens, unabh\u00e4ngig davon, ob sie ihn mit dem Flugzeug, mit Bodenfahrzeugen oder zu Fu\u00df nutzen, unterliegen bestehenden und k\u00fcnftigen Gesetzen und Bestimmungen sowie den bestehenden und k\u00fcnftigen am Flughafen Luxemburg geltenden Vorschriften, Bestimmungen, Prozessen, Handb\u00fcchern und Anweisungen. Im Folgenden finden Sie die geltenden Flughafenvorschriften und -bestimmungen.<\/p>\n","protected":false},"author":1,"featured_media":0,"parent":6961,"menu_order":0,"comment_status":"closed","ping_status":"closed","template":"","meta":{"_acf_changed":false,"footnotes":""},"class_list":["post-5851","page","type-page","status-publish","hentry"],"acf":{"set_page_width_full":false,"start_with_small_header":false,"reno_options":{"hide_reno_widget":false,"open_widget_on_page_load":false,"which_tab_to_open":"chatbot","hide_reno_turn_onoff":false,"set_height_to_mini":false,"reno_page_branded_text_back_front":{"reno_show_branded_text":false,"reno_text_in_the_back":"JOURNEY","reno_text_in_the_front":"my journey starts here"}},"branded_text_backfront":{"hide_branded_text":false,"text_in_the_back":"JOURNEY","text_in_the_front_left":"My journey","text_in_the_front_right":"starts here"},"hide_breadcrumbs":false,"hide_footer_widgets":false,"hide_page_title":false,"advertising__adsense":{"show_ads_in_this_page":true,"image_instead_of_adsense":{"enable_image_instead_of_adsense":false,"banner_image_300x250":null,"banner_url":""}},"header_image_options":{"show_header_image":"Yes","header_image":""}},"_links":{"self":[{"href":"https:\/\/www.lux-airport.lu\/de\/wp-json\/wp\/v2\/pages\/5851","targetHints":{"allow":["GET"]}}],"collection":[{"href":"https:\/\/www.lux-airport.lu\/de\/wp-json\/wp\/v2\/pages"}],"about":[{"href":"https:\/\/www.lux-airport.lu\/de\/wp-json\/wp\/v2\/types\/page"}],"author":[{"embeddable":true,"href":"https:\/\/www.lux-airport.lu\/de\/wp-json\/wp\/v2\/users\/1"}],"replies":[{"embeddable":true,"href":"https:\/\/www.lux-airport.lu\/de\/wp-json\/wp\/v2\/comments?post=5851"}],"version-history":[{"count":0,"href":"https:\/\/www.lux-airport.lu\/de\/wp-json\/wp\/v2\/pages\/5851\/revisions"}],"up":[{"embeddable":true,"href":"https:\/\/www.lux-airport.lu\/de\/wp-json\/wp\/v2\/pages\/6961"}],"wp:attachment":[{"href":"https:\/\/www.lux-airport.lu\/de\/wp-json\/wp\/v2\/media?parent=5851"}],"curies":[{"name":"wp","href":"https:\/\/api.w.org\/{rel}","templated":true}]}}