{"id":5779,"date":"2022-09-02T14:18:03","date_gmt":"2022-09-02T12:18:03","guid":{"rendered":"https:\/\/www.lux-airport.lu\/management-team\/"},"modified":"2026-01-28T10:27:13","modified_gmt":"2026-01-28T09:27:13","slug":"management-team","status":"publish","type":"page","link":"https:\/\/www.lux-airport.lu\/de\/unternehmen\/ueber-uns\/management-team\/","title":{"rendered":"Management Team"},"content":{"rendered":"\n<h2 class=\"wp-block-heading\"><strong>GESCH\u00c4FTSF\u00dcHRUNGSTEAM<\/strong><\/h2>\n\n\n\n<div class=\"wp-block-columns is-layout-flex wp-container-core-columns-is-layout-9d6595d7 wp-block-columns-is-layout-flex\">\n<div class=\"wp-block-column is-layout-flow wp-block-column-is-layout-flow\" style=\"flex-basis:30%\"><div class=\"wp-block-image\">\n<figure class=\"alignleft size-full\"><img loading=\"lazy\" decoding=\"async\" width=\"600\" height=\"600\" src=\"https:\/\/www.lux-airport.lu\/wp-content\/uploads\/2022\/09\/image-19.png\" alt=\"\" class=\"wp-image-4723\" srcset=\"https:\/\/www.lux-airport.lu\/wp-content\/uploads\/2022\/09\/image-19.png 600w, https:\/\/www.lux-airport.lu\/wp-content\/uploads\/2022\/09\/image-19-300x300.png 300w, https:\/\/www.lux-airport.lu\/wp-content\/uploads\/2022\/09\/image-19-150x150.png 150w\" sizes=\"auto, (max-width: 600px) 100vw, 600px\" \/><\/figure>\n<\/div><\/div>\n\n\n\n<div class=\"wp-block-column is-layout-flow wp-block-column-is-layout-flow\" style=\"flex-basis:70%\">\n<h2 class=\"wp-block-heading\">Alexander Flassak<\/h2>\n\n\n\n<h4 class=\"wp-block-heading\">Chief Executive Officer<\/h4>\n\n\n\n<p>Alexander Flassak kam 2014 als Chief Financial Officer und Head of Real Estate Development zu lux-Airport. Zuvor war er neun Jahre lang f\u00fcr Ernst &amp; Young in Frankfurt und Luxemburg t\u00e4tig. Alexander Flassak erwarb vier Universit\u00e4tsabschl\u00fcsse und \u00fcbernahm 2012 eine Vertretungsprofessur in Mainz im Fachbereich Finanzen. Der Autor von Lehrb\u00fcchern in den Bereichen Nachtrags- und Risikomanagement wurde 2016 zum \u201eCFO of the Year\u201c ernannt. Alexander Flassak ist Verwaltungsratspr\u00e4sident bei Airport-Energy, einer Gesellschaft, die sich zu 50&nbsp;Prozent im Besitz von lux-Airport befindet.<\/p>\n\n\n\n<p><a rel=\"noreferrer noopener nofollow\" href=\"https:\/\/lu.linkedin.com\/in\/alexander-flassak-04599413\" target=\"_blank\"><em>Linkedin<\/em><\/a><\/p>\n<\/div>\n<\/div>\n\n\n\n<div class=\"wp-block-columns is-layout-flex wp-container-core-columns-is-layout-9d6595d7 wp-block-columns-is-layout-flex\">\n<div class=\"wp-block-column is-vertically-aligned-top is-layout-flow wp-block-column-is-layout-flow\" style=\"flex-basis:30%\"><div class=\"wp-block-image\">\n<figure class=\"alignleft size-full\"><img loading=\"lazy\" decoding=\"async\" width=\"600\" height=\"600\" src=\"https:\/\/www.lux-airport.lu\/wp-content\/uploads\/2022\/09\/image-23.png\" alt=\"\" class=\"wp-image-4756\" srcset=\"https:\/\/www.lux-airport.lu\/wp-content\/uploads\/2022\/09\/image-23.png 600w, https:\/\/www.lux-airport.lu\/wp-content\/uploads\/2022\/09\/image-23-300x300.png 300w, https:\/\/www.lux-airport.lu\/wp-content\/uploads\/2022\/09\/image-23-150x150.png 150w\" sizes=\"auto, (max-width: 600px) 100vw, 600px\" \/><\/figure>\n<\/div><\/div>\n\n\n\n<div class=\"wp-block-column is-layout-flow wp-block-column-is-layout-flow\" style=\"flex-basis:70%\">\n<h2 class=\"wp-block-heading\">David Konsbruck<\/h2>\n\n\n\n<h4 class=\"wp-block-heading\">Chief Administrative Officer<\/h4>\n\n\n\n<p>David Konsbruk studierte Betriebswirtschaft. Er kam im Juni 2006 als Manager of Administration &amp; Finance zu lux-Airport und wurde Ende 2006 zum Chief Financial Officer ernannt. Er \u00fcbernahm eine aktive Rolle bei der Vorbereitung und Er\u00f6ffnung des neuen Terminal&nbsp;A am Flughafen&nbsp;Luxemburg im Mai 2008. Zuvor arbeitete David Konsbruk neun Jahre lang f\u00fcr ein technisches Beratungsunternehmen. 2015 wurde er zum Administration &amp; Human Resources Director ernannt. Zu seinen Zust\u00e4ndigkeitsbereichen geh\u00f6ren Beschaffung, Personalwesen und Infrastrukturerl\u00f6se.<\/p>\n\n\n\n<p><a rel=\"noreferrer noopener nofollow\" href=\"https:\/\/lu.linkedin.com\/in\/david-konsbruck-19a044128\/en\" target=\"_blank\"><em>Linkedin<\/em><\/a><\/p>\n<\/div>\n<\/div>\n\n\n\n<div class=\"wp-block-columns is-layout-flex wp-container-core-columns-is-layout-9d6595d7 wp-block-columns-is-layout-flex\">\n<div class=\"wp-block-column is-vertically-aligned-top is-layout-flow wp-block-column-is-layout-flow\" style=\"flex-basis:30%\"><div class=\"wp-block-image\">\n<figure class=\"alignleft size-full\"><img loading=\"lazy\" decoding=\"async\" width=\"600\" height=\"600\" src=\"https:\/\/www.lux-airport.lu\/wp-content\/uploads\/2022\/09\/image-25.png\" alt=\"\" class=\"wp-image-4764\" srcset=\"https:\/\/www.lux-airport.lu\/wp-content\/uploads\/2022\/09\/image-25.png 600w, https:\/\/www.lux-airport.lu\/wp-content\/uploads\/2022\/09\/image-25-300x300.png 300w, https:\/\/www.lux-airport.lu\/wp-content\/uploads\/2022\/09\/image-25-150x150.png 150w\" sizes=\"auto, (max-width: 600px) 100vw, 600px\" \/><\/figure>\n<\/div><\/div>\n\n\n\n<div class=\"wp-block-column is-layout-flow wp-block-column-is-layout-flow\" style=\"flex-basis:70%\">\n<h2 class=\"wp-block-heading\">Daniel Conrardy<\/h2>\n\n\n\n<h4 class=\"wp-block-heading\">Chief Security Officer<\/h4>\n\n\n\n<p>Daniel Conrardy war im Februar 2004 einer der ersten Mitarbeiter bei lux-Airport. Als Head of Airport Security war er f\u00fcr den Aufbau der Sicherheitsabteilung verantwortlich. Diese hat heute mehr als 300 interne und externe Sicherheitsmitarbeiter. Zudem ist er f\u00fcr die Umsetzung aller Sicherheitsma\u00dfnahmen am Flughafen Luxemburg zust\u00e4ndig. <\/p>\n\n\n\n<p>Im Mai 2021 wurde Daniel Conrardy zum Security Director ernannt und im Dezember 2024 zum Chief Security Officer. Zu seinen Zust\u00e4ndigkeitsbereichen geh\u00f6ren Sicherheitsma\u00dfnahmen, Entwicklung und Training.<\/p>\n\n\n\n<p><a rel=\"noreferrer noopener nofollow\" href=\"https:\/\/www.linkedin.com\/in\/daniel-conrardy-b28a3211\/\" target=\"_blank\"><em>Linkedin<\/em><\/a><\/p>\n<\/div>\n<\/div>\n\n\n\n<div class=\"wp-block-columns is-layout-flex wp-container-core-columns-is-layout-9d6595d7 wp-block-columns-is-layout-flex\">\n<div class=\"wp-block-column is-layout-flow wp-block-column-is-layout-flow\" style=\"flex-basis:30%\"><div class=\"wp-block-image\">\n<figure class=\"alignleft size-full\"><img loading=\"lazy\" decoding=\"async\" width=\"1080\" height=\"1080\" src=\"https:\/\/www.lux-airport.lu\/wp-content\/uploads\/2025\/10\/DSC02644Validated-2.jpg\" alt=\"\" class=\"wp-image-23341\" srcset=\"https:\/\/www.lux-airport.lu\/wp-content\/uploads\/2025\/10\/DSC02644Validated-2.jpg 1080w, https:\/\/www.lux-airport.lu\/wp-content\/uploads\/2025\/10\/DSC02644Validated-2-300x300.jpg 300w, https:\/\/www.lux-airport.lu\/wp-content\/uploads\/2025\/10\/DSC02644Validated-2-1024x1024.jpg 1024w, https:\/\/www.lux-airport.lu\/wp-content\/uploads\/2025\/10\/DSC02644Validated-2-150x150.jpg 150w, https:\/\/www.lux-airport.lu\/wp-content\/uploads\/2025\/10\/DSC02644Validated-2-768x768.jpg 768w\" sizes=\"auto, (max-width: 1080px) 100vw, 1080px\" \/><\/figure>\n<\/div><\/div>\n\n\n\n<div class=\"wp-block-column is-layout-flow wp-block-column-is-layout-flow\" style=\"flex-basis:70%\">\n<h2 class=\"wp-block-heading\">Serge Streitz<\/h2>\n\n\n\n<h4 class=\"wp-block-heading\">Chief Real Estate and Infrastructure Officer<\/h4>\n\n\n\n<p>Serge Streitz graduated in Mechanical Engineering from RWTH Aachen. He began his career at Paul Wurth, before joining lux-Airport as Technical Manager, where he was involved in the airport\u2019s early development.<\/p>\n\n\n\n<p>Afterwards, he spent several years as Chief Technical Officer at Luxenergie and later as Director of the tertiary department and member of the management committee at Socom.<\/p>\n\n\n\n<p>In September 2025, he returned to lux-Airport as Technical Director (Chief Real Estate and Infrastructure Officer \u2013 CREIO). His responsibilities include overseeing infrastructure, real estate development, and technical investments to support the airport\u2019s continued growth.<\/p>\n\n\n\n<p><a rel=\"noreferrer noopener nofollow\" href=\"https:\/\/lu.linkedin.com\/in\/alexander-flassak-04599413\" target=\"_blank\"><em>Linkedin<\/em><\/a><\/p>\n<\/div>\n<\/div>\n\n\n\n<div class=\"wp-block-columns is-layout-flex wp-container-core-columns-is-layout-9d6595d7 wp-block-columns-is-layout-flex\">\n<div class=\"wp-block-column is-layout-flow wp-block-column-is-layout-flow\" style=\"flex-basis:30%\"><div class=\"wp-block-image\">\n<figure class=\"alignleft size-full\"><img loading=\"lazy\" decoding=\"async\" width=\"1080\" height=\"1080\" src=\"https:\/\/www.lux-airport.lu\/wp-content\/uploads\/2026\/01\/DSC03602_edited_1080x1080-2.jpg\" alt=\"\" class=\"wp-image-23654\" srcset=\"https:\/\/www.lux-airport.lu\/wp-content\/uploads\/2026\/01\/DSC03602_edited_1080x1080-2.jpg 1080w, https:\/\/www.lux-airport.lu\/wp-content\/uploads\/2026\/01\/DSC03602_edited_1080x1080-2-300x300.jpg 300w, https:\/\/www.lux-airport.lu\/wp-content\/uploads\/2026\/01\/DSC03602_edited_1080x1080-2-1024x1024.jpg 1024w, https:\/\/www.lux-airport.lu\/wp-content\/uploads\/2026\/01\/DSC03602_edited_1080x1080-2-150x150.jpg 150w, https:\/\/www.lux-airport.lu\/wp-content\/uploads\/2026\/01\/DSC03602_edited_1080x1080-2-768x768.jpg 768w\" sizes=\"auto, (max-width: 1080px) 100vw, 1080px\" \/><\/figure>\n<\/div><\/div>\n\n\n\n<div class=\"wp-block-column is-layout-flow wp-block-column-is-layout-flow\" style=\"flex-basis:70%\">\n<h2 class=\"wp-block-heading\">Lorenzo Di Loreto<\/h2>\n\n\n\n<h4 class=\"wp-block-heading\">Chief Operating Officer<\/h4>\n\n\n\n<p>Lorenzo Di Loreto trat im Januar 2026 als Chief Operating Officer bei lux-Airport zu.<\/p>\n\n\n\n<p>Zuvor war er als Managing Director bei Munich Airport International t\u00e4tig, wo er die Transformation des Unternehmens zu einem globalen Multi-Airport-Betreiber leitete und weltweit Konzessions-, Management- und Beratungsprojekte verantwortete.<\/p>\n\n\n\n<p>Lorenzo verf\u00fcgt \u00fcber umfassende Erfahrung in den Bereichen Unternehmensentwicklung und Betrieb, die er bei Vision Invest, Samsung C&amp;T, Airbus, Royal Air Maroc und Air France erworben hat. Er besitzt einen Aerospace-MBA der Toulouse Business School sowie postgraduale Abschl\u00fcsse in Marketing und Betriebswirtschaft.<\/p>\n\n\n\n<p><\/p>\n\n\n\n<p><a href=\"https:\/\/www.linkedin.com\/in\/lorenzodiloreto\/?originalSubdomain=ae\" target=\"_blank\" rel=\"noreferrer noopener nofollow\"><em>Linkedin<\/em><\/a><\/p>\n<\/div>\n<\/div>\n\n\n\n<div style=\"height:100px\" aria-hidden=\"true\" class=\"wp-block-spacer\"><\/div>\n\n\n\n<div class=\"wp-block-buttons is-layout-flex wp-block-buttons-is-layout-flex\">\n<div class=\"wp-block-button blueButton rounded\"><a class=\"wp-block-button__link wp-element-button\" href=\"https:\/\/www.lux-airport.lu\/de\/unternehmen\/ueber-uns\/management-team\/board-of-directors\/\">DIREKTORIUM<\/a><\/div>\n<\/div>\n","protected":false},"excerpt":{"rendered":"<p>GESCH\u00c4FTSF\u00dcHRUNGSTEAM Alexander Flassak Chief Executive Officer Alexander Flassak kam 2014 als Chief Financial Officer und Head of Real Estate Development zu lux-Airport. Zuvor war er neun Jahre lang f\u00fcr Ernst &amp; Young in Frankfurt und Luxemburg t\u00e4tig. Alexander Flassak erwarb vier Universit\u00e4tsabschl\u00fcsse und \u00fcbernahm 2012 eine Vertretungsprofessur in Mainz im Fachbereich Finanzen. Der Autor von [&hellip;]<\/p>\n","protected":false},"author":1,"featured_media":0,"parent":7076,"menu_order":0,"comment_status":"closed","ping_status":"closed","template":"","meta":{"_acf_changed":false,"footnotes":""},"class_list":["post-5779","page","type-page","status-publish","hentry"],"acf":{"set_page_width_full":false,"start_with_small_header":false,"reno_options":{"hide_reno_widget":false,"open_widget_on_page_load":false,"which_tab_to_open":"chatbot","hide_reno_turn_onoff":false,"set_height_to_mini":false,"reno_page_branded_text_back_front":{"reno_show_branded_text":false,"reno_text_in_the_back":"JOURNEY","reno_text_in_the_front":"my journey starts here"}},"branded_text_backfront":{"hide_branded_text":false,"text_in_the_back":"JOURNEY","text_in_the_front_left":"My journey","text_in_the_front_right":"starts here"},"hide_breadcrumbs":false,"hide_footer_widgets":false,"hide_page_title":false,"advertising__adsense":{"show_ads_in_this_page":true,"image_instead_of_adsense":{"enable_image_instead_of_adsense":false,"banner_image_300x250":null,"banner_url":""}},"header_image_options":{"show_header_image":"Yes","header_image":""}},"_links":{"self":[{"href":"https:\/\/www.lux-airport.lu\/de\/wp-json\/wp\/v2\/pages\/5779","targetHints":{"allow":["GET"]}}],"collection":[{"href":"https:\/\/www.lux-airport.lu\/de\/wp-json\/wp\/v2\/pages"}],"about":[{"href":"https:\/\/www.lux-airport.lu\/de\/wp-json\/wp\/v2\/types\/page"}],"author":[{"embeddable":true,"href":"https:\/\/www.lux-airport.lu\/de\/wp-json\/wp\/v2\/users\/1"}],"replies":[{"embeddable":true,"href":"https:\/\/www.lux-airport.lu\/de\/wp-json\/wp\/v2\/comments?post=5779"}],"version-history":[{"count":0,"href":"https:\/\/www.lux-airport.lu\/de\/wp-json\/wp\/v2\/pages\/5779\/revisions"}],"up":[{"embeddable":true,"href":"https:\/\/www.lux-airport.lu\/de\/wp-json\/wp\/v2\/pages\/7076"}],"wp:attachment":[{"href":"https:\/\/www.lux-airport.lu\/de\/wp-json\/wp\/v2\/media?parent=5779"}],"curies":[{"name":"wp","href":"https:\/\/api.w.org\/{rel}","templated":true}]}}