{"id":5191,"date":"2022-09-04T14:02:26","date_gmt":"2022-09-04T12:02:26","guid":{"rendered":"https:\/\/www.lux-airport.lu\/customs-security\/"},"modified":"2025-10-24T16:08:21","modified_gmt":"2025-10-24T14:08:21","slug":"sicherheit","status":"publish","type":"page","link":"https:\/\/www.lux-airport.lu\/de\/check-in-und-reisen\/sicherheit\/","title":{"rendered":"Sicherheitsvorschriften"},"content":{"rendered":"\n<p>Aus  Sicherheitsgr\u00fcnden bestehen bei einigen Gegenst\u00e4nden Beschr\u00e4nkungen und Verbote. Machen Sie sich mit den <strong>Sicherheits<\/strong> am <strong>Flughafen Luxemburg<\/strong> vertraut, um die Sicherheitskontrolle problemlos zu durchlaufen.<\/p>\n\n\n\n<h2 class=\"wp-block-heading\">Bereiten Sie sich mit unseren Videos auf die Sicherheit vor\u2026<\/h2>\n\n\n\n<div class=\"wp-block-columns is-layout-flex wp-container-core-columns-is-layout-9d6595d7 wp-block-columns-is-layout-flex\">\n<div class=\"wp-block-column is-layout-flow wp-block-column-is-layout-flow\">\n<figure class=\"wp-block-video\"><video height=\"1080\" style=\"aspect-ratio: 1920 \/ 1080;\" width=\"1920\" controls poster=\"https:\/\/www.lux-airport.lu\/wp-content\/uploads\/2023\/08\/Screenshot_62.png\" src=\"https:\/\/www.lux-airport.lu\/wp-content\/uploads\/2023\/08\/LXA_01253_23_Motion-Design-security-check-Version-courte.mp4\"><\/video><\/figure>\n\n\n\n<p class=\"has-medium-font-size\"><strong><em>Verbotene Gegenst\u00e4nde und Fl\u00fcssigkeitsbeschr\u00e4nkungen<\/em><\/strong><\/p>\n<\/div>\n\n\n\n<div class=\"wp-block-column is-layout-flow wp-block-column-is-layout-flow\">\n<figure class=\"wp-block-video\"><video height=\"1080\" style=\"aspect-ratio: 1920 \/ 1080;\" width=\"1920\" controls poster=\"https:\/\/www.lux-airport.lu\/wp-content\/uploads\/2023\/08\/Screenshot_63.png\" src=\"https:\/\/www.lux-airport.lu\/wp-content\/uploads\/2023\/08\/compress-LXA_01253_23_Motion-Design-security-check_V9.mp4\"><\/video><\/figure>\n\n\n\n<p class=\"has-medium-font-size\"><em><strong>Vollst\u00e4ndiger \u00dcberblick \u00fcber das Sicherheitskontrollverfahren am Flughafen Luxemburg<\/strong><\/em><\/p>\n<\/div>\n\n\n\n<div class=\"wp-block-column is-layout-flow wp-block-column-is-layout-flow\">\n<figure class=\"wp-block-video\"><video height=\"1080\" style=\"aspect-ratio: 1920 \/ 1080;\" width=\"1920\" controls poster=\"https:\/\/www.lux-airport.lu\/wp-content\/uploads\/2023\/08\/Screenshot_64.png\" src=\"https:\/\/www.lux-airport.lu\/wp-content\/uploads\/2023\/07\/Summer-Smooth-Journey-Security-Snip-it-Landscape-V1-5.mp4\"><\/video><\/figure>\n\n\n\n<p class=\"has-medium-font-size\"><strong><em>Wie Sie Ihren Beutel mit Fl\u00fcssigkeiten f\u00fcr eine problemlose Reise vorbereiten<\/em><\/strong><\/p>\n<\/div>\n<\/div>\n\n\n\n<h2 class=\"wp-block-heading\">Verbotene Gegenst\u00e4nde<\/h2>\n\n\n\n<p>Folgende Gegenst\u00e4nde sind verboten und d\u00fcrfen unter keinen Umst\u00e4nden im <strong>Handgep\u00e4ck<\/strong> an Bord des Flugzeugs mitgef\u00fchrt werden:<\/p>\n\n\n\n<p><strong>Gewehre, Feuerwaffen und sonstige Ger\u00e4te, die zum<\/strong> <strong>Abschie\u00dfen von Projektilen bestimmt sind<\/strong><\/p>\n\n\n\n<ul class=\"wp-block-list\">\n<li>Feuerwaffen aller Art &#8211; wie Pistolen, Revolver, Gewehre, Schrotflinten<\/li>\n\n\n\n<li>Spielzeugwaffen, Nachbildungen und Imitationen von Feuerwaffen, die mit echten Waffen verwechselt werden k\u00f6nnen<\/li>\n\n\n\n<li>Einzelteile von Feuerwaffen (au\u00dfer Zielfernrohren)<\/li>\n\n\n\n<li>Druckluft- und CO2-Waffen &#8211; wie Pistolen, Pelletpistolen, Gewehre und kugelgelagerte Pistolen<\/li>\n\n\n\n<li>Signalfackelpistolen und Startpistolen<\/li>\n\n\n\n<li>B\u00f6gen, Armbr\u00fcste und Pfeile<\/li>\n\n\n\n<li>Harpunenkanonen und Speerkanonen<\/li>\n\n\n\n<li>Schleudern und Katapulte<\/li>\n<\/ul>\n\n\n\n<p><strong>Bet\u00e4ubungsger\u00e4te<\/strong><\/p>\n\n\n\n<ul class=\"wp-block-list\">\n<li>Schockger\u00e4te wie Bet\u00e4ubungspistolen, Taser und Elektroschockst\u00f6cke<\/li>\n\n\n\n<li>Tierbet\u00e4uber und Tierm\u00f6rder<\/li>\n\n\n\n<li>Chemikalien, Gase und Sprays, die Menschen au\u00dfer Gefecht setzen oder au\u00dfer Gefecht setzen k\u00f6nnen &#8211; wie Reizgas, Pfefferspray, Capsicum-Spray, Tr\u00e4nengas, S\u00e4uresprays und Tierabwehrsprays<\/li>\n<\/ul>\n\n\n\n<p><strong><strong>Spitze und scharfe Gegenst\u00e4nde<\/strong><\/strong><\/p>\n\n\n\n<ul class=\"wp-block-list\">\n<li>Gegenst\u00e4nde, die zum Hacken bestimmt sind &#8211; wie \u00c4xte, Beile und Hackbeile<\/li>\n\n\n\n<li>Eispickel und Eispickel<\/li>\n\n\n\n<li>Rasierklingen<\/li>\n\n\n\n<li>Kartonschneider<\/li>\n\n\n\n<li>Messer mit Klingen von mehr als 6 cm L\u00e4nge<\/li>\n\n\n\n<li>Scheren mit Klingen von mehr als 6 cm L\u00e4nge, gemessen vom Drehpunkt aus<\/li>\n\n\n\n<li>Materialkunstger\u00e4te mit einer scharfen Spitze oder Kante<\/li>\n\n\n\n<li>Schwerter und S\u00e4bel<\/li>\n<\/ul>\n\n\n\n<p><strong>Werkzeuge<\/strong><\/p>\n\n\n\n<ul class=\"wp-block-list\">\n<li>Brechstangen<\/li>\n\n\n\n<li>Bohrer und Bohrereins\u00e4tze &#8211; einschlie\u00dflich kabelloser, tragbarer Bohrmaschinen<\/li>\n\n\n\n<li>Werkzeuge mit einer Klinge oder einem Schaft von mehr als 6 cm, die als Waffe verwendet werden k\u00f6nnen &#8211; wie Schraubendreher und Mei\u00dfel<\/li>\n\n\n\n<li>S\u00e4gen &#8211; einschlie\u00dflich kabelloser, tragbarer S\u00e4gen<\/li>\n\n\n\n<li>L\u00f6tlampen<\/li>\n\n\n\n<li>Bolzenschussger\u00e4te und Nagelpistolen<\/li>\n<\/ul>\n\n\n\n<p><strong><strong>Stumpfe Gegenst\u00e4nde<\/strong><\/strong><\/p>\n\n\n\n<ul class=\"wp-block-list\">\n<li>Baseball- und Softballschl\u00e4ger<\/li>\n\n\n\n<li>Kn\u00fcppel und Schlagst\u00f6cke &#8211; wie Schlagst\u00f6cke, Schlagst\u00f6cke und Schlagst\u00f6cke<\/li>\n\n\n\n<li>Ausr\u00fcstung f\u00fcr Kampfsportarten<\/li>\n<\/ul>\n\n\n\n<p><strong><strong>Spreng- und Brandstoffe sowie Spreng- und Brands\u00e4tze<\/strong><\/strong><\/p>\n\n\n\n<ul class=\"wp-block-list\">\n<li>Munition<\/li>\n\n\n\n<li>Sprengkapseln<\/li>\n\n\n\n<li>Sprengkapseln und Z\u00fcnder<\/li>\n\n\n\n<li>Minen, Granaten und andere explosive Milit\u00e4rg\u00fcter<\/li>\n\n\n\n<li>Feuerwerksk\u00f6rper und andere pyrotechnische Erzeugnisse<\/li>\n\n\n\n<li>Raucherzeugungskanister und Raucherzeugungspatronen<\/li>\n\n\n\n<li>Dynamit, Schie\u00dfpulver und Plastiksprengstoff<\/li>\n<\/ul>\n\n\n\n<p>Alle oben genannten Gegenst\u00e4nde (mit Ausnahme von Spreng- und Brandstoffen und -vorrichtungen) k\u00f6nnen im aufgegebenen Gep\u00e4ck mitgef\u00fchrt werden. Der Transport von gef\u00e4hrlichen Stoffen, Schusswaffen und Munition unterliegt jedoch besonderen Ma\u00dfnahmen und Vorschriften. Bitte erkundigen Sie sich bei Ihrer Airline und bei der Polizei des Gro\u00dfherzogtums, bevor Sie diese Gegenst\u00e4nde transportieren.<\/p>\n\n\n\n<h2 class=\"wp-block-heading\">Fl\u00fcssigkeiten, Aerosole und Gele (LAG) im Handgep\u00e4ck<\/h2>\n\n\n\n<p>Dieser Abschnitt bezieht sich auf alle Fl\u00fcssigkeiten, Aerosole und Gele, seien es kosmetische oder Verbrauchsprodukte, wie Zahnpasta, Lotionen, Druckgasbeh\u00e4lterinhalte, Parf\u00fcms, Rasierschaum, Getr\u00e4nke, Sirupe, Cremes, weiche Pasten und alle anderen Produkte \u00e4hnlicher Konsistenz.<\/p>\n\n\n\n<p><strong>Alle LAGs (Fl\u00fcssigkeiten, Aerosole und Gele), die im Handgep\u00e4ck mitgef\u00fchrt werden, m\u00fcssen sich in einzelnen Beh\u00e4ltern mit einem maximalen Fassungsverm\u00f6gen von 100 Millilitern oder einem entsprechenden Volumen befinden (das Fassungsverm\u00f6gen des Beh\u00e4lters muss angegeben sein) und in einem durchsichtigen, wiederverschlie\u00dfbaren Kunststoffbeutel mit einem Gesamtfassungsverm\u00f6gen von h\u00f6chstens 1 Liter verpackt werden. (Die Summe der beiden Seiten, vom Verschluss gemessen, darf 38 cm nicht \u00fcberschreiten, und der Beutel muss flach sein \u2013 also ohne Tiefe \u2013, um ein maximales Fassungsverm\u00f6gen von 1 Liter zu gew\u00e4hrleisten.)<\/strong> Der Inhalt dieses Beutels muss bequem hineinpassen, und der Beutel muss vollst\u00e4ndig verschlossen sein.<\/p>\n\n\n\n<p>Beim Passieren der Sicherheitskontrolle legen Sie den Plastikbeutel bitte in eine Wanne zusammen mit Ihren \u00fcbrigen pers\u00f6nlichen Gegenst\u00e4nden.<\/p>\n\n\n\n<p><strong>Alle Beh\u00e4lter mit einem Volumen von mehr als 100 ml d\u00fcrfen nicht im Handgep\u00e4ck mitgef\u00fchrt werden; bitte verstauen Sie diese im aufgegebenen Gep\u00e4ck.<\/strong><\/p>\n\n\n\n<p><strong><strong>LAG aus dem Duty-Free-Shop am Flughafen<\/strong><\/strong><\/p>\n\n\n\n<p>LAG, die im Duty-Free-Shop des Flughafens gekauft werden, sind in einem offiziellen versiegelten Sicherheitsbeutel verpackt. Solange diese Objekte nicht aus dem Beutel entfernt werden und der Beutel versiegelt bleibt, k\u00f6nnen sie gegen Vorlage eines g\u00fcltigen Kaufbelegs die Sicherheitskontrolle passieren. Bitte beachten Sie, dass es erforderlich sein kann, das Objekt w\u00e4hrend der Kontrolle aus dem versiegelten Beutel zu entnehmen.<\/p>\n\n\n\n<p><strong><strong>Fl\u00fcssigmedikamente und Babynahrung<\/strong><\/strong><\/p>\n\n\n\n<p>LAG, die aus medizinischen oder besonderen ern\u00e4hrungstechnischen Gr\u00fcnden erforderlich sind, einschlie\u00dflich Babynahrung, sind im Handgep\u00e4ck erlaubt, ohne dass eine \u00e4rztliche Bescheinigung vorgelegt werden muss. Dies unterliegt jedoch besonderen Sicherheitskontrollen. Bitte vergewissern Sie sich, dass Sie \u00fcber g\u00fcltige Dokumente verf\u00fcgen, um zu vermeiden, dass diese Objekte abgelehnt werden.<\/p>\n\n\n\n<h2 class=\"wp-block-heading\">Laptops und andere elektrische Ger\u00e4te<\/h2>\n\n\n\n<p>Vor der Kontrolle m\u00fcssen alle Laptops, Kabel und anderen gro\u00dfen elektronischen Ger\u00e4te aus Ihrem Handgep\u00e4ck und aus Taschen wie Laptoptaschen, in denen sie verstaut sind, entfernt werden. Diese werden dann getrennt von Ihrem Handgep\u00e4ck kontrolliert.<\/p>\n\n\n\n<h2 class=\"wp-block-heading\">Lassen Sie Ihre Tasche nicht unbeaufsichtigt<\/h2>\n\n\n\n<p>Da sich immer mehr Reisende im Terminal bewegen, m\u00f6chten wir Sie daran erinnern, dass Sie Ihr Gep\u00e4ck immer bei sich behalten und es niemals unbeaufsichtigt lassen sollten. Was genau meinen wir damit? Ihr Gep\u00e4ck sollte immer in Ihrer Sichtweite bleiben, auch w\u00e4hrend Ihrer Einkaufs- und Toilettenpausen. So verhindern Sie, dass es gestohlen oder besch\u00e4digt wird und Ihr Reiseerlebnis unterbrochen wird. Wenn Sie unbeaufsichtigtes Gep\u00e4ck sehen, melden Sie dies bitte dem n\u00e4chstgelegenen Mitarbeiter.<\/p>\n","protected":false},"excerpt":{"rendered":"<p>Aus Sicherheitsgr\u00fcnden bestehen bei einigen Gegenst\u00e4nden Beschr\u00e4nkungen und Verbote. Machen Sie sich mit den Sicherheits am Flughafen Luxemburg vertraut, um die Sicherheitskontrolle problemlos zu durchlaufen. Bereiten Sie sich mit unseren Videos auf die Sicherheit vor\u2026 Verbotene Gegenst\u00e4nde und Fl\u00fcssigkeitsbeschr\u00e4nkungen Vollst\u00e4ndiger \u00dcberblick \u00fcber das Sicherheitskontrollverfahren am Flughafen Luxemburg Wie Sie Ihren Beutel mit Fl\u00fcssigkeiten f\u00fcr eine [&hellip;]<\/p>\n","protected":false},"author":1,"featured_media":0,"parent":6953,"menu_order":0,"comment_status":"closed","ping_status":"closed","template":"","meta":{"_acf_changed":false,"footnotes":""},"class_list":["post-5191","page","type-page","status-publish","hentry"],"acf":{"set_page_width_full":false,"start_with_small_header":false,"reno_options":{"hide_reno_widget":false,"open_widget_on_page_load":false,"which_tab_to_open":"chatbot","hide_reno_turn_onoff":false,"set_height_to_mini":false,"reno_page_branded_text_back_front":{"reno_show_branded_text":false,"reno_text_in_the_back":"JOURNEY","reno_text_in_the_front":"my journey starts here"}},"branded_text_backfront":{"hide_branded_text":false,"text_in_the_back":"JOURNEY","text_in_the_front_left":"My journey","text_in_the_front_right":"starts here"},"hide_breadcrumbs":false,"hide_footer_widgets":false,"hide_page_title":false,"advertising__adsense":{"show_ads_in_this_page":true,"image_instead_of_adsense":{"enable_image_instead_of_adsense":false,"banner_image_300x250":null,"banner_url":""}},"header_image_options":{"show_header_image":"Yes","header_image":""}},"_links":{"self":[{"href":"https:\/\/www.lux-airport.lu\/de\/wp-json\/wp\/v2\/pages\/5191","targetHints":{"allow":["GET"]}}],"collection":[{"href":"https:\/\/www.lux-airport.lu\/de\/wp-json\/wp\/v2\/pages"}],"about":[{"href":"https:\/\/www.lux-airport.lu\/de\/wp-json\/wp\/v2\/types\/page"}],"author":[{"embeddable":true,"href":"https:\/\/www.lux-airport.lu\/de\/wp-json\/wp\/v2\/users\/1"}],"replies":[{"embeddable":true,"href":"https:\/\/www.lux-airport.lu\/de\/wp-json\/wp\/v2\/comments?post=5191"}],"version-history":[{"count":0,"href":"https:\/\/www.lux-airport.lu\/de\/wp-json\/wp\/v2\/pages\/5191\/revisions"}],"up":[{"embeddable":true,"href":"https:\/\/www.lux-airport.lu\/de\/wp-json\/wp\/v2\/pages\/6953"}],"wp:attachment":[{"href":"https:\/\/www.lux-airport.lu\/de\/wp-json\/wp\/v2\/media?parent=5191"}],"curies":[{"name":"wp","href":"https:\/\/api.w.org\/{rel}","templated":true}]}}