{"id":5041,"date":"2022-09-04T13:14:42","date_gmt":"2022-09-04T11:14:42","guid":{"rendered":"https:\/\/www.lux-airport.lu\/getting-to-the-airport\/"},"modified":"2025-03-02T15:30:50","modified_gmt":"2025-03-02T14:30:50","slug":"getting-to-the-airport","status":"publish","type":"page","link":"https:\/\/www.lux-airport.lu\/de\/parken-transport\/getting-to-the-airport\/","title":{"rendered":"Anreise zum Flughafen"},"content":{"rendered":"\n<h2 class=\"wp-block-heading\"><em>Your Journey Starts Here<\/em> &#8211; <em>Ihre Reise startet genau hier&#8230;<\/em><\/h2>\n\n\n\n<p>Wir m\u00f6chten sicherstellen, dass Flugg\u00e4ste und Besucher des Flughafens Luxemburg ihre Ziele sicher und reibungslos erreichen. Nutzen Sie unsere Karten, Fahrpl\u00e4ne, Empfehlungen, Reiseplaner und viele andere n\u00fctzliche Informationen, die wir bereitstellen.<\/p>\n\n\n\n<div class=\"wp-block-group getDirectionsContainer has-background is-vertical is-content-justification-stretch is-layout-flex wp-container-core-group-is-layout-b16ad781 wp-block-group-is-layout-flex\" style=\"background-color:#f0f0f0\">\n<div class=\"wp-block-columns nopadding is-layout-flex wp-container-core-columns-is-layout-9d6595d7 wp-block-columns-is-layout-flex\">\n<div class=\"wp-block-column is-vertically-aligned-stretch max450px is-layout-flow wp-block-column-is-layout-flow\">\n<h4 class=\"wp-block-heading has-medium-font-size\"><strong>Wegbeschreibung zum Flughafen abrufen<\/strong><\/h4>\n\n\n\n<div style=\"height:10px\" aria-hidden=\"true\" class=\"wp-block-spacer\"><\/div>\n\n\n\n<div class=\"wp-block-group is-horizontal is-content-justification-space-between is-layout-flex wp-container-core-group-is-layout-ed49b07a wp-block-group-is-layout-flex\">\n<p><strong>Wegbeschreibung von:<\/strong><\/p>\n\n\n\n<div class=\"wp-block-buttons use-locationContainer is-vertical is-content-justification-center is-layout-flex wp-container-core-buttons-is-layout-4b2eccd6 wp-block-buttons-is-layout-flex\">\n<div class=\"wp-block-button has-custom-width wp-block-button__width-100 turquoiseButton rounded is-style-fill\" id=\"use-location\"><a class=\"wp-block-button__link has-text-align-center wp-element-button\"><svg xmlns=\"http:\/\/www.w3.org\/2000\/svg\" width=\"22\" height=\"25\" fill=\"currentColor\" class=\"bi bi-geo-alt\" viewBox=\"0 0 16 16\"> <path fill-rule=\"evenodd\" d=\"M12 6a4 4 0 1 1-8 0 4 4 0 0 1 8 0zM8 14s6-5.686 6-9a6 6 0 1 0-12 0c0 3.314 6 9 6 9z\"><\/path> <path fill-rule=\"evenodd\" d=\"M8 8a2 2 0 1 0 0-4 2 2 0 0 0 0 4z\"><\/path> <\/svg> Aktuellen Standort erkennen<\/a><\/div>\n<\/div>\n<\/div>\n\n\n\n<div style=\"height:20px\" aria-hidden=\"true\" class=\"wp-block-spacer\"><\/div>\n\n\n\n<div class=\"wp-block-group is-content-justification-left is-layout-flex wp-container-core-group-is-layout-76ea2f42 wp-block-group-is-layout-flex\">\n<input style=\"width:100%; border-radius:8px;\" type=\"text\" id=\"start-location\" placeholder=\"Oder geben Sie Ihre Adresse ein\">\n<\/div>\n\n\n\n<div style=\"height:20px\" aria-hidden=\"true\" class=\"wp-block-spacer\"><\/div>\n\n\n\n<hr class=\"wp-block-separator has-text-color has-cyan-bluish-gray-color has-alpha-channel-opacity has-cyan-bluish-gray-background-color has-background is-style-default\"\/>\n\n\n\n<div class=\"wp-block-group is-content-justification-space-between is-nowrap is-layout-flex wp-container-core-group-is-layout-0dfbf163 wp-block-group-is-layout-flex\">\n<p><strong>Wegbeschreibung zu:<\/strong><\/p>\n\n\n\n<select id=\"end-location\">\n<\/select>\n<\/div>\n<\/div>\n\n\n\n<div class=\"wp-block-column is-vertically-aligned-center results is-layout-flow wp-block-column-is-layout-flow\">\n<p class=\"getDirectionsInfoDiv\">Estimating<\/p>\n\n\n\n<p class=\"getDirectionsHeader has-medium-font-size\"><strong>Reisezusammenfassung<\/strong><\/p>\n\n\n\n<div class=\"wp-block-group getDirectionsTimeContainer is-nowrap is-layout-flex wp-container-core-group-is-layout-ad2f72ca wp-block-group-is-layout-flex\">\n<svg xmlns=\"http:\/\/www.w3.org\/2000\/svg\" width=\"20\" height=\"16\" fill=\"currentColor\" viewBox=\"0 0 16 16\">\n                                <path d=\"M8 3.5a.5.5 0 0 1 .5.5v4l2.5 1.5a.5.5 0 0 1-.5.866l-3-1.5A.5.5 0 0 1 7 8V4a.5.5 0 0 1 .5-.5z\"\/>\n                                <path d=\"M8 16A8 8 0 1 1 8 0a8 8 0 0 1 0 16zM8 1a7 7 0 1 0 0 14A7 7 0 0 0 8 1z\"\/>\n                            <\/svg>\n\n\n\n<p class=\"getDirectionsTime wp-container-content-9cfa9a5a\"><strong>1 hour 30 minutes<\/strong><\/p>\n<\/div>\n\n\n\n<div class=\"wp-block-group getDirectionsDistanceContainer is-nowrap is-layout-flex wp-container-core-group-is-layout-ad2f72ca wp-block-group-is-layout-flex\">\n<svg width=\"20px\" height=\"20px\" viewBox=\"0 0 64 64\" xmlns=\"http:\/\/www.w3.org\/2000\/svg\" fill=\"none\" stroke=\"#000000\" stroke-width=\"3\">\n  <rect x=\"9.37\" y=\"20.69\" width=\"45.25\" height=\"22.63\" transform=\"rotate(-45 32.002 31.994)\"><\/rect>\n  <line x1=\"16\" y1=\"32\" x2=\"20\" y2=\"36\"><\/line>\n  <line x1=\"24\" y1=\"24\" x2=\"28\" y2=\"28\"><\/line>\n  <line x1=\"32\" y1=\"16\" x2=\"36\" y2=\"20\"><\/line>\n<\/svg>\n\n\n\n<p class=\"getDirectionsDistance wp-container-content-9cfa9a5a\"><strong>4km<\/strong><\/p>\n<\/div>\n\n\n\n<div class=\"wp-block-group getDirectionsTrafficContainer is-nowrap is-layout-flex wp-container-core-group-is-layout-ad2f72ca wp-block-group-is-layout-flex\">\n<svg fill=\"#000000\" height=\"16px\" width=\"20px\" version=\"1.1\" xmlns=\"http:\/\/www.w3.org\/2000\/svg\" viewBox=\"0 0 489.123 489.123\" xmlns:xlink=\"http:\/\/www.w3.org\/1999\/xlink\" enable-background=\"new 0 0 489.123 489.123\">\n                            <g>\n                                <g>\n                                <path d=\"m478.637,305.961h-93.7l102-125.9c4.5-4.5 2.2-17.7-8.3-17.7h-92.8l101.1-124.8c4.2-4.8 2.6-17.7-8.3-17.7h-106.1v-19.8h-257v19.8h-105.1c-9.6,0-12.7,12.2-8.3,16.6l102,125.9h-93.7c-10.3,0-12.7,13.3-8.3,17.7l101.1,124.8h-92.8c-10.9,0-12.5,12.3-8.3,17.7l113.4,140v26.5h257v-25.2l114.4-140.2c4-5.9 2.6-17-8.3-17.7zm-363.1,123.8l-83.2-103h83.2v103zm0-143.6l-83.2-103h83.2v103zm0-142.5l-83.2-103h83.2v103zm236.2,324.6h-215.4v-153-142.5-151.9h215.4v447.4zm21.8-427.6h83.2l-83.2,103v-103zm0,142.5h83.2l-83.2,103v-103zm0,246.6v-103h83.2l-83.2,103z\"\/>\n                                <path d=\"m244.537,455.461c32.2,0 58.5-26.2 58.5-58.5s-26.3-58.4-58.5-58.4-58.5,26.2-58.5,58.5 26.3,58.4 58.5,58.4zm0-96.2c20.8,0 37.7,16.9 37.7,37.7s-16.9,37.7-37.7,37.7-37.7-16.9-37.7-37.7c-5.68434e-14-20.8 16.9-37.7 37.7-37.7z\"\/>\n                                <path d=\"m244.537,303.061c32.2,0 58.5-26.2 58.5-58.5s-26.2-58.5-58.5-58.5-58.5,26.2-58.5,58.5 26.3,58.5 58.5,58.5zm0-96.2c20.8,0 37.7,16.9 37.7,37.7s-16.9,37.7-37.7,37.7-37.7-16.9-37.7-37.7c-5.68434e-14-20.8 16.9-37.7 37.7-37.7z\"\/>\n                                <path d=\"m244.537,150.561c32.2,0 58.5-26.2 58.5-58.5s-26.3-58.4-58.5-58.4-58.5,26.2-58.5,58.5 26.3,58.4 58.5,58.4zm0-96.1c20.8,0 37.7,16.9 37.7,37.7s-16.9,37.7-37.7,37.7-37.7-16.9-37.7-37.7 16.9-37.7 37.7-37.7z\"\/>\n                                <\/g>\n                            <\/g>\n                            <\/svg>\n\n\n\n<p class=\"getDirectionsTraffic wp-container-content-9cfa9a5a\"><strong>Moderate Traffic<\/strong><\/p>\n<\/div>\n\n\n\n<div class=\"wp-block-group getDirectionsLinkContainer is-horizontal is-content-justification-left is-layout-flex wp-container-core-group-is-layout-9cde4f48 wp-block-group-is-layout-flex\">\n<div class=\"wp-block-buttons is-vertical is-layout-flex wp-container-core-buttons-is-layout-8cf370e7 wp-block-buttons-is-layout-flex\">\n<div class=\"wp-block-button has-custom-width wp-block-button__width-100 turquoiseButton rounded is-style-fill getDirectionsLink\"><a class=\"wp-block-button__link wp-element-button\">\n<svg width=\"20px\" height=\"20px\" viewBox=\"0 0 48 48\" xmlns=\"http:\/\/www.w3.org\/2000\/svg\">\n  <defs>\n    <style>\n      .a {\n        fill: none;\n        stroke: currentColor;\n        stroke-linecap: round;\n        stroke-linejoin: round;\n        stroke-width: 3;\n      }\n    <\/style>\n  <\/defs>\n  <path class=\"a\" d=\"M23.5225,5.5H7.5a2,2,0,0,0-2,2v33a2,2,0,0,0,2,2h33a2,2,0,0,0,2-2V7.5a2,2,0,0,0-2-2H35.5519\"><\/path>\n  <path class=\"a\" d=\"M29.5377,3.3671a9.5544,9.5544,0,0,0-9.5542,9.5544c0,7.4771,7.3137,16.49,9.2073,18.6986a.5772.5772,0,0,0,.8815-.0044c1.8615-2.2158,9.02-11.222,9.02-18.6942A9.5543,9.5543,0,0,0,29.5377,3.3671Zm0,13.1251a3.5708,3.5708,0,1,1,3.5708-3.5707A3.5708,3.5708,0,0,1,29.5377,16.4922Z\"><\/path>\n  <line class=\"a\" x1=\"34.7901\" y1=\"25.0578\" x2=\"42.5\" y2=\"23.8697\"><\/line>\n  <line class=\"a\" x1=\"5.5\" y1=\"29.5717\" x2=\"25.3197\" y2=\"26.5173\"><\/line>\n  <line class=\"a\" x1=\"17.908\" y1=\"27.6595\" x2=\"14.1682\" y2=\"5.5\"><\/line>\n<\/svg>  In Google Maps \u00f6ffnen<\/a><\/div>\n<\/div>\n<\/div>\n<\/div>\n<\/div>\n\n\n\n<div class=\"wp-block-group directionsMapContainer is-nowrap is-layout-flex wp-container-core-group-is-layout-ad2f72ca wp-block-group-is-layout-flex\"><\/div>\n\n\n\n<p class=\"has-small-font-size\">Die angezeigten Informationen stammen von Google Maps. lux-Airport \u00fcbernimmt keine Verantwortung f\u00fcr die Genauigkeit oder Zuverl\u00e4ssigkeit der bereitgestellten Daten.<\/p>\n<\/div>\n\n\n\n<p><br><br><strong><strong>Wo finde ich den Flughafen Luxemburg?<\/strong><\/strong><\/p>\n\n\n\n<figure class=\"wp-block-image size-large\"><img loading=\"lazy\" decoding=\"async\" width=\"1024\" height=\"695\" src=\"https:\/\/www.lux-airport.lu\/wp-content\/uploads\/2022\/09\/image-27-1024x695.png\" alt=\"Stadtkarte\" class=\"wp-image-4796\" srcset=\"https:\/\/www.lux-airport.lu\/wp-content\/uploads\/2022\/09\/image-27-1024x695.png 1024w, https:\/\/www.lux-airport.lu\/wp-content\/uploads\/2022\/09\/image-27-300x204.png 300w, https:\/\/www.lux-airport.lu\/wp-content\/uploads\/2022\/09\/image-27-768x522.png 768w, https:\/\/www.lux-airport.lu\/wp-content\/uploads\/2022\/09\/image-27.png 1200w\" sizes=\"auto, (max-width: 1024px) 100vw, 1024px\" \/><\/figure>\n\n\n\n<p>Breitengrad: 49.6344<br>L\u00e4ngengrad: 6.2162<\/p>\n\n\n\n<p><strong>Adresse:<\/strong><br><a rel=\"noreferrer noopener nofollow\" href=\"https:\/\/goo.gl\/maps\/fJoAVtx2u9zhhx8s8\" data-type=\"URL\" data-id=\"https:\/\/goo.gl\/maps\/fJoAVtx2u9zhhx8s8\" target=\"_blank\">A\u00e9roport de Luxembourg lux-Airport, L-1110 Luxembourg (Findel)<\/a><\/p>\n\n\n\n<p>Die aktuellen&nbsp;Verkehrsinformationen&nbsp;erhalten Sie auf&nbsp;<a href=\"https:\/\/www.cita.lu\/\" target=\"_blank\" rel=\"noreferrer noopener nofollow\">cita.lu, Bitte klicken Sie hier.<\/a> <br><br><strong>Wie komme ich zum Flughafen?<\/strong><\/p>\n\n\n\n<figure class=\"wp-block-image size-large\"><img loading=\"lazy\" decoding=\"async\" width=\"1024\" height=\"683\" src=\"https:\/\/www.lux-airport.lu\/wp-content\/uploads\/2022\/09\/image-28-1024x683.png\" alt=\"Verkehrskarte des Flughafens Luxemburg\" class=\"wp-image-4799\" srcset=\"https:\/\/www.lux-airport.lu\/wp-content\/uploads\/2022\/09\/image-28-1024x683.png 1024w, https:\/\/www.lux-airport.lu\/wp-content\/uploads\/2022\/09\/image-28-300x200.png 300w, https:\/\/www.lux-airport.lu\/wp-content\/uploads\/2022\/09\/image-28-768x512.png 768w, https:\/\/www.lux-airport.lu\/wp-content\/uploads\/2022\/09\/image-28.png 1500w\" sizes=\"auto, (max-width: 1024px) 100vw, 1024px\" \/><\/figure>\n\n\n\n<p>W\u00e4hlen Sie aus der Vielzahl an Verkehrsmitteln dasjenige aus, das f\u00fcr Sie am besten geeignet ist.<\/p>\n\n\n\n<p>Anreise zum \/ Weiterreise vom Flughafen Luxemburg:<\/p>\n\n\n\n<ul class=\"wp-block-list\">\n<li><a href=\"https:\/\/www.lux-airport.lu\/de\/parken-transport\/bus\/\" data-type=\"URL\" data-id=\"https:\/\/www.lux-airport.lu\/bus\/\">Mit dem Stadtbus \/ Tram<\/a> <\/li>\n\n\n\n<li><a href=\"https:\/\/www.lux-airport.lu\/de\/parken-transport\/bus\/\" data-type=\"URL\" data-id=\"https:\/\/www.lux-airport.lu\/bus\/\">Mit dem Regionalbus (Deutschland, Frankreich, Belgien)<\/a><\/li>\n\n\n\n<li><a href=\"https:\/\/www.lux-airport.lu\/de\/car-rental\/\" data-type=\"URL\" data-id=\"https:\/\/www.lux-airport.lu\/car-rental\/\">Mit dem Auto<\/a><\/li>\n\n\n\n<li><a href=\"https:\/\/www.lux-airport.lu\/de\/parken-transport\/taxi\/\" data-type=\"URL\" data-id=\"https:\/\/www.lux-airport.lu\/taxi\/\">Mit dem Taxi<\/a><\/li>\n<\/ul>\n\n\n\n<p>Ben\u00f6tigen Sie bei Ihrer Reise zum Flughafen oder bei Ihrer Weiterreise vom Flughafen einen Mobilit\u00e4tsservice?<\/p>\n\n\n\n<p>Dann klicken Sie bitte hier. Wir empfehlen Ihnen, mindestens 2&nbsp;Stunden vor der geplanten Abflugzeit am Flughafen zu sein.<\/p>\n","protected":false},"excerpt":{"rendered":"<p>Your Journey Starts Here &#8211; Ihre Reise startet genau hier&#8230; Wir m\u00f6chten sicherstellen, dass Flugg\u00e4ste und Besucher des Flughafens Luxemburg ihre Ziele sicher und reibungslos erreichen. Nutzen Sie unsere Karten, Fahrpl\u00e4ne, Empfehlungen, Reiseplaner und viele andere n\u00fctzliche Informationen, die wir bereitstellen. Wegbeschreibung zum Flughafen abrufen Wegbeschreibung von: Wegbeschreibung zu: Estimating Reisezusammenfassung 1 hour 30 minutes [&hellip;]<\/p>\n","protected":false},"author":1,"featured_media":0,"parent":6951,"menu_order":1,"comment_status":"closed","ping_status":"closed","template":"","meta":{"_acf_changed":false,"footnotes":""},"class_list":["post-5041","page","type-page","status-publish","hentry"],"acf":{"set_page_width_full":false,"start_with_small_header":false,"reno_options":{"hide_reno_widget":false,"open_widget_on_page_load":false,"which_tab_to_open":"chatbot","hide_reno_turn_onoff":false,"set_height_to_mini":false,"reno_page_branded_text_back_front":{"reno_show_branded_text":false,"reno_text_in_the_back":"JOURNEY","reno_text_in_the_front":"my journey starts here"}},"branded_text_backfront":{"hide_branded_text":false,"text_in_the_back":"NAVIGATION","text_in_the_front_left":"My journey","text_in_the_front_right":"is close"},"hide_breadcrumbs":false,"hide_footer_widgets":false,"hide_page_title":false,"advertising__adsense":{"show_ads_in_this_page":true,"image_instead_of_adsense":{"enable_image_instead_of_adsense":false,"banner_image_300x250":null,"banner_url":""}},"header_image_options":{"show_header_image":"Yes","header_image":""}},"_links":{"self":[{"href":"https:\/\/www.lux-airport.lu\/de\/wp-json\/wp\/v2\/pages\/5041","targetHints":{"allow":["GET"]}}],"collection":[{"href":"https:\/\/www.lux-airport.lu\/de\/wp-json\/wp\/v2\/pages"}],"about":[{"href":"https:\/\/www.lux-airport.lu\/de\/wp-json\/wp\/v2\/types\/page"}],"author":[{"embeddable":true,"href":"https:\/\/www.lux-airport.lu\/de\/wp-json\/wp\/v2\/users\/1"}],"replies":[{"embeddable":true,"href":"https:\/\/www.lux-airport.lu\/de\/wp-json\/wp\/v2\/comments?post=5041"}],"version-history":[{"count":0,"href":"https:\/\/www.lux-airport.lu\/de\/wp-json\/wp\/v2\/pages\/5041\/revisions"}],"up":[{"embeddable":true,"href":"https:\/\/www.lux-airport.lu\/de\/wp-json\/wp\/v2\/pages\/6951"}],"wp:attachment":[{"href":"https:\/\/www.lux-airport.lu\/de\/wp-json\/wp\/v2\/media?parent=5041"}],"curies":[{"name":"wp","href":"https:\/\/api.w.org\/{rel}","templated":true}]}}