{"id":4392,"date":"2022-09-01T00:42:33","date_gmt":"2022-08-31T23:42:33","guid":{"rendered":"https:\/\/www.lux-airport.lu\/?page_id=4392"},"modified":"2023-05-31T15:26:21","modified_gmt":"2023-05-31T14:26:21","slug":"4392-2","status":"publish","type":"page","link":"https:\/\/www.lux-airport.lu\/de\/check-in-und-reisen\/4392-2\/","title":{"rendered":"Grenzkontrolle"},"content":{"rendered":"\n<p>Personen aus bestimmten L\u00e4ndern au\u00dferhalb der Europ\u00e4ischen Union, die Luxemburg besuchen, hier arbeiten wollen oder nur auf der Durchreise sind, werden m\u00f6glicherweise aufgefordert, ein g\u00fcltiges Reisedokument mit einem Visum vorzuzeigen, das von einem Konsulat innerhalb des Schengen-Bereichs ausgestellt wurde. Dies erlaubt Ihnen, sich innerhalb der Schengen-L\u00e4nder frei zu bewegen.<\/p>\n\n\n\n<p><em><strong><strong><em>Hier finden Sie mehr Informationen \u00fcber die Reisedokumente und dar\u00fcber, wie Sie diese erhalten:<\/em><\/strong><\/strong><\/em><\/p>\n\n\n\n<p><a href=\"https:\/\/guichet.public.lu\/entreprises\/de\/ressources-humaines\/recrutement\/ressortissant-pays-tiers\/visa\/index.html\" data-type=\"URL\" data-id=\"https:\/\/guichet.public.lu\/entreprises\/de\/ressources-humaines\/recrutement\/ressortissant-pays-tiers\/visa\/index.html\" target=\"_blank\" rel=\"noreferrer noopener nofollow\">https:\/\/guichet.public.lu\/entreprises\/de\/ressources-humaines\/recrutement\/ressortissant-pays-tiers\/visa\/index.html<\/a><\/p>\n","protected":false},"excerpt":{"rendered":"<p>Personen aus bestimmten L\u00e4ndern au\u00dferhalb der Europ\u00e4ischen Union, die Luxemburg besuchen, hier arbeiten wollen oder nur auf der Durchreise sind, werden m\u00f6glicherweise aufgefordert, ein g\u00fcltiges Reisedokument mit einem Visum vorzuzeigen, das von einem Konsulat innerhalb des Schengen-Bereichs ausgestellt wurde. Dies erlaubt Ihnen, sich innerhalb der Schengen-L\u00e4nder frei zu bewegen. Hier finden Sie mehr Informationen \u00fcber [&hellip;]<\/p>\n","protected":false},"author":1,"featured_media":0,"parent":6953,"menu_order":0,"comment_status":"closed","ping_status":"closed","template":"","meta":{"_acf_changed":false,"footnotes":""},"class_list":["post-4392","page","type-page","status-publish","hentry"],"acf":{"set_page_width_full":false,"start_with_small_header":false,"reno_options":{"hide_reno_widget":false,"open_widget_on_page_load":false,"which_tab_to_open":"chatbot","hide_reno_turn_onoff":false,"set_height_to_mini":false,"reno_page_branded_text_back_front":{"reno_show_branded_text":false,"reno_text_in_the_back":"JOURNEY","reno_text_in_the_front":"my journey starts here"}},"branded_text_backfront":{"hide_branded_text":false,"text_in_the_back":"JOURNEY","text_in_the_front_left":"My journey","text_in_the_front_right":"starts here"},"hide_breadcrumbs":false,"hide_footer_widgets":false,"hide_page_title":false,"advertising__adsense":{"show_ads_in_this_page":true,"image_instead_of_adsense":{"enable_image_instead_of_adsense":false,"banner_image_300x250":null,"banner_url":""}},"header_image_options":{"show_header_image":"Yes","header_image":""}},"_links":{"self":[{"href":"https:\/\/www.lux-airport.lu\/de\/wp-json\/wp\/v2\/pages\/4392","targetHints":{"allow":["GET"]}}],"collection":[{"href":"https:\/\/www.lux-airport.lu\/de\/wp-json\/wp\/v2\/pages"}],"about":[{"href":"https:\/\/www.lux-airport.lu\/de\/wp-json\/wp\/v2\/types\/page"}],"author":[{"embeddable":true,"href":"https:\/\/www.lux-airport.lu\/de\/wp-json\/wp\/v2\/users\/1"}],"replies":[{"embeddable":true,"href":"https:\/\/www.lux-airport.lu\/de\/wp-json\/wp\/v2\/comments?post=4392"}],"version-history":[{"count":0,"href":"https:\/\/www.lux-airport.lu\/de\/wp-json\/wp\/v2\/pages\/4392\/revisions"}],"up":[{"embeddable":true,"href":"https:\/\/www.lux-airport.lu\/de\/wp-json\/wp\/v2\/pages\/6953"}],"wp:attachment":[{"href":"https:\/\/www.lux-airport.lu\/de\/wp-json\/wp\/v2\/media?parent=4392"}],"curies":[{"name":"wp","href":"https:\/\/api.w.org\/{rel}","templated":true}]}}