{"id":4259,"date":"2022-08-31T13:04:25","date_gmt":"2022-08-31T12:04:25","guid":{"rendered":"https:\/\/www.lux-airport.lu\/?page_id=4259"},"modified":"2023-06-02T10:54:30","modified_gmt":"2023-06-02T09:54:30","slug":"cargo","status":"publish","type":"page","link":"https:\/\/www.lux-airport.lu\/de\/unternehmen\/business-partners\/cargo\/","title":{"rendered":"Cargo"},"content":{"rendered":"\n<h4 class=\"wp-block-heading\"><strong>Meine Logistikplattform<\/strong><\/h4>\n\n\n\n<p>Internationaler Handel und humanit\u00e4re Hilfe sind auf einen schnellen, zuverl\u00e4ssigen und sicheren Warentransport angewiesen. Airlines, die sich auf das Cargo-Gesch\u00e4ft konzentrieren, st\u00fctzen sich bei diesem speziellen Transportservice auf ihre eigenen weltweiten Netzwerke. Neben dem Betrieb und dem Ausbau der Netzwerke ben\u00f6tigen diese Airlines besondere Cargo-Services und eine geeignete Infrastruktur am Boden, um eine effektive und effiziente intermodale Logistik f\u00fcr den Luftfrachtverkehr zu erm\u00f6glichen. Ein hoch entwickelter Flughafen wie der Flughafen Luxemburg, der nicht nur die besonderen Anforderungen an das Luftfrachtgesch\u00e4ft erf\u00fcllt, sondern auch andere Akteure der \u201eCargo-Community\u201c unterst\u00fctzt, wird als <strong>Logistikplattform<\/strong> bezeichnet.<\/p>\n\n\n\n<p>Der Flughafen Luxemburg geh\u00f6rt zu den f\u00fchrenden europ\u00e4ischen Plattformen f\u00fcr die weltweite Luftfrachtlogistik. Er bietet eine einzigartige Infrastruktur und spezielle Serviceleistungen f\u00fcr den Cargobetrieb. Gemessen an der j\u00e4hrlich abgefertigten Luftfracht in Tonnen rangiert der Flughafen Luxemburg daher stets unter den f\u00fchrenden europ\u00e4ischen Cargo-Flugh\u00e4fen.<\/p>\n\n\n\n<p>Die wesentlichen Merkmale des Frachtflughafens Luxemburg sind:<\/p>\n\n\n\n<ul class=\"wp-block-list\">\n<li>Ein auf Frachtverkehr spezialisierter Flughafen im Herzen Europas, der Teil des weltweiten Luftfrachtnetzwerks ist<\/li>\n\n\n\n<li>Infrastruktur und Serviceleistungen, die auf den Luftfrachtverkehr ausgelegt sind<\/li>\n\n\n\n<li>K\u00fcrzeste Bodenzeiten f\u00fcr Frachtflugzeuge<\/li>\n\n\n\n<li>Kurze Wege vom Flugzeug zum LKW<\/li>\n\n\n\n<li>Direkte Anbindung an europ\u00e4ische Verkehrsachsen<\/li>\n\n\n\n<li>Zertifizierte, GDP-konforme Plattform f\u00fcr den Umschlag pharmazeutischer Produkte<\/li>\n\n\n\n<li>Erprobte und erfolgreiche Gemeinschaft von Unternehmen und Beh\u00f6rden der Luftfrachtbranche (\u201eCargo-Community\u201c)<\/li>\n\n\n\n<li>Heimatflughafen der Cargolux International Airlines<\/li>\n\n\n\n<li>Hochmodernes Cargo-Community-System (wird derzeit eingef\u00fchrt)<\/li>\n<\/ul>\n\n\n\n<figure class=\"wp-block-embed is-type-video is-provider-youtube wp-block-embed-youtube wp-embed-aspect-16-9 wp-has-aspect-ratio\"><div class=\"wp-block-embed__wrapper\">\n<iframe loading=\"lazy\" title=\"lux-Airport - my platform for logistics\" width=\"640\" height=\"360\" src=\"https:\/\/www.youtube.com\/embed\/IKATbsXw5jE?feature=oembed\" frameborder=\"0\" allow=\"accelerometer; autoplay; clipboard-write; encrypted-media; gyroscope; picture-in-picture; web-share\" referrerpolicy=\"strict-origin-when-cross-origin\" allowfullscreen><\/iframe>\n<\/div><\/figure>\n\n\n\n<h3 class=\"wp-block-heading\"><br>FRACHT FLUGPLAN<\/h3>\n\n\n\n<p>Aktuelle Informationen zu Frachtfl\u00fcgen von und nach Luxemburg (Flughafencode: LUX\/ELLX) sind <strong><u><a href=\"https:\/\/www.flightradar24.com\/airport\/lux\" target=\"_blank\" rel=\"noreferrer noopener nofollow\">hier<\/a><\/u><\/strong> verf\u00fcgbar.<\/p>\n\n\n\n<p>Zus\u00e4tzliche Informationen \u00fcber den Status von Luftfrachtsendungen sind \u00fcber die \u201eTrack-and-Trace\u201c-Funktionen auf den Webseiten der Airlines verf\u00fcgbar (siehe die unten angegebenen Links).<\/p>\n\n\n\n<h3 class=\"wp-block-heading\">FRACHTGEMEINSCHAFT<\/h3>\n\n\n\n<p>Um G\u00fcter schnell, zuverl\u00e4ssig und sicher auf dem Luftweg zu transportieren, bedarf es einer professionellen und gut organisierten Luftfracht-Logistikkette. Traditionell liegt der Luftfrachtverkehr in H\u00e4nden professioneller B2B-Partner. Spediteure organisieren die notwendige Luftfracht-Logistikkette gem\u00e4\u00df den speziellen Transportanforderungen. Zu der Kette geh\u00f6ren neben den Airlines auch viele andere wichtige Akteure aus der Wirtschaft und dem beh\u00f6rdlichen Umfeld.<\/p>\n\n\n\n<p>Die Vielzahl an Unternehmen, Fachleuten und Beh\u00f6rden, die am Flughafen Luxemburg am Luftfrachttransport beteiligt sind, bilden vor Ort eine erprobte und erfolgreiche Gemeinschaft, die auch als <strong>Air-Cargo-Community<\/strong> bezeichnet wird.<\/p>\n\n\n\n<p>LUFTFRACHTSPEDITEURE (mit einer Pr\u00e4senz in LUX)<\/p>\n\n\n\n<ul class=\"wp-block-list\">\n<li><a href=\"https:\/\/www.bollore-logistics.com\/\" target=\"_blank\" rel=\"noreferrer noopener nofollow\">Bollor\u00e9 Logistics<\/a><\/li>\n\n\n\n<li><a href=\"https:\/\/www.claridon.com\/\" target=\"_blank\" rel=\"noreferrer noopener nofollow\">Claridon Luxembourg<\/a><\/li>\n\n\n\n<li><a href=\"https:\/\/www.dbschenker.com\/\" target=\"_blank\" rel=\"noreferrer noopener nofollow\">DB Schenker<\/a><\/li>\n\n\n\n<li><a href=\"https:\/\/www.dhl.com\/\" target=\"_blank\" rel=\"noreferrer noopener nofollow\">DHL Global Forwarding<\/a><\/li>\n\n\n\n<li><a href=\"https:\/\/www.dsv.com\/\" target=\"_blank\" rel=\"noreferrer noopener nofollow\">DSV\/Panalpina<\/a><\/li>\n\n\n\n<li><a href=\"https:\/\/elp.lu\/\" target=\"_blank\" rel=\"noreferrer noopener nofollow\">European Logistics Partners<\/a><\/li>\n\n\n\n<li><a href=\"https:\/\/www.expeditors.com\/\" target=\"_blank\" rel=\"noreferrer noopener nofollow\">Expeditors<\/a><\/li>\n\n\n\n<li><a href=\"https:\/\/www.geis-group.com\/\" target=\"_blank\" rel=\"noreferrer noopener nofollow\">Geis Cargo International<\/a><\/li>\n\n\n\n<li><a href=\"https:\/\/hasenkamp.com\/en\" target=\"_blank\" rel=\"noreferrer noopener nofollow\">Hasenkamp Luxembourg<\/a><\/li>\n\n\n\n<li><a href=\"https:\/\/www.jas.com\/\" target=\"_blank\" rel=\"noreferrer noopener nofollow\">JAS Forwarding Worldwide<\/a><\/li>\n\n\n\n<li><a href=\"https:\/\/home.kuehne-nagel.com\/\" target=\"_blank\" rel=\"noreferrer noopener nofollow\">Kuehne + Nagel<\/a><\/li>\n\n\n\n<li><a href=\"https:\/\/www.lca.lu\/\" target=\"_blank\" rel=\"noreferrer noopener nofollow\">Luxembourg Cargo Agency<\/a><\/li>\n\n\n\n<li><a href=\"https:\/\/morrisonexpress.com\/\" target=\"_blank\" rel=\"noreferrer noopener nofollow\">Morrison Express<\/a><\/li>\n\n\n\n<li><a href=\"https:\/\/www.yusen-logistics.com\/en\/\" target=\"_blank\" rel=\"noreferrer noopener nofollow\">Yusen Logistics<\/a><\/li>\n<\/ul>\n\n\n\n<p>FRACHTFLUGGESELLSCHAFTEN (mit Flugbetrieb in LUX)<\/p>\n\n\n\n<ul class=\"wp-block-list\">\n<li><a href=\"https:\/\/www.atlasair.com\/\" target=\"_blank\" rel=\"noreferrer noopener nofollow\">Atlas Air<\/a><\/li>\n\n\n\n<li><a href=\"https:\/\/cargolux.com\" target=\"_blank\" rel=\"noreferrer noopener nofollow\">Cargolux<\/a><\/li>\n\n\n\n<li><a href=\"https:\/\/cargo.china-airlines.com\/\" target=\"_blank\" rel=\"noreferrer noopener nofollow\">China Airlines Cargo<\/a><\/li>\n\n\n\n<li><a href=\"https:\/\/www.skycargo.com\/\" target=\"_blank\" rel=\"noreferrer noopener nofollow\">Emirates Skycargo<\/a><\/li>\n\n\n\n<li><a href=\"https:\/\/www.qrcargo.com\/\" target=\"_blank\" rel=\"noreferrer noopener nofollow\">Qatar Airways Cargo<\/a><\/li>\n\n\n\n<li><a href=\"https:\/\/www.silkwaywest.com\/\" target=\"_blank\" rel=\"noreferrer noopener nofollow\">Silkway West Airlines<\/a><\/li>\n<\/ul>\n\n\n\n<p>BODENABFERTIGUNGSDIENSTE (mit einer Pr\u00e4senz in LUX)<\/p>\n\n\n\n<ul class=\"wp-block-list\">\n<li><a href=\"https:\/\/www.luxaircargo.lu\/\" target=\"_blank\" rel=\"noreferrer noopener nofollow\">LuxairCARGO<\/a><\/li>\n<\/ul>\n\n\n\n<p>DIENSTLEISTER (mit einer Pr\u00e4senz in LUX)<\/p>\n\n\n\n<ul class=\"wp-block-list\">\n<li><a href=\"https:\/\/www.awelter.com\/\" target=\"_blank\" rel=\"noreferrer noopener nofollow\">Arthur Welter Transports<\/a><\/li>\n\n\n\n<li><a href=\"https:\/\/www.aalu.lu\/\" target=\"_blank\" rel=\"noreferrer noopener nofollow\">Aviation Academy Luxembourg<\/a><\/li>\n\n\n\n<li><a href=\"https:\/\/www.dgm.world\/\" target=\"_blank\" rel=\"noreferrer noopener nofollow\">Dangerous Goods Management Group<\/a><\/li>\n\n\n\n<li><a href=\"https:\/\/www.globalairliftsolutions.com\/\" target=\"_blank\" rel=\"noreferrer noopener nofollow\">Global Airlift Solutions<\/a><\/li>\n\n\n\n<li><a href=\"https:\/\/lux-hsh.com\/\" target=\"_blank\" rel=\"noreferrer noopener nofollow\">Luxembourg High-Security Hub<\/a><\/li>\n\n\n\n<li><a href=\"https:\/\/www.offergeld.de\/\" target=\"_blank\" rel=\"noreferrer noopener nofollow\">Offergeld Logistik<\/a><\/li>\n\n\n\n<li><a href=\"https:\/\/www.post.lu\/\" target=\"_blank\" rel=\"noreferrer noopener nofollow\">Post<\/a><\/li>\n\n\n\n<li><a href=\"https:\/\/spedition-sauerwein.de\/\" target=\"_blank\" rel=\"noreferrer noopener nofollow\">Klaus Sauerwein<\/a><\/li>\n\n\n\n<li><a href=\"https:\/\/www.wallenborn.com\/\" target=\"_blank\" rel=\"noreferrer noopener nofollow\">Wallenborn Transports<\/a><\/li>\n<\/ul>\n\n\n\n<p>BEH\u00d6RDEN IN LUXEMBURG<\/p>\n\n\n\n<ul class=\"wp-block-list\">\n<li><a href=\"https:\/\/dac.public.lu\/\" target=\"_blank\" rel=\"noreferrer noopener nofollow\">Direction de l\u2019avion civile (Civil Aviation Authority)<\/a><\/li>\n\n\n\n<li><a href=\"https:\/\/douanes.public.lu\/\" target=\"_blank\" rel=\"noreferrer noopener nofollow\">Adminstration des Douances et Accises (Customs)<\/a><\/li>\n\n\n\n<li><a href=\"https:\/\/police.public.lu\/\" target=\"_blank\" rel=\"noreferrer noopener nofollow\">Police<\/a><\/li>\n\n\n\n<li><a href=\"https:\/\/ana.gouvernement.lu\/\" target=\"_blank\" rel=\"noreferrer noopener nofollow\">Administration de la navigation A\u00e9rienne (Air traffic control)<\/a><\/li>\n\n\n\n<li><a href=\"https:\/\/ma.gouvernement.lu\/en\/administrations\/asta.html\" target=\"_blank\" rel=\"noreferrer noopener nofollow\">Administration of Technical Agricultural Services (ASTA)<\/a><\/li>\n\n\n\n<li><a href=\"https:\/\/securite-alimentaire.public.lu\/\" target=\"_blank\" rel=\"noreferrer noopener nofollow\">S\u00e9curit\u00e9 alimentaire (Food Safety)<\/a><\/li>\n\n\n\n<li><a href=\"https:\/\/agriculture.public.lu\/\" target=\"_blank\" rel=\"noreferrer noopener nofollow\">V\u00e9t\u00e9rinaire (Vetinary)<\/a><\/li>\n<\/ul>\n\n\n\n<p>VERB\u00c4NDE, INTERESSENGRUPPEN UND WEITERE INSTITUTIONEN<\/p>\n\n\n\n<ul class=\"wp-block-list\">\n<li><a href=\"https:\/\/logistics.public.lu\/\" target=\"_blank\" rel=\"noreferrer noopener nofollow\">Single Window for Logistics<\/a><\/li>\n\n\n\n<li><a href=\"https:\/\/www.clusterforlogistics.lu\/\" target=\"_blank\" rel=\"noreferrer noopener nofollow\">Cluster for Logistics<\/a><\/li>\n\n\n\n<li><a href=\"https:\/\/www.tradeandinvest.lu\/\" target=\"_blank\" rel=\"noreferrer noopener nofollow\">Trade and Invest Luxembourg<\/a><\/li>\n\n\n\n<li><a href=\"https:\/\/wwwen.uni.lu\/fdef\/department_of_economics_and_management\/luxembourg_centre_for_logistics_and_supply_chain_management\" target=\"_blank\" rel=\"noreferrer noopener nofollow\">Luxembourg Centre for Logistics and Supply Chain Management<\/a><\/li>\n\n\n\n<li><a href=\"https:\/\/www.iata.org\/en\/programs\/cargo\/?fbclid=IwAR0cnWTd0lNToPj75jbONdp4AybtktGYGEhNKu1nLFZXmopkgzpY7Zc-DTo\" target=\"_blank\" data-type=\"URL\" data-id=\"https:\/\/www.iata.org\/en\/programs\/cargo\/?fbclid=IwAR0cnWTd0lNToPj75jbONdp4AybtktGYGEhNKu1nLFZXmopkgzpY7Zc-DTo\" rel=\"noreferrer noopener nofollow\">IATA Cargo<\/a><\/li>\n\n\n\n<li><a href=\"https:\/\/tiaca.org\/\" target=\"_blank\" rel=\"noreferrer noopener nofollow\">TIACA<\/a><\/li>\n\n\n\n<li><a href=\"https:\/\/fiata.org\/\" target=\"_blank\" rel=\"noreferrer noopener nofollow\">FIATA<\/a><\/li>\n\n\n\n<li><a href=\"https:\/\/coolchain.org\/\" target=\"_blank\" rel=\"noreferrer noopener nofollow\">Cool Chain Association<\/a><\/li>\n<\/ul>\n\n\n\n<p>LUX-AIRPORT<\/p>\n\n\n\n<p>lux-Airport engagiert sich aktiv in der \u201eAir Cargo-Community\u201c. Spezieller Ansprechpartner f\u00fcr Fracht-Angelegenheiten am lux-Airport ist der <strong>Cargo-Community-Manager<\/strong>. Er ist \u00fcber die <a href=\"https:\/\/www.lux-airport.lu\/de\/unternehmen\/presse\/kontakt-uns\/\" target=\"_blank\" rel=\"noreferrer noopener\">Kontakt<\/a>-Funktion dieser Homepage zu erreichen.<\/p>\n\n\n\n<p>lux-Airport f\u00fchrt derzeit ein modernes <strong>Cargo Community-System<\/strong> ein. Ziel ist es, f\u00fcr alle Beteiligten die richtigen Voraussetzungen zu schaffen, damit sie ihre Abl\u00e4ufe besser planen und umsetzen k\u00f6nnen. Weitere Informationen finden Sie <strong><u><a href=\"https:\/\/www.lux-airport.lu\/de\/luxembourg-airport-takes-visibility-and-efficiency-to-the-next-level-with-nallian-for-air-cargo\/\" target=\"_blank\" rel=\"noreferrer noopener\">hier<\/a><\/u><\/strong>:<\/p>\n\n\n\n<h3 class=\"wp-block-heading\">N\u00dcTZLICHE INFORMATIONEN<\/h3>\n\n\n\n<p>Offizielle Informationen zum Flug- und Flughafenbetrieb \u2013&nbsp;<a href=\"https:\/\/ops.skeyes.be\/\" target=\"_blank\" rel=\"noreferrer noopener nofollow\">Aeronautical Information Publication<\/a><\/p>\n\n\n\n<p>Informationen zu Dienstleistungen und Einrichtungen f\u00fcr die Fracht- und Frachtflugzeugabfertigung sind\u00a0<a href=\"https:\/\/www.luxaircargo.lu\/\" target=\"_blank\" rel=\"noreferrer noopener nofollow\"><strong>hier<\/strong>\u00a0<\/a>verf\u00fcgbar.<br><\/p>\n\n\n\n<p>FRACHT-CHARTERFL\u00dcGE<\/p>\n\n\n\n<p>Die Vorbereitung eines Fracht-Charterflugs mit LUX als Zielort ist einfach. Zwei wichtige Schritte sind jedoch erforderlich:<\/p>\n\n\n\n<p>\u2022 Beantragung einer Einfluggenehmigung f\u00fcr einen Fracht-Charterflug nach Luxemburg bei der <a href=\"https:\/\/dac.public.lu\/\" rel=\"nofollow noopener\" target=\"_blank\">Luxemburger Zivilluftfahrtbeh\u00f6rde<\/a><\/p>\n\n\n\n<p>\u2022 Beantragung der Abfertigung f\u00fcr Flugzeug und Fracht bei <a href=\"https:\/\/www.luxaircargo.lu\/\" target=\"_blank\" rel=\"noreferrer noopener nofollow\">LuxairCARGO<\/a> und Antragsbest\u00e4tigung<br><\/p>\n\n\n\n<p>VERSENDEN VON G\u00dcTERN PER LUFTFRACHT ZUM UND VOM LUX<\/p>\n\n\n\n<p>Bei Bedarf an Luftfracht- oder Logistikleistungen zum oder vom Flughafen Luxemburg empfehlen wir Ihnen, sich an einen am Flughafen Luxemburg niedergelassenen Luftfrachtspediteur zu wenden. Sie finden eine alphabetische Liste aller Luftfrachtspediteure hier auf unserer Website.<\/p>\n\n\n\n<figure class=\"wp-block-image size-full\"><img loading=\"lazy\" decoding=\"async\" width=\"896\" height=\"400\" src=\"\/wp-content\/uploads\/2022\/08\/cargo_896x400.jpg\" alt=\"\" class=\"wp-image-2388\" srcset=\"https:\/\/www.lux-airport.lu\/wp-content\/uploads\/2022\/08\/cargo_896x400.jpg 896w, https:\/\/www.lux-airport.lu\/wp-content\/uploads\/2022\/08\/cargo_896x400-300x134.jpg 300w, https:\/\/www.lux-airport.lu\/wp-content\/uploads\/2022\/08\/cargo_896x400-768x343.jpg 768w\" sizes=\"auto, (max-width: 896px) 100vw, 896px\" \/><\/figure>\n","protected":false},"excerpt":{"rendered":"<p>Meine Logistikplattform Internationaler Handel und humanit\u00e4re Hilfe sind auf einen schnellen, zuverl\u00e4ssigen und sicheren Warentransport angewiesen. Airlines, die sich auf das Cargo-Gesch\u00e4ft konzentrieren, st\u00fctzen sich bei diesem speziellen Transportservice auf ihre eigenen weltweiten Netzwerke. Neben dem Betrieb und dem Ausbau der Netzwerke ben\u00f6tigen diese Airlines besondere Cargo-Services und eine geeignete Infrastruktur am Boden, um eine [&hellip;]<\/p>\n","protected":false},"author":1,"featured_media":0,"parent":6961,"menu_order":0,"comment_status":"closed","ping_status":"closed","template":"","meta":{"_acf_changed":false,"footnotes":""},"class_list":["post-4259","page","type-page","status-publish","hentry"],"acf":{"set_page_width_full":false,"start_with_small_header":false,"reno_options":{"hide_reno_widget":false,"open_widget_on_page_load":false,"which_tab_to_open":"chatbot","hide_reno_turn_onoff":false,"set_height_to_mini":false,"reno_page_branded_text_back_front":{"reno_show_branded_text":false,"reno_text_in_the_back":"JOURNEY","reno_text_in_the_front":"my journey starts here"}},"branded_text_backfront":{"hide_branded_text":false,"text_in_the_back":"JOURNEY","text_in_the_front_left":"My journey","text_in_the_front_right":"starts here"},"hide_breadcrumbs":false,"hide_footer_widgets":false,"hide_page_title":false,"advertising__adsense":{"show_ads_in_this_page":true,"image_instead_of_adsense":{"enable_image_instead_of_adsense":false,"banner_image_300x250":null,"banner_url":""}},"header_image_options":{"show_header_image":"Yes","header_image":""}},"_links":{"self":[{"href":"https:\/\/www.lux-airport.lu\/de\/wp-json\/wp\/v2\/pages\/4259","targetHints":{"allow":["GET"]}}],"collection":[{"href":"https:\/\/www.lux-airport.lu\/de\/wp-json\/wp\/v2\/pages"}],"about":[{"href":"https:\/\/www.lux-airport.lu\/de\/wp-json\/wp\/v2\/types\/page"}],"author":[{"embeddable":true,"href":"https:\/\/www.lux-airport.lu\/de\/wp-json\/wp\/v2\/users\/1"}],"replies":[{"embeddable":true,"href":"https:\/\/www.lux-airport.lu\/de\/wp-json\/wp\/v2\/comments?post=4259"}],"version-history":[{"count":0,"href":"https:\/\/www.lux-airport.lu\/de\/wp-json\/wp\/v2\/pages\/4259\/revisions"}],"up":[{"embeddable":true,"href":"https:\/\/www.lux-airport.lu\/de\/wp-json\/wp\/v2\/pages\/6961"}],"wp:attachment":[{"href":"https:\/\/www.lux-airport.lu\/de\/wp-json\/wp\/v2\/media?parent=4259"}],"curies":[{"name":"wp","href":"https:\/\/api.w.org\/{rel}","templated":true}]}}