{"id":4246,"date":"2022-08-31T00:20:39","date_gmt":"2022-08-30T22:20:39","guid":{"rendered":"https:\/\/www.lux-airport.lu\/?page_id=4246"},"modified":"2026-03-12T12:13:18","modified_gmt":"2026-03-12T11:13:18","slug":"geschaeftsfliegerei","status":"publish","type":"page","link":"https:\/\/www.lux-airport.lu\/de\/business-und-vip\/geschaeftsfliegerei\/","title":{"rendered":"Business Aviation"},"content":{"rendered":"\n<p><a href=\"https:\/\/www.lux-airport.lu\/de\/dienstleistungen\/handhabungsanforderungen\/\" target=\"_blank\" rel=\"noreferrer noopener\">Abfertigungsanfrage<\/a><\/p>\n\n\n\n<p>Das Business Aviation Center ist der einzige Privatjet-Terminal im Land und f\u00fcr seinen exklusiven, erstklassigen Service bekannt. Das Terminal liegt nur 7&nbsp;km vom Stadtzentrum entfernt und bietet Ihnen effiziente Abfertigungsdienste. Das professionell geschulte Personal und die hochmodernen Einrichtungen des Flughafens Luxemburg garantieren Ihnen ein komfortables und einzigartiges Privatjet-Erlebnis, das ganz auf Ihre Bed\u00fcrfnisse abgestimmt ist.<\/p>\n\n\n\n<p><strong><strong>Folgende Serviceleistungen werden f\u00fcr Flugg\u00e4ste und Besatzung angeboten:<\/strong><\/strong><\/p>\n\n\n\n<ul class=\"wp-block-list\">\n<li>Bodenabfertigung f\u00fcr den allgemeinen und den Gesch\u00e4ftsflugverkehr<\/li>\n\n\n\n<li>Zoll und Grenzkontrolle<\/li>\n\n\n\n<li>Schnelle und bequeme Sicherheitskontrolle der Flugg\u00e4ste<\/li>\n\n\n\n<li>Bef\u00f6rderung von Besatzung und Flugg\u00e4sten auf dem Vorfeld<\/li>\n\n\n\n<li>Crew Lounge mit kostenlosem WLAN-Zugang, TV und Erfrischungen<\/li>\n\n\n\n<li>VIP-Lounge<\/li>\n\n\n\n<li>Verpflegung w\u00e4hrend des Flugs<\/li>\n\n\n\n<li>Bequemes Buchen von Limousinen und anderen Transportmitteln<\/li>\n\n\n\n<li>Hotelbuchungen vor Ort<\/li>\n\n\n\n<li>Internationale gedruckte Zeitungen auf Anfrage<\/li>\n<\/ul>\n\n\n\n<p>Am Flughafen Luxemburg sind alle Flugzeuggr\u00f6\u00dfen bis hin zur Boeing&nbsp;747 zul\u00e4ssig. Der Flughafen Luxemburg hat das Ziel, Ihnen gemeinsam mit ausgew\u00e4hlten Partnern nahezu jeden Service zu bieten, den Sie w\u00e4hrend Ihres Aufenthalts am Flughafen w\u00fcnschen. Sie haben spezielle Anforderungen oder W\u00fcnsche? Bitte nehmen Sie mit uns Kontakt auf.<\/p>\n\n\n\n<h2 class=\"wp-block-heading\"><a href=\"https:\/\/www.lux-airport.lu\/wp-content\/uploads\/2016\/10\/LuxAirport_BusinessAviationCenter_Test_10.01.png\" target=\"_blank\" rel=\"noreferrer noopener\"><\/a>Kontaktdaten des Busines Aviation Center<\/h2>\n\n\n<div class=\"wp-block-image\">\n<figure class=\"alignright size-full is-resized\"><img loading=\"lazy\" decoding=\"async\" width=\"700\" height=\"467\" src=\"https:\/\/www.lux-airport.lu\/wp-content\/uploads\/2022\/09\/image-30.png\" alt=\"Business Aviation Center Karte\" class=\"wp-image-4897\" style=\"width:444px;height:297px\" srcset=\"https:\/\/www.lux-airport.lu\/wp-content\/uploads\/2022\/09\/image-30.png 700w, https:\/\/www.lux-airport.lu\/wp-content\/uploads\/2022\/09\/image-30-300x200.png 300w\" sizes=\"auto, (max-width: 700px) 100vw, 700px\" \/><\/figure>\n<\/div>\n\n\n<p><strong>\u00d6ffnungszeiten:<\/strong> Montag &#8211; Sonntag 6 Uhr &#8211; 22 Uhr (Lux-Zeit)<\/p>\n\n\n\n<p>Das Business Aviation Center befindet sich 1 km vom Hauptterminal entfernt.<\/p>\n\n\n\n<p>Kostenlose Parkpl\u00e4tze sind vorhanden<\/p>\n\n\n\n<p>Flugverl\u00e4ngerungen auf Anfrage<\/p>\n\n\n\n<p><strong>Operative und allgemeine Anfragen<\/strong><br>Tel.: <a href=\"tel:+35224643400\" data-type=\"tel\" data-id=\"tel:+35224643400\" target=\"_blank\" rel=\"noreferrer noopener\">(+352) 24 64 34 00<\/a><br>E-Mail: <a href=\"mailto:bac@lux-airport.lu\" target=\"_blank\" rel=\"noreferrer noopener\">bac@lux-airport.lu<\/a><br>Bodenbetrieb Frequenz: 131,425 MHz<\/p>\n\n\n\n<h2 class=\"wp-block-heading\">Anbieter von Business Aviation<\/h2>\n\n\n\n<div class=\"wp-block-columns is-layout-flex wp-container-core-columns-is-layout-9d6595d7 wp-block-columns-is-layout-flex\">\n<div class=\"wp-block-column is-layout-flow wp-block-column-is-layout-flow\">\n<h3 class=\"wp-block-heading\"><strong>Flying Group Luxemburg<\/strong><\/h3>\n\n\n\n<p>Flughafen Luxemburg<br>Tor 2 Route de Tr\u00e8ves<br>L-1110 Luxemburg<br>Tel: <a rel=\"noreferrer noopener\" href=\"tel:+352270464\" data-type=\"tel\" data-id=\"tel:+352270464\" target=\"_blank\">(+352) 270464<\/a><br>E-Mail: <a href=\"mailto:luxembourg@flyinggroup.aero\">luxembourg@flyinggroup.aero<\/a><\/p>\n<\/div>\n\n\n\n<div class=\"wp-block-column is-layout-flow wp-block-column-is-layout-flow\">\n<h3 class=\"wp-block-heading\"><strong>Global Jet Luxemburg<\/strong><\/h3>\n\n\n\n<p>B.P. 3087, L-1030 Luxemburg<br>Tel: <a rel=\"noreferrer noopener\" href=\"tel:+352498089\" data-type=\"tel\" data-id=\"tel:+352498089\" target=\"_blank\">(+352) 498089<\/a><br>Fax: <a rel=\"noreferrer noopener\" href=\"tel:+35226483881\" data-type=\"tel\" data-id=\"tel:+35226483881\" target=\"_blank\">(+352) 2648 3881<\/a><\/p>\n<\/div>\n<\/div>\n\n\n\n<div class=\"wp-block-columns is-layout-flex wp-container-core-columns-is-layout-9d6595d7 wp-block-columns-is-layout-flex\">\n<div class=\"wp-block-column is-layout-flow wp-block-column-is-layout-flow\">\n<h3 class=\"wp-block-heading\">Hahn Air Lines GmbH<\/h3>\n\n\n\n<p>Flughafen D\u00fcsseldorf<br>Zentralgeb\u00e4ude Ost, Raum 6.023,<br>Klemme Ring 1<br>D-40474 D\u00fcsseldorf<br>Tel: <a rel=\"noreferrer noopener\" href=\"tel:+4921142160366\" data-type=\"tel\" data-id=\"tel:+4921142160366\" target=\"_blank\">(+49) 211 4216 0366<\/a><br>Fax: <a rel=\"noreferrer noopener\" href=\"tel:+4921142160367\" data-type=\"tel\" data-id=\"tel:+4921142160367\" target=\"_blank\">(+49) 211 4216 0367<\/a><br>E-Mail: <a href=\"mailto:charter@hahnair.aero\">charter@hahnair.aero<\/a><\/p>\n<\/div>\n\n\n\n<div class=\"wp-block-column is-layout-flow wp-block-column-is-layout-flow\">\n<h3 class=\"wp-block-heading\">Jetfly Aviation S.A.<\/h3>\n\n\n\n<p>Skypark Business Center<br>1, Avenue de l&#8217;A\u00e9roport<br>L-1110 Senningerberg<br>Luxembourg<br>Tel: <a href=\"tel:+35226193636\" data-type=\"tel\" data-id=\"tel:+35226193636\" target=\"_blank\" rel=\"noreferrer noopener\">(+352) 2619 3636<\/a><br>Email: <a href=\"mailto: info@jetfly.com\">info@jetfly.com<\/a><br>Web: <a href=\"https:\/\/www.jetfly.com\" rel=\"nofollow noopener\" target=\"_blank\">www.jetfly.com<\/a><\/p>\n<\/div>\n<\/div>\n\n\n\n<div class=\"wp-block-columns is-layout-flex wp-container-core-columns-is-layout-9d6595d7 wp-block-columns-is-layout-flex\">\n<div class=\"wp-block-column is-layout-flow wp-block-column-is-layout-flow\">\n<h3 class=\"wp-block-heading\">Luxaviation<\/h3>\n\n\n\n<p>4a, rue Albert Borschette<br>L-1246 Luxemburg<br>Tel: <a rel=\"noreferrer noopener\" href=\"tel:+3524252521\" data-type=\"tel\" data-id=\"tel:+3524252521\" target=\"_blank\">(+352) 42 52 52 -1<\/a><br>E-Mail:<a href=\"mailto:info@luxaviation.com\"> info@luxaviation.com<\/a><br>Web: <a rel=\"noreferrer noopener nofollow\" href=\"https:\/\/www.luxaviation.com\" target=\"_blank\">www.luxaviation.com<\/a><\/p>\n<\/div>\n\n\n\n<div class=\"wp-block-column is-layout-flow wp-block-column-is-layout-flow\"><\/div>\n<\/div>\n\n\n\n<div class=\"wp-block-columns is-layout-flex wp-container-core-columns-is-layout-9d6595d7 wp-block-columns-is-layout-flex\">\n<div class=\"wp-block-column is-layout-flow wp-block-column-is-layout-flow\" style=\"flex-basis:100%\"><\/div>\n<\/div>\n","protected":false},"excerpt":{"rendered":"<p>Abfertigungsanfrage Das Business Aviation Center ist der einzige Privatjet-Terminal im Land und f\u00fcr seinen exklusiven, erstklassigen Service bekannt. Das Terminal liegt nur 7&nbsp;km vom Stadtzentrum entfernt und bietet Ihnen effiziente Abfertigungsdienste. Das professionell geschulte Personal und die hochmodernen Einrichtungen des Flughafens Luxemburg garantieren Ihnen ein komfortables und einzigartiges Privatjet-Erlebnis, das ganz auf Ihre Bed\u00fcrfnisse abgestimmt [&hellip;]<\/p>\n","protected":false},"author":1,"featured_media":0,"parent":23422,"menu_order":0,"comment_status":"closed","ping_status":"closed","template":"","meta":{"_acf_changed":false,"footnotes":""},"class_list":["post-4246","page","type-page","status-publish","hentry"],"acf":{"set_page_width_full":false,"start_with_small_header":false,"reno_options":{"hide_reno_widget":false,"open_widget_on_page_load":false,"which_tab_to_open":"chatbot","hide_reno_turn_onoff":false,"set_height_to_mini":false,"reno_page_branded_text_back_front":{"reno_show_branded_text":false,"reno_text_in_the_back":"JOURNEY","reno_text_in_the_front":"my journey starts here"}},"branded_text_backfront":{"hide_branded_text":false,"text_in_the_back":"JOURNEY","text_in_the_front_left":"My journey","text_in_the_front_right":"starts here"},"hide_breadcrumbs":false,"hide_footer_widgets":false,"hide_page_title":false,"advertising__adsense":{"show_ads_in_this_page":true,"image_instead_of_adsense":{"enable_image_instead_of_adsense":false,"banner_image_300x250":null,"banner_url":""}},"header_image_options":{"show_header_image":"Yes","header_image":""}},"_links":{"self":[{"href":"https:\/\/www.lux-airport.lu\/de\/wp-json\/wp\/v2\/pages\/4246","targetHints":{"allow":["GET"]}}],"collection":[{"href":"https:\/\/www.lux-airport.lu\/de\/wp-json\/wp\/v2\/pages"}],"about":[{"href":"https:\/\/www.lux-airport.lu\/de\/wp-json\/wp\/v2\/types\/page"}],"author":[{"embeddable":true,"href":"https:\/\/www.lux-airport.lu\/de\/wp-json\/wp\/v2\/users\/1"}],"replies":[{"embeddable":true,"href":"https:\/\/www.lux-airport.lu\/de\/wp-json\/wp\/v2\/comments?post=4246"}],"version-history":[{"count":0,"href":"https:\/\/www.lux-airport.lu\/de\/wp-json\/wp\/v2\/pages\/4246\/revisions"}],"up":[{"embeddable":true,"href":"https:\/\/www.lux-airport.lu\/de\/wp-json\/wp\/v2\/pages\/23422"}],"wp:attachment":[{"href":"https:\/\/www.lux-airport.lu\/de\/wp-json\/wp\/v2\/media?parent=4246"}],"curies":[{"name":"wp","href":"https:\/\/api.w.org\/{rel}","templated":true}]}}