{"id":4231,"date":"2022-08-31T00:30:36","date_gmt":"2022-08-30T22:30:36","guid":{"rendered":"https:\/\/www.lux-airport.lu\/?page_id=4231"},"modified":"2023-11-02T10:59:32","modified_gmt":"2023-11-02T09:59:32","slug":"entdecke-luxembourg","status":"publish","type":"page","link":"https:\/\/www.lux-airport.lu\/de\/einkaufen-geniessen-entdecken\/entdecke-luxembourg\/","title":{"rendered":"Luxemburg entdecken"},"content":{"rendered":"\n<p><strong>Willkommen in Luxemburg!<\/strong> Das Land im Herzen Europas mit seiner schillernden Geschichte bietet eine atemberaubende Landschaft. Seine Kultur und Sprache sind von den drei umliegenden Nachbarl\u00e4ndern Belgien, Deutschland und Frankreich gepr\u00e4gt.<\/p>\n\n\n\n<p>Trotz seiner bescheidenen Gr\u00f6\u00dfe hat Luxemburg eine wichtige Rolle bei der Gr\u00fcndung der Europ\u00e4ischen Union gespielt. Heute ist Luxemburg eine der offiziellen EU-Hauptst\u00e4dte und Sitz des Europ\u00e4ischen Gerichtshofs.<\/p>\n\n\n\n<div class=\"wp-block-columns is-layout-flex wp-container-core-columns-is-layout-9d6595d7 wp-block-columns-is-layout-flex\">\n<div class=\"wp-block-column is-vertically-aligned-top is-layout-flow wp-block-column-is-layout-flow\" style=\"flex-basis:10%\">\n<figure class=\"wp-block-image size-full\"><img loading=\"lazy\" decoding=\"async\" width=\"248\" height=\"248\" src=\"https:\/\/www.lux-airport.lu\/wp-content\/uploads\/2022\/09\/nature.png\" alt=\"Natur-Logo\" class=\"wp-image-4604\" srcset=\"https:\/\/www.lux-airport.lu\/wp-content\/uploads\/2022\/09\/nature.png 248w, https:\/\/www.lux-airport.lu\/wp-content\/uploads\/2022\/09\/nature-150x150.png 150w\" sizes=\"auto, (max-width: 248px) 100vw, 248px\" \/><\/figure>\n<\/div>\n\n\n\n<div class=\"wp-block-column is-layout-flow wp-block-column-is-layout-flow\" style=\"flex-basis:70%\">\n<h3 class=\"wp-block-heading\">Natur<\/h3>\n\n\n\n<p>G\u00f6nnen Sie sich eine Pause von der Hektik der Stadt und starten Sie ins Gr\u00fcne, denn die Natur ist der gr\u00f6\u00dfte Schatz des Landes.<\/p>\n\n\n\n<p>Die weiten, unber\u00fchrten Landstriche Luxemburgs warten nur darauf, entdeckt zu werden. Sie bieten atemberaubende Naturerlebnisse und Ausblicke.<\/p>\n\n\n\n<p>Jede Region in Luxemburg hat etwas Besonderes zu bieten, sei es das Land der Roten Erde, das M\u00fcllerthal, die Moselregion, die Ardennen im Norden oder auch Luxemburg-Stadt.<\/p>\n\n\n\n<p>Genie\u00dfen Sie eine entspannende Mosel-Kreuzfahrt durch die luxemburgische Weinregion. Oder bewundern Sie die gro\u00dfartige mittelalterliche Architektur, die majest\u00e4tischen Schl\u00f6sser, die imposanten Festungen und die vielen Weinberge.<\/p>\n\n\n\n<p>Weitere Informationen finden Sie hier: <a href=\"https:\/\/www.visitluxembourg.com\/en\/what-to-do\/nature-tours\" target=\"_blank\" rel=\"noreferrer noopener nofollow\">https:\/\/www.visitluxembourg.com\/en\/what-to-do\/nature-tours<\/a><\/p>\n<\/div>\n\n\n\n<div class=\"wp-block-column is-vertically-aligned-top is-layout-flow wp-block-column-is-layout-flow\" style=\"flex-basis:20%\"><div class=\"wp-block-image\">\n<figure class=\"aligncenter size-full\"><img loading=\"lazy\" decoding=\"async\" width=\"150\" height=\"150\" src=\"https:\/\/www.lux-airport.lu\/wp-content\/uploads\/2022\/09\/image-1.png\" alt=\"Natur Luxemburg  \" class=\"wp-image-4383\"\/><\/figure>\n<\/div><\/div>\n<\/div>\n\n\n\n<div class=\"wp-block-columns is-layout-flex wp-container-core-columns-is-layout-9d6595d7 wp-block-columns-is-layout-flex\">\n<div class=\"wp-block-column is-vertically-aligned-top is-layout-flow wp-block-column-is-layout-flow\" style=\"flex-basis:10%\">\n<figure class=\"wp-block-image size-full\"><img loading=\"lazy\" decoding=\"async\" width=\"248\" height=\"248\" src=\"https:\/\/www.lux-airport.lu\/wp-content\/uploads\/2022\/09\/Sport-Cycling.png\" alt=\"Sport-Radsport-Logo\" class=\"wp-image-4608\" srcset=\"https:\/\/www.lux-airport.lu\/wp-content\/uploads\/2022\/09\/Sport-Cycling.png 248w, https:\/\/www.lux-airport.lu\/wp-content\/uploads\/2022\/09\/Sport-Cycling-150x150.png 150w\" sizes=\"auto, (max-width: 248px) 100vw, 248px\" \/><\/figure>\n<\/div>\n\n\n\n<div class=\"wp-block-column is-layout-flow wp-block-column-is-layout-flow\" style=\"flex-basis:70%\">\n<h3 class=\"wp-block-heading\">Sport &#8211; Radfahren<\/h3>\n\n\n\n<p>Mit 600&nbsp;km Radwegen und \u00fcber 20 sicheren Fahrradrouten bietet Luxemburg zahlreiche M\u00f6glichkeiten, die majest\u00e4tische Landschaft mit dem Fahrrad zu erkunden. Die Radwege sind ausgeschildert und werden regelm\u00e4\u00dfig instand gesetzt. Damit ist ungetr\u00fcbter Fahrradspa\u00df garantiert. Wenn Sie lieber in Begleitung fahren, k\u00f6nnen Sie sich einer gef\u00fchrten Radtour anschlie\u00dfen, auf der Sie die sch\u00f6nsten Wege kennenlernen.<\/p>\n<\/div>\n\n\n\n<div class=\"wp-block-column is-vertically-aligned-top is-layout-flow wp-block-column-is-layout-flow\" style=\"flex-basis:20%\"><div class=\"wp-block-image\">\n<figure class=\"aligncenter size-full\"><img loading=\"lazy\" decoding=\"async\" width=\"150\" height=\"150\" src=\"https:\/\/www.lux-airport.lu\/wp-content\/uploads\/2022\/09\/image-3.png\" alt=\"Sport-Radfahren Luxemburg\" class=\"wp-image-4536\"\/><\/figure>\n<\/div><\/div>\n<\/div>\n\n\n\n<div class=\"wp-block-columns is-layout-flex wp-container-core-columns-is-layout-9d6595d7 wp-block-columns-is-layout-flex\">\n<div class=\"wp-block-column is-vertically-aligned-top is-layout-flow wp-block-column-is-layout-flow\" style=\"flex-basis:10%\">\n<figure class=\"wp-block-image size-full\"><img loading=\"lazy\" decoding=\"async\" width=\"248\" height=\"248\" src=\"https:\/\/www.lux-airport.lu\/wp-content\/uploads\/2022\/09\/Sport-Hiking.png\" alt=\"Sport-Wandern-Logo\" class=\"wp-image-4611\" srcset=\"https:\/\/www.lux-airport.lu\/wp-content\/uploads\/2022\/09\/Sport-Hiking.png 248w, https:\/\/www.lux-airport.lu\/wp-content\/uploads\/2022\/09\/Sport-Hiking-150x150.png 150w\" sizes=\"auto, (max-width: 248px) 100vw, 248px\" \/><\/figure>\n<\/div>\n\n\n\n<div class=\"wp-block-column is-layout-flow wp-block-column-is-layout-flow\" style=\"flex-basis:70%\">\n<h3 class=\"wp-block-heading\">Sport &#8211; Wandern<\/h3>\n\n\n\n<p>Das Abenteuer ruft! Suchen Sie es auf einem der 200&nbsp;Wanderwege des Landes. Ganz gleich, ob Sie Lust auf einen Spaziergang oder auf eine atemberaubende Trekking-Tour haben, Luxemburg bietet 5000&nbsp;km Wanderwege, die sich sowohl in der L\u00e4nge als auch im Anforderungsprofil stark unterscheiden. Zauberhafte W\u00e4lder und T\u00e4ler mit \u00fcppiger Vegetation warten auf Sie. Entdecken Sie wundervolle Felsformationen, sich sanft durch die Landschaft schl\u00e4ngelnde Flussl\u00e4ufe und kristallklare Seen. Hier erfahren Sie mehr:<\/p>\n\n\n\n<p><a href=\"https:\/\/www.visitluxembourg.com\/experience-luxembourg\/nature-outdoors\/hiking\" rel=\"nofollow noopener\" target=\"_blank\">https:\/\/www.visitluxembourg.com\/experience-luxembourg\/nature-outdoors\/hiking<\/a><\/p>\n<\/div>\n\n\n\n<div class=\"wp-block-column is-vertically-aligned-top is-layout-flow wp-block-column-is-layout-flow\" style=\"flex-basis:20%\"><div class=\"wp-block-image\">\n<figure class=\"aligncenter size-full\"><img loading=\"lazy\" decoding=\"async\" width=\"150\" height=\"133\" src=\"https:\/\/www.lux-airport.lu\/wp-content\/uploads\/2022\/09\/image-5.png\" alt=\"Sport-Wandern Luxemburg\" class=\"wp-image-4543\"\/><\/figure>\n<\/div><\/div>\n<\/div>\n\n\n\n<div class=\"wp-block-columns is-layout-flex wp-container-core-columns-is-layout-9d6595d7 wp-block-columns-is-layout-flex\">\n<div class=\"wp-block-column is-vertically-aligned-top is-layout-flow wp-block-column-is-layout-flow\" style=\"flex-basis:10%\">\n<figure class=\"wp-block-image size-full\"><img loading=\"lazy\" decoding=\"async\" width=\"248\" height=\"248\" src=\"https:\/\/www.lux-airport.lu\/wp-content\/uploads\/2022\/09\/Art-Culture.png\" alt=\"Logo Kunst &amp;amp; Kultur\" class=\"wp-image-4629\" srcset=\"https:\/\/www.lux-airport.lu\/wp-content\/uploads\/2022\/09\/Art-Culture.png 248w, https:\/\/www.lux-airport.lu\/wp-content\/uploads\/2022\/09\/Art-Culture-150x150.png 150w\" sizes=\"auto, (max-width: 248px) 100vw, 248px\" \/><\/figure>\n<\/div>\n\n\n\n<div class=\"wp-block-column is-layout-flow wp-block-column-is-layout-flow\" style=\"flex-basis:70%\">\n<h3 class=\"wp-block-heading\">Kunst &amp; Kultur<\/h3>\n\n\n\n<p>Das Gro\u00dfherzogtum beherbergt drei UNESCO-Welterbest\u00e4tten und ist ein Paradies f\u00fcr Geschichts- und Kulturliebhaber. Aufgrund seiner strategischen Lage in Europa wurde Luxemburg zu einer der gr\u00f6\u00dften befestigten St\u00e4dte des Kontinents. Viele dieser Festungsanlagen sind noch erhalten und erz\u00e4hlen von der schillernden Vergangenheit des Landes.<\/p>\n\n\n\n<p>Wie w\u00e4re es mit einer Abenteuerreise zu mittelalterlichen Burgen, gro\u00dfen Kathedralen und zauberhaften Kl\u00f6stern? Genauso k\u00f6nnen Sie in der Stadt nach verborgenen Sch\u00e4tzen der reichen luxemburgischen Geschichte Ausschau halten und mittelalterliche Ruinen bestaunen. Wer sich f\u00fcr Geschichte begeistert, wird hier sicherlich nicht entt\u00e4uscht! Weitere Informationen zu Kunst &amp; Kultur erhalten Sie hier:<\/p>\n\n\n\n<p>Mehr \u00fcber Kunst und Kultur hier: <a rel=\"noreferrer noopener nofollow\" href=\"https:\/\/www.visitluxembourg.com\/en\/what-to-do\/arts-culture\" target=\"_blank\">https:\/\/www.visitluxembourg.com\/en\/what-to-do\/arts-culture<\/a><\/p>\n<\/div>\n\n\n\n<div class=\"wp-block-column is-vertically-aligned-top is-layout-flow wp-block-column-is-layout-flow\" style=\"flex-basis:20%\"><div class=\"wp-block-image\">\n<figure class=\"aligncenter size-full\"><img loading=\"lazy\" decoding=\"async\" width=\"150\" height=\"150\" src=\"https:\/\/www.lux-airport.lu\/wp-content\/uploads\/2022\/09\/image-7.png\" alt=\"Kunst &amp;amp; Kultur Luxemburg\" class=\"wp-image-4550\"\/><\/figure>\n<\/div><\/div>\n<\/div>\n\n\n\n<div class=\"wp-block-columns is-layout-flex wp-container-core-columns-is-layout-9d6595d7 wp-block-columns-is-layout-flex\">\n<div class=\"wp-block-column is-vertically-aligned-top is-layout-flow wp-block-column-is-layout-flow\" style=\"flex-basis:10%\">\n<figure class=\"wp-block-image size-full\"><img loading=\"lazy\" decoding=\"async\" width=\"248\" height=\"248\" src=\"https:\/\/www.lux-airport.lu\/wp-content\/uploads\/2022\/09\/Family-Kids.png\" alt=\"Familienlogo\" class=\"wp-image-4626\" srcset=\"https:\/\/www.lux-airport.lu\/wp-content\/uploads\/2022\/09\/Family-Kids.png 248w, https:\/\/www.lux-airport.lu\/wp-content\/uploads\/2022\/09\/Family-Kids-150x150.png 150w\" sizes=\"auto, (max-width: 248px) 100vw, 248px\" \/><\/figure>\n<\/div>\n\n\n\n<div class=\"wp-block-column is-layout-flow wp-block-column-is-layout-flow\" style=\"flex-basis:70%\">\n<h3 class=\"wp-block-heading\">Familie &amp; Kinder<\/h3>\n\n\n\n<p>Luxemburg hat f\u00fcr die ganze Familie etwas zu bieten. Im Land gibt es viele gro\u00dfe Freizeitparks und Gartenanlagen. Spa\u00df und Vergn\u00fcgen f\u00fcr Gro\u00df und Klein sind somit garantiert.<\/p>\n\n\n\n<p>Wie w\u00e4re es mit einer Reise in die Vergangenheit? In Differdingen k\u00f6nnen Sie die historische Dampfmaschine besichtigen. Und wenn Sie und Ihre Kinder eher etwas zum aktiven Mitmachen suchen, dann w\u00e4re das Naturerlebniszentrum Robbesscheier etwas f\u00fcr Sie. Hier entdecken Sie, wie die Vorfahren der Luxemburger einst gelebt haben. Au\u00dferdem k\u00f6nnen Sie eine Kutschfahrt zu den Bauernh\u00f6fen machen, Apfeltaschen selbst backen und Ihr Geschick in einer T\u00f6pferwerkstatt unter Beweis stellen.<\/p>\n\n\n\n<p>Sie m\u00f6chten Ihre Sinne anregen? Dann ist der Barfu\u00dfpfad die richtige Wahl. Der Waldpfad ist w\u00e4hrend der Sommersaison ge\u00f6ffnet und bietet Familien Gelegenheit, einen 745&nbsp;Meter langen Pfad auf nackten F\u00fc\u00dfen zu erkunden. Sand, Rindenmulch, Kies, Kieselsteine und viele \u00dcberraschungen warten auf Sie.<\/p>\n\n\n\n<p>Weitere Ideen hier: <a rel=\"noreferrer noopener nofollow\" href=\"https:\/\/www.visitluxembourg.com\/en\/what-to-do\/family-kids\" target=\"_blank\">https:\/\/www.visitluxembourg.com\/en\/what-to-do\/family-kids<\/a><\/p>\n<\/div>\n\n\n\n<div class=\"wp-block-column is-vertically-aligned-top is-layout-flow wp-block-column-is-layout-flow\" style=\"flex-basis:20%\"><div class=\"wp-block-image\">\n<figure class=\"aligncenter size-full\"><img loading=\"lazy\" decoding=\"async\" width=\"150\" height=\"132\" src=\"https:\/\/www.lux-airport.lu\/wp-content\/uploads\/2022\/09\/image-9.png\" alt=\"Familie Luxemburg\" class=\"wp-image-4558\"\/><\/figure>\n<\/div><\/div>\n<\/div>\n\n\n\n<div class=\"wp-block-columns is-layout-flex wp-container-core-columns-is-layout-9d6595d7 wp-block-columns-is-layout-flex\">\n<div class=\"wp-block-column is-vertically-aligned-top is-layout-flow wp-block-column-is-layout-flow\" style=\"flex-basis:10%\">\n<figure class=\"wp-block-image size-full\"><img loading=\"lazy\" decoding=\"async\" width=\"248\" height=\"248\" src=\"https:\/\/www.lux-airport.lu\/wp-content\/uploads\/2022\/09\/Shopping.png\" alt=\"Logo einkaufen\" class=\"wp-image-4623\" srcset=\"https:\/\/www.lux-airport.lu\/wp-content\/uploads\/2022\/09\/Shopping.png 248w, https:\/\/www.lux-airport.lu\/wp-content\/uploads\/2022\/09\/Shopping-150x150.png 150w\" sizes=\"auto, (max-width: 248px) 100vw, 248px\" \/><\/figure>\n<\/div>\n\n\n\n<div class=\"wp-block-column is-layout-flow wp-block-column-is-layout-flow\" style=\"flex-basis:70%\">\n<h3 class=\"wp-block-heading\">Einkaufen<\/h3>\n\n\n\n<p>Einkaufen in Luxemburg ist ein echtes Erlebnis. Wenn Sie auf Ihrer Shoppingtour durch die malerischen Fu\u00dfg\u00e4ngerzonen des Landes schlendern, k\u00f6nnen Sie in einem der malerischen Caf\u00e9s von Luxemburg ein hei\u00dfes Getr\u00e4nk zu sich nehmen. Nutzen Sie dann die Gelegenheit, die bezaubernden historischen Geb\u00e4ude des Landes zu besichtigen, in denen einige der gr\u00f6\u00dften Namen der Modebranche zu Hause sind. In den Fu\u00dfg\u00e4ngerzonen gibt es au\u00dferdem Bauernm\u00e4rkte, die Ihrem Einkaufsbummel einen Hauch von Bio verleihen.<\/p>\n\n\n\n<p>Entdecke: <a href=\"https:\/\/www.visitluxembourg.com\/en\/what-to-do\/shopping-luxembourghttps:\/\/www.visitluxembourg.com\/en\/what-to-do\/shopping-luxembourg\" target=\"_blank\" rel=\"noreferrer noopener nofollow\">https:\/\/www.visitluxembourg.com\/en\/what-to-do\/shopping-luxembourg<\/a><\/p>\n<\/div>\n\n\n\n<div class=\"wp-block-column is-vertically-aligned-top is-layout-flow wp-block-column-is-layout-flow\" style=\"flex-basis:20%\"><div class=\"wp-block-image\">\n<figure class=\"aligncenter size-full\"><img loading=\"lazy\" decoding=\"async\" width=\"150\" height=\"150\" src=\"https:\/\/www.lux-airport.lu\/wp-content\/uploads\/2022\/09\/image-11.png\" alt=\"Einkaufen Luxemburg\" class=\"wp-image-4564\"\/><\/figure>\n<\/div><\/div>\n<\/div>\n\n\n\n<div class=\"wp-block-columns is-layout-flex wp-container-core-columns-is-layout-9d6595d7 wp-block-columns-is-layout-flex\">\n<div class=\"wp-block-column is-vertically-aligned-top is-layout-flow wp-block-column-is-layout-flow\" style=\"flex-basis:10%\">\n<figure class=\"wp-block-image size-full\"><img loading=\"lazy\" decoding=\"async\" width=\"248\" height=\"248\" src=\"https:\/\/www.lux-airport.lu\/wp-content\/uploads\/2022\/09\/Eat-Sleep-Restaurants.png\" alt=\"Gastst\u00e4tten-Logo\" class=\"wp-image-4620\" srcset=\"https:\/\/www.lux-airport.lu\/wp-content\/uploads\/2022\/09\/Eat-Sleep-Restaurants.png 248w, https:\/\/www.lux-airport.lu\/wp-content\/uploads\/2022\/09\/Eat-Sleep-Restaurants-150x150.png 150w\" sizes=\"auto, (max-width: 248px) 100vw, 248px\" \/><\/figure>\n<\/div>\n\n\n\n<div class=\"wp-block-column is-layout-flow wp-block-column-is-layout-flow\" style=\"flex-basis:70%\">\n<h3 class=\"wp-block-heading\">Schlemmen &amp; \u00dcbernachten &#8211; Restaurants<\/h3>\n\n\n\n<p>Die Aromen der luxemburgischen K\u00fcche sollten Sie unbedingt probieren. In ihr spiegeln sich unz\u00e4hlige kulturelle Einfl\u00fcsse. Ganz gleich, ob Sie Lust auf ein \u00fcppiges 5-Sterne-Men\u00fc oder einen schnellen Snack haben, hier finden Sie sicher etwas f\u00fcr Ihren Gaumen. Vom Familienbistro bis zum Michelin-Sterne-Restaurant hat Luxemburg alles zu bieten. Sie werden bestimmt nicht hungern m\u00fcssen.<\/p>\n\n\n\n<p>Zu gutem Essen geh\u00f6rt nat\u00fcrlich auch ein guter Wein, und deshalb ist ein Besuch in Luxemburg ein Muss. Die Moselregion ist bekannt f\u00fcr ihren lieblichen Wei\u00dfwein und f\u00fcr die vielen Weinberge, die das Flussufer s\u00e4umen. K\u00f6nnte es eine sch\u00f6nere Art geben, die Kultur des Landes zu schmecken?<\/p>\n<\/div>\n\n\n\n<div class=\"wp-block-column is-vertically-aligned-top is-layout-flow wp-block-column-is-layout-flow\" style=\"flex-basis:20%\"><div class=\"wp-block-image\">\n<figure class=\"aligncenter size-full\"><img loading=\"lazy\" decoding=\"async\" width=\"134\" height=\"150\" src=\"https:\/\/www.lux-airport.lu\/wp-content\/uploads\/2022\/09\/image-13.png\" alt=\"Restaurants Luxemburg\" class=\"wp-image-4570\"\/><\/figure>\n<\/div><\/div>\n<\/div>\n\n\n\n<div class=\"wp-block-columns is-layout-flex wp-container-core-columns-is-layout-9d6595d7 wp-block-columns-is-layout-flex\">\n<div class=\"wp-block-column is-vertically-aligned-top is-layout-flow wp-block-column-is-layout-flow\" style=\"flex-basis:10%\">\n<figure class=\"wp-block-image size-full\"><img loading=\"lazy\" decoding=\"async\" width=\"248\" height=\"248\" src=\"https:\/\/www.lux-airport.lu\/wp-content\/uploads\/2022\/09\/Eat-Sleep-Accommodation.png\" alt=\"Logo der Unterkunft\" class=\"wp-image-4617\" srcset=\"https:\/\/www.lux-airport.lu\/wp-content\/uploads\/2022\/09\/Eat-Sleep-Accommodation.png 248w, https:\/\/www.lux-airport.lu\/wp-content\/uploads\/2022\/09\/Eat-Sleep-Accommodation-150x150.png 150w\" sizes=\"auto, (max-width: 248px) 100vw, 248px\" \/><\/figure>\n<\/div>\n\n\n\n<div class=\"wp-block-column is-layout-flow wp-block-column-is-layout-flow\" style=\"flex-basis:70%\">\n<h3 class=\"wp-block-heading\">Schlemmen &amp; \u00dcbernachten &#8211; Unterkunft<\/h3>\n\n\n\n<p>Vom Campingplatz bis zum Luxushotel hat Luxemburg alles zu bieten. Ganz gleich, ob Sie in einem malerischen Familienhotel auf dem Land oder in einem luxuri\u00f6sen Hotel in der Stadt \u00fcbernachten m\u00f6chten \u2013 bestimmt gibt es eine Unterkunft, die Ihren W\u00fcnschen entspricht.<\/p>\n\n\n\n<p>Klicken Sie hier f\u00fcr mehr: <a rel=\"noreferrer noopener nofollow\" href=\"https:\/\/www.visitluxembourg.com\/en\/eat-sleep\" target=\"_blank\">https:\/\/www.visitluxembourg.com\/en\/eat-sleep<\/a><\/p>\n<\/div>\n\n\n\n<div class=\"wp-block-column is-vertically-aligned-top is-layout-flow wp-block-column-is-layout-flow\" style=\"flex-basis:20%\"><div class=\"wp-block-image\">\n<figure class=\"aligncenter size-full\"><img loading=\"lazy\" decoding=\"async\" width=\"150\" height=\"133\" src=\"https:\/\/www.lux-airport.lu\/wp-content\/uploads\/2022\/09\/image-15.png\" alt=\"\u00dcbernachtung Luxemburg\" class=\"wp-image-4576\"\/><\/figure>\n<\/div><\/div>\n<\/div>\n\n\n\n<div class=\"wp-block-columns is-layout-flex wp-container-core-columns-is-layout-9d6595d7 wp-block-columns-is-layout-flex\">\n<div class=\"wp-block-column is-vertically-aligned-top is-layout-flow wp-block-column-is-layout-flow\" style=\"flex-basis:10%\">\n<figure class=\"wp-block-image size-full\"><img loading=\"lazy\" decoding=\"async\" width=\"248\" height=\"248\" src=\"https:\/\/www.lux-airport.lu\/wp-content\/uploads\/2022\/09\/A-Hub-for-Business.png\" alt=\"Eine Drehscheibe f\u00fcr das Unternehmenslogo\" class=\"wp-image-4614\" srcset=\"https:\/\/www.lux-airport.lu\/wp-content\/uploads\/2022\/09\/A-Hub-for-Business.png 248w, https:\/\/www.lux-airport.lu\/wp-content\/uploads\/2022\/09\/A-Hub-for-Business-150x150.png 150w\" sizes=\"auto, (max-width: 248px) 100vw, 248px\" \/><\/figure>\n<\/div>\n\n\n\n<div class=\"wp-block-column is-layout-flow wp-block-column-is-layout-flow\" style=\"flex-basis:70%\">\n<h3 class=\"wp-block-heading\">Drehscheibe f\u00fcr Unternehmen<\/h3>\n\n\n\n<p>Dank seiner hervorragenden Lage ist das Gro\u00dfherzogtum ein idealer Treffpunkt f\u00fcr Gesch\u00e4ftsleute. Die gro\u00dfen B\u00fcrokomplexe in der Hauptstadt des Landes sind mit topmoderner Einrichtung, gro\u00dfz\u00fcgigen Konferenzr\u00e4umen und neuester Technologie ausgestattet.<\/p>\n\n\n\n<p>Erfahren Sie mehr: <a href=\"https:\/\/www.visitluxembourg.com\/plan-your-stay\/stay\" target=\"_blank\" rel=\"noreferrer noopener nofollow\">https:\/\/www.visitluxembourg.com\/plan-your-stay\/stay<\/a><\/p>\n<\/div>\n\n\n\n<div class=\"wp-block-column is-vertically-aligned-center is-layout-flow wp-block-column-is-layout-flow\" style=\"flex-basis:20%\"><\/div>\n<\/div>\n\n\n\n<p><\/p>\n","protected":false},"excerpt":{"rendered":"<p>Willkommen in Luxemburg! Das Land im Herzen Europas mit seiner schillernden Geschichte bietet eine atemberaubende Landschaft. Seine Kultur und Sprache sind von den drei umliegenden Nachbarl\u00e4ndern Belgien, Deutschland und Frankreich gepr\u00e4gt. Trotz seiner bescheidenen Gr\u00f6\u00dfe hat Luxemburg eine wichtige Rolle bei der Gr\u00fcndung der Europ\u00e4ischen Union gespielt. Heute ist Luxemburg eine der offiziellen EU-Hauptst\u00e4dte und [&hellip;]<\/p>\n","protected":false},"author":1,"featured_media":0,"parent":6891,"menu_order":0,"comment_status":"closed","ping_status":"closed","template":"","meta":{"_acf_changed":false,"footnotes":""},"class_list":["post-4231","page","type-page","status-publish","hentry"],"acf":{"set_page_width_full":false,"start_with_small_header":false,"reno_options":{"hide_reno_widget":false,"open_widget_on_page_load":false,"which_tab_to_open":"chatbot","hide_reno_turn_onoff":false,"set_height_to_mini":false,"reno_page_branded_text_back_front":{"reno_show_branded_text":false,"reno_text_in_the_back":"JOURNEY","reno_text_in_the_front":"my journey starts here"}},"branded_text_backfront":{"hide_branded_text":false,"text_in_the_back":"DISCOVER","text_in_the_front_left":"My journey","text_in_the_front_right":"is wow"},"hide_breadcrumbs":false,"hide_footer_widgets":false,"hide_page_title":false,"advertising__adsense":{"show_ads_in_this_page":true,"image_instead_of_adsense":{"enable_image_instead_of_adsense":false,"banner_image_300x250":null,"banner_url":""}},"header_image_options":{"show_header_image":"Yes","header_image":""}},"_links":{"self":[{"href":"https:\/\/www.lux-airport.lu\/de\/wp-json\/wp\/v2\/pages\/4231","targetHints":{"allow":["GET"]}}],"collection":[{"href":"https:\/\/www.lux-airport.lu\/de\/wp-json\/wp\/v2\/pages"}],"about":[{"href":"https:\/\/www.lux-airport.lu\/de\/wp-json\/wp\/v2\/types\/page"}],"author":[{"embeddable":true,"href":"https:\/\/www.lux-airport.lu\/de\/wp-json\/wp\/v2\/users\/1"}],"replies":[{"embeddable":true,"href":"https:\/\/www.lux-airport.lu\/de\/wp-json\/wp\/v2\/comments?post=4231"}],"version-history":[{"count":0,"href":"https:\/\/www.lux-airport.lu\/de\/wp-json\/wp\/v2\/pages\/4231\/revisions"}],"up":[{"embeddable":true,"href":"https:\/\/www.lux-airport.lu\/de\/wp-json\/wp\/v2\/pages\/6891"}],"wp:attachment":[{"href":"https:\/\/www.lux-airport.lu\/de\/wp-json\/wp\/v2\/media?parent=4231"}],"curies":[{"name":"wp","href":"https:\/\/api.w.org\/{rel}","templated":true}]}}