{"id":4213,"date":"2022-08-31T00:00:02","date_gmt":"2022-08-30T22:00:02","guid":{"rendered":"https:\/\/www.lux-airport.lu\/?page_id=4213"},"modified":"2025-11-25T21:38:58","modified_gmt":"2025-11-25T20:38:58","slug":"barrierefreiheit-und-assistenz","status":"publish","type":"page","link":"https:\/\/www.lux-airport.lu\/de\/assistenz-und-support\/barrierefreiheit-und-assistenz\/","title":{"rendered":"Barrierefreiheit &amp; Assistenz"},"content":{"rendered":"\n<p>Wenn Sie spezielle Betreuung ben\u00f6tigen, sind wir Ihnen mehr als gerne behilflich. Bitte befolgen Sie die nachstehenden Schritte, um die Hilfe des Flughafens Luxemburg in Anspruch zu nehmen:<\/p>\n\n\n\n<p>Stellen Sie bei Ihrem Reiseveranstalter oder Reiseb\u00fcro mindestens 72 Stunden vor Ihrem Abflug einen Antrag auf Unterst\u00fctzung. Die Fluggesellschaft informiert dann den Flughafen Luxemburg.<\/p>\n\n\n\n<p><br>Begeben Sie sich bei Ihrer Ankunft am Flughafen zum Check-in-Schalter der jeweiligen Fluggesellschaft.<\/p>\n\n\n\n<p>Sie k\u00f6nnen sich auch direkt an Ihre Fluggesellschaft wenden, indem Sie unsere Kontaktseite f\u00fcr Fluggesellschaften <a href=\"https:\/\/www.lux-airport.lu\/de\/fliegen\/fluggesellschaften\/\" target=\"_blank\" data-type=\"URL\" data-id=\"https:\/\/www.lux-airport.lu\/de\/fliegen\/fluggesellschaften\/\" rel=\"noreferrer noopener\">hier<\/a> nutzen.<\/p>\n\n\n\n<p><br>Die angebotenen Hilfeleistungen sind wie folgt:<\/p>\n\n\n\n<ul class=\"wp-block-list\">\n<li>Rollstuhlhilfe zum\/vom Flugzeug<\/li>\n\n\n\n<li>Rollstuhlhilfe beim Ein- und Aussteigen aus dem Flugzeug<\/li>\n\n\n\n<li>Rollstuhlhilfe bis zum Sitzplatz im Flugzeug<\/li>\n<\/ul>\n\n\n\n<p><br>Wenn Sie bereits einen eigenen Rollstuhl besitzen, machen Sie bitte genaue Angaben zu Modell, Gewicht, Abmessungen und Art des Rollstuhls (faltbar\/nicht faltbar, elektrisch\/manuell) und informieren Sie einen Mitarbeiter Ihre <a href=\"https:\/\/www.lux-airport.lu\/de\/fliegen\/fluggesellschaften\/\" target=\"_blank\" rel=\"noreferrer noopener\">Fluggesellschaft<\/a>. Wenn Sie einen elektrischen Rollstuhl besitzen, geben Sie bitte auch den Batterietyp an.<\/p>\n\n\n\n<p>Die pers\u00f6nlichen Rollst\u00fchle der Passagiere werden kostenlos und zus\u00e4tzlich zum Freigep\u00e4ck bef\u00f6rdert. Aufgrund des Platzbedarfs werden die Rollst\u00fchle im Frachtraum bef\u00f6rdert.<\/p>\n\n\n\n<h2 class=\"wp-block-heading\">Einrichtungen<\/h2>\n\n\n\n<p>Es gibt viele Einrichtungen innerhalb und au\u00dferhalb des Terminals, um Ihre Reise durch den Flughafen so einfach wie m\u00f6glich zu gestalten:<br><br><strong>Barrierefreiheit am Luxemburger Flughafen<\/strong><br>Fahrst\u00fchle, breite automatische Eingangst\u00fcren, ger\u00e4umige Aufz\u00fcge mit Panoramablick, die zu allen Ebenen f\u00fchren, Toiletten f\u00fcr Personen mit eingeschr\u00e4nkter Mobilit\u00e4t<br><br><strong>Parken<\/strong><br><strong>Reservierte Parkpl\u00e4tze f\u00fcr Personen mit eingeschr\u00e4nkter Mobilit\u00e4t befinden sich hier:<\/strong><\/p>\n\n\n\n<p>Ebene -1 in der Tiefgarage (Parkplatz A\/B) \u2013 40 Parkpl\u00e4tze<\/p>\n\n\n\n<p>Parkplatz C (Meet &amp; Greet) \u2013 12 Parkpl\u00e4tze<\/p>\n\n\n\n<p><em>Hinweis: Das Parken ist hier nur mit Behindertenausweis gestattet.<\/em><br><br><strong>Transport<\/strong><br><a href=\"https:\/\/www.vdl.lu\/de\/unterwegs\/mit-dem-bus\/call-a-bus\" data-type=\"URL\" data-id=\"https:\/\/www.lux-airport.lu\/de\/bus\/\" target=\"_blank\" rel=\"noreferrer noopener nofollow\">Spezialtransport mit dem Call-a-Bus Service<\/a>, um Sie zum und vom Flughafen zu bringen.<br>F\u00fcr mehr Informationen: <a href=\"https:\/\/www.vdl.lu\/de\" target=\"_blank\" rel=\"noreferrer noopener nofollow\">Ville de Luxembourg<\/a><\/p>\n","protected":false},"excerpt":{"rendered":"<p>Wenn Sie spezielle Betreuung ben\u00f6tigen, sind wir Ihnen mehr als gerne behilflich. Bitte befolgen Sie die nachstehenden Schritte, um die Hilfe des Flughafens Luxemburg in Anspruch zu nehmen: Stellen Sie bei Ihrem Reiseveranstalter oder Reiseb\u00fcro mindestens 72 Stunden vor Ihrem Abflug einen Antrag auf Unterst\u00fctzung. Die Fluggesellschaft informiert dann den Flughafen Luxemburg. Begeben Sie sich [&hellip;]<\/p>\n","protected":false},"author":1,"featured_media":0,"parent":7055,"menu_order":0,"comment_status":"closed","ping_status":"closed","template":"","meta":{"_acf_changed":false,"footnotes":""},"class_list":["post-4213","page","type-page","status-publish","hentry"],"acf":{"set_page_width_full":false,"start_with_small_header":false,"reno_options":{"hide_reno_widget":false,"open_widget_on_page_load":false,"which_tab_to_open":"chatbot","hide_reno_turn_onoff":false,"set_height_to_mini":false,"reno_page_branded_text_back_front":{"reno_show_branded_text":false,"reno_text_in_the_back":"JOURNEY","reno_text_in_the_front":"my journey starts here"}},"branded_text_backfront":{"hide_branded_text":false,"text_in_the_back":"JOURNEY","text_in_the_front_left":"My journey","text_in_the_front_right":"starts here"},"hide_breadcrumbs":false,"hide_footer_widgets":false,"hide_page_title":false,"advertising__adsense":{"show_ads_in_this_page":true,"image_instead_of_adsense":{"enable_image_instead_of_adsense":false,"banner_image_300x250":null,"banner_url":""}},"header_image_options":{"show_header_image":"Yes","header_image":""}},"_links":{"self":[{"href":"https:\/\/www.lux-airport.lu\/de\/wp-json\/wp\/v2\/pages\/4213","targetHints":{"allow":["GET"]}}],"collection":[{"href":"https:\/\/www.lux-airport.lu\/de\/wp-json\/wp\/v2\/pages"}],"about":[{"href":"https:\/\/www.lux-airport.lu\/de\/wp-json\/wp\/v2\/types\/page"}],"author":[{"embeddable":true,"href":"https:\/\/www.lux-airport.lu\/de\/wp-json\/wp\/v2\/users\/1"}],"replies":[{"embeddable":true,"href":"https:\/\/www.lux-airport.lu\/de\/wp-json\/wp\/v2\/comments?post=4213"}],"version-history":[{"count":0,"href":"https:\/\/www.lux-airport.lu\/de\/wp-json\/wp\/v2\/pages\/4213\/revisions"}],"up":[{"embeddable":true,"href":"https:\/\/www.lux-airport.lu\/de\/wp-json\/wp\/v2\/pages\/7055"}],"wp:attachment":[{"href":"https:\/\/www.lux-airport.lu\/de\/wp-json\/wp\/v2\/media?parent=4213"}],"curies":[{"name":"wp","href":"https:\/\/api.w.org\/{rel}","templated":true}]}}