{"id":4196,"date":"2022-08-30T23:10:08","date_gmt":"2022-08-30T22:10:08","guid":{"rendered":"https:\/\/www.lux-airport.lu\/?page_id=4196"},"modified":"2022-10-25T16:48:18","modified_gmt":"2022-10-25T15:48:18","slug":"shuttle-bus","status":"publish","type":"page","link":"https:\/\/www.lux-airport.lu\/de\/parken-transport\/shuttle-bus\/","title":{"rendered":"Shuttle-Bus"},"content":{"rendered":"\n<figure class=\"wp-block-image\"><img decoding=\"async\" src=\"https:\/\/www.lux-airport.lu\/wp-content\/uploads\/2022\/04\/FLIBCO_D2G_2323x1100px_DE.jpg\" alt=\"Door2Gate Logo\" class=\"wp-image-18942\"\/><\/figure>\n\n\n\n<h2 class=\"wp-block-heading\"><strong>Door2Gate:&nbsp;<\/strong><strong>Shuttle zum Flughafen Luxembourg<\/strong><\/h2>\n\n\n\n<p>Bequem wie ein Taxi, aber viel g\u00fcnstiger. Door2Gate ist das cleverste Verkehrsmittel zum Flughafen Luxembourg.<\/p>\n\n\n\n<p>Der Door2Gate-Shuttle holt Sie wie ein Taxi direkt von zu Hause ab, allerdings zu einem deutlich g\u00fcnstigeren Preis, weil Sie sich die Fahrt mit anderen Fahrg\u00e4sten teilen k\u00f6nnen, die das gleiche Ziel haben. Door2Gate k\u00fcmmert sich um alles. Alles, was Sie tun m\u00fcssen, ist, Ihr Door2Gate zu <a href=\"https:\/\/www.flibco.com\/de\/taxi-shuttle-flughafen-luxembourg?partnerId=LUX-Airport&amp;utm_source=luxairport&amp;utm_medium=website&amp;utm_campaign=luxairport\" target=\"_blank\" rel=\"noreferrer noopener nofollow\">buchen<\/a> und die Zeit anzugeben, zu der Sie auf der Hinfahrt zum Flughafen kommen wollen oder zu der Sie auf der R\u00fcckfahrt am Flughafen abgeholt werden wollen.<\/p>\n\n\n\n<p>Teilen hei\u00dft unseren Planeten sch\u00fctzen. Entscheiden Sie sich f\u00fcr Gr\u00fcn! Das Door2Gate-Shuttle holt Sie ab, erm\u00f6glicht Ihnen, Ihre Fahrt mit anderen Fahrg\u00e4sten zu teilen, und stellt sicher, dass Sie dank des brandneuen und effizienten Navigationssystems p\u00fcnktlich ankommen.<\/p>\n\n\n\n<div class=\"wp-block-buttons is-layout-flex wp-block-buttons-is-layout-flex\">\n<div class=\"wp-block-button blueButton rounded\"><a class=\"wp-block-button__link\" href=\"https:\/\/www.flibco.com\/de\/taxi-shuttle-flughafen-luxembourg?partnerId=LUX-Airport&amp;utm_source=luxairport&amp;utm_medium=website&amp;utm_campaign=luxairport?partnerId=LUX-Airport&amp;utm_source=luxairport&amp;utm_medium=website&amp;utm_campaign=luxairport?partnerId=LUX-Airport&amp;utm_source=luxairport&amp;utm_medium=website&amp;utm_campaign=luxairport\" target=\"_blank\" rel=\"noreferrer noopener nofollow\">JETZT BUCHEN<\/a><\/div>\n<\/div>\n\n\n\n<h2 class=\"wp-block-heading\"><strong>Zones desservies:<\/strong><\/h2>\n\n\n\n<figure class=\"wp-block-image\"><img decoding=\"async\" src=\"https:\/\/www.lux-airport.lu\/wp-content\/uploads\/2022\/04\/CARTE_LUX_Zone-700x870.png\" alt=\"Zones desservies\" class=\"wp-image-18923\"\/><\/figure>\n\n\n\n<p><br><\/p>\n","protected":false},"excerpt":{"rendered":"<p>Door2Gate:&nbsp;Shuttle zum Flughafen Luxembourg Bequem wie ein Taxi, aber viel g\u00fcnstiger. Door2Gate ist das cleverste Verkehrsmittel zum Flughafen Luxembourg. Der Door2Gate-Shuttle holt Sie wie ein Taxi direkt von zu Hause ab, allerdings zu einem deutlich g\u00fcnstigeren Preis, weil Sie sich die Fahrt mit anderen Fahrg\u00e4sten teilen k\u00f6nnen, die das gleiche Ziel haben. Door2Gate k\u00fcmmert sich [&hellip;]<\/p>\n","protected":false},"author":1,"featured_media":0,"parent":6951,"menu_order":0,"comment_status":"closed","ping_status":"closed","template":"","meta":{"_acf_changed":false,"footnotes":""},"class_list":["post-4196","page","type-page","status-publish","hentry"],"acf":{"set_page_width_full":false,"start_with_small_header":false,"reno_options":{"hide_reno_widget":false,"open_widget_on_page_load":false,"which_tab_to_open":"chatbot","hide_reno_turn_onoff":false,"set_height_to_mini":false,"reno_page_branded_text_back_front":{"reno_show_branded_text":false,"reno_text_in_the_back":"JOURNEY","reno_text_in_the_front":"my journey starts here"}},"branded_text_backfront":{"hide_branded_text":false,"text_in_the_back":"JOURNEY","text_in_the_front_left":"My journey","text_in_the_front_right":"starts here"},"hide_breadcrumbs":false,"hide_footer_widgets":false,"hide_page_title":false,"advertising__adsense":{"show_ads_in_this_page":true,"image_instead_of_adsense":{"enable_image_instead_of_adsense":false,"banner_image_300x250":null,"banner_url":""}},"header_image_options":{"show_header_image":"Yes","header_image":""}},"_links":{"self":[{"href":"https:\/\/www.lux-airport.lu\/de\/wp-json\/wp\/v2\/pages\/4196","targetHints":{"allow":["GET"]}}],"collection":[{"href":"https:\/\/www.lux-airport.lu\/de\/wp-json\/wp\/v2\/pages"}],"about":[{"href":"https:\/\/www.lux-airport.lu\/de\/wp-json\/wp\/v2\/types\/page"}],"author":[{"embeddable":true,"href":"https:\/\/www.lux-airport.lu\/de\/wp-json\/wp\/v2\/users\/1"}],"replies":[{"embeddable":true,"href":"https:\/\/www.lux-airport.lu\/de\/wp-json\/wp\/v2\/comments?post=4196"}],"version-history":[{"count":0,"href":"https:\/\/www.lux-airport.lu\/de\/wp-json\/wp\/v2\/pages\/4196\/revisions"}],"up":[{"embeddable":true,"href":"https:\/\/www.lux-airport.lu\/de\/wp-json\/wp\/v2\/pages\/6951"}],"wp:attachment":[{"href":"https:\/\/www.lux-airport.lu\/de\/wp-json\/wp\/v2\/media?parent=4196"}],"curies":[{"name":"wp","href":"https:\/\/api.w.org\/{rel}","templated":true}]}}