{"id":4182,"date":"2022-08-30T22:46:16","date_gmt":"2022-08-30T20:46:16","guid":{"rendered":"https:\/\/www.lux-airport.lu\/?page_id=4182"},"modified":"2025-04-10T05:40:09","modified_gmt":"2025-04-10T03:40:09","slug":"taxi","status":"publish","type":"page","link":"https:\/\/www.lux-airport.lu\/de\/parken-transport\/taxi\/","title":{"rendered":"Taxi"},"content":{"rendered":"\n<p>Sie sind gerade am Flughafen Luxemburg gelandet?<\/p>\n\n\n\n<p>Vor dem Terminal stehen zahlreiche Taxis bereit, um Sie zu Ihrem Ziel zu bringen.<\/p>\n\n\n<div class=\"wp-block-image\">\n<figure class=\"aligncenter size-full\"><img loading=\"lazy\" decoding=\"async\" width=\"2152\" height=\"1022\" src=\"https:\/\/www.lux-airport.lu\/wp-content\/uploads\/2025\/03\/lux-airport-parking-map-public-transport-tram-bus-taxi.png\" alt=\"\" class=\"wp-image-20761\" srcset=\"https:\/\/www.lux-airport.lu\/wp-content\/uploads\/2025\/03\/lux-airport-parking-map-public-transport-tram-bus-taxi.png 2152w, https:\/\/www.lux-airport.lu\/wp-content\/uploads\/2025\/03\/lux-airport-parking-map-public-transport-tram-bus-taxi-300x142.png 300w, https:\/\/www.lux-airport.lu\/wp-content\/uploads\/2025\/03\/lux-airport-parking-map-public-transport-tram-bus-taxi-1024x486.png 1024w, https:\/\/www.lux-airport.lu\/wp-content\/uploads\/2025\/03\/lux-airport-parking-map-public-transport-tram-bus-taxi-768x365.png 768w, https:\/\/www.lux-airport.lu\/wp-content\/uploads\/2025\/03\/lux-airport-parking-map-public-transport-tram-bus-taxi-1536x729.png 1536w, https:\/\/www.lux-airport.lu\/wp-content\/uploads\/2025\/03\/lux-airport-parking-map-public-transport-tram-bus-taxi-2048x973.png 2048w\" sizes=\"auto, (max-width: 2152px) 100vw, 2152px\" \/><\/figure>\n<\/div>\n\n\n<p><strong>BITTE BEACHTEN:<br><\/strong><em>Aufgrund von Stra\u00dfenbahnbauarbeiten wurden die Bereiche f\u00fcr die Abholung und R\u00fcckgabe von Privatbussen und vorbestellten Taxis verlegt.<\/em><\/p>\n\n\n\n<p><em>F\u00fcr alle ankommenden Privatbusse, informieren Sie bitte lux-Airport im Voraus unter mobility-carparking@lux-airport.lu und klicken Sie <a href=\"https:\/\/www.lux-airport.lu\/wp-content\/uploads\/2024\/02\/lux-Airport_Instructions-Coaches-29.01.2024_ENG2.pdf\">hier<\/a>. <\/em><\/p>\n\n\n\n<p><em>Wenn Sie im Voraus ein Taxi gebucht haben, beachten Sie bitte, dass die neue Abholzone zum Kiss &amp; Fly Parkplatz C verlegt wurde.<\/em><\/p>\n\n\n\n<h2 class=\"wp-block-heading\">Weitere Informationen \u00fcber Taxitarife und -vorschriften finden Sie unter<\/h2>\n\n\n\n<figure class=\"wp-block-image size-full\"><a href=\"https:\/\/transports.public.lu\/fr\/secteurs\/taxis.html\" target=\"_blank\" rel=\"noreferrer noopener nofollow\"><img loading=\"lazy\" decoding=\"async\" width=\"135\" height=\"46\" src=\"\/wp-content\/uploads\/2023\/02\/logo.jpg\" alt=\"\" class=\"wp-image-10971\"><\/a><\/figure>\n\n\n\n<h2 class=\"wp-block-heading\">Verzeichnis der Taxiunternehmen:<\/h2>\n\n\n\n<ul class=\"wp-block-list\">\n<li><a href=\"https:\/\/www.editus.lu\/en\" target=\"_blank\" rel=\"noreferrer noopener nofollow\">Editus<\/a><\/li>\n\n\n\n<li><a href=\"https:\/\/www.yellow.lu\/en\" target=\"_blank\" rel=\"noreferrer noopener nofollow\">Gelb<\/a><\/li>\n<\/ul>\n","protected":false},"excerpt":{"rendered":"<p>Sie sind gerade am Flughafen Luxemburg gelandet? Vor dem Terminal stehen zahlreiche Taxis bereit, um Sie zu Ihrem Ziel zu bringen. BITTE BEACHTEN:Aufgrund von Stra\u00dfenbahnbauarbeiten wurden die Bereiche f\u00fcr die Abholung und R\u00fcckgabe von Privatbussen und vorbestellten Taxis verlegt. F\u00fcr alle ankommenden Privatbusse, informieren Sie bitte lux-Airport im Voraus unter mobility-carparking@lux-airport.lu und klicken Sie hier. [&hellip;]<\/p>\n","protected":false},"author":1,"featured_media":0,"parent":6951,"menu_order":0,"comment_status":"closed","ping_status":"closed","template":"","meta":{"_acf_changed":true,"footnotes":""},"class_list":["post-4182","page","type-page","status-publish","hentry"],"acf":{"set_page_width_full":false,"start_with_small_header":false,"reno_options":{"hide_reno_widget":false,"open_widget_on_page_load":false,"which_tab_to_open":"chatbot","hide_reno_turn_onoff":false,"set_height_to_mini":false,"reno_page_branded_text_back_front":{"reno_show_branded_text":false,"reno_text_in_the_back":"JOURNEY","reno_text_in_the_front":"my journey starts here"}},"branded_text_backfront":{"hide_branded_text":false,"text_in_the_back":"PRIVATE TRANSPORT","text_in_the_front_left":"My journey","text_in_the_front_right":"is personal"},"hide_breadcrumbs":false,"hide_footer_widgets":false,"hide_page_title":false,"advertising__adsense":{"show_ads_in_this_page":true,"image_instead_of_adsense":{"enable_image_instead_of_adsense":false,"banner_image_300x250":null,"banner_url":""}},"header_image_options":{"show_header_image":"Yes","header_image":""}},"_links":{"self":[{"href":"https:\/\/www.lux-airport.lu\/de\/wp-json\/wp\/v2\/pages\/4182","targetHints":{"allow":["GET"]}}],"collection":[{"href":"https:\/\/www.lux-airport.lu\/de\/wp-json\/wp\/v2\/pages"}],"about":[{"href":"https:\/\/www.lux-airport.lu\/de\/wp-json\/wp\/v2\/types\/page"}],"author":[{"embeddable":true,"href":"https:\/\/www.lux-airport.lu\/de\/wp-json\/wp\/v2\/users\/1"}],"replies":[{"embeddable":true,"href":"https:\/\/www.lux-airport.lu\/de\/wp-json\/wp\/v2\/comments?post=4182"}],"version-history":[{"count":0,"href":"https:\/\/www.lux-airport.lu\/de\/wp-json\/wp\/v2\/pages\/4182\/revisions"}],"up":[{"embeddable":true,"href":"https:\/\/www.lux-airport.lu\/de\/wp-json\/wp\/v2\/pages\/6951"}],"wp:attachment":[{"href":"https:\/\/www.lux-airport.lu\/de\/wp-json\/wp\/v2\/media?parent=4182"}],"curies":[{"name":"wp","href":"https:\/\/api.w.org\/{rel}","templated":true}]}}