{"id":4174,"date":"2022-08-30T22:33:06","date_gmt":"2022-08-30T20:33:06","guid":{"rendered":"https:\/\/www.lux-airport.lu\/?page_id=4174"},"modified":"2025-04-02T14:54:21","modified_gmt":"2025-04-02T12:54:21","slug":"car-rental","status":"publish","type":"page","link":"https:\/\/www.lux-airport.lu\/de\/parken-transport\/car-rental\/","title":{"rendered":"Autovermietung"},"content":{"rendered":"\n<p>Nach Ihrer Ankunft in Luxemburg k\u00f6nnen Sie es sicherlich kaum erwarten, das Land kennenzulernen. Haben Sie Lust auf einen Roadtrip durch die gro\u00dfartigen Luxemburger Landschaften? Wenn \u00f6ffentliche Verkehrsmittel nicht das Richtige f\u00fcr Sie sind und Sie lieber unabh\u00e4ngig reisen, dann g\u00f6nnen Sie sich einfach einen Mietwagen!<\/p>\n\n\n\n<h2 class=\"wp-block-heading\">Autoanmietung am Flughafen Luxemburg<\/h2>\n\n\n\n<p>Wie auch immer Ihr bevorzugtes Fahrzeug aussieht \u2013 am Flughafen Luxemburg finden Sie eine gro\u00dfe Auswahl an Autovermietungen. An den Schaltern in der Ankunftshalle (Ebene -1) k\u00f6nnen Sie ein Auto mieten.<\/p>\n\n\n\n<p>Der Parkbereich f\u00fcr Mietfahrzeuge befindet sich im Parkhaus&nbsp;A auf Ebene -2. \u00dcberall auf dem Flughafen sehen Sie die Autovermietungsschilder. Folgen Sie einfach diesen Schildern, um zu Ihrem Wagen zu gelangen.<\/p>\n\n\n\n<p>Er wartet schon auf Sie!<\/p>\n\n\n\n<h2 class=\"wp-block-heading\">Folgende Autovermieter finden Sie am Flughafen Luxemburg<br><\/h2>\n\n\n\n<div class=\"wp-block-columns is-layout-flex wp-container-core-columns-is-layout-9d6595d7 wp-block-columns-is-layout-flex\">\n<div class=\"wp-block-column is-layout-flow wp-block-column-is-layout-flow\" style=\"flex-basis:66.66%\">\n<h3 class=\"wp-block-heading\">AVIS \/ BUDGET<\/h3>\n\n\n\n<p>Montag bis Freitag: 8:00 \u2013 20:00, Samstag: 8:00 \u2013 16:00 <br>Sonntag: 12:00 \u2013 20:00<br>L-1110 Findel <br>Tel: <a href=\"tel:+352435171\" target=\"_blank\" rel=\"noreferrer noopener\">+352 43 51 71<\/a> <br>Fax: <a href=\"tel:+352422749\" target=\"_blank\" rel=\"noreferrer noopener\">+352 42 27 49<\/a> <br><a href=\"https:\/\/www.avis.lu\/\" data-type=\"URL\" data-id=\"https:\/\/www.avis.lu\/\" target=\"_blank\" rel=\"noreferrer noopener nofollow\">www.avis.lu<\/a> <a href=\"https:\/\/www.budget.lu\/\" data-type=\"URL\" data-id=\"https:\/\/www.budget.lu\/\" target=\"_blank\" rel=\"noreferrer noopener nofollow\">www.budget.lu<\/a><\/p>\n<\/div>\n\n\n\n<div class=\"wp-block-column is-vertically-aligned-center is-layout-flow wp-block-column-is-layout-flow\" style=\"flex-basis:33.33%\"><div class=\"wp-block-image\">\n<figure class=\"aligncenter size-full\"><img loading=\"lazy\" decoding=\"async\" width=\"250\" height=\"148\" src=\"https:\/\/www.lux-airport.lu\/wp-content\/uploads\/2022\/09\/avis-budget-1.png\" alt=\"Avis Budget logo\" class=\"wp-image-4425\"\/><\/figure>\n<\/div><\/div>\n<\/div>\n\n\n\n<div class=\"wp-block-columns is-layout-flex wp-container-core-columns-is-layout-9d6595d7 wp-block-columns-is-layout-flex\">\n<div class=\"wp-block-column is-layout-flow wp-block-column-is-layout-flow\" style=\"flex-basis:66.66%\">\n<h3 class=\"wp-block-heading\">ENTERPRISE<\/h3>\n\n\n\n<p>Montag bis Freitag: 8:00 \u2013 22:30, <br>Samstag: 9:00 &#8211; 17:00, Sonntag: 14:30 \u2013 22:30 <br>L-1110 Findel<br>Phone: <a href=\"tel:+35227820200\" data-type=\"tel\" data-id=\"tel:+35226094073\" target=\"_blank\" rel=\"noreferrer noopener\">+352 27 82 02 00<\/a> <br><a href=\"https:\/\/www.enterprise.com\/en\/car-rental\/locations\/luxembourg\/luxembourg-airport-jbl1.html?fbclid=IwAR3ODGaSKVhHyrdZ9GrfubrVNeXu5JmpHdR_L3ZJ9L0Tln5fJhOlsfUOp-s\" data-type=\"URL\" data-id=\"https:\/\/www.enterprise.com\/en\/car-rental\/locations\/luxembourg\/luxembourg-airport-jbl1.html?fbclid=IwAR3ODGaSKVhHyrdZ9GrfubrVNeXu5JmpHdR_L3ZJ9L0Tln5fJhOlsfUOp-s\" target=\"_blank\" rel=\"noreferrer noopener nofollow\">www.enterpriserentacar.lu<\/a><br>Mehr infos auf: <a href=\"mailto:info@rentacarlux.lu\">info@rentacarlux.lu<\/a><\/p>\n<\/div>\n\n\n\n<div class=\"wp-block-column is-vertically-aligned-center is-layout-flow wp-block-column-is-layout-flow\" style=\"flex-basis:33.33%\"><div class=\"wp-block-image\">\n<figure class=\"aligncenter size-full\"><img loading=\"lazy\" decoding=\"async\" width=\"250\" height=\"46\" src=\"https:\/\/www.lux-airport.lu\/wp-content\/uploads\/2022\/09\/ENTERPRISE.png\" alt=\"Enterprise logo\" class=\"wp-image-4344\"\/><\/figure>\n<\/div><\/div>\n<\/div>\n\n\n\n<div class=\"wp-block-columns is-layout-flex wp-container-core-columns-is-layout-9d6595d7 wp-block-columns-is-layout-flex\">\n<div class=\"wp-block-column is-layout-flow wp-block-column-is-layout-flow\" style=\"flex-basis:66.66%\">\n<h3 class=\"wp-block-heading\">EUROPCAR<\/h3>\n\n\n\n<p>Montag bis Freitag: 8:00 \u2013 20:00, <br>Samstag\/Sonntag: 9:00 \u2013 17:00 <br>L-1110 Findel <br>Tel: <a rel=\"noreferrer noopener\" href=\"tel:+352434588\" data-type=\"tel\" data-id=\"tel:+352434588\" target=\"_blank\">+352 43 45 88 <\/a><br>Fax: <a rel=\"noreferrer noopener\" href=\"tel:+352425178\" data-type=\"tel\" data-id=\"tel:+352425178\" target=\"_blank\">+352 42 51 78<\/a> <br><a rel=\"noreferrer noopener nofollow\" href=\"https:\/\/www.europcar.com\" target=\"_blank\">www.europcar.com<\/a><\/p>\n<\/div>\n\n\n\n<div class=\"wp-block-column is-vertically-aligned-center is-layout-flow wp-block-column-is-layout-flow\" style=\"flex-basis:33.33%\"><div class=\"wp-block-image\">\n<figure class=\"aligncenter size-full\"><img loading=\"lazy\" decoding=\"async\" width=\"250\" height=\"45\" src=\"https:\/\/www.lux-airport.lu\/wp-content\/uploads\/2022\/09\/europcar.png\" alt=\"Europcar logo\" class=\"wp-image-4353\"\/><\/figure>\n<\/div><\/div>\n<\/div>\n\n\n\n<div class=\"wp-block-columns is-layout-flex wp-container-core-columns-is-layout-9d6595d7 wp-block-columns-is-layout-flex\">\n<div class=\"wp-block-column is-layout-flow wp-block-column-is-layout-flow\" style=\"flex-basis:66.66%\">\n<h3 class=\"wp-block-heading\">Flex Carsharing<\/h3>\n\n\n\n<p>Car sharing am Flughafen Luxemburg ist&nbsp; 7 Tage die Woche buchbar unter <a href=\"https:\/\/www.flex.lu\/en\/front-page\/?overlayer=luxairport\" target=\"_blank\" rel=\"noreferrer noopener nofollow\">www.flex.lu<\/a><\/p>\n<\/div>\n\n\n\n<div class=\"wp-block-column is-vertically-aligned-center is-layout-flow wp-block-column-is-layout-flow\" style=\"flex-basis:33.33%\"><div class=\"wp-block-image\">\n<figure class=\"aligncenter size-full\"><img loading=\"lazy\" decoding=\"async\" width=\"250\" height=\"94\" src=\"https:\/\/www.lux-airport.lu\/wp-content\/uploads\/2022\/09\/flex-logo.png\" alt=\"Flex logo\" class=\"wp-image-4441\"\/><\/figure>\n<\/div><\/div>\n<\/div>\n\n\n\n<div class=\"wp-block-columns is-layout-flex wp-container-core-columns-is-layout-9d6595d7 wp-block-columns-is-layout-flex\">\n<div class=\"wp-block-column is-layout-flow wp-block-column-is-layout-flow\" style=\"flex-basis:66.66%\">\n<h3 class=\"wp-block-heading\">HERTZ \/ THRIFTY<\/h3>\n\n\n\n<p>Montag bis Freitag: 8:00 \u2013 21:30 <br>Samstag: 9:00 \u2013 17:00, Sonntag: 13:30 \u2013 21:30 <br>L-110 Findel <br>Tel: <a rel=\"noreferrer noopener\" href=\"tel:+352434645\" data-type=\"tel\" data-id=\"tel:+352434645\" target=\"_blank\">+352 43 46 45 <\/a><br>Fax: <a rel=\"noreferrer noopener\" href=\"tel:+352420351\" data-type=\"tel\" data-id=\"tel:+352420351\" target=\"_blank\">+352 42 03 51<\/a> <br><a rel=\"noreferrer noopener nofollow\" href=\"https:\/\/www.hertz.be\/rentacar\/reservation\/gaq\/index.jsp?targetPage=reservationOnHomepage.jsp\" target=\"_blank\">www.hertz.be<\/a> <a rel=\"noreferrer noopener nofollow\" href=\"https:\/\/www.thrifty.lu\/\" target=\"_blank\">www.thrifty.lu<\/a><\/p>\n<\/div>\n\n\n\n<div class=\"wp-block-column is-vertically-aligned-center is-layout-flow wp-block-column-is-layout-flow\" style=\"flex-basis:33.33%\"><div class=\"wp-block-image\">\n<figure class=\"aligncenter size-full\"><img loading=\"lazy\" decoding=\"async\" width=\"250\" height=\"145\" src=\"https:\/\/www.lux-airport.lu\/wp-content\/uploads\/2022\/09\/HERTZ-THRIFTY.png\" alt=\"Hertz Thrifty logo\" class=\"wp-image-4365\"\/><\/figure>\n<\/div><\/div>\n<\/div>\n\n\n\n<div class=\"wp-block-columns is-layout-flex wp-container-core-columns-is-layout-9d6595d7 wp-block-columns-is-layout-flex\">\n<div class=\"wp-block-column is-layout-flow wp-block-column-is-layout-flow\" style=\"flex-basis:66.66%\">\n<h3 class=\"wp-block-heading\">SIXT<\/h3>\n\n\n\n<p>Montag bis Freitag: 8:00 \u2013 20:00 <br>Samstag\/Sonntag: 9:00 \u2013 17:00 <br>L-1110 Findel <br>Tel: <a href=\"tel:+35224647030\" data-type=\"tel\" data-id=\"tel:+35224647030\">+352 24 64 70 30<\/a> <br>Fax: <a href=\"tel:+35224647039\" data-type=\"tel\" data-id=\"tel:+35224647039\">+352 24 64 70 39 <\/a><br><a href=\"https:\/\/www.sixt.de\/mietwagen\/luxemburg\/findel\/luxemburg-flughafen\/\" rel=\"nofollow noopener\" target=\"_blank\">www.sixt.de<\/a><\/p>\n<\/div>\n\n\n\n<div class=\"wp-block-column is-vertically-aligned-center is-layout-flow wp-block-column-is-layout-flow\" style=\"flex-basis:33.33%\"><div class=\"wp-block-image\">\n<figure class=\"aligncenter size-full\"><img loading=\"lazy\" decoding=\"async\" width=\"250\" height=\"103\" src=\"https:\/\/www.lux-airport.lu\/wp-content\/uploads\/2024\/10\/Sixt-Logo.png\" alt=\"\" class=\"wp-image-18676\"><\/figure>\n<\/div><\/div>\n<\/div>\n\n\n\n<div class=\"wp-block-columns is-layout-flex wp-container-core-columns-is-layout-9d6595d7 wp-block-columns-is-layout-flex\">\n<div class=\"wp-block-column is-layout-flow wp-block-column-is-layout-flow\" style=\"flex-basis:66.66%\">\n<h3 class=\"wp-block-heading\">UFO Drive<\/h3>\n\n\n\n<p>7 Tage die Woche <br>rund um die Uhr \u00fcber Mobile App erreich und buchbar <br>Mehr infos auf: <a rel=\"noreferrer noopener nofollow\" href=\"https:\/\/www.ufodrive.com\" target=\"_blank\">www.ufodrive.com<\/a><\/p>\n<\/div>\n\n\n\n<div class=\"wp-block-column is-vertically-aligned-center is-layout-flow wp-block-column-is-layout-flow\" style=\"flex-basis:33.33%\"><div class=\"wp-block-image\">\n<figure class=\"aligncenter size-full is-resized\"><img loading=\"lazy\" decoding=\"async\" width=\"164\" height=\"73\" src=\"https:\/\/www.lux-airport.lu\/wp-content\/uploads\/2022\/09\/ufo-drive.png\" alt=\"Ufo Drive logo\" class=\"wp-image-4372\" style=\"width:164px;height:73px\"\/><\/figure>\n<\/div><\/div>\n<\/div>\n","protected":false},"excerpt":{"rendered":"<p>Nach Ihrer Ankunft in Luxemburg k\u00f6nnen Sie es sicherlich kaum erwarten, das Land kennenzulernen. Haben Sie Lust auf einen Roadtrip durch die gro\u00dfartigen Luxemburger Landschaften? Wenn \u00f6ffentliche Verkehrsmittel nicht das Richtige f\u00fcr Sie sind und Sie lieber unabh\u00e4ngig reisen, dann g\u00f6nnen Sie sich einfach einen Mietwagen! Autoanmietung am Flughafen Luxemburg Wie auch immer Ihr bevorzugtes [&hellip;]<\/p>\n","protected":false},"author":1,"featured_media":0,"parent":6951,"menu_order":0,"comment_status":"closed","ping_status":"closed","template":"","meta":{"_acf_changed":false,"footnotes":""},"class_list":["post-4174","page","type-page","status-publish","hentry"],"acf":{"set_page_width_full":false,"start_with_small_header":false,"reno_options":{"hide_reno_widget":false,"open_widget_on_page_load":false,"which_tab_to_open":"chatbot","hide_reno_turn_onoff":false,"set_height_to_mini":false,"reno_page_branded_text_back_front":{"reno_show_branded_text":false,"reno_text_in_the_back":"JOURNEY","reno_text_in_the_front":"my journey starts here"}},"branded_text_backfront":{"hide_branded_text":false,"text_in_the_back":"CAR RENTALS","text_in_the_front_left":"My journey","text_in_the_front_right":"is motion"},"hide_breadcrumbs":false,"hide_footer_widgets":false,"hide_page_title":false,"advertising__adsense":{"show_ads_in_this_page":true,"image_instead_of_adsense":{"enable_image_instead_of_adsense":false,"banner_image_300x250":null,"banner_url":""}},"header_image_options":{"show_header_image":"Yes","header_image":""}},"_links":{"self":[{"href":"https:\/\/www.lux-airport.lu\/de\/wp-json\/wp\/v2\/pages\/4174","targetHints":{"allow":["GET"]}}],"collection":[{"href":"https:\/\/www.lux-airport.lu\/de\/wp-json\/wp\/v2\/pages"}],"about":[{"href":"https:\/\/www.lux-airport.lu\/de\/wp-json\/wp\/v2\/types\/page"}],"author":[{"embeddable":true,"href":"https:\/\/www.lux-airport.lu\/de\/wp-json\/wp\/v2\/users\/1"}],"replies":[{"embeddable":true,"href":"https:\/\/www.lux-airport.lu\/de\/wp-json\/wp\/v2\/comments?post=4174"}],"version-history":[{"count":0,"href":"https:\/\/www.lux-airport.lu\/de\/wp-json\/wp\/v2\/pages\/4174\/revisions"}],"up":[{"embeddable":true,"href":"https:\/\/www.lux-airport.lu\/de\/wp-json\/wp\/v2\/pages\/6951"}],"wp:attachment":[{"href":"https:\/\/www.lux-airport.lu\/de\/wp-json\/wp\/v2\/media?parent=4174"}],"curies":[{"name":"wp","href":"https:\/\/api.w.org\/{rel}","templated":true}]}}