{"id":355,"date":"2022-08-06T13:58:25","date_gmt":"2022-08-06T11:58:25","guid":{"rendered":"https:\/\/www.lux-airport.lu\/?page_id=355"},"modified":"2025-12-04T23:02:44","modified_gmt":"2025-12-04T22:02:44","slug":"luxembourg-airport","status":"publish","type":"page","link":"https:\/\/www.lux-airport.lu\/de\/","title":{"rendered":"Flughafen Luxemburg"},"content":{"rendered":"\n<div class=\"wp-block-group latestNewsHeader backgroundPrimary backFrontTextContainer is-content-justification-center is-nowrap is-layout-flex wp-container-core-group-is-layout-94bc23d7 wp-block-group-is-layout-flex\">\n<p class=\"backText colorSecondary opacity1\">Aktuelle<\/p>\n\n\n\n<p class=\"frontText colorWhite\">Informationen<\/p>\n<\/div>\n\n\n\n<div class=\"wp-block-columns latestNewsContainer backgroundPrimary colorWhite is-layout-flex wp-container-core-columns-is-layout-9d6595d7 wp-block-columns-is-layout-flex\">\n<div class=\"wp-block-column is-vertically-aligned-center is-layout-flow wp-block-column-is-layout-flow\"><style>.kb-posts-id-355_e38f7a-38 .kb-post-list-item{display:grid;}<\/style><ul class=\"wp-block-kadence-posts kb-posts kadence-posts-list kb-posts-id-355_e38f7a-38 content-wrap grid-cols kb-posts-style-unboxed grid-sm-col-3 grid-lg-col-3 item-image-style-above  latestNewsArticles\"><li class=\"kb-post-list-item\">\n\t<article class=\"entry content-bg loop-entry kb-post-no-image post-23683 post type-post status-publish format-standard hentry category-nachrichten category-pressemitteilungen\">\n\t\t\t\t<div class=\"entry-content-wrap\">\n\t\t\t<header class=\"entry-header\">\n\t<h2 class=\"entry-title\"><a href=\"https:\/\/www.lux-airport.lu\/de\/luxair-und-lux-airport-bestaetigen-erfolgreiche-ergebnisse-eines-tests-zur-vorbereitung-fruehmorgendlicher-abfluege-am-flughafen-luxemburg\/\" rel=\"bookmark\">Luxair und lux-Airport best\u00e4tigen erfolgreiche Ergebnisse eines Tests zur Vorbereitung fr\u00fchmorgendlicher Abfl\u00fcge am Flughafen Luxemburg<\/a><\/h2>\t<div class=\"entry-meta entry-meta-divider-dot\">\n\t\t\t\t<span class=\"updated-on\">\n\t\t\t\t<time class=\"entry-date published updated\" datetime=\"2026-02-06T15:49:31+01:00\">6. Februar 2026<\/time>\t\t\t<\/span>\n\t\t\t\t<\/div><!-- .entry-meta -->\n\t<\/header><!-- .entry-header -->\n<footer class=\"entry-footer\">\n\t<\/footer><!-- .entry-footer -->\t\t<\/div>\n\t<\/article>\n<\/li>\n<li class=\"kb-post-list-item\">\n\t<article class=\"entry content-bg loop-entry kb-post-no-image post-23620 post type-post status-publish format-standard hentry category-nachrichten category-pressemitteilungen\">\n\t\t\t\t<div class=\"entry-content-wrap\">\n\t\t\t<header class=\"entry-header\">\n\t<h2 class=\"entry-title\"><a href=\"https:\/\/www.lux-airport.lu\/de\/etihad-airways-to-launch-direct-flights-between-luxembourg-and-abu-dhabi\/\" rel=\"bookmark\">Etihad Airways lanciert als erste Fluggesellschaft aus dem Mittlere Osten Fl\u00fcge nach Luxemburg<\/a><\/h2>\t<div class=\"entry-meta entry-meta-divider-dot\">\n\t\t\t\t<span class=\"updated-on\">\n\t\t\t\t<time class=\"entry-date published updated\" datetime=\"2026-01-09T18:02:35+01:00\">9. Januar 2026<\/time>\t\t\t<\/span>\n\t\t\t\t<\/div><!-- .entry-meta -->\n\t<\/header><!-- .entry-header -->\n<footer class=\"entry-footer\">\n\t<\/footer><!-- .entry-footer -->\t\t<\/div>\n\t<\/article>\n<\/li>\n<li class=\"kb-post-list-item\">\n\t<article class=\"entry content-bg loop-entry kb-post-no-image post-23618 post type-post status-publish format-standard hentry category-nachrichten category-pressemitteilungen\">\n\t\t\t\t<div class=\"entry-content-wrap\">\n\t\t\t<header class=\"entry-header\">\n\t<h2 class=\"entry-title\"><a href=\"https:\/\/www.lux-airport.lu\/de\/%e2%9d%84%ef%b8%8f-winter-conditions-at-luxembourg-airport\/\" rel=\"bookmark\">\u2744\ufe0f Winter conditions at Luxembourg Airport<\/a><\/h2>\t<div class=\"entry-meta entry-meta-divider-dot\">\n\t\t\t\t<span class=\"updated-on\">\n\t\t\t\t<time class=\"entry-date published updated\" datetime=\"2026-01-09T17:35:16+01:00\">9. Januar 2026<\/time>\t\t\t<\/span>\n\t\t\t\t<\/div><!-- .entry-meta -->\n\t<\/header><!-- .entry-header -->\n<footer class=\"entry-footer\">\n\t<\/footer><!-- .entry-footer -->\t\t<\/div>\n\t<\/article>\n<\/li>\n<\/ul><\/div>\n\n\n\n<div class=\"wp-block-column is-vertically-aligned-bottom is-layout-flow wp-block-column-is-layout-flow\" style=\"flex-basis:100px\">\n<div class=\"wp-block-group latestNewsAllNews is-content-justification-center is-nowrap is-layout-flex wp-container-core-group-is-layout-94bc23d7 wp-block-group-is-layout-flex\">\n<p class=\"has-text-align-center\"><a href=\"https:\/\/www.lux-airport.lu\/nachrichten\/\" data-type=\"category\" data-id=\"1\">MEHR ANZEIGEN<\/a><\/p>\n\n\n\n<p class=\"arrow25 arrow25right arrow25white\"><\/p>\n<\/div>\n<\/div>\n<\/div>\n\n\n\n<div class=\"wp-block-columns is-layout-flex wp-container-core-columns-is-layout-9d6595d7 wp-block-columns-is-layout-flex\">\n<div class=\"wp-block-column promotionsGalleryContainer is-layout-flow wp-block-column-is-layout-flow\" style=\"flex-basis:300px\">\n<figure class=\"wp-block-gallery has-nested-images columns-4 is-cropped promotionsGallery wp-block-gallery-1 is-layout-flex wp-block-gallery-is-layout-flex\">\n<figure class=\"wp-block-image size-full\"><img loading=\"lazy\" decoding=\"async\" width=\"300\" height=\"600\" data-id=\"23469\" src=\"https:\/\/www.lux-airport.lu\/wp-content\/uploads\/2025\/12\/explore-our-destinations-german.png\" alt=\"\" class=\"wp-image-23469\" srcset=\"https:\/\/www.lux-airport.lu\/wp-content\/uploads\/2025\/12\/explore-our-destinations-german.png 300w, https:\/\/www.lux-airport.lu\/wp-content\/uploads\/2025\/12\/explore-our-destinations-german-150x300.png 150w\" sizes=\"auto, (max-width: 300px) 100vw, 300px\" \/><\/figure>\n<\/figure>\n<\/div>\n\n\n\n<div class=\"wp-block-column is-layout-flow wp-block-column-is-layout-flow\" style=\"flex-basis:66.66%\">\n<div class=\"wp-block-columns airportFacts is-layout-flex wp-container-core-columns-is-layout-9d6595d7 wp-block-columns-is-layout-flex\">\n<div class=\"wp-block-column is-layout-flow wp-block-column-is-layout-flow\">\n<div class=\"wp-block-group backFrontTextContainer is-content-justification-center is-nowrap is-layout-flex wp-container-core-group-is-layout-94bc23d7 wp-block-group-is-layout-flex\">\n<p class=\"backText colorSecondary\"><a href=\"https:\/\/www.lux-airport.lu\/de\/fliegen\/direktfluge-ab-luxembourg\/\">Flugziele<\/a><\/p>\n\n\n\n<p class=\"frontText colorTertiary\">&gt;100<\/p>\n<\/div>\n\n\n\n<p class=\"has-text-align-center airportAfterFact\">zur Auswahl, non-stop<\/p>\n<\/div>\n\n\n\n<div class=\"wp-block-column is-layout-flow wp-block-column-is-layout-flow\">\n<div class=\"wp-block-group backFrontTextContainer is-content-justification-center is-nowrap is-layout-flex wp-container-core-group-is-layout-94bc23d7 wp-block-group-is-layout-flex\">\n<p class=\"backText colorSecondary\"><a href=\"https:\/\/www.lux-airport.lu\/de\/fliegen\/fluggesellschaften\/\">Fluggesellschaften<\/a><\/p>\n\n\n\n<p class=\"frontText  colorTertiary\">14<\/p>\n<\/div>\n\n\n\n<p class=\"has-text-align-center airportAfterFact\">um Ihren Lieblingsflug auszuw\u00e4hlen<\/p>\n<\/div>\n\n\n\n<div class=\"wp-block-column is-layout-flow wp-block-column-is-layout-flow\">\n<div class=\"wp-block-group backFrontTextContainer is-content-justification-center is-nowrap is-layout-flex wp-container-core-group-is-layout-94bc23d7 wp-block-group-is-layout-flex\">\n<p class=\"backText colorSecondary\"><a href=\"https:\/\/www.lux-airport.lu\/de\/unternehmen\/unser-engagement\/umwelt-und-nachhaltigkeit\/\" data-type=\"page\" data-id=\"8963\">NEUTRAL<\/a><\/p>\n\n\n\n<p class=\"frontText  colorTertiary\">CO<sub>2<\/sub><\/p>\n<\/div>\n\n\n\n<p class=\"has-text-align-center airportAfterFact\">zertifiziert durch ACI<\/p>\n<\/div>\n<\/div>\n\n\n\n<h2 class=\"wp-block-heading has-text-align-center colorPrimary\">W\u00e4hrend Sie warten\u2026<\/h2>\n\n\n<style>.kb-posts-id-355_82f4fa-27 .kb-post-list-item{display:grid;}<\/style><ul class=\"wp-block-kadence-posts kb-posts kadence-posts-list kb-posts-id-355_82f4fa-27 content-wrap grid-cols kb-posts-style-unboxed grid-sm-col-3 grid-lg-col-3 item-image-style-above  promotionsArticles\"><li class=\"kb-post-list-item\">\n\t<article class=\"entry content-bg loop-entry kb-post-no-image post-23049 post type-post status-publish format-standard hentry category-nachrichten category-promotions-de\">\n\t\t\t\t<div class=\"entry-content-wrap\">\n\t\t\t<header class=\"entry-header\">\n\t<h2 class=\"entry-title\"><a href=\"https:\/\/www.lux-airport.lu\/de\/progressive-launch-of-the-eu-entry-exit-system-ees-starting-12-october-2025\/\" rel=\"bookmark\">Progressive Launch of the EU Entry\/Exit System (EES) Starting 12 October 2025<\/a><\/h2>\t<div class=\"entry-meta entry-meta-divider-dot\">\n\t\t\t\t<span class=\"updated-on\">\n\t\t\t\t<time class=\"entry-date published updated\" datetime=\"2025-12-01T17:49:40+01:00\">1. Dezember 2025<\/time>\t\t\t<\/span>\n\t\t\t\t<\/div><!-- .entry-meta -->\n\t<\/header><!-- .entry-header -->\n<footer class=\"entry-footer\">\n\t\t\t<div class=\"entry-actions\">\n\t\t\t<p class=\"more-link-wrap\">\n\t\t\t\t<a href=\"https:\/\/www.lux-airport.lu\/de\/progressive-launch-of-the-eu-entry-exit-system-ees-starting-12-october-2025\/\" class=\"post-more-link\">\n\t\t\t\t\tWeiterlesen<span class=\"screen-reader-text\"> Progressive Launch of the EU Entry\/Exit System (EES) Starting 12 October 2025<\/span><span class=\"kadence-svg-iconset svg-baseline\"><svg aria-hidden=\"true\" class=\"kadence-svg-icon kadence-arrow-right-alt-svg\" fill=\"currentColor\" version=\"1.1\" xmlns=\"http:\/\/www.w3.org\/2000\/svg\" width=\"27\" height=\"28\" viewBox=\"0 0 27 28\"><title>Fortfahren<\/title><path d=\"M27 13.953c0 0.141-0.063 0.281-0.156 0.375l-6 5.531c-0.156 0.141-0.359 0.172-0.547 0.094-0.172-0.078-0.297-0.25-0.297-0.453v-3.5h-19.5c-0.281 0-0.5-0.219-0.5-0.5v-3c0-0.281 0.219-0.5 0.5-0.5h19.5v-3.5c0-0.203 0.109-0.375 0.297-0.453s0.391-0.047 0.547 0.078l6 5.469c0.094 0.094 0.156 0.219 0.156 0.359v0z\"><\/path>\n\t\t\t<\/svg><\/span>\t\t\t\t<\/a>\n\t\t\t<\/p>\n\t\t<\/div><!-- .entry-actions -->\n\t\t<\/footer><!-- .entry-footer -->\t\t<\/div>\n\t<\/article>\n<\/li>\n<li class=\"kb-post-list-item\">\n\t<article class=\"entry content-bg loop-entry kb-post-no-image post-23024 post type-post status-publish format-standard hentry category-nachrichten category-pressemitteilungen category-promotions-de\">\n\t\t\t\t<div class=\"entry-content-wrap\">\n\t\t\t<header class=\"entry-header\">\n\t<h2 class=\"entry-title\"><a href=\"https:\/\/www.lux-airport.lu\/de\/luxembourg-airport-begins-construction-of-state-of-the-art-fuel-farm-to-meet-21st-century-supply-demands\/\" rel=\"bookmark\">Luxembourg Airport Begins Construction of State-of-the-Art Fuel Farm to meet 21st century supply demands<\/a><\/h2>\t<div class=\"entry-meta entry-meta-divider-dot\">\n\t\t\t\t<span class=\"updated-on\">\n\t\t\t\t<time class=\"entry-date published updated\" datetime=\"2025-12-01T17:51:04+01:00\">1. Dezember 2025<\/time>\t\t\t<\/span>\n\t\t\t\t<\/div><!-- .entry-meta -->\n\t<\/header><!-- .entry-header -->\n<footer class=\"entry-footer\">\n\t\t\t<div class=\"entry-actions\">\n\t\t\t<p class=\"more-link-wrap\">\n\t\t\t\t<a href=\"https:\/\/www.lux-airport.lu\/de\/luxembourg-airport-begins-construction-of-state-of-the-art-fuel-farm-to-meet-21st-century-supply-demands\/\" class=\"post-more-link\">\n\t\t\t\t\tWeiterlesen<span class=\"screen-reader-text\"> Luxembourg Airport Begins Construction of State-of-the-Art Fuel Farm to meet 21st century supply demands<\/span><span class=\"kadence-svg-iconset svg-baseline\"><svg aria-hidden=\"true\" class=\"kadence-svg-icon kadence-arrow-right-alt-svg\" fill=\"currentColor\" version=\"1.1\" xmlns=\"http:\/\/www.w3.org\/2000\/svg\" width=\"27\" height=\"28\" viewBox=\"0 0 27 28\"><title>Fortfahren<\/title><path d=\"M27 13.953c0 0.141-0.063 0.281-0.156 0.375l-6 5.531c-0.156 0.141-0.359 0.172-0.547 0.094-0.172-0.078-0.297-0.25-0.297-0.453v-3.5h-19.5c-0.281 0-0.5-0.219-0.5-0.5v-3c0-0.281 0.219-0.5 0.5-0.5h19.5v-3.5c0-0.203 0.109-0.375 0.297-0.453s0.391-0.047 0.547 0.078l6 5.469c0.094 0.094 0.156 0.219 0.156 0.359v0z\"><\/path>\n\t\t\t<\/svg><\/span>\t\t\t\t<\/a>\n\t\t\t<\/p>\n\t\t<\/div><!-- .entry-actions -->\n\t\t<\/footer><!-- .entry-footer -->\t\t<\/div>\n\t<\/article>\n<\/li>\n<li class=\"kb-post-list-item\">\n\t<article class=\"entry content-bg loop-entry kb-post-no-image post-22594 post type-post status-publish format-standard hentry category-nachrichten category-pressemitteilungen category-promotions-de\">\n\t\t\t\t<div class=\"entry-content-wrap\">\n\t\t\t<header class=\"entry-header\">\n\t<h2 class=\"entry-title\"><a href=\"https:\/\/www.lux-airport.lu\/de\/one-year-of-plane-spotters-afterwork-a-special-anniversary-edition\/\" rel=\"bookmark\">One Year of Plane Spotters Afterwork \u2013 A Special Anniversary Edition<\/a><\/h2>\t<div class=\"entry-meta entry-meta-divider-dot\">\n\t\t\t\t<span class=\"updated-on\">\n\t\t\t\t<time class=\"entry-date published updated\" datetime=\"2025-12-01T17:51:48+01:00\">1. Dezember 2025<\/time>\t\t\t<\/span>\n\t\t\t\t<\/div><!-- .entry-meta -->\n\t<\/header><!-- .entry-header -->\n<footer class=\"entry-footer\">\n\t\t\t<div class=\"entry-actions\">\n\t\t\t<p class=\"more-link-wrap\">\n\t\t\t\t<a href=\"https:\/\/www.lux-airport.lu\/de\/one-year-of-plane-spotters-afterwork-a-special-anniversary-edition\/\" class=\"post-more-link\">\n\t\t\t\t\tWeiterlesen<span class=\"screen-reader-text\"> One Year of Plane Spotters Afterwork \u2013 A Special Anniversary Edition<\/span><span class=\"kadence-svg-iconset svg-baseline\"><svg aria-hidden=\"true\" class=\"kadence-svg-icon kadence-arrow-right-alt-svg\" fill=\"currentColor\" version=\"1.1\" xmlns=\"http:\/\/www.w3.org\/2000\/svg\" width=\"27\" height=\"28\" viewBox=\"0 0 27 28\"><title>Fortfahren<\/title><path d=\"M27 13.953c0 0.141-0.063 0.281-0.156 0.375l-6 5.531c-0.156 0.141-0.359 0.172-0.547 0.094-0.172-0.078-0.297-0.25-0.297-0.453v-3.5h-19.5c-0.281 0-0.5-0.219-0.5-0.5v-3c0-0.281 0.219-0.5 0.5-0.5h19.5v-3.5c0-0.203 0.109-0.375 0.297-0.453s0.391-0.047 0.547 0.078l6 5.469c0.094 0.094 0.156 0.219 0.156 0.359v0z\"><\/path>\n\t\t\t<\/svg><\/span>\t\t\t\t<\/a>\n\t\t\t<\/p>\n\t\t<\/div><!-- .entry-actions -->\n\t\t<\/footer><!-- .entry-footer -->\t\t<\/div>\n\t<\/article>\n<\/li>\n<\/ul><\/div>\n<\/div>\n\n\n\n<div class=\"wp-block-group homeInfoWidget gourmetContainer is-vertical is-content-justification-stretch is-layout-flex wp-container-core-group-is-layout-b16ad781 wp-block-group-is-layout-flex\">\n<div class=\"wp-block-group backFrontTextContainer is-nowrap is-layout-flex wp-container-core-group-is-layout-ad2f72ca wp-block-group-is-layout-flex\">\n<p class=\"backText colorSecondary opacity02\">GOURMET<\/p>\n\n\n\n<div class=\"wp-block-group frontText is-nowrap is-layout-flex wp-container-core-group-is-layout-ad2f72ca wp-block-group-is-layout-flex\">\n<p class=\"colorTertiary\">my journey<\/p>\n\n\n\n<p class=\"colorBlack\">is gourmet<\/p>\n<\/div>\n<\/div>\n\n\n\n<div class=\"wp-block-columns homeInfoWidgetColumns is-layout-flex wp-container-core-columns-is-layout-9d6595d7 wp-block-columns-is-layout-flex\">\n<div class=\"wp-block-column is-vertically-aligned-center homeInfoWidgetImageColumn is-layout-flow wp-block-column-is-layout-flow\"><div class=\"wp-block-image\">\n<figure class=\"alignright size-full\"><img decoding=\"async\" src=\"https:\/\/www.lux-airport.lu\/wp-content\/uploads\/2025\/04\/my-journey-is-gourmet.webp\" alt=\"\" class=\"wp-image-17954\"><\/figure>\n<\/div><\/div>\n\n\n\n<div class=\"wp-block-column is-vertically-aligned-center homeInfoWidgetTextColumn is-layout-flow wp-block-column-is-layout-flow\">\n<p class=\"homeInfoWidgetTitle colorPrimary\">Ein Geschmackserlebnis auf jedem Schritt<\/p>\n\n\n\n<p class=\"homeInfoWidgetText colorPrimary\">Beginnen Sie Ihre kulinarische Reise direkt am Flughafen Luxemburg, wo eine Vielfalt an Aromen auf Sie wartet. Ob ein schneller Snack, exquisite Spezialit\u00e4ten oder eine gem\u00fctliche Kaffeepause \u2013 unsere Restaurants und Caf\u00e9s bieten f\u00fcr jeden Geschmack das Richtige. Guten Appetit!<\/p>\n\n\n\n<div class=\"wp-block-group homeInfoWidgetLink is-nowrap is-layout-flex wp-container-core-group-is-layout-ad2f72ca wp-block-group-is-layout-flex\">\n<p class=\"colorPrimary\"><a href=\"\/de\/store\/#store_category=Eating%20&amp;%20Drinking\">Mehr entdecken<\/a><\/p>\n\n\n\n<p class=\"arrow25 arrow25blue\"><\/p>\n<\/div>\n<\/div>\n<\/div>\n<\/div>\n\n\n\n<div class=\"wp-block-group homeInfoWidget fashionContainer is-vertical is-content-justification-stretch is-layout-flex wp-container-core-group-is-layout-b16ad781 wp-block-group-is-layout-flex\">\n<div class=\"wp-block-group backFrontTextContainer is-nowrap is-layout-flex wp-container-core-group-is-layout-ad2f72ca wp-block-group-is-layout-flex\">\n<p class=\"backText colorSecondary opacity02\">FASHION<\/p>\n\n\n\n<div class=\"wp-block-group frontText is-nowrap is-layout-flex wp-container-core-group-is-layout-ad2f72ca wp-block-group-is-layout-flex\">\n<p class=\"colorTertiary\">my journey<\/p>\n\n\n\n<p class=\"colorBlack\">needs style<\/p>\n<\/div>\n<\/div>\n\n\n\n<div class=\"wp-block-columns homeInfoWidgetColumns is-layout-flex wp-container-core-columns-is-layout-9d6595d7 wp-block-columns-is-layout-flex\">\n<div class=\"wp-block-column is-vertically-aligned-center homeInfoWidgetImageColumn is-layout-flow wp-block-column-is-layout-flow\"><div class=\"wp-block-image\">\n<figure class=\"alignright size-full\"><img decoding=\"async\" src=\"https:\/\/www.lux-airport.lu\/wp-content\/uploads\/2025\/04\/my-journey-needs-fashion-1.webp\" alt=\"\" class=\"wp-image-17951\"><\/figure>\n<\/div><\/div>\n\n\n\n<div class=\"wp-block-column is-vertically-aligned-center homeInfoWidgetTextColumn is-layout-flow wp-block-column-is-layout-flow\">\n<p class=\"homeInfoWidgetTitle colorPrimary\">Mit Eleganz unterwegs<\/p>\n\n\n\n<p class=\"has-text-align-left homeInfoWidgetText colorPrimary\">Machen Sie Ihre Reise noch stilvoller mit den exklusiven Shops am Flughafen Luxemburg. Von edlen Marken bis zu besonderen Souvenirs finden Sie alles, was Ihren Look perfektioniert. Ob aktuelle Trends, zeitlose Klassiker oder einzigartige Geschenke \u2013 hier beginnt Ihr stilvolles Reiseerlebnis.<\/p>\n\n\n\n<div class=\"wp-block-group homeInfoWidgetLink is-nowrap is-layout-flex wp-container-core-group-is-layout-ad2f72ca wp-block-group-is-layout-flex\">\n<p class=\"colorPrimary\"><a href=\"\/de\/store\/#store_category=Shopping\">Mehr entdecken<\/a><\/p>\n\n\n\n<p class=\"arrow25 arrow25blue\"><\/p>\n<\/div>\n<\/div>\n<\/div>\n<\/div>\n\n\n\n<div class=\"wp-block-group homeInfoWidget discoverContainer is-vertical is-content-justification-stretch is-layout-flex wp-container-core-group-is-layout-b16ad781 wp-block-group-is-layout-flex\">\n<div class=\"wp-block-group backFrontTextContainer is-nowrap is-layout-flex wp-container-core-group-is-layout-ad2f72ca wp-block-group-is-layout-flex\">\n<p class=\"backText colorSecondary opacity02\">LUXEMBOURG<\/p>\n\n\n\n<div class=\"wp-block-group frontText is-nowrap is-layout-flex wp-container-core-group-is-layout-ad2f72ca wp-block-group-is-layout-flex\">\n<p class=\"colorTertiary\">Discover<\/p>\n\n\n\n<p class=\"colorBlack\">the city<\/p>\n<\/div>\n<\/div>\n\n\n\n<div class=\"wp-block-columns homeInfoWidgetColumns is-layout-flex wp-container-core-columns-is-layout-9d6595d7 wp-block-columns-is-layout-flex\">\n<div class=\"wp-block-column is-vertically-aligned-center homeInfoWidgetImageColumn is-layout-flow wp-block-column-is-layout-flow\"><div class=\"wp-block-image\">\n<figure class=\"aligncenter size-full\"><img decoding=\"async\" src=\"https:\/\/www.lux-airport.lu\/wp-content\/uploads\/2025\/04\/discover-luxembourg.webp\" alt=\"\" class=\"wp-image-17957\"><\/figure>\n<\/div><\/div>\n\n\n\n<div class=\"wp-block-column is-vertically-aligned-center homeInfoWidgetTextColumn is-layout-flow wp-block-column-is-layout-flow\">\n<p class=\"homeInfoWidgetTitle colorPrimary\">Ein verborgenes Juwel im Herzen Europas!<\/p>\n\n\n\n<p class=\"homeInfoWidgetText colorPrimary\">Eingebettet zwischen Belgien, Deutschland und Frankreich, vereint Luxemburg eine reiche Geschichte, atemberaubende Landschaften und eine Kultur, die von seinen Nachbarn gepr\u00e4gt ist. Ob historische St\u00e4dte, gr\u00fcne Natur oder modernes Stadtleben \u2013 entdecken Sie den einzigartigen Charme und die zeitlose Sch\u00f6nheit Luxemburgs.<\/p>\n\n\n\n<div class=\"wp-block-group homeInfoWidgetLink is-nowrap is-layout-flex wp-container-core-group-is-layout-ad2f72ca wp-block-group-is-layout-flex\">\n<p class=\"colorPrimary\"><a href=\"https:\/\/www.lux-airport.lu\/de\/einkaufen-geniessen-entdecken\/entdecke-luxembourg\/\" data-type=\"page\" data-id=\"4231\">Mehr entdecken<\/a><\/p>\n\n\n\n<p class=\"arrow25 arrow25blue\"><\/p>\n<\/div>\n<\/div>\n<\/div>\n<\/div>\n","protected":false},"excerpt":{"rendered":"<p>Aktuelle Informationen MEHR ANZEIGEN Flugziele &gt;100 zur Auswahl, non-stop Fluggesellschaften 14 um Ihren Lieblingsflug auszuw\u00e4hlen NEUTRAL CO2 zertifiziert durch ACI W\u00e4hrend Sie warten\u2026 GOURMET my journey is gourmet Ein Geschmackserlebnis auf jedem Schritt Beginnen Sie Ihre kulinarische Reise direkt am Flughafen Luxemburg, wo eine Vielfalt an Aromen auf Sie wartet. Ob ein schneller Snack, exquisite [&hellip;]<\/p>\n","protected":false},"author":1,"featured_media":0,"parent":0,"menu_order":0,"comment_status":"closed","ping_status":"closed","template":"","meta":{"_acf_changed":false,"footnotes":""},"class_list":["post-355","page","type-page","status-publish","hentry"],"acf":{"set_page_width_full":false,"start_with_small_header":false,"reno_options":{"hide_reno_widget":false,"open_widget_on_page_load":true,"which_tab_to_open":"chatbot","hide_reno_turn_onoff":true,"set_height_to_mini":false,"reno_page_branded_text_back_front":{"reno_show_branded_text":true,"reno_text_in_the_back":"JOURNEY","reno_text_in_the_front":"my journey starts here"}},"branded_text_backfront":{"hide_branded_text":false,"text_in_the_back":"JOURNEY","text_in_the_front_left":"My journey","text_in_the_front_right":"starts here"},"hide_breadcrumbs":true,"hide_footer_widgets":false,"hide_page_title":false,"advertising__adsense":{"show_ads_in_this_page":true,"image_instead_of_adsense":{"enable_image_instead_of_adsense":false,"banner_image_300x250":null,"banner_url":""}},"header_image_options":{"show_header_image":"Yes","header_image":""}},"_links":{"self":[{"href":"https:\/\/www.lux-airport.lu\/de\/wp-json\/wp\/v2\/pages\/355","targetHints":{"allow":["GET"]}}],"collection":[{"href":"https:\/\/www.lux-airport.lu\/de\/wp-json\/wp\/v2\/pages"}],"about":[{"href":"https:\/\/www.lux-airport.lu\/de\/wp-json\/wp\/v2\/types\/page"}],"author":[{"embeddable":true,"href":"https:\/\/www.lux-airport.lu\/de\/wp-json\/wp\/v2\/users\/1"}],"replies":[{"embeddable":true,"href":"https:\/\/www.lux-airport.lu\/de\/wp-json\/wp\/v2\/comments?post=355"}],"version-history":[{"count":0,"href":"https:\/\/www.lux-airport.lu\/de\/wp-json\/wp\/v2\/pages\/355\/revisions"}],"wp:attachment":[{"href":"https:\/\/www.lux-airport.lu\/de\/wp-json\/wp\/v2\/media?parent=355"}],"curies":[{"name":"wp","href":"https:\/\/api.w.org\/{rel}","templated":true}]}}