{"id":334,"date":"2022-08-03T23:41:29","date_gmt":"2022-08-03T21:41:29","guid":{"rendered":"https:\/\/www.lux-airport.lu\/?page_id=334"},"modified":"2025-11-25T21:44:58","modified_gmt":"2025-11-25T20:44:58","slug":"geschaeftsreise","status":"publish","type":"page","link":"https:\/\/www.lux-airport.lu\/de\/business-und-vip\/geschaeftsreise\/","title":{"rendered":"Geschaeftsreise (Business-Lounge)"},"content":{"rendered":"\n<p>Gesch\u00e4ftsreisen sind eine Notwendigkeit, die wir so angenehm und praktisch wie m\u00f6glich f\u00fcr Sie gestalten wollen. Sie besuchen den <strong>Flughafen Luxemburg<\/strong> im Rahmen einer <strong>Gesch\u00e4ftsreise<\/strong>? Der Flughafen bietet Ihnen alles, was Sie ben\u00f6tigen, um auf Reisen arbeiten zu k\u00f6nnen.<\/p>\n\n\n\n<h2 class=\"wp-block-heading\">Die wichtigsten Vorteile<\/h2>\n\n\n\n<p>Am Flughafen Luxemburg geben wir unser Bestes, um Ihnen Ihre Gesch\u00e4ftsreise so angenehm wie m\u00f6glich zu gestalten. Dabei bieten wir Ihnen einzigartige Vorteile:<\/p>\n\n\n\n<ul class=\"wp-block-list\">\n<li>Der Flughafen ist direkt an das internationale Autobahnnetz angebunden und wird so zur Drehscheibe f\u00fcr Westeuropa<\/li>\n\n\n\n<li>Tiefgarage mit direktem Zugang zum Terminal<\/li>\n\n\n\n<li>In dem modernen Terminal findet man sich leicht zurecht und er bietet kurze Wege zu den Gates<\/li>\n\n\n\n<li>Direktfl\u00fcge zu den wichtigsten Wirtschaftsmetropolen bringen Sie bequem ans Ziel<\/li>\n\n\n\n<li>Ein VIP-Service steht bereit, damit Sie sich und Ihre G\u00e4ste verw\u00f6hnen k\u00f6nnen<br>Die erstklassigen Restaurants sind der perfekte Ort f\u00fcr Gesch\u00e4ftsessen am Mittag und am Abend<\/li>\n\n\n\n<li>Eine Business-Lounge mit viel Komfort zum Entspannen<\/li>\n<\/ul>\n\n\n\n<h2 class=\"wp-block-heading\">Business-Lounge<\/h2>\n\n\n\n<p>Die Business-Lounge ist der perfekte Ort, um vor dem Flug noch einmal abzuschalten. In diesem Rahmen genie\u00dfen Sie allen erdenklichen Komfort: von k\u00f6stlichem Essen \u00fcber Getr\u00e4nke bis hin zu den neuesten Zeitungen und Zeitschriften. Die Business-Lounge bietet auch kostenloses WLAN, damit Sie immer online sind. Entspannen Sie einfach bei einem Kaffee und einem Snack, w\u00e4hrend Sie am Angebot f\u00fcr einen potenziellen Gesch\u00e4ftspartner feilen.<\/p>\n\n\n\n<p>\u00d6ffnungszeiten:<\/p>\n\n\n\n<p>MON: 4:00 \u2013 21:00<br>DIE: 4:00 \u2013 21:00<br>MIT: 4:00 \u2013 21:00<br>DON: 4:00 \u2013 21:00<br>FRE: 4:00 \u2013 21:00<br>SAM: 4:00 \u2013 18:00<br>SON: 4:00 \u2013 21:00<\/p>\n\n\n\n<p>Bei Fragen zur Business Lounge wenden Sie sich bitte an Ihre Fluggesellschaft oder Ihr Vielfliegerprogramm.<\/p>\n\n\n\n<h2 class=\"wp-block-heading\">Kostenloses WLAN<\/h2>\n\n\n\n<p>Im Terminal stellen wir Ihnen f\u00fcr Ihren Laptop oder Ihr Mobiltelefon eine schnelle, kabellose Internetverbindung kostenlos zur Verf\u00fcgung. Verbinden Sie sich einfach mit dem Internet und nutzen Sie das Flughafen-WLAN kostenfrei.<\/p>\n\n\n\n<h2 class=\"wp-block-heading\">VIP-Services<\/h2>\n\n\n\n<p>Sie m\u00f6chten Ihren G\u00e4sten einen stilvollen Empfang bereiten? Der VIP-Service steht bereit! Unsere serviceorientierten Mitarbeiter sind mehrsprachig und sorgen daf\u00fcr, dass Ihre G\u00e4ste bestens umsorgt werden.<\/p>\n\n\n\n<p>Mehr Informationen zu unserem <a href=\"https:\/\/www.lux-airport.lu\/de\/dienstleistungen\/vip-service\/\" data-type=\"URL\" data-id=\"https:\/\/www.lux-airport.lu\/vip-services\/\" target=\"_blank\" rel=\"noreferrer noopener\">VIP services<\/a>.<\/p>\n","protected":false},"excerpt":{"rendered":"<p>Gesch\u00e4ftsreisen sind eine Notwendigkeit, die wir so angenehm und praktisch wie m\u00f6glich f\u00fcr Sie gestalten wollen. Sie besuchen den Flughafen Luxemburg im Rahmen einer Gesch\u00e4ftsreise? Der Flughafen bietet Ihnen alles, was Sie ben\u00f6tigen, um auf Reisen arbeiten zu k\u00f6nnen. Die wichtigsten Vorteile Am Flughafen Luxemburg geben wir unser Bestes, um Ihnen Ihre Gesch\u00e4ftsreise so angenehm [&hellip;]<\/p>\n","protected":false},"author":1,"featured_media":0,"parent":23422,"menu_order":0,"comment_status":"closed","ping_status":"closed","template":"","meta":{"_acf_changed":false,"footnotes":""},"class_list":["post-334","page","type-page","status-publish","hentry"],"acf":{"set_page_width_full":false,"start_with_small_header":false,"reno_options":{"hide_reno_widget":false,"open_widget_on_page_load":false,"which_tab_to_open":"chatbot","hide_reno_turn_onoff":false,"set_height_to_mini":false,"reno_page_branded_text_back_front":{"reno_show_branded_text":false,"reno_text_in_the_back":"JOURNEY","reno_text_in_the_front":"my journey starts here"}},"branded_text_backfront":{"hide_branded_text":false,"text_in_the_back":"JOURNEY","text_in_the_front_left":"My journey","text_in_the_front_right":"starts here"},"hide_breadcrumbs":false,"hide_footer_widgets":false,"hide_page_title":false,"advertising__adsense":{"show_ads_in_this_page":true,"image_instead_of_adsense":{"enable_image_instead_of_adsense":false,"banner_image_300x250":null,"banner_url":""}},"header_image_options":{"show_header_image":"Yes","header_image":""}},"_links":{"self":[{"href":"https:\/\/www.lux-airport.lu\/de\/wp-json\/wp\/v2\/pages\/334","targetHints":{"allow":["GET"]}}],"collection":[{"href":"https:\/\/www.lux-airport.lu\/de\/wp-json\/wp\/v2\/pages"}],"about":[{"href":"https:\/\/www.lux-airport.lu\/de\/wp-json\/wp\/v2\/types\/page"}],"author":[{"embeddable":true,"href":"https:\/\/www.lux-airport.lu\/de\/wp-json\/wp\/v2\/users\/1"}],"replies":[{"embeddable":true,"href":"https:\/\/www.lux-airport.lu\/de\/wp-json\/wp\/v2\/comments?post=334"}],"version-history":[{"count":0,"href":"https:\/\/www.lux-airport.lu\/de\/wp-json\/wp\/v2\/pages\/334\/revisions"}],"up":[{"embeddable":true,"href":"https:\/\/www.lux-airport.lu\/de\/wp-json\/wp\/v2\/pages\/23422"}],"wp:attachment":[{"href":"https:\/\/www.lux-airport.lu\/de\/wp-json\/wp\/v2\/media?parent=334"}],"curies":[{"name":"wp","href":"https:\/\/api.w.org\/{rel}","templated":true}]}}