{"id":328,"date":"2022-08-03T23:35:17","date_gmt":"2022-08-03T21:35:17","guid":{"rendered":"https:\/\/www.lux-airport.lu\/?page_id=328"},"modified":"2023-12-05T17:06:33","modified_gmt":"2023-12-05T16:06:33","slug":"luggage-guidelines","status":"publish","type":"page","link":"https:\/\/www.lux-airport.lu\/de\/check-in-und-reisen\/luggage-guidelines\/","title":{"rendered":"Gep\u00e4ckrichtlinien"},"content":{"rendered":"\n<h2 class=\"wp-block-heading\">Handgep\u00e4ck<\/h2>\n\n\n\n<p>Beim Handgep\u00e4ck lassen die Airlines in der Regel ein Gep\u00e4ckst\u00fcck pro Person zu. Dies ist jedoch von der Airline abh\u00e4ngig. Auch unterschiedliche Gewichtsbegrenzungen sind m\u00f6glich. Informieren Sie sich bitte im Voraus bei Ihrer Airline. Ihr Handgep\u00e4ck muss in das Gep\u00e4ckfach des Flugzeugs passen. Ihr Gep\u00e4ckst\u00fcck darf daher die Ma\u00dfe von 55x35x16 cm nicht \u00fcberschreiten. Ebenso bestehen Beschr\u00e4nkungen f\u00fcr den Inhalt, den Sie im Handgep\u00e4ck mitf\u00fchren d\u00fcrfen. Mehr Informationen hierzu erhalten Sie &nbsp;<a href=\"https:\/\/www.lux-airport.lu\/de\/informationen\/customs-security\/\" data-type=\"URL\" data-id=\"https:\/\/www.lux-airport.lu\/de\/customs-security\/\">Zoll- und Sicherheitsverfahren<\/a>.<\/p>\n\n\n\n<h2 class=\"wp-block-heading\">Aufgabegep\u00e4ck<\/h2>\n\n\n\n<p>Falls Sie weitere Gep\u00e4ckst\u00fccke mitf\u00fchren m\u00f6chten, k\u00f6nnen Sie diese auch aufgeben. Aufgabegep\u00e4ck wird im Laderaum des Flugzeugs sicher verstaut. Alle Gep\u00e4ckst\u00fccke werden mit gr\u00f6\u00dfter Umsicht behandelt, um sicherzustellen, dass Sie diese wieder wohlbehalten in Empfang nehmen k\u00f6nnen. Die maximale Gr\u00f6\u00dfe und das maximale Gewicht Ihres Aufgabegep\u00e4cks richten sich nach Ihrer Airline. Bitte holen Sie schon vor dem Packen alle erforderlichen Informationen ein. Der Preis f\u00fcr Aufgabegep\u00e4ck variiert ebenfalls.<\/p>\n\n\n\n<p><strong>Die empfohlenen Ma\u00dfe sind:<\/strong><\/p>\n\n\n\n<figure class=\"wp-block-table is-style-stripes luggage-table\"><table><thead><tr><th class=\"has-text-align-center\" data-align=\"center\"><\/th><th class=\"has-text-align-center\" data-align=\"center\">Min<\/th><th class=\"has-text-align-center\" data-align=\"center\">Max<\/th><\/tr><\/thead><tbody><tr><td class=\"has-text-align-center\" data-align=\"center\"><strong>L\u00e4nge:<\/strong><\/td><td class=\"has-text-align-center\" data-align=\"center\">200cm<\/td><td class=\"has-text-align-center\" data-align=\"center\">450cm<\/td><\/tr><tr><td class=\"has-text-align-center\" data-align=\"center\"><strong>Breite:<\/strong><\/td><td class=\"has-text-align-center\" data-align=\"center\">200cm<\/td><td class=\"has-text-align-center\" data-align=\"center\">450cm<\/td><\/tr><tr><td class=\"has-text-align-center\" data-align=\"center\"><strong>H\u00f6he:<\/strong><\/td><td class=\"has-text-align-center\" data-align=\"center\">100cm<\/td><td class=\"has-text-align-center\" data-align=\"center\">700cm<\/td><\/tr><\/tbody><\/table><\/figure>\n\n\n\n<h2 class=\"wp-block-heading\">Sperrgep\u00e4ck<\/h2>\n\n\n\n<p>Sie reisen mit gr\u00f6\u00dferen Musikinstrumenten oder schweren Sportger\u00e4ten? Falls Ihr Gep\u00e4ck die empfohlenen Gewichts- und Gr\u00f6\u00dfenbeschr\u00e4nkungen unter- oder \u00fcberschreitet, sollten Sie sich lange vor Ihrem Flug an Ihre Airline wenden. F\u00fcr diese Art von Gep\u00e4ck gelten spezielle Vorschriften und Beschr\u00e4nkungen.<\/p>\n\n\n\n<h2 class=\"wp-block-heading\">Verlorene Gep\u00e4ckst\u00fccke<\/h2>\n\n\n\n<p>In seltenen F\u00e4llen werden pers\u00f6nliche Gegenst\u00e4nde oder Handgep\u00e4ck verlegt oder vergessen. Es gibt einen speziellen Schalter f\u00fcr \u201eGep\u00e4ckermittlung\u201c. Dieser befindet sich hinter der Sicherheitskontrolle an der Gep\u00e4ckausgabe. Sollten Sie im Flugzeug etwas verlieren, werden unsere Mitarbeiter ihr M\u00f6glichstes tun, um Ihnen zu helfen.<\/p>\n\n\n\n<p>Der Schalter f\u00fcr verlorene Gesp\u00e4ckst\u00fccke ist von 08:00 bis 10:00 sowie von 15:00 bis 17:00<strong>&nbsp;<\/strong>unter der Telefonnummer <a href=\"tel:+35224565003\" data-type=\"tel\" data-id=\"tel:+35224565003\" target=\"_blank\" rel=\"noreferrer noopener\">+352 2456 5003<\/a> erreichbar. Gerne k\u00f6nnen Sie auch eine E-Mail schicken an:&nbsp;<a href=\"mailto:baggage.claim@luxairgroup.lu\" data-type=\"mailto\" data-id=\"mailto:baggage.claim@luxairgroup.lu\">baggage.claim@luxairgroup.lu<\/a><\/p>\n\n\n\n<p>Sollten Gegenst\u00e4nde im Terminal verloren gegangen sein, kontaktieren Sie bitte die Polizei.<\/p>\n","protected":false},"excerpt":{"rendered":"<p>Handgep\u00e4ck Beim Handgep\u00e4ck lassen die Airlines in der Regel ein Gep\u00e4ckst\u00fcck pro Person zu. Dies ist jedoch von der Airline abh\u00e4ngig. Auch unterschiedliche Gewichtsbegrenzungen sind m\u00f6glich. Informieren Sie sich bitte im Voraus bei Ihrer Airline. Ihr Handgep\u00e4ck muss in das Gep\u00e4ckfach des Flugzeugs passen. Ihr Gep\u00e4ckst\u00fcck darf daher die Ma\u00dfe von 55x35x16 cm nicht \u00fcberschreiten. [&hellip;]<\/p>\n","protected":false},"author":1,"featured_media":0,"parent":6953,"menu_order":0,"comment_status":"closed","ping_status":"closed","template":"","meta":{"_acf_changed":false,"footnotes":""},"class_list":["post-328","page","type-page","status-publish","hentry"],"acf":{"set_page_width_full":false,"start_with_small_header":false,"reno_options":{"hide_reno_widget":false,"open_widget_on_page_load":false,"which_tab_to_open":"chatbot","hide_reno_turn_onoff":false,"set_height_to_mini":false,"reno_page_branded_text_back_front":{"reno_show_branded_text":false,"reno_text_in_the_back":"JOURNEY","reno_text_in_the_front":"my journey starts here"}},"branded_text_backfront":{"hide_branded_text":false,"text_in_the_back":"JOURNEY","text_in_the_front_left":"My journey","text_in_the_front_right":"starts here"},"hide_breadcrumbs":false,"hide_footer_widgets":false,"hide_page_title":false,"advertising__adsense":{"show_ads_in_this_page":true,"image_instead_of_adsense":{"enable_image_instead_of_adsense":false,"banner_image_300x250":null,"banner_url":""}},"header_image_options":{"show_header_image":"Yes","header_image":5517}},"_links":{"self":[{"href":"https:\/\/www.lux-airport.lu\/de\/wp-json\/wp\/v2\/pages\/328","targetHints":{"allow":["GET"]}}],"collection":[{"href":"https:\/\/www.lux-airport.lu\/de\/wp-json\/wp\/v2\/pages"}],"about":[{"href":"https:\/\/www.lux-airport.lu\/de\/wp-json\/wp\/v2\/types\/page"}],"author":[{"embeddable":true,"href":"https:\/\/www.lux-airport.lu\/de\/wp-json\/wp\/v2\/users\/1"}],"replies":[{"embeddable":true,"href":"https:\/\/www.lux-airport.lu\/de\/wp-json\/wp\/v2\/comments?post=328"}],"version-history":[{"count":0,"href":"https:\/\/www.lux-airport.lu\/de\/wp-json\/wp\/v2\/pages\/328\/revisions"}],"up":[{"embeddable":true,"href":"https:\/\/www.lux-airport.lu\/de\/wp-json\/wp\/v2\/pages\/6953"}],"wp:attachment":[{"href":"https:\/\/www.lux-airport.lu\/de\/wp-json\/wp\/v2\/media?parent=328"}],"curies":[{"name":"wp","href":"https:\/\/api.w.org\/{rel}","templated":true}]}}