{"id":322,"date":"2022-08-03T23:31:04","date_gmt":"2022-08-03T22:31:04","guid":{"rendered":"https:\/\/www.lux-airport.lu\/?page_id=322"},"modified":"2023-05-31T14:58:28","modified_gmt":"2023-05-31T13:58:28","slug":"check-in","status":"publish","type":"page","link":"https:\/\/www.lux-airport.lu\/de\/check-in-und-reisen\/check-in\/","title":{"rendered":"Check-in"},"content":{"rendered":"\n<h2 class=\"wp-block-heading\">Warum muss ich einchecken?<\/h2>\n\n\n\n<p>Der Check-in ist ein Standard an jedem Flughafen. Damit kann die Airline, mit der Sie fliegen, best\u00e4tigen, dass Sie bereit sind, die Reise anzutreten. Falls Sie Gep\u00e4ck bei sich haben, kann die Airline<\/p>\n\n\n\n<p>dies auch mit Ihrem <strong>Check-in<\/strong> best\u00e4tigen. Der <strong>Flughafen Luxemburg<\/strong> bietet die verschiedensten Check-in-Optionen. Diese sind abh\u00e4ngig von Ihren Flugdaten und von der Airline, f\u00fcr die Sie sich entschieden haben.<\/p>\n\n\n\n<h2 class=\"wp-block-heading\">Was ben\u00f6tige ich f\u00fcr den Check-in?<\/h2>\n\n\n\n<p>F\u00fcr den Check-in am Flughafen m\u00fcssen Sie folgende Dokumente mit sich f\u00fchren:<\/p>\n\n\n\n<ul class=\"wp-block-list\">\n<li>Ihren Reiseplan (dazu geh\u00f6ren Ihre Reservierungsnummer, die Flugdaten und gegebenenfalls Informationen zu Ihrem Gep\u00e4ck)<\/li>\n\n\n\n<li>einen g\u00fcltigen Personalausweis oder Reisepass<\/li>\n<\/ul>\n\n\n\n<p>Das ist alles! Der Check-in ist ganz einfach.<\/p>\n\n\n\n<h2 class=\"wp-block-heading\">Wann muss ich am Check-in sein?<\/h2>\n\n\n\n<p>Damit Sie Ihre Zeit am Flughafen Luxemburg bestm\u00f6glich nutzen k\u00f6nnen, empfehlen wir Ihnen, <strong>mindestens 2&nbsp;Stunden vor Ihrem Flug<\/strong> einzuchecken. So haben Sie genug Zeit, um Ihre Reise entspannt anzugehen. Sie m\u00fcssen je nach Airline mindestens 30 bis 45&nbsp;Minuten vor Ihrem Flug eingecheckt haben.<\/p>\n\n\n\n<p>Nachfolgend k\u00f6nnen Sie die Fristen f\u00fcr den Check-in Ihrer Airline pr\u00fcfen.<br>Ich fliege mit:<\/p>\n\n\n\n<ul class=\"wp-block-list\">\n<li><a href=\"https:\/\/en.aegeanair.com\/\" target=\"_blank\" rel=\"noreferrer noopener nofollow\">Aegean Airlines<\/a><\/li>\n\n\n\n<li><a href=\"https:\/\/www.britishairways.com\/\" target=\"_blank\" rel=\"noreferrer noopener nofollow\">British Airways<\/a><\/li>\n\n\n\n<li><a href=\"https:\/\/www.easyjet.com\/en\/\" target=\"_blank\" rel=\"noreferrer noopener nofollow\">easyJet<\/a><\/li>\n\n\n\n<li><a href=\"https:\/\/www.ita-airways.com\/en_en\" target=\"_blank\" rel=\"noreferrer noopener nofollow\">ITA Airways<\/a><\/li>\n\n\n\n<li><a href=\"https:\/\/www.klm.lu\/\" target=\"_blank\" rel=\"noreferrer noopener nofollow\">KLM<\/a><\/li>\n\n\n\n<li><a href=\"https:\/\/www.lot.com\/\" target=\"_blank\" rel=\"noreferrer noopener nofollow\">LOT<\/a><\/li>\n\n\n\n<li><a href=\"https:\/\/www.lufthansa.com\/lu\/en\/homepage\" target=\"_blank\" rel=\"noreferrer noopener nofollow\">Lufthansa<\/a><\/li>\n\n\n\n<li><a href=\"https:\/\/www.luxair.lu\/en\" target=\"_blank\" rel=\"noreferrer noopener nofollow\">Luxair<\/a><\/li>\n\n\n\n<li><a href=\"https:\/\/www.ryanair.com\/gb\/en\" target=\"_blank\" rel=\"noreferrer noopener nofollow\">Ryanair<\/a><\/li>\n\n\n\n<li><a href=\"https:\/\/www.swiss.com\/lu\/en\/homepage\" data-type=\"URL\" data-id=\"https:\/\/www.swiss.com\/lu\/en\/homepage\" target=\"_blank\" rel=\"noreferrer noopener nofollow\">Swiss<\/a><\/li>\n\n\n\n<li><a href=\"https:\/\/www.flytap.com\/en-lu\/\" target=\"_blank\" rel=\"noreferrer noopener nofollow\">TAP<\/a><\/li>\n\n\n\n<li><a href=\"https:\/\/www.turkishairlines.com\/en-int\/\" target=\"_blank\" rel=\"noreferrer noopener nofollow\">Turkish Airlines<\/a><\/li>\n\n\n\n<li><a href=\"https:\/\/www.volotea.com\/en\/\" target=\"_blank\" rel=\"noreferrer noopener nofollow\">VOLOTEA<\/a><\/li>\n\n\n\n<li><a href=\"https:\/\/wizzair.com\/en-gb#\/\" target=\"_blank\" rel=\"noreferrer noopener nofollow\">Wizz<\/a><\/li>\n<\/ul>\n\n\n\n<p><strong>ACHTUNG:<\/strong> Diese Zeiten k\u00f6nnen sich \u00e4ndern. Wir \u00fcbernehmen keine Verantwortung f\u00fcr Check-in und Abflugzeiten. F\u00fcr weitere Informationen zu den Check-in-Verfahren wenden Sie sich bitte an Ihre Fluggesellschaft.<\/p>\n\n\n\n<h2 class=\"wp-block-heading\">Welche Check-in-Services bietet der Flughafen Luxemburg an?<\/h2>\n\n\n\n<p>Der Flughafen Luxemburg ist bem\u00fcht, Ihnen beim Check-in den besten und vielf\u00e4ltigsten Service zu bieten, der Ihren Bed\u00fcrfnissen entspricht. Daher haben wir gro\u00dfes Augenmerk darauf gelegt, Ihnen eine un\u00fcbertroffene Auswahl an Check-in-M\u00f6glichkeiten zur Verf\u00fcgung zu stellen. ONLINE-CHECK-IN: Die meisten Airlines am Flughafen Luxemburg bieten einen <strong>Online-Check-in<\/strong> an. Wer Warteschlangen umgehen m\u00f6chte, checkt also am besten online ein. Wenn Sie nur mit Handgep\u00e4ck reisen, k\u00f6nnen Sie sich direkt zur Sicherheitskontrolle des Flughafens begeben. Weitere Informationen finden Sie auf der Website Ihrer Airline.<\/p>\n\n\n\n<p><strong>Check-in-Schalter<\/strong>: Gehen Sie zu einem der 26\u00a0Check-in-Schalter am Flughafen, um Ihre Bordkarte entgegenzunehmen und Ihr Gep\u00e4ck abzugeben. Vom Haupteingang kommend k\u00f6nnen Sie die Check-in-Schalter nicht \u00fcbersehen. Achten Sie darauf, zum richtigen Check-in-Schalter zu gehen, der zu der Airline geh\u00f6rt, mit der Sie reisen. <strong>Business Check-in<\/strong>: Wenn Sie Business Class oder First Class fliegen, k\u00f6nnen Sie schnell und m\u00fchelos an einem der ausgewiesenen Schalter f\u00fcr Business-Flugg\u00e4ste einchecken. <strong>Vorabend-Check-in (nur bei Luxair)<\/strong>: Wenn Sie morgens zwischen 6.00 und 9.00\u00a0Uhr abfliegen, k\u00f6nnen Sie Ihr Gep\u00e4ck am Vorabend zwischen 19.30 und 22.30\u00a0Uhr einchecken und Ihre Bordkarte abholen. Am Morgen Ihres Flugs k\u00f6nnen Sie alle Schlangen ignorieren, sich Zeit f\u00fcr einen Kaffee nehmen und direkt zu Ihrem Gate gehen. <strong>Check-in f\u00fcr Haustiere<\/strong>: Manchmal haben sich auch Ihre Haustiere einen Urlaub verdient. Nat\u00fcrlich m\u00fcssen ganz spezielle Anforderungen erf\u00fcllt sein, wenn Sie sich entscheiden, Ihre Lieblinge mit auf den Flug zu nehmen. Weitere Informationen erhalten Sie bei der Airline, mit der Sie fliegen.<\/p>\n","protected":false},"excerpt":{"rendered":"<p>Warum muss ich einchecken? Der Check-in ist ein Standard an jedem Flughafen. Damit kann die Airline, mit der Sie fliegen, best\u00e4tigen, dass Sie bereit sind, die Reise anzutreten. Falls Sie Gep\u00e4ck bei sich haben, kann die Airline dies auch mit Ihrem Check-in best\u00e4tigen. Der Flughafen Luxemburg bietet die verschiedensten Check-in-Optionen. Diese sind abh\u00e4ngig von Ihren [&hellip;]<\/p>\n","protected":false},"author":1,"featured_media":0,"parent":6953,"menu_order":0,"comment_status":"closed","ping_status":"closed","template":"","meta":{"_acf_changed":false,"footnotes":""},"class_list":["post-322","page","type-page","status-publish","hentry"],"acf":{"set_page_width_full":false,"start_with_small_header":false,"reno_options":{"hide_reno_widget":false,"open_widget_on_page_load":false,"which_tab_to_open":"chatbot","hide_reno_turn_onoff":false,"set_height_to_mini":false,"reno_page_branded_text_back_front":{"reno_show_branded_text":false,"reno_text_in_the_back":"JOURNEY","reno_text_in_the_front":"my journey starts here"}},"branded_text_backfront":{"hide_branded_text":false,"text_in_the_back":"JOURNEY","text_in_the_front_left":"My journey","text_in_the_front_right":"starts here"},"hide_breadcrumbs":false,"hide_footer_widgets":false,"hide_page_title":false,"advertising__adsense":{"show_ads_in_this_page":true,"image_instead_of_adsense":{"enable_image_instead_of_adsense":false,"banner_image_300x250":null,"banner_url":""}},"header_image_options":{"show_header_image":"Yes","header_image":""}},"_links":{"self":[{"href":"https:\/\/www.lux-airport.lu\/de\/wp-json\/wp\/v2\/pages\/322","targetHints":{"allow":["GET"]}}],"collection":[{"href":"https:\/\/www.lux-airport.lu\/de\/wp-json\/wp\/v2\/pages"}],"about":[{"href":"https:\/\/www.lux-airport.lu\/de\/wp-json\/wp\/v2\/types\/page"}],"author":[{"embeddable":true,"href":"https:\/\/www.lux-airport.lu\/de\/wp-json\/wp\/v2\/users\/1"}],"replies":[{"embeddable":true,"href":"https:\/\/www.lux-airport.lu\/de\/wp-json\/wp\/v2\/comments?post=322"}],"version-history":[{"count":0,"href":"https:\/\/www.lux-airport.lu\/de\/wp-json\/wp\/v2\/pages\/322\/revisions"}],"up":[{"embeddable":true,"href":"https:\/\/www.lux-airport.lu\/de\/wp-json\/wp\/v2\/pages\/6953"}],"wp:attachment":[{"href":"https:\/\/www.lux-airport.lu\/de\/wp-json\/wp\/v2\/media?parent=322"}],"curies":[{"name":"wp","href":"https:\/\/api.w.org\/{rel}","templated":true}]}}