{"id":310,"date":"2022-08-03T23:18:31","date_gmt":"2022-08-03T22:18:31","guid":{"rendered":"https:\/\/www.lux-airport.lu\/?page_id=310"},"modified":"2023-06-02T10:49:07","modified_gmt":"2023-06-02T09:49:07","slug":"werbung-am-flughafen","status":"publish","type":"page","link":"https:\/\/www.lux-airport.lu\/de\/unternehmen\/business-partners\/werbung-am-flughafen\/","title":{"rendered":"Werbung auf dem Flughafen"},"content":{"rendered":"\n<p>Mit mehr als 4\u00a0Millionen Flugg\u00e4sten im Jahr ist lux-Airport ein fantastischer Werbestandort f\u00fcr Ihr Unternehmen. \u00dcberall auf dem Flughafen stehen markante Werbefl\u00e4chen bereit, die Ihre Erwartungen mehr als erf\u00fcllen werden.<\/p>\n\n\n\n<p>F\u00fcr Anfragen wenden Sie sich bitte an JCDecaux, den exklusiven Werbepartner des Flughafens Luxemburg. Gemeinsam mit seinem Partner m\u00f6chte lux-Airport seinen Kunden die beste M\u00f6glichkeit bieten, f\u00fcr ihr Unternehmen zu werben und ihre Zielgruppe zu erreichen.<\/p>\n\n\n\n<p><em>Heben Sie sich von anderen ab!<\/em><br><\/p>\n\n\n\n<p><strong>Kontaktinformationen:<\/strong><\/p>\n\n\n\n<p><strong>Telefon :<\/strong> <a href=\"tel:+35226383478\" data-type=\"tel\" data-id=\"tel:+35226383478\" target=\"_blank\" rel=\"noreferrer noopener\">(+352) 26 38 34 78<\/a><\/p>\n\n\n\n<p><strong>E-Mail:<\/strong> <a href=\"mailto:info@jcdecaux.lu\">info@jcdecaux.lu<\/a><\/p>\n\n\n\n<p><strong>Website:<\/strong> <a href=\"https:\/\/www.jcdecaux-belux.com\/fr\/lu\/nous-contacter-au-luxembourg\" target=\"_blank\" rel=\"noreferrer noopener nofollow\">https:\/\/www.jcdecaux-belux.com\/fr\/lu\/nous-contacter-au-luxembourg<\/a><\/p>\n","protected":false},"excerpt":{"rendered":"<p>Mit mehr als 4\u00a0Millionen Flugg\u00e4sten im Jahr ist lux-Airport ein fantastischer Werbestandort f\u00fcr Ihr Unternehmen. \u00dcberall auf dem Flughafen stehen markante Werbefl\u00e4chen bereit, die Ihre Erwartungen mehr als erf\u00fcllen werden. F\u00fcr Anfragen wenden Sie sich bitte an JCDecaux, den exklusiven Werbepartner des Flughafens Luxemburg. Gemeinsam mit seinem Partner m\u00f6chte lux-Airport seinen Kunden die beste M\u00f6glichkeit [&hellip;]<\/p>\n","protected":false},"author":1,"featured_media":0,"parent":6961,"menu_order":0,"comment_status":"closed","ping_status":"closed","template":"","meta":{"_acf_changed":false,"footnotes":""},"class_list":["post-310","page","type-page","status-publish","hentry"],"acf":{"set_page_width_full":false,"start_with_small_header":false,"reno_options":{"hide_reno_widget":false,"open_widget_on_page_load":false,"which_tab_to_open":"chatbot","hide_reno_turn_onoff":false,"set_height_to_mini":false,"reno_page_branded_text_back_front":{"reno_show_branded_text":false,"reno_text_in_the_back":"JOURNEY","reno_text_in_the_front":"my journey starts here"}},"branded_text_backfront":{"hide_branded_text":false,"text_in_the_back":"JOURNEY","text_in_the_front_left":"My journey","text_in_the_front_right":"starts here"},"hide_breadcrumbs":false,"hide_footer_widgets":false,"hide_page_title":false,"advertising__adsense":{"show_ads_in_this_page":true,"image_instead_of_adsense":{"enable_image_instead_of_adsense":false,"banner_image_300x250":null,"banner_url":""}},"header_image_options":{"show_header_image":"Yes","header_image":""}},"_links":{"self":[{"href":"https:\/\/www.lux-airport.lu\/de\/wp-json\/wp\/v2\/pages\/310","targetHints":{"allow":["GET"]}}],"collection":[{"href":"https:\/\/www.lux-airport.lu\/de\/wp-json\/wp\/v2\/pages"}],"about":[{"href":"https:\/\/www.lux-airport.lu\/de\/wp-json\/wp\/v2\/types\/page"}],"author":[{"embeddable":true,"href":"https:\/\/www.lux-airport.lu\/de\/wp-json\/wp\/v2\/users\/1"}],"replies":[{"embeddable":true,"href":"https:\/\/www.lux-airport.lu\/de\/wp-json\/wp\/v2\/comments?post=310"}],"version-history":[{"count":0,"href":"https:\/\/www.lux-airport.lu\/de\/wp-json\/wp\/v2\/pages\/310\/revisions"}],"up":[{"embeddable":true,"href":"https:\/\/www.lux-airport.lu\/de\/wp-json\/wp\/v2\/pages\/6961"}],"wp:attachment":[{"href":"https:\/\/www.lux-airport.lu\/de\/wp-json\/wp\/v2\/media?parent=310"}],"curies":[{"name":"wp","href":"https:\/\/api.w.org\/{rel}","templated":true}]}}