{"id":23347,"date":"2025-10-23T15:12:08","date_gmt":"2025-10-23T13:12:08","guid":{"rendered":"https:\/\/www.lux-airport.lu\/2025-plane-spotter-contest\/"},"modified":"2025-11-05T20:59:03","modified_gmt":"2025-11-05T19:59:03","slug":"2025-plane-spotter-contest","status":"publish","type":"page","link":"https:\/\/www.lux-airport.lu\/de\/2025-plane-spotter-contest\/","title":{"rendered":"2025 Plane Spotter Contest"},"content":{"rendered":"\n<div style=\"height:30px\" aria-hidden=\"true\" class=\"wp-block-spacer\"><\/div>\n\n\n\n<p>\u2708\ufe0f <strong>Willkommen zur Finalausstellung unseres Plane Spotter Wettbewerbs 2025<\/strong> \u2708\ufe0f<br>Machen Sie sich bereit f\u00fcr den Abflug zu einer visuellen Reise am Flughafen Luxemburg!<\/p>\n\n\n\n<p>Nach einem gro\u00dfartigen Online-Wettbewerb mit t\u00e4glichen Duellen auf Instagram, bei denen die beeindruckendsten Momente vom Flughafen Luxemburg pr\u00e4sentiert wurden, haben sich <strong>19 au\u00dfergew\u00f6hnliche Plane Spotter<\/strong> f\u00fcr das Finale unseres Fotowettbewerbs 2025 qualifiziert.<br>Die Top 19 Fotos werden nun als gro\u00dfformatige Drucke in der Gep\u00e4ckausgabe des Flughafens Luxemburg ausgestellt.<\/p>\n\n\n\n<p><strong>lux-Airport<\/strong> ist stolz, diese besondere Ausstellung der Plane Spotter des Flughafens Luxemburg zu unterst\u00fctzen. Aber wir sind noch nicht am Ende \u2014 jetzt sind Sie dran: Stimmen Sie f\u00fcr Ihr Lieblingsfoto ab!<\/p>\n\n\n\n<p><strong>So nehmen Sie teil:<\/strong><br>\ud83d\udeec Entdecken Sie die Fotos und w\u00e4hlen Sie das Bild, das Sie am meisten anspricht.<br>\ud83d\udc49 Geben Sie Ihre Stimme mit nur einem Klick ab.<\/p>\n\n\n\n<p>Mit jeder Stimme kommen wir der Bekanntgabe der Gewinner unseres Fotowettbewerbs 2025 n\u00e4her \u2013 jener, die die wahre Magie der Luftfahrt am Flughafen Luxemburg einfangen.<\/p>\n\n\n\n<div style=\"height:30px\" aria-hidden=\"true\" class=\"wp-block-spacer\"><\/div>\n\n\n<div class=\"arhs-cg\" data-contest=\"23332\">\n                <div class=\"arhs-cg-header\">\n                    <div class=\"header-deadline\" aria-live=\"polite\"><\/div>\n                    <div class=\"header-votes\" aria-live=\"polite\"><\/div>\n                <\/div>\n                <div class=\"arhs-cg-masonry\" role=\"list\"><\/div>\n                <\/div>\n\n","protected":false},"excerpt":{"rendered":"<p>\u2708\ufe0f Willkommen zur Finalausstellung unseres Plane Spotter Wettbewerbs 2025 \u2708\ufe0fMachen Sie sich bereit f\u00fcr den Abflug zu einer visuellen Reise am Flughafen Luxemburg! Nach einem gro\u00dfartigen Online-Wettbewerb mit t\u00e4glichen Duellen auf Instagram, bei denen die beeindruckendsten Momente vom Flughafen Luxemburg pr\u00e4sentiert wurden, haben sich 19 au\u00dfergew\u00f6hnliche Plane Spotter f\u00fcr das Finale unseres Fotowettbewerbs 2025 qualifiziert.Die [&hellip;]<\/p>\n","protected":false},"author":37,"featured_media":0,"parent":0,"menu_order":0,"comment_status":"closed","ping_status":"closed","template":"","meta":{"_acf_changed":false,"footnotes":""},"class_list":["post-23347","page","type-page","status-publish","hentry"],"acf":{"set_page_width_full":false,"start_with_small_header":false,"reno_options":{"hide_reno_widget":false,"open_widget_on_page_load":false,"which_tab_to_open":"chatbot","hide_reno_turn_onoff":false,"set_height_to_mini":false,"reno_page_branded_text_back_front":{"reno_show_branded_text":false,"reno_text_in_the_back":"JOURNEY","reno_text_in_the_front":"my journey starts here"}},"branded_text_backfront":{"hide_branded_text":false,"text_in_the_back":"JOURNEY","text_in_the_front_left":"My journey","text_in_the_front_right":"starts here"},"hide_breadcrumbs":false,"hide_footer_widgets":false,"hide_page_title":false,"advertising__adsense":{"show_ads_in_this_page":true,"image_instead_of_adsense":{"enable_image_instead_of_adsense":false,"banner_image_300x250":null,"banner_url":""}},"header_image_options":{"show_header_image":"Yes","header_image":""}},"_links":{"self":[{"href":"https:\/\/www.lux-airport.lu\/de\/wp-json\/wp\/v2\/pages\/23347","targetHints":{"allow":["GET"]}}],"collection":[{"href":"https:\/\/www.lux-airport.lu\/de\/wp-json\/wp\/v2\/pages"}],"about":[{"href":"https:\/\/www.lux-airport.lu\/de\/wp-json\/wp\/v2\/types\/page"}],"author":[{"embeddable":true,"href":"https:\/\/www.lux-airport.lu\/de\/wp-json\/wp\/v2\/users\/37"}],"replies":[{"embeddable":true,"href":"https:\/\/www.lux-airport.lu\/de\/wp-json\/wp\/v2\/comments?post=23347"}],"version-history":[{"count":0,"href":"https:\/\/www.lux-airport.lu\/de\/wp-json\/wp\/v2\/pages\/23347\/revisions"}],"wp:attachment":[{"href":"https:\/\/www.lux-airport.lu\/de\/wp-json\/wp\/v2\/media?parent=23347"}],"curies":[{"name":"wp","href":"https:\/\/api.w.org\/{rel}","templated":true}]}}