{"id":20721,"date":"2025-02-25T13:45:40","date_gmt":"2025-02-25T12:45:40","guid":{"rendered":"https:\/\/www.lux-airport.lu\/?page_id=20721"},"modified":"2025-10-11T10:32:39","modified_gmt":"2025-10-11T08:32:39","slug":"ueber-reno","status":"publish","type":"page","link":"https:\/\/www.lux-airport.lu\/de\/assistenz-und-support\/ueber-reno\/","title":{"rendered":"\u00dcber R\u00e9no"},"content":{"rendered":"\n<p>Klug, schnell und stets hilfsbereit \u2014 <strong>R\u00e9no der Fuchs<\/strong> ist Ihr KI-Begleiter am Flughafen Luxemburg, der Ihnen mit intelligenter und effizienter Unterst\u00fctzung eine reibungslose Reise erm\u00f6glicht.<\/p>\n\n\n\n<p>\ud83d\ude80 R\u00e9no entwickelt sich kontinuierlich weiter und verbessert sich dank des Nutzerfeedbacks, um ein noch intelligenteres und nahtloseres Erlebnis zu bieten. \u2728<\/p>\n\n\n\n<h2 class=\"wp-block-heading\"><strong>Warum R\u00e9no?<\/strong><\/h2>\n\n\n\n<p><strong>R\u00e9no der Fuchs<\/strong> ist eine Figur, die frei von <em>Renert<\/em> inspiriert ist \u2014 der ikonischen Gestalt aus Michel Rodanges klassischem luxemburgischen Werk <em>Renert oder de Fuuss am Frack an a Ma\u2019nsgr\u00eb\u00dft<\/em>. Wie der schlaue Fuchs der Erz\u00e4hlung ist R\u00e9no schnell, clever und immer bereit zu helfen. Im satirischen Epos von Rodange nutzt Renert seinen Witz, um sich in der Welt zurechtzufinden \u2014 so wie R\u00e9no Reisenden am Flughafen Luxemburg hilft, sich zu orientieren, Echtzeitinformationen abzurufen und ihre Reise reibungsloser zu gestalten.<\/p>\n\n\n\n<p>Unser <strong>Chatbot-Charakter R\u00e9no ist eine Eigenkreation von lux-Airport<\/strong>. Er verk\u00f6rpert einen schnellen, einfallsreichen KI-Assistenten, der Passagieren und Besucher&shy;innen auf ihrem Weg hilft. W\u00e4hrend Rodanges Epos Renert als listigen Fuchs zeigt, der mit Witz andere austrickst, bringt R\u00e9no diese Findigkeit in einen modernen Kontext \u2014 er unterst\u00fctzt Reisende mit Echtzeit-Informationen und Orientierung, damit der Aufenthalt am Flughafen so angenehm wie m\u00f6glich wird.<\/p>\n\n\n\n<p>Luxemburg ist stolz auf sein kulturelles Erbe, und das Verm\u00e4chtnis von <em>Renert<\/em> wird mit einem eindrucksvollen Bronzedenkmal nahe dem Grand Th\u00e9\u00e2tre in Luxemburg-Stadt gew\u00fcrdigt. Dieses Denkmal, eine Hommage an Rodanges zeitlose Sch\u00f6pfung, zeigt den Fuchs als Symbol f\u00fcr Witz und Weitsicht. Ebenso verk\u00f6rpert R\u00e9no, der KI-Assistent, diesen Geist, indem er das Reisen erleichtert und Besucher&shy;innen ein reibungsloses Flughafenerlebnis bietet.<\/p>\n\n\n\n<hr class=\"wp-block-separator has-alpha-channel-opacity\"\/>\n\n\n\n<h2 class=\"wp-block-heading\">Ist R\u00e9no ein Chatbot?<\/h2>\n\n\n\n<p>R\u00e9no ist weit mehr als nur ein Chatbot \u2014 er ist ein <strong>KI-gest\u00fctzter Agent<\/strong>, der aktiv hilft statt nur zu antworten. Anders als klassische Chatbots, die unauff\u00e4llig unten rechts sitzen, steht R\u00e9no <strong>im Mittelpunkt<\/strong> der <strong>lux-Airport-Startseite<\/strong> und definiert die Interaktion mit digitalen Inhalten neu. Es ist nicht blo\u00df eine Website, die zuf\u00e4llig einen Bot hat \u2014 <strong>R\u00e9no ist die Website<\/strong>: eine dialogorientierte, intuitiv bedienbare Oberfl\u00e4che, bei der KI nicht nachtr\u00e4glich erg\u00e4nzt, sondern von Anfang an zentral ist.<\/p>\n\n\n\n<p>Dieser innovative Ansatz stellt die herk\u00f6mmliche Vorstellung von Websites und digitalem Publishing in Frage. Statt durch statische Seiten und verschachtelte Men\u00fcs zu klicken, bietet R\u00e9no eine <strong>konversationale, intuitive und effiziente<\/strong> Erfahrung, die sich dynamisch an die Bed\u00fcrfnisse der Nutzer&shy;innen anpasst. Dank <strong>intelligenter KI-Unterst\u00fctzung<\/strong> versteht R\u00e9no <strong>nat\u00fcrliche Sprache in allen Sprachen der Welt<\/strong>, erkennt Kontext und <strong>f\u00fchrt Aufgaben f\u00fcr Sie aus<\/strong> \u2014 Interaktionen werden so nahtlos und wirksam. Vielleicht ist das ein Blick in die Zukunft: Websites entwickeln sich von Seitensammlungen zu interaktiven, KI-gesteuerten Erlebnissen, die Menschen wirklich weiterhelfen.<\/p>\n\n\n\n<p>Die Hauptinhalte von R\u00e9no sind auf Englisch, Franz\u00f6sisch und Deutsch verf\u00fcgbar, doch er kann in jeder vom Nutzer gew\u00e4hlten Sprache verstehen und antworten.<\/p>\n\n\n\n<hr class=\"wp-block-separator has-alpha-channel-opacity\"\/>\n\n\n\n<h2 class=\"wp-block-heading\"><strong>Wie kann R\u00e9no Ihnen helfen?<\/strong><\/h2>\n\n\n\n<p>Hallo! Ich bin <strong>R\u00e9no der Fuchs<\/strong>, Ihr KI-Assistent am Flughafen Luxemburg. Hier ist ein schneller \u00dcberblick, was ich f\u00fcr Sie tun kann:<\/p>\n\n\n\n<h4 class=\"wp-block-heading\">\ud83d\udcd6 Umfassendes Flughafenwissen<\/h4>\n\n\n\n<div class=\"wp-block-group is-content-justification-center is-nowrap is-layout-flex wp-container-core-group-is-layout-94bc23d7 wp-block-group-is-layout-flex\">\n\n<ul class=\"wp-block-list\">\n<li>Greifen Sie einfach und interaktiv auf alle Informationen der <strong>lux-Airport-Website<\/strong> zu.<\/li>\n<\/ul>\n\n<\/div>\n\n\n\n<h4 class=\"wp-block-heading\">\ud83d\udeeb Flugauskunft<\/h4>\n\n\n\n<div class=\"wp-block-group is-content-justification-center is-nowrap is-layout-flex wp-container-core-group-is-layout-94bc23d7 wp-block-group-is-layout-flex\">\n\n<ul class=\"wp-block-list\">\n<li>Informationen zu Ank\u00fcnften und Abfl\u00fcgen anhand einer Flugnummer oder eines Ziels abrufen.<\/li>\n<li>Flugbenachrichtigungen per E-Mail abonnieren.<\/li>\n<li>Reiseziele entdecken \u2014 finden Sie Verbindungen nach Monat, Land oder Thema (z.&nbsp;B. warme Ziele im M\u00e4rz).<\/li>\n<\/ul>\n\n<\/div>\n\n\n\n<h4 class=\"wp-block-heading\">\ud83d\ude8c Transportinformationen<\/h4>\n\n\n\n<div class=\"wp-block-group is-content-justification-center is-nowrap is-layout-flex wp-container-core-group-is-layout-94bc23d7 wp-block-group-is-layout-flex\">\n\n<ul class=\"wp-block-list\">\n<li>Aktuelle <strong>Bus- &amp; Tram<\/strong>-Fahrpl\u00e4ne inkl. Haltestellen und Verbindungen zum Flughafen finden.<\/li>\n<\/ul>\n\n<\/div>\n\n\n\n<h4 class=\"wp-block-heading\">\ud83c\udf24\ufe0f Wetter-Updates<\/h4>\n\n\n\n<div class=\"wp-block-group is-content-justification-center is-nowrap is-layout-flex wp-container-core-group-is-layout-94bc23d7 wp-block-group-is-layout-flex\">\n\n<ul class=\"wp-block-list\">\n<li>Aktuelle Wetterbedingungen in Luxemburg vor der Reise pr\u00fcfen.<\/li>\n<\/ul>\n\n<\/div>\n\n\n\n<h4 class=\"wp-block-heading\">\ud83d\ude97 Parkservice<\/h4>\n\n\n\n<div class=\"wp-block-group is-content-justification-center is-nowrap is-layout-flex wp-container-core-group-is-layout-94bc23d7 wp-block-group-is-layout-flex\">\n\n<ul class=\"wp-block-list\">\n<li>Echtzeit-Updates zur Verf\u00fcgbarkeit von Parkpl\u00e4tzen am Flughafen erhalten.<\/li>\n<li>Verf\u00fcgbarkeit von <strong>Park-Vorbuchungen<\/strong> pr\u00fcfen.<\/li>\n<\/ul>\n\n<\/div>\n\n\n\n<h4 class=\"wp-block-heading\">\ud83d\udde3\ufe0f Luxemburgisch-Basics<\/h4>\n\n\n\n<div class=\"wp-block-group is-content-justification-center is-nowrap is-layout-flex wp-container-core-group-is-layout-94bc23d7 wp-block-group-is-layout-flex\">\n\n<ul class=\"wp-block-list\">\n<li>Wichtige luxemburgische Redewendungen mit \u00dcbersetzungen lernen.<\/li>\n<\/ul>\n\n<\/div>\n\n\n\n<h4 class=\"wp-block-heading\">\ud83c\udf89 Interaktive Unterhaltung<\/h4>\n\n\n\n<div class=\"wp-block-group is-content-justification-center is-nowrap is-layout-flex wp-container-core-group-is-layout-94bc23d7 wp-block-group-is-layout-flex\">\n\n<ul class=\"wp-block-list\">\n<li>Und Spa\u00df darf sein! Ich stelle Fragen oder gebe interaktive Impulse, damit unser Gespr\u00e4ch lebendig bleibt.<\/li>\n<\/ul>\n\n<\/div>\n\n\n\n<p>Wenn Sie Hilfe ben\u00f6tigen, sagen Sie einfach Bescheid \u2014 ich bin f\u00fcr Sie da! \u2708\ufe0f<\/p>\n\n\n\n<div style=\"height:30px\" aria-hidden=\"true\" class=\"wp-block-spacer\"><\/div>\n\n\n\n<hr class=\"wp-block-separator has-alpha-channel-opacity\"\/>\n\n\n\n<h2 class=\"wp-block-heading\"><strong>Sind meine Daten bei R\u00e9no sicher?<\/strong><\/h2>\n\n\n\n<p>Ihre Privatsph\u00e4re ist wichtig, und der Schutz Ihrer Daten hat oberste Priorit\u00e4t. R\u00e9no nutzt die KI-Dienste von <strong>Microsoft<\/strong>, die strenge Sicherheits- und Datenschutzvorschriften einhalten. Das sollten Sie wissen:<\/p>\n\n\n\n<div class=\"wp-block-group is-content-justification-center is-nowrap is-layout-flex wp-container-core-group-is-layout-94bc23d7 wp-block-group-is-layout-flex\">\n\n<ul class=\"wp-block-list\">\n<li><strong>Datenaufbewahrung zur Verbesserung:<\/strong> lux-Airport speichert Interaktionsdaten <strong>3&nbsp;Monate<\/strong> lang, um die Leistung von R\u00e9no zu verbessern. Danach werden personenbezogene Daten gel\u00f6scht.<\/li>\n<li><strong>Datenresidenz in Europa:<\/strong> Microsoft stellt sicher, dass Verarbeitung und Speicherung <strong>innerhalb festgelegter geografischer Grenzen<\/strong> erfolgen. Bei in der EU bereitgestellten Azure-OpenAI-Ressourcen werden Daten <strong>in EU-Mitgliedstaaten<\/strong> verarbeitet und gespeichert.<\/li>\n<li><strong>Keine Weitergabe:<\/strong> Ihre Interaktionen werden <strong>nicht<\/strong> mit anderen Kunden oder OpenAI geteilt und nicht ohne Ihre Zustimmung zum Training externer Modelle verwendet.<\/li>\n<li><strong>Verschl\u00fcsselung &amp; Sicherheit:<\/strong> S\u00e4mtliche Kommunikation ist verschl\u00fcsselt, damit Ihre Daten gesch\u00fctzt sind.<\/li>\n<li><strong>Transparenz &amp; Kontrolle:<\/strong> Sie behalten die Kontrolle dar\u00fcber, was geteilt wird.<\/li>\n<\/ul>\n\n<\/div>\n\n\n\n<p>Details finden Sie in der <a href=\"https:\/\/learn.microsoft.com\/en-us\/legal\/cognitive-services\/openai\/data-privacy?context=%2Fazure%2Fcognitive-services%2Fopenai%2Fcontext%2Fcontext&amp;tabs=azure-portal\" rel=\"nofollow noopener\" target=\"_blank\">offiziellen Datenschutzrichtlinie von Microsoft<\/a>.<\/p>\n\n\n\n<p>R\u00e9no macht Ihr Erlebnis am Flughafen Luxemburg reibungslos und stressfrei \u2014 mit konsequentem Schutz Ihrer Daten. <strong>Gute Reise!<\/strong> \u2708\ufe0f<\/p>\n\n\n\n<div style=\"height:20px\" aria-hidden=\"true\" class=\"wp-block-spacer\"><\/div>\n\n\n\n<hr class=\"wp-block-separator has-alpha-channel-opacity\"\/>\n\n\n\n<h2 class=\"wp-block-heading has-text-align-center\">R\u00e9no in den sozialen Medien<\/h2>\n\n\n\n<div style=\"height:20px\" aria-hidden=\"true\" class=\"wp-block-spacer\"><\/div>\n\n\n\n<div class=\"wp-block-group is-content-justification-center is-nowrap is-layout-flex wp-container-core-group-is-layout-94bc23d7 wp-block-group-is-layout-flex\">\n\n<blockquote class=\"instagram-media\" data-instgrm-captioned data-instgrm-permalink=\"https:\/\/www.instagram.com\/reel\/DPV92hPDOxB\/?utm_source=ig_embed&amp;utm_campaign=loading\" data-instgrm-version=\"14\" style=\" background:#FFF; border:0; border-radius:3px; box-shadow:0 0 1px 0 rgba(0,0,0,0.5),0 1px 10px 0 rgba(0,0,0,0.15); margin: 1px; max-width:540px; min-width:326px; padding:0; width:99.375%; width:-webkit-calc(100% - 2px); width:calc(100% - 2px);\"><div style=\"padding:16px;\"> <a href=\"https:\/\/www.instagram.com\/reel\/DPV92hPDOxB\/?utm_source=ig_embed&amp;utm_campaign=loading\" style=\" background:#FFFFFF; line-height:0; padding:0 0; text-align:center; text-decoration:none; width:100%;\" target=\"_blank\" rel=\"nofollow noopener\"> <div style=\" display: flex; flex-direction: row; align-items: center;\"> <div style=\"background-color: #F4F4F4; border-radius: 50%; flex-grow: 0; height: 40px; margin-right: 14px; width: 40px;\"><\/div> <div style=\"display: flex; flex-direction: column; flex-grow: 1; justify-content: center;\"> <div style=\" background-color: #F4F4F4; border-radius: 4px; flex-grow: 0; height: 14px; margin-bottom: 6px; width: 100px;\"><\/div> <div style=\" background-color: #F4F4F4; border-radius: 4px; flex-grow: 0; height: 14px; width: 60px;\"><\/div><\/div><\/div><div style=\"padding: 19% 0;\"><\/div> <div style=\"display:block; height:50px; margin:0 auto 12px; width:50px;\"><svg width=\"50px\" height=\"50px\" viewBox=\"0 0 60 60\" version=\"1.1\" xmlns=\"https:\/\/www.w3.org\/2000\/svg\" xmlns:xlink=\"https:\/\/www.w3.org\/1999\/xlink\"><g stroke=\"none\" stroke-width=\"1\" fill=\"none\" fill-rule=\"evenodd\"><g transform=\"translate(-511.000000, -20.000000)\" fill=\"#000000\"><g><path d=\"M556.869,30.41 C554.814,30.41 553.148,32.076 553.148,34.131 C553.148,36.186 554.814,37.852 556.869,37.852 C558.924,37.852 560.59,36.186 560.59,34.131 C560.59,32.076 558.924,30.41 556.869,30.41 M541,60.657 C535.114,60.657 530.342,55.887 530.342,50 C530.342,44.114 535.114,39.342 541,39.342 C546.887,39.342 551.658,44.114 551.658,50 C551.658,55.887 546.887,60.657 541,60.657 M541,33.886 C532.1,33.886 524.886,41.1 524.886,50 C524.886,58.899 532.1,66.113 541,66.113 C549.9,66.113 557.115,58.899 557.115,50 C557.115,41.1 549.9,33.886 541,33.886 M565.378,62.101 C565.244,65.022 564.756,66.606 564.346,67.663 C563.803,69.06 563.154,70.057 562.106,71.106 C561.058,72.155 560.06,72.803 558.662,73.347 C557.607,73.757 556.021,74.244 553.102,74.378 C549.944,74.521 548.997,74.552 541,74.552 C533.003,74.552 532.056,74.521 528.898,74.378 C525.979,74.244 524.393,73.757 523.338,73.347 C521.94,72.803 520.942,72.155 519.894,71.106 C518.846,70.057 518.197,69.06 517.654,67.663 C517.244,66.606 516.755,65.022 516.623,62.101 C516.479,58.943 516.448,57.996 516.448,50 C516.448,42.003 516.479,41.056 516.623,37.899 C516.755,34.978 517.244,33.391 517.654,32.338 C518.197,30.938 518.846,29.942 519.894,28.894 C520.942,27.846 521.94,27.196 523.338,26.654 C524.393,26.244 525.979,25.756 528.898,25.623 C532.057,25.479 533.004,25.448 541,25.448 C548.997,25.448 549.943,25.479 553.102,25.623 C556.021,25.756 557.607,26.244 558.662,26.654 C560.06,27.196 561.058,27.846 562.106,28.894 C563.154,29.942 563.803,30.938 564.346,32.338 C564.756,33.391 565.244,34.978 565.378,37.899 C565.522,41.056 565.552,42.003 565.552,50 C565.552,57.996 565.522,58.943 565.378,62.101 M570.82,37.631 C570.674,34.438 570.167,32.258 569.425,30.349 C568.659,28.377 567.633,26.702 565.965,25.035 C564.297,23.368 562.623,22.342 560.652,21.575 C558.743,20.834 556.562,20.326 553.369,20.18 C550.169,20.033 549.148,20 541,20 C532.853,20 531.831,20.033 528.631,20.18 C525.438,20.326 523.257,20.834 521.349,21.575 C519.376,22.342 517.703,23.368 516.035,25.035 C514.368,26.702 513.342,28.377 512.574,30.349 C511.834,32.258 511.326,34.438 511.181,37.631 C511.035,40.831 511,41.851 511,50 C511,58.147 511.035,59.17 511.181,62.369 C511.326,65.562 511.834,67.743 512.574,69.651 C513.342,71.625 514.368,73.296 516.035,74.965 C517.703,76.634 519.376,77.658 521.349,78.425 C523.257,79.167 525.438,79.673 528.631,79.82 C531.831,79.965 532.853,80.001 541,80.001 C549.148,80.001 550.169,79.965 553.369,79.82 C556.562,79.673 558.743,79.167 560.652,78.425 C562.623,77.658 564.297,76.634 565.965,74.965 C567.633,73.296 568.659,71.625 569.425,69.651 C570.167,67.743 570.674,65.562 570.82,62.369 C570.966,59.17 571,58.147 571,50 C571,41.851 570.966,40.831 570.82,37.631\"><\/path><\/g><\/g><\/g><\/svg><\/div><div style=\"padding-top: 8px;\"> <div style=\" color:#3897f0; font-family:Arial,sans-serif; font-size:14px; font-style:normal; font-weight:550; line-height:18px;\">Diesen Beitrag auf Instagram ansehen<\/div><\/div><div style=\"padding: 12.5% 0;\"><\/div> <div style=\"display: flex; flex-direction: row; margin-bottom: 14px; align-items: center;\"><div> <div style=\"background-color: #F4F4F4; border-radius: 50%; height: 12.5px; width: 12.5px; transform: translateX(0px) translateY(7px);\"><\/div> <div style=\"background-color: #F4F4F4; height: 12.5px; transform: rotate(-45deg) translateX(3px) translateY(1px); width: 12.5px; flex-grow: 0; margin-right: 14px; margin-left: 2px;\"><\/div> <div style=\"background-color: #F4F4F4; border-radius: 50%; height: 12.5px; width: 12.5px; transform: translateX(9px) translateY(-18px);\"><\/div><\/div><div style=\"margin-left: 8px;\"> <div style=\" background-color: #F4F4F4; border-radius: 4px; flex-grow: 0; height: 20px; width: 20px;\"><\/div> <div style=\" width: 0; height: 0; border-top: 2px solid transparent; border-left: 6px solid #f4f4f4; border-bottom: 2px solid transparent; transform: translateX(16px) translateY(-4px) rotate(30deg)\"><\/div><\/div><div style=\"margin-left: auto;\"> <div style=\" width: 0px; border-top: 8px solid #F4F4F4; border-right: 8px solid transparent; transform: translateY(16px);\"><\/div> <div style=\" background-color: #F4F4F4; flex-grow: 0; height: 12px; width: 16px; transform: translateY(-4px);\"><\/div> <div style=\" width: 0; height: 0; border-top: 8px solid #F4F4F4; border-left: 8px solid transparent; transform: translateY(-4px) translateX(8px);\"><\/div><\/div><\/div> <div style=\"display: flex; flex-direction: column; flex-grow: 1; justify-content: center; margin-bottom: 24px;\"> <div style=\" background-color: #F4F4F4; border-radius: 4px; flex-grow: 0; height: 14px; margin-bottom: 6px; width: 224px;\"><\/div> <div style=\" background-color: #F4F4F4; border-radius: 4px; flex-grow: 0; height: 14px; width: 144px;\"><\/div><\/div><\/a><p style=\" color:#c9c8cd; font-family:Arial,sans-serif; font-size:14px; line-height:17px; margin-bottom:0; margin-top:8px; overflow:hidden; padding:8px 0 7px; text-align:center; text-overflow:ellipsis; white-space:nowrap;\"><a href=\"https:\/\/www.instagram.com\/reel\/DPV92hPDOxB\/?utm_source=ig_embed&amp;utm_campaign=loading\" style=\" color:#c9c8cd; font-family:Arial,sans-serif; font-size:14px; font-style:normal; font-weight:normal; line-height:17px; text-decoration:none;\" target=\"_blank\" rel=\"nofollow noopener\">Ein Beitrag geteilt von lux-Airport (@lux_airport)<\/a><\/p><\/div><\/blockquote>\n<script async src=\"\/\/www.instagram.com\/embed.js\"><\/script>\n\n<\/div>\n","protected":false},"excerpt":{"rendered":"<p>Klug, schnell und stets hilfsbereit \u2014 R\u00e9no der Fuchs ist Ihr KI-Begleiter am Flughafen Luxemburg, der Ihnen mit intelligenter und effizienter Unterst\u00fctzung eine reibungslose Reise erm\u00f6glicht. \ud83d\ude80 R\u00e9no entwickelt sich kontinuierlich weiter und verbessert sich dank des Nutzerfeedbacks, um ein noch intelligenteres und nahtloseres Erlebnis zu bieten. \u2728 Warum R\u00e9no? R\u00e9no der Fuchs ist eine [&hellip;]<\/p>\n","protected":false},"author":1,"featured_media":0,"parent":7055,"menu_order":0,"comment_status":"closed","ping_status":"closed","template":"","meta":{"_acf_changed":false,"footnotes":""},"class_list":["post-20721","page","type-page","status-publish","hentry"],"acf":[],"_links":{"self":[{"href":"https:\/\/www.lux-airport.lu\/de\/wp-json\/wp\/v2\/pages\/20721","targetHints":{"allow":["GET"]}}],"collection":[{"href":"https:\/\/www.lux-airport.lu\/de\/wp-json\/wp\/v2\/pages"}],"about":[{"href":"https:\/\/www.lux-airport.lu\/de\/wp-json\/wp\/v2\/types\/page"}],"author":[{"embeddable":true,"href":"https:\/\/www.lux-airport.lu\/de\/wp-json\/wp\/v2\/users\/1"}],"replies":[{"embeddable":true,"href":"https:\/\/www.lux-airport.lu\/de\/wp-json\/wp\/v2\/comments?post=20721"}],"version-history":[{"count":0,"href":"https:\/\/www.lux-airport.lu\/de\/wp-json\/wp\/v2\/pages\/20721\/revisions"}],"up":[{"embeddable":true,"href":"https:\/\/www.lux-airport.lu\/de\/wp-json\/wp\/v2\/pages\/7055"}],"wp:attachment":[{"href":"https:\/\/www.lux-airport.lu\/de\/wp-json\/wp\/v2\/media?parent=20721"}],"curies":[{"name":"wp","href":"https:\/\/api.w.org\/{rel}","templated":true}]}}