{"id":17565,"date":"2024-05-30T15:04:14","date_gmt":"2024-05-30T13:04:14","guid":{"rendered":"https:\/\/www.lux-airport.lu\/?page_id=17565"},"modified":"2024-05-30T15:10:49","modified_gmt":"2024-05-30T13:10:49","slug":"house-rules","status":"publish","type":"page","link":"https:\/\/www.lux-airport.lu\/de\/assistenz-und-support\/house-rules\/","title":{"rendered":"Hausordnung (House Rules)"},"content":{"rendered":"\n<p>Hier am Flughafen m\u00fcssen sich alle Besucher des Terminals an die \u201eHausordnung\u201c halten. Bei Verst\u00f6\u00dfen gegen diese Regeln behalten wir uns das Recht vor, Sie des Gel\u00e4ndes zu verweisen. Die offizielle Hausordnung des lux-Airports finden Sie unten oder <a href=\"https:\/\/www.lux-airport.lu\/wp-content\/uploads\/2024\/05\/House-Rules-v1-Approved-for-external.pdf\" target=\"_blank\" rel=\"noreferrer noopener\">k\u00f6nnen sie hier herunterladen<\/a>.<\/p>\n\n\n\n<div data-wp-interactive=\"core\/file\" class=\"wp-block-file\"><object data-wp-bind--hidden=\"!state.hasPdfPreview\" hidden class=\"wp-block-file__embed\" data=\"https:\/\/www.lux-airport.lu\/wp-content\/uploads\/2024\/05\/House-Rules-v1-Approved-for-external.pdf\" type=\"application\/pdf\" style=\"width:100%;height:600px\" aria-label=\"Einbettung von lux-Airport House Rules.\"><\/object><a id=\"wp-block-file--media-0d71550f-a700-48ec-868e-2fdd3b46e536\" href=\"https:\/\/www.lux-airport.lu\/wp-content\/uploads\/2024\/05\/House-Rules-v1-Approved-for-external.pdf\">lux-Airport House Rules<\/a><\/div>\n\n\n\n<p><\/p>\n","protected":false},"excerpt":{"rendered":"<p>Hier am Flughafen m\u00fcssen sich alle Besucher des Terminals an die \u201eHausordnung\u201c halten. Bei Verst\u00f6\u00dfen gegen diese Regeln behalten wir uns das Recht vor, Sie des Gel\u00e4ndes zu verweisen. Die offizielle Hausordnung des lux-Airports finden Sie unten oder k\u00f6nnen sie hier herunterladen.<\/p>\n","protected":false},"author":9,"featured_media":0,"parent":7055,"menu_order":9,"comment_status":"closed","ping_status":"closed","template":"","meta":{"_acf_changed":false,"footnotes":""},"class_list":["post-17565","page","type-page","status-publish","hentry"],"acf":{"set_page_width_full":false,"start_with_small_header":false,"reno_options":{"hide_reno_widget":false,"open_widget_on_page_load":false,"which_tab_to_open":"chatbot","hide_reno_turn_onoff":false,"set_height_to_mini":false,"reno_page_branded_text_back_front":{"reno_show_branded_text":false,"reno_text_in_the_back":"JOURNEY","reno_text_in_the_front":"my journey starts here"}},"branded_text_backfront":{"hide_branded_text":false,"text_in_the_back":"JOURNEY","text_in_the_front_left":"My journey","text_in_the_front_right":"starts here"},"hide_breadcrumbs":false,"hide_footer_widgets":false,"hide_page_title":false,"advertising__adsense":{"show_ads_in_this_page":true,"image_instead_of_adsense":{"enable_image_instead_of_adsense":false,"banner_image_300x250":null,"banner_url":""}},"header_image_options":{"show_header_image":"Yes","header_image":""}},"_links":{"self":[{"href":"https:\/\/www.lux-airport.lu\/de\/wp-json\/wp\/v2\/pages\/17565","targetHints":{"allow":["GET"]}}],"collection":[{"href":"https:\/\/www.lux-airport.lu\/de\/wp-json\/wp\/v2\/pages"}],"about":[{"href":"https:\/\/www.lux-airport.lu\/de\/wp-json\/wp\/v2\/types\/page"}],"author":[{"embeddable":true,"href":"https:\/\/www.lux-airport.lu\/de\/wp-json\/wp\/v2\/users\/9"}],"replies":[{"embeddable":true,"href":"https:\/\/www.lux-airport.lu\/de\/wp-json\/wp\/v2\/comments?post=17565"}],"version-history":[{"count":0,"href":"https:\/\/www.lux-airport.lu\/de\/wp-json\/wp\/v2\/pages\/17565\/revisions"}],"up":[{"embeddable":true,"href":"https:\/\/www.lux-airport.lu\/de\/wp-json\/wp\/v2\/pages\/7055"}],"wp:attachment":[{"href":"https:\/\/www.lux-airport.lu\/de\/wp-json\/wp\/v2\/media?parent=17565"}],"curies":[{"name":"wp","href":"https:\/\/api.w.org\/{rel}","templated":true}]}}