{"id":15184,"date":"2023-10-04T10:22:37","date_gmt":"2023-10-04T08:22:37","guid":{"rendered":"https:\/\/www.lux-airport.lu\/unternehmen\/business-partners\/tca-and-airport-id-card-information\/"},"modified":"2025-05-20T16:19:04","modified_gmt":"2025-05-20T14:19:04","slug":"tca-and-airport-id-card-information","status":"publish","type":"page","link":"https:\/\/www.lux-airport.lu\/de\/unternehmen\/business-partners\/tca-and-airport-id-card-information\/","title":{"rendered":"Flughafenausweis-Informationen"},"content":{"rendered":"\n<h2 class=\"wp-block-heading\">Standardarbeitsanweisung<\/h2>\n\n\n\n<p>Nachstehend finden Sie die Standardarbeitsanweisung (SOP) f\u00fcr die Ausstellung eines Flughafenausweises.<\/p>\n\n\n\n<p><strong><a href=\"https:\/\/www.lux-airport.lu\/wp-content\/uploads\/2025\/05\/SOP.SEC-011-rev-B.pdf\" target=\"_blank\" data-type=\"link\" data-id=\"https:\/\/www.lux-airport.lu\/wp-content\/uploads\/2023\/10\/SOP.SEC-011-rev-A-Demande-de-delivrance-dun-TCA_-Application-for-the-issue-of-a-TCA.pdf\" rel=\"noreferrer noopener\">lux-Airport Standardarbeitsanweisung<\/a><\/strong><\/p>\n\n\n\n<div class=\"wp-block-buttons no padding is-layout-flex wp-block-buttons-is-layout-flex\">\n<div class=\"wp-block-button\"><a class=\"wp-block-button__link wp-element-button\" href=\"https:\/\/www.lux-airport.lu\/wp-content\/uploads\/2025\/05\/SOP.SEC-011-rev-B.pdf\" target=\"_blank\" rel=\"noreferrer noopener\"><strong><mark style=\"background-color:rgba(0, 0, 0, 0)\" class=\"has-inline-color has-white-color\">Download<\/mark><\/strong><\/a><\/div>\n<\/div>\n\n\n\n<h2 class=\"wp-block-heading nopadding\">Antrag auf Flughafen-ID-Karte<\/h2>\n\n\n\n<p>F\u00fcr diejenigen unter Ihnen, die einen speziellen Zugang zum Flughafen zu Arbeitszwecken beantragen m\u00f6chten und einen offiziellen lux-Airport TCA Airport ID Card ben\u00f6tigen, finden Sie unten den Antrag.<\/p>\n\n\n\n<p>Nachdem Sie den Antrag heruntergeladen und ausgef\u00fcllt haben, reichen Sie ihn bei Ihrem Arbeitgeber\/Ihrer ans\u00e4ssigen Einrichtung ein, damit er von lux-Airport bearbeitet werden kann.<\/p>\n\n\n\n<p><strong><a href=\"https:\/\/www.lux-airport.lu\/wp-content\/uploads\/2025\/05\/SOF.SEC-002-rev-D.pdf\" target=\"_blank\" rel=\"noreferrer noopener\">TCA Airport ID Card Antrag<\/a><\/strong><\/p>\n\n\n\n<div class=\"wp-block-buttons is-layout-flex wp-block-buttons-is-layout-flex\">\n<div class=\"wp-block-button\"><a class=\"wp-block-button__link wp-element-button\" href=\"https:\/\/www.lux-airport.lu\/wp-content\/uploads\/2025\/05\/SOF.SEC-002-rev-D.pdf\" target=\"_blank\" rel=\"noreferrer noopener\"><strong><mark style=\"background-color:rgba(0, 0, 0, 0)\" class=\"has-inline-color has-white-color\">Download<\/mark><\/strong><\/a><\/div>\n<\/div>\n\n\n\n<div style=\"height:60px\" aria-hidden=\"true\" class=\"wp-block-spacer\"><\/div>\n","protected":false},"excerpt":{"rendered":"<p>Standardarbeitsanweisung Nachstehend finden Sie die Standardarbeitsanweisung (SOP) f\u00fcr die Ausstellung eines Flughafenausweises. lux-Airport Standardarbeitsanweisung Antrag auf Flughafen-ID-Karte F\u00fcr diejenigen unter Ihnen, die einen speziellen Zugang zum Flughafen zu Arbeitszwecken beantragen m\u00f6chten und einen offiziellen lux-Airport TCA Airport ID Card ben\u00f6tigen, finden Sie unten den Antrag. Nachdem Sie den Antrag heruntergeladen und ausgef\u00fcllt haben, reichen Sie [&hellip;]<\/p>\n","protected":false},"author":9,"featured_media":0,"parent":6961,"menu_order":4,"comment_status":"closed","ping_status":"closed","template":"","meta":{"_acf_changed":false,"footnotes":""},"class_list":["post-15184","page","type-page","status-publish","hentry"],"acf":{"set_page_width_full":false,"start_with_small_header":false,"reno_options":{"hide_reno_widget":false,"open_widget_on_page_load":false,"which_tab_to_open":"chatbot","hide_reno_turn_onoff":false,"set_height_to_mini":false,"reno_page_branded_text_back_front":{"reno_show_branded_text":false,"reno_text_in_the_back":"JOURNEY","reno_text_in_the_front":"my journey starts here"}},"branded_text_backfront":{"hide_branded_text":false,"text_in_the_back":"JOURNEY","text_in_the_front_left":"My journey","text_in_the_front_right":"starts here"},"hide_breadcrumbs":false,"hide_footer_widgets":false,"hide_page_title":false,"advertising__adsense":{"show_ads_in_this_page":true,"image_instead_of_adsense":{"enable_image_instead_of_adsense":false,"banner_image_300x250":null,"banner_url":""}},"header_image_options":{"show_header_image":"Yes","header_image":""}},"_links":{"self":[{"href":"https:\/\/www.lux-airport.lu\/de\/wp-json\/wp\/v2\/pages\/15184","targetHints":{"allow":["GET"]}}],"collection":[{"href":"https:\/\/www.lux-airport.lu\/de\/wp-json\/wp\/v2\/pages"}],"about":[{"href":"https:\/\/www.lux-airport.lu\/de\/wp-json\/wp\/v2\/types\/page"}],"author":[{"embeddable":true,"href":"https:\/\/www.lux-airport.lu\/de\/wp-json\/wp\/v2\/users\/9"}],"replies":[{"embeddable":true,"href":"https:\/\/www.lux-airport.lu\/de\/wp-json\/wp\/v2\/comments?post=15184"}],"version-history":[{"count":0,"href":"https:\/\/www.lux-airport.lu\/de\/wp-json\/wp\/v2\/pages\/15184\/revisions"}],"up":[{"embeddable":true,"href":"https:\/\/www.lux-airport.lu\/de\/wp-json\/wp\/v2\/pages\/6961"}],"wp:attachment":[{"href":"https:\/\/www.lux-airport.lu\/de\/wp-json\/wp\/v2\/media?parent=15184"}],"curies":[{"name":"wp","href":"https:\/\/api.w.org\/{rel}","templated":true}]}}