{"id":15119,"date":"2023-09-26T13:46:28","date_gmt":"2023-09-26T11:46:28","guid":{"rendered":"https:\/\/www.lux-airport.lu\/?page_id=15119"},"modified":"2023-09-26T13:50:43","modified_gmt":"2023-09-26T11:50:43","slug":"cis-findel","status":"publish","type":"page","link":"https:\/\/www.lux-airport.lu\/de\/unternehmen\/ueber-uns\/cis-findel\/","title":{"rendered":"CIS Findel"},"content":{"rendered":"\n<h4 class=\"wp-block-heading\">Die Rolle von lux-Airport &#8211; Reisen erm\u00f6glichen und Zukunft gestalten<\/h4>\n\n\n\n<figure class=\"wp-block-embed is-type-video is-provider-youtube wp-block-embed-youtube wp-embed-aspect-16-9 wp-has-aspect-ratio\"><div class=\"wp-block-embed__wrapper\">\n<iframe loading=\"lazy\" title=\"lux-Airport - empowering journeys and building futures - the brand new CIS Findel building\" width=\"640\" height=\"360\" src=\"https:\/\/www.youtube.com\/embed\/cB2D14f-5GY?feature=oembed\" frameborder=\"0\" allow=\"accelerometer; autoplay; clipboard-write; encrypted-media; gyroscope; picture-in-picture; web-share\" referrerpolicy=\"strict-origin-when-cross-origin\" allowfullscreen><\/iframe>\n<\/div><\/figure>\n\n\n\n<p>lux-Airport ist die Betreibergesellschaft des luxemburgischen Flughafens und Infrastrukturentwickler f\u00fcr die Flughafenumgebung. Das 2003 gegr\u00fcndete Unternehmen besch\u00e4ftigt derzeit \u00fcber 360 Mitarbeiter, die in verschiedenen Bereichen des Flughafenmanagements und der Immobilienentwicklung t\u00e4tig sind. lux-Airport kann auf ein Portfolio mit bemerkenswerten Projekten wie dem Bau des Cargolux-Hauptsitzes, dem im Bau befindlichen Luxair-Wartungshangar, der Neugestaltung der Polizeischule und der Polizeisporthalle, dem mit dem Flughafen verbundenen Gesch\u00e4ftszentrum Skypark Business Center und der 100-prozentigen Sanierung der einzigen Start- und Landebahn des Flughafens Luxemburg in den Jahren 2021 und 2022 verweisen.<\/p>\n\n\n\n<p>Der j\u00fcngste Meilenstein ist das hochmoderne CIS Findel-Geb\u00e4ude, das einem der wichtigsten Akteure des Flughafens, der Flughafenfeuerwehr, gewidmet ist. lux-Airport hat sich voll und ganz auf die Bed\u00fcrfnisse der Kunden eingestellt und sich auf nachhaltige, ma\u00dfgeschneiderte Geb\u00e4ude spezialisiert. Das neue CIS Findel-Geb\u00e4ude erf\u00fcllt beide Anforderungen: eine moderne, schnelle Infrastruktur und ein sicheres, luftseitiges Umfeld, das alle Regeln und Vorschriften ber\u00fccksichtigt.<br>Das Geb\u00e4ude ist sehr auf die betrieblichen Anforderungen ausgerichtet. Dennoch war das Bewusstsein, so viele nachhaltige Elemente wie m\u00f6glich einzubauen, f\u00fcr lux-Airport entscheidend.<\/p>\n\n\n\n<p><br>Nachhaltige Schl\u00fcsselfakten zum Geb\u00e4ude und zur Umgebung:<\/p>\n\n\n\n<ul class=\"wp-block-list\">\n<li>8 Ladestationen f\u00fcr E-Autos, die zu 100 % mit Strom aus Wasserkraft betrieben werden<\/li>\n\n\n\n<li>240 kWp Photovoltaik-Paneele auf dem Dach des neuen CIS Findel, die 240 000 kWh\/a erzeugen<\/li>\n\n\n\n<li>430 m3 Regenwasserspeicher, in dem das Wasser aus dem CIS Findel und dem Hangar Nennig gesammelt wird. Dieses Wasser kann zur Bef\u00fcllung der Feuerwehrfahrzeuge, z.B. f\u00fcr Tests, verwendet werden.<\/li>\n\n\n\n<li>Erneuerung des gesamten Abwasserbereichs in der Umgebung des CIS Findel<\/li>\n<\/ul>\n\n\n\n<p>Werfen Sie einen exklusiven Blick auf das neue CIS Findel Geb\u00e4ude und besuchen Sie den <a href=\"https:\/\/www.youtube.com\/watch?v=cB2D14f-5GY\" rel=\"nofollow noopener\" target=\"_blank\">lux-Airport YouTube Channel<\/a>.<\/p>\n","protected":false},"excerpt":{"rendered":"<p>Die Rolle von lux-Airport &#8211; Reisen erm\u00f6glichen und Zukunft gestalten lux-Airport ist die Betreibergesellschaft des luxemburgischen Flughafens und Infrastrukturentwickler f\u00fcr die Flughafenumgebung. Das 2003 gegr\u00fcndete Unternehmen besch\u00e4ftigt derzeit \u00fcber 360 Mitarbeiter, die in verschiedenen Bereichen des Flughafenmanagements und der Immobilienentwicklung t\u00e4tig sind. lux-Airport kann auf ein Portfolio mit bemerkenswerten Projekten wie dem Bau des Cargolux-Hauptsitzes, [&hellip;]<\/p>\n","protected":false},"author":9,"featured_media":0,"parent":7076,"menu_order":0,"comment_status":"closed","ping_status":"closed","template":"","meta":{"_acf_changed":false,"footnotes":""},"class_list":["post-15119","page","type-page","status-publish","hentry"],"acf":{"set_page_width_full":false,"start_with_small_header":false,"reno_options":{"hide_reno_widget":false,"open_widget_on_page_load":false,"which_tab_to_open":"chatbot","hide_reno_turn_onoff":false,"set_height_to_mini":false,"reno_page_branded_text_back_front":{"reno_show_branded_text":false,"reno_text_in_the_back":"JOURNEY","reno_text_in_the_front":"my journey starts here"}},"branded_text_backfront":{"hide_branded_text":false,"text_in_the_back":"JOURNEY","text_in_the_front_left":"My journey","text_in_the_front_right":"starts here"},"hide_breadcrumbs":false,"hide_footer_widgets":false,"hide_page_title":false,"advertising__adsense":{"show_ads_in_this_page":true,"image_instead_of_adsense":{"enable_image_instead_of_adsense":false,"banner_image_300x250":null,"banner_url":""}},"header_image_options":{"show_header_image":"Yes","header_image":""}},"_links":{"self":[{"href":"https:\/\/www.lux-airport.lu\/de\/wp-json\/wp\/v2\/pages\/15119","targetHints":{"allow":["GET"]}}],"collection":[{"href":"https:\/\/www.lux-airport.lu\/de\/wp-json\/wp\/v2\/pages"}],"about":[{"href":"https:\/\/www.lux-airport.lu\/de\/wp-json\/wp\/v2\/types\/page"}],"author":[{"embeddable":true,"href":"https:\/\/www.lux-airport.lu\/de\/wp-json\/wp\/v2\/users\/9"}],"replies":[{"embeddable":true,"href":"https:\/\/www.lux-airport.lu\/de\/wp-json\/wp\/v2\/comments?post=15119"}],"version-history":[{"count":0,"href":"https:\/\/www.lux-airport.lu\/de\/wp-json\/wp\/v2\/pages\/15119\/revisions"}],"up":[{"embeddable":true,"href":"https:\/\/www.lux-airport.lu\/de\/wp-json\/wp\/v2\/pages\/7076"}],"wp:attachment":[{"href":"https:\/\/www.lux-airport.lu\/de\/wp-json\/wp\/v2\/media?parent=15119"}],"curies":[{"name":"wp","href":"https:\/\/api.w.org\/{rel}","templated":true}]}}