{"id":14175,"date":"2023-06-29T20:48:53","date_gmt":"2023-06-29T18:48:53","guid":{"rendered":"https:\/\/www.lux-airport.lu\/unternehmen\/ueber-uns\/annual-reports\/"},"modified":"2023-07-12T14:24:45","modified_gmt":"2023-07-12T13:24:45","slug":"publikationen-geschaftsberichte","status":"publish","type":"page","link":"https:\/\/www.lux-airport.lu\/de\/unternehmen\/ueber-uns\/publikationen-geschaftsberichte\/","title":{"rendered":"Publikationen &amp; Gesch\u00e4ftsberichte"},"content":{"rendered":"\n<p>Ben\u00f6tigen Sie mehr Informationen? Jedes Jahr ver\u00f6ffentlicht lux-Airport einen Bericht, der die j\u00e4hrlichen Kennzahlen, Verkehrsergebnisse und Statistiken darlegt. Downloaden Sie die&nbsp;<strong>Gesch\u00e4ftsberichte des Flughafens Luxemburg&nbsp;<\/strong>hier, um mehr \u00fcber die dem Unternehmen anvertrauten Missionen, den Flughafenbetrieb, die finanzielle Entwicklung und die aufregenden Pl\u00e4ne f\u00fcr die Zukunft zu erfahren.<\/p>\n\n\n\n<div class=\"wp-block-group airlineContainer is-vertical is-content-justification-center is-nowrap is-layout-flex wp-container-core-group-is-layout-73832be3 wp-block-group-is-layout-flex\">\n<figure class=\"wp-block-image size-full\"><img loading=\"lazy\" decoding=\"async\" width=\"250\" height=\"420\" src=\"https:\/\/www.lux-airport.lu\/wp-content\/uploads\/2023\/06\/lux-airport-annual-report-2019-web2.jpg\" alt=\"\" class=\"wp-image-13942\" srcset=\"https:\/\/www.lux-airport.lu\/wp-content\/uploads\/2023\/06\/lux-airport-annual-report-2019-web2.jpg 250w, https:\/\/www.lux-airport.lu\/wp-content\/uploads\/2023\/06\/lux-airport-annual-report-2019-web2-179x300.jpg 179w\" sizes=\"auto, (max-width: 250px) 100vw, 250px\" \/><\/figure>\n\n\n\n<h4 class=\"wp-block-heading\">lux-Airport Gesch\u00e4ftsbericht 2019<\/h4>\n\n\n\n<div class=\"wp-block-buttons turquoiseButton is-layout-flex wp-block-buttons-is-layout-flex\">\n<div class=\"wp-block-button blueButton\"><a class=\"wp-block-button__link wp-element-button\" href=\"https:\/\/www.lux-airport.lu\/wp-content\/uploads\/2023\/06\/LUX_Annual_Report_2019_VFN.pdf\" target=\"_blank\" rel=\"noreferrer noopener\">DOWNLOAD REPORT<\/a><\/div>\n<\/div>\n<\/div>\n\n\n\n<div class=\"wp-block-group airlineContainer is-vertical is-content-justification-center is-nowrap is-layout-flex wp-container-core-group-is-layout-73832be3 wp-block-group-is-layout-flex\">\n<figure class=\"wp-block-image size-full\"><img loading=\"lazy\" decoding=\"async\" width=\"250\" height=\"420\" src=\"https:\/\/www.lux-airport.lu\/wp-content\/uploads\/2023\/06\/1910-annual-report-2018-1.jpg\" alt=\"\" class=\"wp-image-13945\" srcset=\"https:\/\/www.lux-airport.lu\/wp-content\/uploads\/2023\/06\/1910-annual-report-2018-1.jpg 250w, https:\/\/www.lux-airport.lu\/wp-content\/uploads\/2023\/06\/1910-annual-report-2018-1-179x300.jpg 179w\" sizes=\"auto, (max-width: 250px) 100vw, 250px\" \/><\/figure>\n\n\n\n<h4 class=\"wp-block-heading\">lux-Airport Gesch\u00e4ftsbericht 2018<\/h4>\n\n\n\n<div class=\"wp-block-buttons turquoiseButton is-layout-flex wp-block-buttons-is-layout-flex\">\n<div class=\"wp-block-button blueButton\"><a class=\"wp-block-button__link wp-element-button\" href=\"https:\/\/www.lux-airport.lu\/wp-content\/uploads\/2023\/06\/LuxAirport-RA-2018-LA_2.10.19-compresse.pdf\" target=\"_blank\" rel=\"noreferrer noopener\">DOWNLOAD REPORT<\/a><\/div>\n<\/div>\n<\/div>\n\n\n\n<div class=\"wp-block-group airlineContainer is-vertical is-content-justification-center is-nowrap is-layout-flex wp-container-core-group-is-layout-73832be3 wp-block-group-is-layout-flex\">\n<figure class=\"wp-block-image size-full\"><img loading=\"lazy\" decoding=\"async\" width=\"250\" height=\"421\" src=\"https:\/\/www.lux-airport.lu\/wp-content\/uploads\/2023\/06\/2018-06-26-LuxAirport_coverpage-web-1.jpg\" alt=\"\" class=\"wp-image-13954\" srcset=\"https:\/\/www.lux-airport.lu\/wp-content\/uploads\/2023\/06\/2018-06-26-LuxAirport_coverpage-web-1.jpg 250w, https:\/\/www.lux-airport.lu\/wp-content\/uploads\/2023\/06\/2018-06-26-LuxAirport_coverpage-web-1-178x300.jpg 178w\" sizes=\"auto, (max-width: 250px) 100vw, 250px\" \/><\/figure>\n\n\n\n<h4 class=\"wp-block-heading\">lux-Airport Gesch\u00e4ftsbericht 2017<\/h4>\n\n\n\n<div class=\"wp-block-buttons turquoiseButton is-layout-flex wp-block-buttons-is-layout-flex\">\n<div class=\"wp-block-button blueButton\"><a class=\"wp-block-button__link wp-element-button\" href=\"https:\/\/www.lux-airport.lu\/wp-content\/uploads\/2023\/06\/2018-06-26-LuxAirport-RA-FINAL.pdf\" target=\"_blank\" rel=\"noreferrer noopener\">DOWNLOAD REPORT<\/a><\/div>\n<\/div>\n<\/div>\n\n\n\n<div class=\"wp-block-group airlineContainer is-vertical is-content-justification-center is-nowrap is-layout-flex wp-container-core-group-is-layout-73832be3 wp-block-group-is-layout-flex\">\n<figure class=\"wp-block-image size-full\"><img loading=\"lazy\" decoding=\"async\" width=\"496\" height=\"700\" src=\"https:\/\/www.lux-airport.lu\/wp-content\/uploads\/2023\/06\/Thumb-cover-AR-2016.jpg\" alt=\"\" class=\"wp-image-13966\" srcset=\"https:\/\/www.lux-airport.lu\/wp-content\/uploads\/2023\/06\/Thumb-cover-AR-2016.jpg 496w, https:\/\/www.lux-airport.lu\/wp-content\/uploads\/2023\/06\/Thumb-cover-AR-2016-213x300.jpg 213w\" sizes=\"auto, (max-width: 496px) 100vw, 496px\" \/><\/figure>\n\n\n\n<h4 class=\"wp-block-heading\">lux-Airport Gesch\u00e4ftsbericht 2016<\/h4>\n\n\n\n<div class=\"wp-block-buttons turquoiseButton is-layout-flex wp-block-buttons-is-layout-flex\">\n<div class=\"wp-block-button blueButton\"><a class=\"wp-block-button__link wp-element-button\" href=\"https:\/\/www.lux-airport.lu\/wp-content\/uploads\/2023\/06\/Luxairport_AR_2016.pdf\" target=\"_blank\" rel=\"noreferrer noopener\">DOWNLOAD REPORT<\/a><\/div>\n<\/div>\n<\/div>\n\n\n\n<div class=\"wp-block-group airlineContainer is-vertical is-content-justification-center is-nowrap is-layout-flex wp-container-core-group-is-layout-73832be3 wp-block-group-is-layout-flex\">\n<figure class=\"wp-block-image size-full\"><img loading=\"lazy\" decoding=\"async\" width=\"496\" height=\"700\" src=\"https:\/\/www.lux-airport.lu\/wp-content\/uploads\/2023\/06\/luxAirportRapportAnnuel2015.jpg\" alt=\"\" class=\"wp-image-13978\" srcset=\"https:\/\/www.lux-airport.lu\/wp-content\/uploads\/2023\/06\/luxAirportRapportAnnuel2015.jpg 496w, https:\/\/www.lux-airport.lu\/wp-content\/uploads\/2023\/06\/luxAirportRapportAnnuel2015-213x300.jpg 213w\" sizes=\"auto, (max-width: 496px) 100vw, 496px\" \/><\/figure>\n\n\n\n<h4 class=\"wp-block-heading\">lux-Airport Gesch\u00e4ftsbericht 2015<\/h4>\n\n\n\n<div class=\"wp-block-buttons turquoiseButton is-layout-flex wp-block-buttons-is-layout-flex\">\n<div class=\"wp-block-button blueButton\"><a class=\"wp-block-button__link wp-element-button\" href=\"https:\/\/www.lux-airport.lu\/wp-content\/uploads\/2023\/06\/luxAirportRapportAnnuel2015Final.pdf\" target=\"_blank\" rel=\"noreferrer noopener\">DOWNLOAD REPORT<\/a><\/div>\n<\/div>\n<\/div>\n\n\n\n<div class=\"wp-block-group airlineContainer is-vertical is-content-justification-center is-nowrap is-layout-flex wp-container-core-group-is-layout-73832be3 wp-block-group-is-layout-flex\">\n<figure class=\"wp-block-image size-full\"><img loading=\"lazy\" decoding=\"async\" width=\"500\" height=\"700\" src=\"https:\/\/www.lux-airport.lu\/wp-content\/uploads\/2023\/06\/Luxairport_RA_2014-1.jpg\" alt=\"\" class=\"wp-image-13981\" srcset=\"https:\/\/www.lux-airport.lu\/wp-content\/uploads\/2023\/06\/Luxairport_RA_2014-1.jpg 500w, https:\/\/www.lux-airport.lu\/wp-content\/uploads\/2023\/06\/Luxairport_RA_2014-1-214x300.jpg 214w\" sizes=\"auto, (max-width: 500px) 100vw, 500px\" \/><\/figure>\n\n\n\n<h4 class=\"wp-block-heading\">lux-Airport Gesch\u00e4ftsbericht 2014<\/h4>\n\n\n\n<div class=\"wp-block-buttons turquoiseButton is-layout-flex wp-block-buttons-is-layout-flex\">\n<div class=\"wp-block-button blueButton\"><a class=\"wp-block-button__link wp-element-button\" href=\"https:\/\/www.lux-airport.lu\/wp-content\/uploads\/2023\/06\/Luxairport_RA_2014.pdf\" target=\"_blank\" rel=\"noreferrer noopener\">DOWNLOAD REPORT<\/a><\/div>\n<\/div>\n<\/div>\n\n\n\n<div class=\"wp-block-group airlineContainer is-vertical is-content-justification-center is-nowrap is-layout-flex wp-container-core-group-is-layout-73832be3 wp-block-group-is-layout-flex\">\n<figure class=\"wp-block-image size-full\"><img loading=\"lazy\" decoding=\"async\" width=\"500\" height=\"700\" src=\"https:\/\/www.lux-airport.lu\/wp-content\/uploads\/2023\/06\/LUXAIRPORT_annual_report_2013-1.jpg\" alt=\"\" class=\"wp-image-13990\" srcset=\"https:\/\/www.lux-airport.lu\/wp-content\/uploads\/2023\/06\/LUXAIRPORT_annual_report_2013-1.jpg 500w, https:\/\/www.lux-airport.lu\/wp-content\/uploads\/2023\/06\/LUXAIRPORT_annual_report_2013-1-214x300.jpg 214w\" sizes=\"auto, (max-width: 500px) 100vw, 500px\" \/><\/figure>\n\n\n\n<h4 class=\"wp-block-heading\">lux-Airport Gesch\u00e4ftsbericht 2013<\/h4>\n\n\n\n<div class=\"wp-block-buttons turquoiseButton is-layout-flex wp-block-buttons-is-layout-flex\">\n<div class=\"wp-block-button blueButton\"><a class=\"wp-block-button__link wp-element-button\" href=\"https:\/\/www.lux-airport.lu\/wp-content\/uploads\/2023\/06\/LUXAIRPORT_annual_report_2013.pdf\" target=\"_blank\" rel=\"noreferrer noopener\">DOWNLOAD REPORT<\/a><\/div>\n<\/div>\n<\/div>\n\n\n\n<div class=\"wp-block-group airlineContainer is-vertical is-content-justification-center is-nowrap is-layout-flex wp-container-core-group-is-layout-73832be3 wp-block-group-is-layout-flex\">\n<figure class=\"wp-block-image size-full\"><img loading=\"lazy\" decoding=\"async\" width=\"500\" height=\"700\" src=\"https:\/\/www.lux-airport.lu\/wp-content\/uploads\/2023\/06\/lux-Airport-annual-report-2012-1.jpg\" alt=\"\" class=\"wp-image-13993\" srcset=\"https:\/\/www.lux-airport.lu\/wp-content\/uploads\/2023\/06\/lux-Airport-annual-report-2012-1.jpg 500w, https:\/\/www.lux-airport.lu\/wp-content\/uploads\/2023\/06\/lux-Airport-annual-report-2012-1-214x300.jpg 214w\" sizes=\"auto, (max-width: 500px) 100vw, 500px\" \/><\/figure>\n\n\n\n<h4 class=\"wp-block-heading\">lux-Airport Gesch\u00e4ftsbericht 2012<\/h4>\n\n\n\n<div class=\"wp-block-buttons turquoiseButton is-layout-flex wp-block-buttons-is-layout-flex\">\n<div class=\"wp-block-button blueButton\"><a class=\"wp-block-button__link wp-element-button\" href=\"https:\/\/www.lux-airport.lu\/wp-content\/uploads\/2023\/06\/lux-Airport-annual-report-2012.pdf\" target=\"_blank\" rel=\"noreferrer noopener\">DOWNLOAD REPORT<\/a><\/div>\n<\/div>\n<\/div>\n\n\n\n<div class=\"wp-block-group airlineContainer is-vertical is-content-justification-center is-nowrap is-layout-flex wp-container-core-group-is-layout-73832be3 wp-block-group-is-layout-flex\">\n<figure class=\"wp-block-image size-full\"><img loading=\"lazy\" decoding=\"async\" width=\"500\" height=\"700\" src=\"https:\/\/www.lux-airport.lu\/wp-content\/uploads\/2023\/06\/lux-Airport-annual-report-2011-1.jpg\" alt=\"\" class=\"wp-image-14002\" srcset=\"https:\/\/www.lux-airport.lu\/wp-content\/uploads\/2023\/06\/lux-Airport-annual-report-2011-1.jpg 500w, https:\/\/www.lux-airport.lu\/wp-content\/uploads\/2023\/06\/lux-Airport-annual-report-2011-1-214x300.jpg 214w\" sizes=\"auto, (max-width: 500px) 100vw, 500px\" \/><\/figure>\n\n\n\n<h4 class=\"wp-block-heading\">lux-Airport Gesch\u00e4ftsbericht 2011<\/h4>\n\n\n\n<div class=\"wp-block-buttons turquoiseButton is-layout-flex wp-block-buttons-is-layout-flex\">\n<div class=\"wp-block-button blueButton\"><a class=\"wp-block-button__link wp-element-button\" href=\"https:\/\/www.lux-airport.lu\/wp-content\/uploads\/2023\/06\/lux-Airport-annual-report-2011.pdf\" target=\"_blank\" rel=\"noreferrer noopener\">DOWNLOAD REPORT<\/a><\/div>\n<\/div>\n<\/div>\n\n\n\n<div class=\"wp-block-group airlineContainer is-vertical is-content-justification-center is-nowrap is-layout-flex wp-container-core-group-is-layout-73832be3 wp-block-group-is-layout-flex\">\n<figure class=\"wp-block-image size-full\"><img loading=\"lazy\" decoding=\"async\" width=\"500\" height=\"700\" src=\"https:\/\/www.lux-airport.lu\/wp-content\/uploads\/2023\/06\/lux-airport-rapport-annuel-2010-1.jpg\" alt=\"\" class=\"wp-image-14005\" srcset=\"https:\/\/www.lux-airport.lu\/wp-content\/uploads\/2023\/06\/lux-airport-rapport-annuel-2010-1.jpg 500w, https:\/\/www.lux-airport.lu\/wp-content\/uploads\/2023\/06\/lux-airport-rapport-annuel-2010-1-214x300.jpg 214w\" sizes=\"auto, (max-width: 500px) 100vw, 500px\" \/><\/figure>\n\n\n\n<h4 class=\"wp-block-heading\">lux-Airport Gesch\u00e4ftsbericht 2010<\/h4>\n\n\n\n<div class=\"wp-block-buttons turquoiseButton is-layout-flex wp-block-buttons-is-layout-flex\">\n<div class=\"wp-block-button blueButton\"><a class=\"wp-block-button__link wp-element-button\" href=\"https:\/\/www.lux-airport.lu\/wp-content\/uploads\/2023\/06\/lux-airport-rapport-annuel-2010.pdf\" target=\"_blank\" rel=\"noreferrer noopener\">DOWNLOAD REPORT<\/a><\/div>\n<\/div>\n<\/div>\n\n\n\n<div class=\"wp-block-group airlineContainer is-vertical is-content-justification-center is-nowrap is-layout-flex wp-container-core-group-is-layout-73832be3 wp-block-group-is-layout-flex\">\n<figure class=\"wp-block-image size-full\"><img loading=\"lazy\" decoding=\"async\" width=\"500\" height=\"700\" src=\"https:\/\/www.lux-airport.lu\/wp-content\/uploads\/2023\/06\/lux-airport-rapport-annuel-2009-1.jpg\" alt=\"\" class=\"wp-image-14014\" srcset=\"https:\/\/www.lux-airport.lu\/wp-content\/uploads\/2023\/06\/lux-airport-rapport-annuel-2009-1.jpg 500w, https:\/\/www.lux-airport.lu\/wp-content\/uploads\/2023\/06\/lux-airport-rapport-annuel-2009-1-214x300.jpg 214w\" sizes=\"auto, (max-width: 500px) 100vw, 500px\" \/><\/figure>\n\n\n\n<h4 class=\"wp-block-heading\">lux-Airport Gesch\u00e4ftsbericht 2009<\/h4>\n\n\n\n<div class=\"wp-block-buttons turquoiseButton is-layout-flex wp-block-buttons-is-layout-flex\">\n<div class=\"wp-block-button blueButton\"><a class=\"wp-block-button__link wp-element-button\" href=\"https:\/\/www.lux-airport.lu\/wp-content\/uploads\/2023\/06\/lux-airport-rapport-annuel-2009.pdf\" target=\"_blank\" rel=\"noreferrer noopener\">DOWNLOAD REPORT<\/a><\/div>\n<\/div>\n<\/div>\n\n\n\n<div class=\"wp-block-group airlineContainer is-vertical is-content-justification-center is-nowrap is-layout-flex wp-container-core-group-is-layout-73832be3 wp-block-group-is-layout-flex\">\n<figure class=\"wp-block-image size-full\"><img loading=\"lazy\" decoding=\"async\" width=\"500\" height=\"700\" src=\"https:\/\/www.lux-airport.lu\/wp-content\/uploads\/2023\/06\/lux-airport-rapport-annuel-2008-1.jpg\" alt=\"\" class=\"wp-image-14017\" srcset=\"https:\/\/www.lux-airport.lu\/wp-content\/uploads\/2023\/06\/lux-airport-rapport-annuel-2008-1.jpg 500w, https:\/\/www.lux-airport.lu\/wp-content\/uploads\/2023\/06\/lux-airport-rapport-annuel-2008-1-214x300.jpg 214w\" sizes=\"auto, (max-width: 500px) 100vw, 500px\" \/><\/figure>\n\n\n\n<h4 class=\"wp-block-heading\">lux-Airport Gesch\u00e4ftsbericht 2008<\/h4>\n\n\n\n<div class=\"wp-block-buttons turquoiseButton is-layout-flex wp-block-buttons-is-layout-flex\">\n<div class=\"wp-block-button blueButton\"><a class=\"wp-block-button__link wp-element-button\" href=\"https:\/\/www.lux-airport.lu\/wp-content\/uploads\/2023\/06\/lux-airport-rapport-annuel-2008.pdf\" target=\"_blank\" rel=\"noreferrer noopener\">DOWNLOAD REPORT<\/a><\/div>\n<\/div>\n<\/div>\n\n\n\n<div class=\"wp-block-group airlineContainer is-vertical is-content-justification-center is-nowrap is-layout-flex wp-container-core-group-is-layout-73832be3 wp-block-group-is-layout-flex\">\n<figure class=\"wp-block-image size-full\"><img loading=\"lazy\" decoding=\"async\" width=\"500\" height=\"700\" src=\"https:\/\/www.lux-airport.lu\/wp-content\/uploads\/2023\/06\/lux-airport-rapport-annuel-2007-1.jpg\" alt=\"\" class=\"wp-image-14020\" srcset=\"https:\/\/www.lux-airport.lu\/wp-content\/uploads\/2023\/06\/lux-airport-rapport-annuel-2007-1.jpg 500w, https:\/\/www.lux-airport.lu\/wp-content\/uploads\/2023\/06\/lux-airport-rapport-annuel-2007-1-214x300.jpg 214w\" sizes=\"auto, (max-width: 500px) 100vw, 500px\" \/><\/figure>\n\n\n\n<h4 class=\"wp-block-heading\">lux-Airport Gesch\u00e4ftsbericht 2007<\/h4>\n\n\n\n<div class=\"wp-block-buttons turquoiseButton is-layout-flex wp-block-buttons-is-layout-flex\">\n<div class=\"wp-block-button blueButton\"><a class=\"wp-block-button__link wp-element-button\" href=\"https:\/\/www.lux-airport.lu\/wp-content\/uploads\/2023\/06\/lux-airport-rapport-annuel-2007.pdf\" target=\"_blank\" rel=\"noreferrer noopener\">DOWNLOAD REPORT<\/a><\/div>\n<\/div>\n<\/div>\n\n\n\n<div class=\"wp-block-group airlineContainer is-vertical is-content-justification-center is-nowrap is-layout-flex wp-container-core-group-is-layout-73832be3 wp-block-group-is-layout-flex\">\n<figure class=\"wp-block-image size-full\"><img loading=\"lazy\" decoding=\"async\" width=\"500\" height=\"300\" src=\"https:\/\/www.lux-airport.lu\/wp-content\/uploads\/2023\/06\/Cover-Timetable-summer-1.png\" alt=\"\" class=\"wp-image-13909\" srcset=\"https:\/\/www.lux-airport.lu\/wp-content\/uploads\/2023\/06\/Cover-Timetable-summer-1.png 500w, https:\/\/www.lux-airport.lu\/wp-content\/uploads\/2023\/06\/Cover-Timetable-summer-1-300x180.png 300w\" sizes=\"auto, (max-width: 500px) 100vw, 500px\" \/><\/figure>\n\n\n\n<h4 class=\"wp-block-heading\">lux-Airport Sommerflugplan&nbsp;2020<\/h4>\n\n\n\n<div class=\"wp-block-buttons turquoiseButton is-layout-flex wp-block-buttons-is-layout-flex\">\n<div class=\"wp-block-button blueButton\"><a class=\"wp-block-button__link wp-element-button\" href=\"https:\/\/www.lux-airport.lu\/wp-content\/uploads\/2023\/06\/LUXAIRPORT_BRO_Timetable_SUMMER-2020_WEB.pdf\" target=\"_blank\" rel=\"noreferrer noopener\">DOWNLOAD REPORT<\/a><\/div>\n<\/div>\n<\/div>\n\n\n\n<div class=\"wp-block-group airlineContainer is-vertical is-content-justification-center is-nowrap is-layout-flex wp-container-core-group-is-layout-73832be3 wp-block-group-is-layout-flex\">\n<figure class=\"wp-block-image size-full\"><img loading=\"lazy\" decoding=\"async\" width=\"500\" height=\"300\" src=\"https:\/\/www.lux-airport.lu\/wp-content\/uploads\/2023\/06\/cover-picture-500x300-1-1.jpg\" alt=\"\" class=\"wp-image-13918\" srcset=\"https:\/\/www.lux-airport.lu\/wp-content\/uploads\/2023\/06\/cover-picture-500x300-1-1.jpg 500w, https:\/\/www.lux-airport.lu\/wp-content\/uploads\/2023\/06\/cover-picture-500x300-1-1-300x180.jpg 300w\" sizes=\"auto, (max-width: 500px) 100vw, 500px\" \/><\/figure>\n\n\n\n<h4 class=\"wp-block-heading\">lux-Airport Winterflugplan 2019\/2020<\/h4>\n\n\n\n<div class=\"wp-block-buttons turquoiseButton is-layout-flex wp-block-buttons-is-layout-flex\">\n<div class=\"wp-block-button blueButton\"><a class=\"wp-block-button__link wp-element-button\" href=\"https:\/\/www.lux-airport.lu\/wp-content\/uploads\/2023\/06\/LUXAIRPORT_BRO_Timetable_WINTER_115x75_05_WEB-1.pdf\" target=\"_blank\" rel=\"noreferrer noopener\">DOWNLOAD REPORT<\/a><\/div>\n<\/div>\n<\/div>\n\n\n\n<div class=\"wp-block-group airlineContainer is-vertical is-content-justification-center is-nowrap is-layout-flex wp-container-core-group-is-layout-73832be3 wp-block-group-is-layout-flex\">\n<figure class=\"wp-block-image size-full\"><img loading=\"lazy\" decoding=\"async\" width=\"500\" height=\"300\" src=\"https:\/\/www.lux-airport.lu\/wp-content\/uploads\/2023\/06\/news-picture-summer-timetable-500x300-1.jpg\" alt=\"\" class=\"wp-image-13924\" srcset=\"https:\/\/www.lux-airport.lu\/wp-content\/uploads\/2023\/06\/news-picture-summer-timetable-500x300-1.jpg 500w, https:\/\/www.lux-airport.lu\/wp-content\/uploads\/2023\/06\/news-picture-summer-timetable-500x300-1-300x180.jpg 300w\" sizes=\"auto, (max-width: 500px) 100vw, 500px\" \/><\/figure>\n\n\n\n<h4 class=\"wp-block-heading\">lux-Airport Sommerflugplan 2019<\/h4>\n\n\n\n<div class=\"wp-block-buttons turquoiseButton is-layout-flex wp-block-buttons-is-layout-flex\">\n<div class=\"wp-block-button blueButton\"><a class=\"wp-block-button__link wp-element-button\" href=\"https:\/\/www.lux-airport.lu\/wp-content\/uploads\/2023\/06\/LUXAIRPORT_BRO_Timetable_Summer_115x75_WEB2.pdf\" target=\"_blank\" rel=\"noreferrer noopener\">DOWNLOAD REPORT<\/a><\/div>\n<\/div>\n<\/div>\n\n\n\n<div class=\"wp-block-group airlineContainer is-vertical is-content-justification-center is-nowrap is-layout-flex wp-container-core-group-is-layout-73832be3 wp-block-group-is-layout-flex\">\n<figure class=\"wp-block-image size-full\"><img loading=\"lazy\" decoding=\"async\" width=\"475\" height=\"310\" src=\"https:\/\/www.lux-airport.lu\/wp-content\/uploads\/2023\/06\/181026-guide-horaire-winter.jpg\" alt=\"\" class=\"wp-image-13930\" srcset=\"https:\/\/www.lux-airport.lu\/wp-content\/uploads\/2023\/06\/181026-guide-horaire-winter.jpg 475w, https:\/\/www.lux-airport.lu\/wp-content\/uploads\/2023\/06\/181026-guide-horaire-winter-300x196.jpg 300w\" sizes=\"auto, (max-width: 475px) 100vw, 475px\" \/><\/figure>\n\n\n\n<h4 class=\"wp-block-heading\">lux-Airport Winterflugplan 2018\/2019<\/h4>\n\n\n\n<div class=\"wp-block-buttons turquoiseButton is-layout-flex wp-block-buttons-is-layout-flex\">\n<div class=\"wp-block-button blueButton\"><a class=\"wp-block-button__link wp-element-button\" href=\"https:\/\/www.lux-airport.lu\/wp-content\/uploads\/2023\/06\/LUXAIRPORT_BRO_Timetable_HIVER_115x75_SCREEN.pdf\" target=\"_blank\" rel=\"noreferrer noopener\">DOWNLOAD REPORT<\/a><\/div>\n<\/div>\n<\/div>\n\n\n\n<div class=\"wp-block-group airlineContainer is-vertical is-content-justification-center is-nowrap is-layout-flex wp-container-core-group-is-layout-73832be3 wp-block-group-is-layout-flex\">\n<figure class=\"wp-block-image size-full\"><img loading=\"lazy\" decoding=\"async\" width=\"435\" height=\"284\" src=\"https:\/\/www.lux-airport.lu\/wp-content\/uploads\/2023\/06\/timetable-summer-2018-news-inside-article.jpg\" alt=\"\" class=\"wp-image-13936\" srcset=\"https:\/\/www.lux-airport.lu\/wp-content\/uploads\/2023\/06\/timetable-summer-2018-news-inside-article.jpg 435w, https:\/\/www.lux-airport.lu\/wp-content\/uploads\/2023\/06\/timetable-summer-2018-news-inside-article-300x196.jpg 300w\" sizes=\"auto, (max-width: 435px) 100vw, 435px\" \/><\/figure>\n\n\n\n<h4 class=\"wp-block-heading\">lux-Airport Sommerflugplan 2018<\/h4>\n\n\n\n<div class=\"wp-block-buttons turquoiseButton is-layout-flex wp-block-buttons-is-layout-flex\">\n<div class=\"wp-block-button blueButton\"><a class=\"wp-block-button__link wp-element-button\" href=\"https:\/\/www.lux-airport.lu\/wp-content\/uploads\/2023\/06\/LUXAIRPORT_Timetable_SCREEN_NEW.pdf\" target=\"_blank\" rel=\"noreferrer noopener\">DOWNLOAD REPORT<\/a><\/div>\n<\/div>\n<\/div>\n\n\n\n<div class=\"wp-block-group airlineContainer is-vertical is-content-justification-center is-nowrap is-layout-flex wp-container-core-group-is-layout-73832be3 wp-block-group-is-layout-flex\">\n<figure class=\"wp-block-image size-full\"><img loading=\"lazy\" decoding=\"async\" width=\"298\" height=\"421\" src=\"https:\/\/www.lux-airport.lu\/wp-content\/uploads\/2023\/06\/Cover.jpg\" alt=\"\" class=\"wp-image-13957\" srcset=\"https:\/\/www.lux-airport.lu\/wp-content\/uploads\/2023\/06\/Cover.jpg 298w, https:\/\/www.lux-airport.lu\/wp-content\/uploads\/2023\/06\/Cover-212x300.jpg 212w\" sizes=\"auto, (max-width: 298px) 100vw, 298px\" \/><\/figure>\n\n\n\n<h4 class=\"wp-block-heading\">lux-Airport Winterflugplan 2017\/2018<\/h4>\n\n\n\n<div class=\"wp-block-buttons turquoiseButton is-layout-flex wp-block-buttons-is-layout-flex\">\n<div class=\"wp-block-button blueButton\"><a class=\"wp-block-button__link wp-element-button\" href=\"https:\/\/www.lux-airport.lu\/wp-content\/uploads\/2023\/06\/Luxembourg_H17_FINAL.pdf\" target=\"_blank\" rel=\"noreferrer noopener\">DOWNLOAD REPORT<\/a><\/div>\n<\/div>\n<\/div>\n\n\n\n<div class=\"wp-block-group airlineContainer is-vertical is-content-justification-center is-nowrap is-layout-flex wp-container-core-group-is-layout-73832be3 wp-block-group-is-layout-flex\">\n<figure class=\"wp-block-image size-full\"><img loading=\"lazy\" decoding=\"async\" width=\"298\" height=\"421\" src=\"https:\/\/www.lux-airport.lu\/wp-content\/uploads\/2023\/06\/timtable-cover-publications.jpg\" alt=\"\" class=\"wp-image-13969\" srcset=\"https:\/\/www.lux-airport.lu\/wp-content\/uploads\/2023\/06\/timtable-cover-publications.jpg 298w, https:\/\/www.lux-airport.lu\/wp-content\/uploads\/2023\/06\/timtable-cover-publications-212x300.jpg 212w\" sizes=\"auto, (max-width: 298px) 100vw, 298px\" \/><\/figure>\n\n\n\n<h4 class=\"wp-block-heading\">lux-Airport Sommerflugplan 2017<\/h4>\n\n\n\n<div class=\"wp-block-buttons turquoiseButton is-layout-flex wp-block-buttons-is-layout-flex\">\n<div class=\"wp-block-button blueButton\"><a class=\"wp-block-button__link wp-element-button\" href=\"https:\/\/www.lux-airport.lu\/wp-content\/uploads\/2023\/06\/Luxembourg_E17_v9.pdf\" target=\"_blank\" rel=\"noreferrer noopener\">DOWNLOAD REPORT<\/a><\/div>\n<\/div>\n<\/div>\n","protected":false},"excerpt":{"rendered":"<p>Ben\u00f6tigen Sie mehr Informationen? Jedes Jahr ver\u00f6ffentlicht lux-Airport einen Bericht, der die j\u00e4hrlichen Kennzahlen, Verkehrsergebnisse und Statistiken darlegt. Downloaden Sie die&nbsp;Gesch\u00e4ftsberichte des Flughafens Luxemburg&nbsp;hier, um mehr \u00fcber die dem Unternehmen anvertrauten Missionen, den Flughafenbetrieb, die finanzielle Entwicklung und die aufregenden Pl\u00e4ne f\u00fcr die Zukunft zu erfahren. lux-Airport Gesch\u00e4ftsbericht 2019 lux-Airport Gesch\u00e4ftsbericht 2018 lux-Airport Gesch\u00e4ftsbericht 2017 [&hellip;]<\/p>\n","protected":false},"author":1,"featured_media":0,"parent":7076,"menu_order":0,"comment_status":"closed","ping_status":"closed","template":"","meta":{"_acf_changed":false,"footnotes":""},"class_list":["post-14175","page","type-page","status-publish","hentry"],"acf":{"set_page_width_full":false,"start_with_small_header":false,"reno_options":{"hide_reno_widget":false,"open_widget_on_page_load":false,"which_tab_to_open":"chatbot","hide_reno_turn_onoff":false,"set_height_to_mini":false,"reno_page_branded_text_back_front":{"reno_show_branded_text":false,"reno_text_in_the_back":"JOURNEY","reno_text_in_the_front":"my journey starts here"}},"branded_text_backfront":{"hide_branded_text":false,"text_in_the_back":"JOURNEY","text_in_the_front_left":"My journey","text_in_the_front_right":"starts here"},"hide_breadcrumbs":false,"hide_footer_widgets":false,"hide_page_title":false,"advertising__adsense":{"show_ads_in_this_page":true,"image_instead_of_adsense":{"enable_image_instead_of_adsense":false,"banner_image_300x250":null,"banner_url":""}},"header_image_options":{"show_header_image":"Yes","header_image":""}},"_links":{"self":[{"href":"https:\/\/www.lux-airport.lu\/de\/wp-json\/wp\/v2\/pages\/14175","targetHints":{"allow":["GET"]}}],"collection":[{"href":"https:\/\/www.lux-airport.lu\/de\/wp-json\/wp\/v2\/pages"}],"about":[{"href":"https:\/\/www.lux-airport.lu\/de\/wp-json\/wp\/v2\/types\/page"}],"author":[{"embeddable":true,"href":"https:\/\/www.lux-airport.lu\/de\/wp-json\/wp\/v2\/users\/1"}],"replies":[{"embeddable":true,"href":"https:\/\/www.lux-airport.lu\/de\/wp-json\/wp\/v2\/comments?post=14175"}],"version-history":[{"count":0,"href":"https:\/\/www.lux-airport.lu\/de\/wp-json\/wp\/v2\/pages\/14175\/revisions"}],"up":[{"embeddable":true,"href":"https:\/\/www.lux-airport.lu\/de\/wp-json\/wp\/v2\/pages\/7076"}],"wp:attachment":[{"href":"https:\/\/www.lux-airport.lu\/de\/wp-json\/wp\/v2\/media?parent=14175"}],"curies":[{"name":"wp","href":"https:\/\/api.w.org\/{rel}","templated":true}]}}