{"id":11786,"date":"2023-04-21T10:24:09","date_gmt":"2023-04-21T09:24:09","guid":{"rendered":"https:\/\/www.lux-airport.lu\/?page_id=11786"},"modified":"2023-08-02T08:01:32","modified_gmt":"2023-08-02T07:01:32","slug":"fast-lane","status":"publish","type":"page","link":"https:\/\/www.lux-airport.lu\/de\/check-in-und-reisen\/fast-lane\/","title":{"rendered":"Fast Lane"},"content":{"rendered":"<div class=\"wp-block-image\">\n<figure class=\"aligncenter size-large\"><img loading=\"lazy\" decoding=\"async\" width=\"1024\" height=\"665\" src=\"https:\/\/www.lux-airport.lu\/wp-content\/uploads\/2023\/04\/Fast-Lane-crop-1-1024x665.jpg\" alt=\"\" class=\"wp-image-11763\" srcset=\"https:\/\/www.lux-airport.lu\/wp-content\/uploads\/2023\/04\/Fast-Lane-crop-1-1024x665.jpg 1024w, https:\/\/www.lux-airport.lu\/wp-content\/uploads\/2023\/04\/Fast-Lane-crop-1-300x195.jpg 300w, https:\/\/www.lux-airport.lu\/wp-content\/uploads\/2023\/04\/Fast-Lane-crop-1-768x499.jpg 768w, https:\/\/www.lux-airport.lu\/wp-content\/uploads\/2023\/04\/Fast-Lane-crop-1.jpg 1464w\" sizes=\"auto, (max-width: 1024px) 100vw, 1024px\" \/><\/figure>\n<\/div>\n\n\n<h3 class=\"wp-block-heading\">Was ist das?<\/h3>\n\n\n\n<p>Fast Lane ist ein spezielles Produkt, das von einer Reihe ausgew\u00e4hlter Fluggesellschaften angeboten wird und das Sie bei der Buchung Ihres Fluges ab dem Flughafen Luxemburg erwerben k\u00f6nnen. Mit Fast Lane k\u00f6nnen Sie die allgemeine Warteschlange bei der Sicherheitskontrolle durch das Fast Lane Gate \u00fcberspringen.<\/p>\n\n\n\n<h3 class=\"wp-block-heading\">F\u00fcr wen?<\/h3>\n\n\n\n<p>Nur Passagiere mit dem Vermerk &#8222;FAST LANE&#8220; auf ihrer Bordkarte k\u00f6nnen den Flugsteig passieren. Fast Lane-Passagiere, die mit einem Baby\/Babys mit einem Baby-Ticket (0 bis 2 Jahre alt) reisen, d\u00fcrfen diese mitnehmen, alle Familienmitglieder ohne Fast Lane-Ticket m\u00fcssen jedoch die allgemeine Warteschlange benutzen.<\/p>\n\n\n\n<h3 class=\"wp-block-heading\">Wie das geht?<\/h3>\n\n\n\n<p>Wenn Sie Ihr Ticket online oder in einem Reiseb\u00fcro kaufen, haben Sie die M\u00f6glichkeit, ein Paket zu erwerben, das den Zugang zur Fast Lane am Flughafen Luxemburg beinhaltet. Sie k\u00f6nnen diese Option nicht direkt im Terminal w\u00e4hrend des Check-in-Prozesses erwerben.<\/p>\n\n\n\n<p>Derzeit bieten folgende Fluggesellschaften den Fast Lane Service beim Kauf eines Tickets an:<\/p>\n\n\n\n<ul class=\"wp-block-list\">\n<li>Air Dolomiti<\/li>\n\n\n\n<li>KLM<\/li>\n\n\n\n<li>LOT<\/li>\n\n\n\n<li>Lufthansa<\/li>\n\n\n\n<li>Luxair<\/li>\n\n\n\n<li>SWISS<\/li>\n\n\n\n<li>TAP<\/li>\n<\/ul>\n\n\n\n<h3 class=\"wp-block-heading\">Wo?<\/h3>\n\n\n\n<p>Sie k\u00f6nnen die allgemeine Sicherheitswarteschlange umgehen, indem Sie den Fast Lane Gate auf der rechten (s\u00fcdwestlichen) Seite des Terminals benutzen, wenn Sie im Erdgeschoss, Ebene 0, eintreten. Der Fast Lane-Gate befindet sich neben dem Check-in-Schalter Nummer 26.<\/p>\n\n\n\n<p><\/p>\n","protected":false},"excerpt":{"rendered":"<p>Was ist das? Fast Lane ist ein spezielles Produkt, das von einer Reihe ausgew\u00e4hlter Fluggesellschaften angeboten wird und das Sie bei der Buchung Ihres Fluges ab dem Flughafen Luxemburg erwerben k\u00f6nnen. Mit Fast Lane k\u00f6nnen Sie die allgemeine Warteschlange bei der Sicherheitskontrolle durch das Fast Lane Gate \u00fcberspringen. F\u00fcr wen? Nur Passagiere mit dem Vermerk [&hellip;]<\/p>\n","protected":false},"author":9,"featured_media":0,"parent":6953,"menu_order":0,"comment_status":"closed","ping_status":"closed","template":"","meta":{"_acf_changed":false,"footnotes":""},"class_list":["post-11786","page","type-page","status-publish","hentry"],"acf":{"set_page_width_full":false,"start_with_small_header":false,"reno_options":{"hide_reno_widget":false,"open_widget_on_page_load":false,"which_tab_to_open":"chatbot","hide_reno_turn_onoff":false,"set_height_to_mini":false,"reno_page_branded_text_back_front":{"reno_show_branded_text":false,"reno_text_in_the_back":"JOURNEY","reno_text_in_the_front":"my journey starts here"}},"branded_text_backfront":{"hide_branded_text":false,"text_in_the_back":"JOURNEY","text_in_the_front_left":"My journey","text_in_the_front_right":"starts here"},"hide_breadcrumbs":false,"hide_footer_widgets":false,"hide_page_title":false,"advertising__adsense":{"show_ads_in_this_page":true,"image_instead_of_adsense":{"enable_image_instead_of_adsense":false,"banner_image_300x250":null,"banner_url":""}},"header_image_options":{"show_header_image":"Yes","header_image":""}},"_links":{"self":[{"href":"https:\/\/www.lux-airport.lu\/de\/wp-json\/wp\/v2\/pages\/11786","targetHints":{"allow":["GET"]}}],"collection":[{"href":"https:\/\/www.lux-airport.lu\/de\/wp-json\/wp\/v2\/pages"}],"about":[{"href":"https:\/\/www.lux-airport.lu\/de\/wp-json\/wp\/v2\/types\/page"}],"author":[{"embeddable":true,"href":"https:\/\/www.lux-airport.lu\/de\/wp-json\/wp\/v2\/users\/9"}],"replies":[{"embeddable":true,"href":"https:\/\/www.lux-airport.lu\/de\/wp-json\/wp\/v2\/comments?post=11786"}],"version-history":[{"count":0,"href":"https:\/\/www.lux-airport.lu\/de\/wp-json\/wp\/v2\/pages\/11786\/revisions"}],"up":[{"embeddable":true,"href":"https:\/\/www.lux-airport.lu\/de\/wp-json\/wp\/v2\/pages\/6953"}],"wp:attachment":[{"href":"https:\/\/www.lux-airport.lu\/de\/wp-json\/wp\/v2\/media?parent=11786"}],"curies":[{"name":"wp","href":"https:\/\/api.w.org\/{rel}","templated":true}]}}