{"id":10724,"date":"2023-01-25T23:52:36","date_gmt":"2023-01-25T22:52:36","guid":{"rendered":"https:\/\/www.lux-airport.lu\/?page_id=10724"},"modified":"2025-03-04T23:50:28","modified_gmt":"2025-03-04T22:50:28","slug":"barrierefreiheit","status":"publish","type":"page","link":"https:\/\/www.lux-airport.lu\/de\/barrierefreiheit\/","title":{"rendered":"Barrierefreiheit"},"content":{"rendered":"\n<p>Die \u00f6ffentliche Einrichtung\u00a0&#8222;Soci\u00e9t\u00e9 de l\u2019A\u00e9roport de Luxembourg&#8220;\u00a0ist bem\u00fcht, ihre Webseite im Einklang mit\u00a0<a href=\"https:\/\/legilux.public.lu\/eli\/etat\/leg\/loi\/2019\/05\/28\/a373\/jo\" target=\"_blank\" rel=\"noreferrer noopener nofollow\">dem Gesetz vom 28. Mai 2019<\/a>\u00a0\u00fcber den barrierefreien Zugang zu den Webseiten und mobilen Applikationen \u00f6ffentlicher Stellen barrierefrei zug\u00e4nglich zu machen. Diese Erkl\u00e4rung zur Barrierefreiheit gilt f\u00fcr:\u00a0<a href=\"https:\/\/www.lux-airport.lu\/\">https:\/\/www.lux-airport.lu<\/a><\/p>\n\n\n\n<h2 class=\"wp-block-heading\">Was bedeutet digitale Barrierefreiheit?<\/h2>\n\n\n\n<p>Jeder muss die Informationen einer Website oder einer App einfach nutzen und abrufen k\u00f6nnen. Dies gilt insbesondere f\u00fcr Personen mit einer Behinderung und\/oder Personen, die Hilfssoftware oder spezielle Ger\u00e4te verwenden (Blinde, Sehbehinderte oder Personen mit einer sonstigen Behinderung).<\/p>\n\n\n\n<h2 class=\"wp-block-heading\">Stand der Konformit\u00e4t<\/h2>\n\n\n\n<p>Diese Webseite ist wegen der folgenden Punkte&nbsp;<strong>teilweise<\/strong>&nbsp;mit der europ\u00e4ischen Norm&nbsp;<a href=\"https:\/\/www.etsi.org\/deliver\/etsi_en\/301500_301599\/301549\/02.01.02_60\/en_301549v020102p.pdf\" target=\"_blank\" rel=\"noreferrer noopener nofollow\">EN 301 549<\/a>&nbsp;und dem&nbsp;<a href=\"https:\/\/accessibilite.public.lu\/fr\/rgaa4\/\" target=\"_blank\" rel=\"noreferrer noopener nofollow\">RGAA Version 4<\/a>&nbsp;<strong>vereinbar<\/strong>.<\/p>\n\n\n\n<h2 class=\"wp-block-heading\">Nicht barrierefreie Inhalte<\/h2>\n\n\n\n<p>Die nachstehend aufgef\u00fchrten Inhalte sind aus folgenden Gr\u00fcnden nicht barrierefrei:<\/p>\n\n\n\n<h3 class=\"wp-block-heading\">Unvereinbarkeit mit dem&nbsp;<a href=\"https:\/\/accessibilite.public.lu\/fr\/rgaa4\/\" target=\"_blank\" rel=\"noreferrer noopener nofollow\">RGAA 4<\/a><\/h3>\n\n\n\n<ul class=\"wp-block-list\">\n<li>Einige Bilder, die Informationen tragen, haben keine entsprechende Textalternative (z. B. in Fotogalerien).<\/li>\n\n\n\n<li>Einige dekorative Bilder werden von assistiven Technologien nicht korrekt ignoriert (z.B. einige Thumbnails in Artikel-Teasern)<\/li>\n\n\n\n<li>Einige Text- oder Symbolkontraste sind unzureichend<\/li>\n\n\n\n<li>Einige Links sind nicht eindeutig (z. B. Probleme aufgrund von Link-Titeln)<\/li>\n\n\n\n<li>Einige Skripte sind nicht mit assistiven Technologien kompatibel (z. B. der Sprachauswahl).<\/li>\n\n\n\n<li>Einige Skripte sind nicht \u00fcber die Tastatur steuerbar (z. B. die Schaltfl\u00e4che &#8222;Suchen&#8220;)<\/li>\n\n\n\n<li>Einige HTML-Code-G\u00fcltigkeitsfehler k\u00f6nnen assistive Technologien st\u00f6ren.<\/li>\n\n\n\n<li>Einige Sprachwechsel werden nicht korrekt deklariert (z.B. Links unter dem Titel &#8222;Interview&#8220; auf der Startseite).<\/li>\n\n\n\n<li>Auf einigen Seiten sind die Informationen nicht durch die Verwendung von \u00dcberschriften strukturiert (z. B. ist der Titel der Ebene 1 der Startseite nicht relevant).<\/li>\n\n\n\n<li>Der Tastaturfokus ist bei einigen Oberfl\u00e4chenkomponenten (z. B. in Fotogalerien) nicht sichtbar.<\/li>\n\n\n\n<li>Einige Inhalte, die f\u00fcr assistive Technologien verborgen sind, erhalten den Tastaturfokus (z. B. in Fotogalerien).<\/li>\n\n\n\n<li>Einige Formularfelder haben keine sichtbare Beschriftung (z. B. das Suchfeld).<\/li>\n\n\n\n<li>Das automatische Ausf\u00fcllen der Felder ist im Kontaktformular nicht verf\u00fcgbar.<\/li>\n\n\n\n<li>Einige herunterladbare Office-Dokumente sind nicht zug\u00e4nglich.<\/li>\n\n\n\n<li>&nbsp;<\/li>\n<\/ul>\n\n\n\n<h3 class=\"wp-block-heading\">Unverh\u00e4ltnism\u00e4\u00dfige Belastung<\/h3>\n\n\n\n<p>Einige Videos, die nach dem 23. September 2020 ver\u00f6ffentlicht wurden, sind aus Ressourcengr\u00fcnden nicht untertitelt.<\/p>\n\n\n\n<h3 class=\"wp-block-heading\">Die Inhalte sind vom Anwendungsbereich des&nbsp;<a href=\"https:\/\/legilux.public.lu\/eli\/etat\/leg\/loi\/2019\/05\/28\/a373\/jo\" target=\"_blank\" rel=\"noreferrer noopener nofollow\">Gesetzes vom 28. Mai 2019<\/a>&nbsp;ausgeschlossen.<\/h3>\n\n\n\n<ul class=\"wp-block-list\">\n<li>Der Twitter-Feed auf der Startseite wird durch den Dienst Twitter bereitgestellt, auf den wir keinen Einfluss haben.<\/li>\n\n\n\n<li>Die interaktiven Karten zum Beispiel auf der Kontaktseite. Die von diesen interaktiven Karten dargestellten Informationen werden im nebenstehenden Text bereitgestellt.<\/li>\n\n\n\n<li>Herunterladbare Dokumente der B\u00fcroautomation, die vor dem 23. September 2018 ver\u00f6ffentlicht wurden und nicht f\u00fcr aktive Gesch\u00e4ftsprozesse ben\u00f6tigt werden, sind nicht unbedingt zug\u00e4nglich. F\u00fcr eine barrierefreie Alternative k\u00f6nnen Sie sich dennoch an uns wenden.<\/li>\n\n\n\n<li>Live \u00fcbertragene Videos werden nicht live untertitelt. Untertitel sind in den VOD-Versionen enthalten, die nach der Ausstrahlung zur Verf\u00fcgung gestellt werden.<\/li>\n\n\n\n<li>Downloads, die von Dritten bereitgestellt werden, stehen nicht unter unserer Kontrolle. F\u00fcr eine barrierefreie Alternative k\u00f6nnen Sie sich dennoch an uns wenden.<\/li>\n<\/ul>\n\n\n\n<h2 class=\"wp-block-heading\">Erstellung der Erkl\u00e4rung zur Barrierefreiheit<\/h2>\n\n\n\n<p>Diese Erkl\u00e4rung wurde am&nbsp;2. Februar 2021&nbsp;erstellt. Die Aussagen in dieser Erkl\u00e4rung sind korrekt und basieren auf einer wirksamen Konformit\u00e4tsbewertung von dieser Internetseite mit den im&nbsp;<a href=\"https:\/\/accessibilite.public.lu\/fr\/rgaa4\/\" target=\"_blank\" rel=\"noreferrer noopener nofollow\">RGAA 4<\/a>&nbsp;festgelegten Anforderungen, wie eine Selbstbewertung durch die Organisation &#8222;Informations- und Presseamt&#8220;.<\/p>\n\n\n\n<h2 class=\"wp-block-heading\">Feedback und Kontaktangaben<\/h2>\n\n\n\n<p>Wenn Sie einen Mangel an der Barrierefreiheit feststellen, senden Sie uns eine E-Mail an&nbsp;<a href=\"mailto:sipinternet@sip.etat.lu\" target=\"_blank\" rel=\"noreferrer noopener\">sipinternet@sip.etat.lu<\/a>: beschreiben Sie bitte m\u00f6glichst genau das Problem und die betreffende Seite. Wir verpflichten uns, Ihnen per E-Mail innerhalb von 1 Monat zu antworten. Um das Problem auf dauerhafte und vern\u00fcnftige Weise zu beheben, wird die Online-Korrektur des Zugangsmangels privilegiert. Falls dies jedoch nicht m\u00f6glich ist, werden Ihnen die gew\u00fcnschten Informationen in einem Ihren W\u00fcnschen entsprechenden, zug\u00e4nglichen Format zugesandt:<\/p>\n\n\n\n<ul class=\"wp-block-list\">\n<li>schriftlich in einem Dokument oder per E-Mail;<\/li>\n\n\n\n<li>m\u00fcndlich in einem Interview oder am Telefon.<\/li>\n<\/ul>\n\n\n\n<h2 class=\"wp-block-heading\">Durchsetzungsverfahren<\/h2>\n\n\n\n<p>Im Falle einer nicht zufriedenstellenden Antwort haben Sie auch die M\u00f6glichkeit, das&nbsp;<a href=\"https:\/\/sip.gouvernement.lu\/de.html\" target=\"_blank\" rel=\"noreferrer noopener nofollow\">Informations- und Presseamt<\/a>&nbsp;zu informieren, welches f\u00fcr die Kontrolle der Barrierefreiheit zust\u00e4ndig ist, \u00fcber dessen&nbsp;<a href=\"https:\/\/sip.gouvernement.lu\/de\/support\/reclamation-accessibilite.html\" target=\"_blank\" rel=\"noreferrer noopener nofollow\">Online-Antragsformular<\/a>, oder&nbsp;<a href=\"https:\/\/www.ombudsman.lu\/\" target=\"_blank\" rel=\"noreferrer noopener nofollow\">den Ombudsmann<\/a>, Vermittler des Gro\u00dfherzogtums Luxemburg.<\/p>\n\n\n\n<hr class=\"wp-block-separator has-alpha-channel-opacity\"\/>\n\n\n\n<p><small>Diese Erkl\u00e4rung basiert auf dem im&nbsp;<a href=\"https:\/\/eur-lex.europa.eu\/legal-content\/FR\/TXT\/?uri=CELEX%3A32018D1523\" target=\"_blank\" rel=\"noreferrer noopener nofollow\">Durchf\u00fchrungsbeschluss (EU) 2018\/1523<\/a>&nbsp;definierten Musterdokument. Dieses Musterdokument ist \u00a9 Europ\u00e4ische Union, 1998-2020 und steht unter einer&nbsp;<a href=\"https:\/\/creativecommons.org\/licenses\/by\/4.0\/\" target=\"_blank\" rel=\"noreferrer noopener nofollow\">Creative Commons Attribution 4.0 International<\/a>&nbsp;Lizenz.<\/small><\/p>\n\n\n\n<p>Zum letzten Mal aktualisiert am\u00a026.01.2023<\/p>\n","protected":false},"excerpt":{"rendered":"<p>Die \u00f6ffentliche Einrichtung\u00a0&#8222;Soci\u00e9t\u00e9 de l\u2019A\u00e9roport de Luxembourg&#8220;\u00a0ist bem\u00fcht, ihre Webseite im Einklang mit\u00a0dem Gesetz vom 28. Mai 2019\u00a0\u00fcber den barrierefreien Zugang zu den Webseiten und mobilen Applikationen \u00f6ffentlicher Stellen barrierefrei zug\u00e4nglich zu machen. Diese Erkl\u00e4rung zur Barrierefreiheit gilt f\u00fcr:\u00a0https:\/\/www.lux-airport.lu Was bedeutet digitale Barrierefreiheit? Jeder muss die Informationen einer Website oder einer App einfach nutzen und [&hellip;]<\/p>\n","protected":false},"author":1,"featured_media":0,"parent":0,"menu_order":0,"comment_status":"closed","ping_status":"closed","template":"","meta":{"_acf_changed":false,"footnotes":""},"class_list":["post-10724","page","type-page","status-publish","hentry"],"acf":{"set_page_width_full":false,"start_with_small_header":false,"reno_options":{"hide_reno_widget":false,"open_widget_on_page_load":false,"which_tab_to_open":"chatbot","hide_reno_turn_onoff":false,"set_height_to_mini":false,"reno_page_branded_text_back_front":{"reno_show_branded_text":false,"reno_text_in_the_back":"JOURNEY","reno_text_in_the_front":"my journey starts here"}},"branded_text_backfront":{"hide_branded_text":false,"text_in_the_back":"JOURNEY","text_in_the_front_left":"My journey","text_in_the_front_right":"starts here"},"hide_breadcrumbs":false,"hide_footer_widgets":false,"hide_page_title":false,"advertising__adsense":{"show_ads_in_this_page":true,"image_instead_of_adsense":{"enable_image_instead_of_adsense":false,"banner_image_300x250":null,"banner_url":""}},"header_image_options":{"show_header_image":"Yes","header_image":""}},"_links":{"self":[{"href":"https:\/\/www.lux-airport.lu\/de\/wp-json\/wp\/v2\/pages\/10724","targetHints":{"allow":["GET"]}}],"collection":[{"href":"https:\/\/www.lux-airport.lu\/de\/wp-json\/wp\/v2\/pages"}],"about":[{"href":"https:\/\/www.lux-airport.lu\/de\/wp-json\/wp\/v2\/types\/page"}],"author":[{"embeddable":true,"href":"https:\/\/www.lux-airport.lu\/de\/wp-json\/wp\/v2\/users\/1"}],"replies":[{"embeddable":true,"href":"https:\/\/www.lux-airport.lu\/de\/wp-json\/wp\/v2\/comments?post=10724"}],"version-history":[{"count":0,"href":"https:\/\/www.lux-airport.lu\/de\/wp-json\/wp\/v2\/pages\/10724\/revisions"}],"wp:attachment":[{"href":"https:\/\/www.lux-airport.lu\/de\/wp-json\/wp\/v2\/media?parent=10724"}],"curies":[{"name":"wp","href":"https:\/\/api.w.org\/{rel}","templated":true}]}}