{"id":10368,"date":"2023-01-09T23:44:09","date_gmt":"2023-01-09T22:44:09","guid":{"rendered":"https:\/\/www.lux-airport.lu\/sponsoring-partnerschaften\/"},"modified":"2023-09-21T15:37:05","modified_gmt":"2023-09-21T13:37:05","slug":"sponsoring-partnerschaften","status":"publish","type":"page","link":"https:\/\/www.lux-airport.lu\/de\/unternehmen\/unser-engagement\/sponsoring-partnerschaften\/","title":{"rendered":"Sponsoring und Partnerschaften"},"content":{"rendered":"\n<p>Der lux-Airport ist bestrebt, nicht nur in Bezug auf Umweltthemen nachhaltig zu handeln, sondern auch die Verantwortung f\u00fcr sein Umfeld und die Menschen zu \u00fcbernehmen. Seit vielen Jahren unterst\u00fctzt lux-Airport Sport, soziale soziale Projekte und Kultur. Hier finden Sie einige Einblicke in das Engagement des lux-Airports in der letzten Zeit.<\/p>\n\n\n<style>.wp-block-kadence-spacer.kt-block-spacer-10368_44b274-e9 .kt-block-spacer{height:60px;}.wp-block-kadence-spacer.kt-block-spacer-10368_44b274-e9 .kt-divider{border-top-width:1px;height:1px;border-top-color:#eee;width:80%;border-top-style:solid;}<\/style>\n<div class=\"wp-block-kadence-spacer aligncenter kt-block-spacer-10368_44b274-e9\"><div class=\"kt-block-spacer kt-block-spacer-halign-center\"><hr class=\"kt-divider\"\/><\/div><\/div>\n\n\n\n<h4 class=\"wp-block-heading\">Die Rolle von lux-Airport &#8211; Reisen erm\u00f6glichen und Zukunft gestalten<\/h4>\n\n\n\n<figure class=\"wp-block-embed is-type-video is-provider-youtube wp-block-embed-youtube wp-embed-aspect-16-9 wp-has-aspect-ratio\"><div class=\"wp-block-embed__wrapper\">\n<iframe loading=\"lazy\" title=\"lux-Airport - empowering journeys and building futures - the brand new CIS Findel building\" width=\"640\" height=\"360\" src=\"https:\/\/www.youtube.com\/embed\/cB2D14f-5GY?feature=oembed\" frameborder=\"0\" allow=\"accelerometer; autoplay; clipboard-write; encrypted-media; gyroscope; picture-in-picture; web-share\" referrerpolicy=\"strict-origin-when-cross-origin\" allowfullscreen><\/iframe>\n<\/div><\/figure>\n\n\n\n<p>lux-Airport ist die Betreibergesellschaft des luxemburgischen Flughafens und Infrastrukturentwickler f\u00fcr die Flughafenumgebung. Das 2003 gegr\u00fcndete Unternehmen besch\u00e4ftigt derzeit \u00fcber 360 Mitarbeiter, die in verschiedenen Bereichen des Flughafenmanagements und der Immobilienentwicklung t\u00e4tig sind. lux-Airport kann auf ein Portfolio mit bemerkenswerten Projekten wie dem Bau des Cargolux-Hauptsitzes, dem im Bau befindlichen Luxair-Wartungshangar, der Neugestaltung der Polizeischule und der Polizeisporthalle, dem mit dem Flughafen verbundenen Gesch\u00e4ftszentrum Skypark Business Center und der 100-prozentigen Sanierung der einzigen Start- und Landebahn des Flughafens Luxemburg in den Jahren 2021 und 2022 verweisen.<\/p>\n\n\n\n<p>Der j\u00fcngste Meilenstein ist das hochmoderne CIS Findel-Geb\u00e4ude, das einem der wichtigsten Akteure des Flughafens, der Flughafenfeuerwehr, gewidmet ist. lux-Airport hat sich voll und ganz auf die Bed\u00fcrfnisse der Kunden eingestellt und sich auf nachhaltige, ma\u00dfgeschneiderte Geb\u00e4ude spezialisiert. Das neue CIS Findel-Geb\u00e4ude erf\u00fcllt beide Anforderungen: eine moderne, schnelle Infrastruktur und ein sicheres, luftseitiges Umfeld, das alle Regeln und Vorschriften ber\u00fccksichtigt.<br>Das Geb\u00e4ude ist sehr auf die betrieblichen Anforderungen ausgerichtet. Dennoch war das Bewusstsein, so viele nachhaltige Elemente wie m\u00f6glich einzubauen, f\u00fcr lux-Airport entscheidend.<\/p>\n\n\n\n<p><br>Nachhaltige Schl\u00fcsselfakten zum Geb\u00e4ude und zur Umgebung:<\/p>\n\n\n\n<ul class=\"wp-block-list\">\n<li>8 Ladestationen f\u00fcr E-Autos, die zu 100 % mit Strom aus Wasserkraft betrieben werden<\/li>\n\n\n\n<li>240 kWp Photovoltaik-Paneele auf dem Dach des neuen CIS Findel, die 240 000 kWh\/a erzeugen<\/li>\n\n\n\n<li>430 m3 Regenwasserspeicher, in dem das Wasser aus dem CIS Findel und dem Hangar Nennig gesammelt wird. Dieses Wasser kann zur Bef\u00fcllung der Feuerwehrfahrzeuge, z.B. f\u00fcr Tests, verwendet werden.<\/li>\n\n\n\n<li>Erneuerung des gesamten Abwasserbereichs in der Umgebung des CIS Findel<\/li>\n<\/ul>\n\n\n\n<p>Werfen Sie einen exklusiven Blick auf das neue CIS Findel Geb\u00e4ude und besuchen Sie den <a href=\"https:\/\/www.youtube.com\/watch?v=cB2D14f-5GY\" rel=\"nofollow noopener\" target=\"_blank\">lux-Airport YouTube Channel<\/a>.<\/p>\n\n\n<style>.wp-block-kadence-spacer.kt-block-spacer-10368_90ad9a-c5 .kt-block-spacer{height:60px;}.wp-block-kadence-spacer.kt-block-spacer-10368_90ad9a-c5 .kt-divider{border-top-width:1px;height:1px;border-top-color:#eee;width:80%;border-top-style:solid;}<\/style>\n<div class=\"wp-block-kadence-spacer aligncenter kt-block-spacer-10368_90ad9a-c5\"><div class=\"kt-block-spacer kt-block-spacer-halign-center\"><hr class=\"kt-divider\"\/><\/div><\/div>\n\n\n\n<p>lux-Airport bem\u00fcht sich nicht allein um nachhaltiges Handeln f\u00fcr die Umwelt, sondern m\u00f6chte auch Verantwortung f\u00fcr sein Umfeld und konkret f\u00fcr Menschen \u00fcbernehmen. Seit vielen Jahren unterst\u00fctzt lux-Airport sportliche, soziale und kulturelle Projekte. Wir m\u00f6chten Ihnen einen Einblick geben, in welchen Bereichen sich lux-Airport in j\u00fcngster Zeit engagiert hat.<\/p>\n\n\n\n<h4 class=\"wp-block-heading\">Begr\u00fc\u00dfung der heimischen Sportchampions<\/h4>\n\n\n\n<figure class=\"wp-block-image size-large\"><img loading=\"lazy\" decoding=\"async\" width=\"1024\" height=\"683\" src=\"https:\/\/www.lux-airport.lu\/wp-content\/uploads\/2023\/06\/editofwholeteam-2-1024x683.jpg\" alt=\"\" class=\"wp-image-13905\" srcset=\"https:\/\/www.lux-airport.lu\/wp-content\/uploads\/2023\/06\/editofwholeteam-2-1024x683.jpg 1024w, https:\/\/www.lux-airport.lu\/wp-content\/uploads\/2023\/06\/editofwholeteam-2-300x200.jpg 300w, https:\/\/www.lux-airport.lu\/wp-content\/uploads\/2023\/06\/editofwholeteam-2-768x512.jpg 768w, https:\/\/www.lux-airport.lu\/wp-content\/uploads\/2023\/06\/editofwholeteam-2-1536x1024.jpg 1536w, https:\/\/www.lux-airport.lu\/wp-content\/uploads\/2023\/06\/editofwholeteam-2-2048x1365.jpg 2048w\" sizes=\"auto, (max-width: 1024px) 100vw, 1024px\" \/><\/figure>\n\n\n\n<p>Luxemburg ist eine kleine Nation mit einer starken Sportbegeisterung. Und dieser Elan zeigte sich am 26. Juni, als wir das nationale Special-Olympics-Team zu Hause begr\u00fc\u00dften! Neben dem Special Olympics Team ist dem aufmerksamen Betrachter vielleicht auch Jennifer Warling auf dem Gruppenfoto aufgefallen. Jennifer ist dreifache Medaillengewinnerin, darunter Gold in der Disziplin Kumite 55 kg der Frauen bei den Karate-Europameisterschaften. W\u00e4hrend wir geduldig auf die Ankunft unserer nationalen Special-Olympics-Mannschaft warteten, wurde zuf\u00e4llig bekannt, dass auch Jennifer zur gleichen Zeit eintreffen w\u00fcrde, nachdem sie an einem Wettkampf teilgenommen hatte! Die Ankunftshalle war voll mit Freunden, Familienangeh\u00f6rigen und Fans, sogar eine \u00f6rtliche Band spielte, als die Athleten durch die T\u00fcren der Ankunftshalle gingen! Bei ihrer R\u00fcckkehr wurden das Team und Jennifer mit Jubel, Umarmungen und einem kostenlosen Fr\u00fchst\u00fcck, gesponsert von lux-Airport, empfangen. Auch RTL war vor Ort, um \u00fcber die Veranstaltung zu berichten und einige der Athleten zu interviewen. Insgesamt k\u00f6nnen wir uns gl\u00fccklich sch\u00e4tzen, dass wir hier in Luxemburg solche unglaublichen Sporttalente haben!<\/p>\n\n\n<style>.wp-block-kadence-spacer.kt-block-spacer-10368_e0393d-45 .kt-block-spacer{height:60px;}.wp-block-kadence-spacer.kt-block-spacer-10368_e0393d-45 .kt-divider{border-top-width:1px;height:1px;border-top-color:#eee;width:80%;border-top-style:solid;}<\/style>\n<div class=\"wp-block-kadence-spacer aligncenter kt-block-spacer-10368_e0393d-45\"><div class=\"kt-block-spacer kt-block-spacer-halign-center\"><hr class=\"kt-divider\"\/><\/div><\/div>\n\n\n\n<p><strong><strong>Spenden 2022<\/strong><\/strong><\/p>\n\n\n\n<p>Auch 2022 unterst\u00fctzte lux-Airport wieder eine Vielzahl wohlt\u00e4tiger Organisationen. In diesem Jahr beschlossen wir, insgesamt 6&nbsp;000&nbsp;\u20ac an drei sorgf\u00e4ltig ausgew\u00e4hlte Wohlt\u00e4tigkeitsorganisationen zu spenden, die wir unterst\u00fctzen m\u00f6chten. Dabei sollte man bedenken, dass die Arbeit dieser Wohlt\u00e4tigkeitsorganisationen nicht nur in der Weihnachtszeit Aufmerksamkeit verdient, sondern ganzj\u00e4hrig. Alle drei Organisationen \u2013 St\u00ebmm vun der Strooss, SOS Kinderdof L\u00ebtzebuerg und \u00c4rzte ohne Grenzen (MSF) \u2013 leisten wichtige Dienste, die unserer Ansicht nach allen Menschen zug\u00e4nglich sein sollten.<\/p>\n\n\n\n<div class=\"wp-block-columns is-layout-flex wp-container-core-columns-is-layout-9d6595d7 wp-block-columns-is-layout-flex\">\n<div class=\"wp-block-column is-layout-flow wp-block-column-is-layout-flow\">\n<figure class=\"wp-block-image size-large\"><img loading=\"lazy\" decoding=\"async\" width=\"1024\" height=\"1024\" src=\"https:\/\/www.lux-airport.lu\/wp-content\/uploads\/2023\/01\/2212-donation-stemm-vun-der-strooss-luxairport-1-1024x1024.jpg\" alt=\"lux-Airport Spende\" class=\"wp-image-10349\" srcset=\"https:\/\/www.lux-airport.lu\/wp-content\/uploads\/2023\/01\/2212-donation-stemm-vun-der-strooss-luxairport-1-1024x1024.jpg 1024w, https:\/\/www.lux-airport.lu\/wp-content\/uploads\/2023\/01\/2212-donation-stemm-vun-der-strooss-luxairport-1-300x300.jpg 300w, https:\/\/www.lux-airport.lu\/wp-content\/uploads\/2023\/01\/2212-donation-stemm-vun-der-strooss-luxairport-1-150x150.jpg 150w, https:\/\/www.lux-airport.lu\/wp-content\/uploads\/2023\/01\/2212-donation-stemm-vun-der-strooss-luxairport-1-768x768.jpg 768w, https:\/\/www.lux-airport.lu\/wp-content\/uploads\/2023\/01\/2212-donation-stemm-vun-der-strooss-luxairport-1-1536x1536.jpg 1536w, https:\/\/www.lux-airport.lu\/wp-content\/uploads\/2023\/01\/2212-donation-stemm-vun-der-strooss-luxairport-1-2048x2048.jpg 2048w\" sizes=\"auto, (max-width: 1024px) 100vw, 1024px\" \/><\/figure>\n<\/div>\n\n\n\n<div class=\"wp-block-column is-layout-flow wp-block-column-is-layout-flow\">\n<figure class=\"wp-block-image size-large\"><img loading=\"lazy\" decoding=\"async\" width=\"1024\" height=\"1024\" src=\"https:\/\/www.lux-airport.lu\/wp-content\/uploads\/2023\/01\/1_2212-donation-SOS-Kannerduerf-luxairport-1-1024x1024.jpg\" alt=\"lux=airpost unterst\u00fctzt kindersichere Umgebung\" class=\"wp-image-10358\" srcset=\"https:\/\/www.lux-airport.lu\/wp-content\/uploads\/2023\/01\/1_2212-donation-SOS-Kannerduerf-luxairport-1-1024x1024.jpg 1024w, https:\/\/www.lux-airport.lu\/wp-content\/uploads\/2023\/01\/1_2212-donation-SOS-Kannerduerf-luxairport-1-300x300.jpg 300w, https:\/\/www.lux-airport.lu\/wp-content\/uploads\/2023\/01\/1_2212-donation-SOS-Kannerduerf-luxairport-1-150x150.jpg 150w, https:\/\/www.lux-airport.lu\/wp-content\/uploads\/2023\/01\/1_2212-donation-SOS-Kannerduerf-luxairport-1-768x768.jpg 768w, https:\/\/www.lux-airport.lu\/wp-content\/uploads\/2023\/01\/1_2212-donation-SOS-Kannerduerf-luxairport-1.jpg 1080w\" sizes=\"auto, (max-width: 1024px) 100vw, 1024px\" \/><\/figure>\n<\/div>\n\n\n\n<div class=\"wp-block-column is-layout-flow wp-block-column-is-layout-flow\">\n<figure class=\"wp-block-image size-large\"><img loading=\"lazy\" decoding=\"async\" width=\"1024\" height=\"1024\" src=\"https:\/\/www.lux-airport.lu\/wp-content\/uploads\/2023\/01\/2_2212-donation-MSF-luxairport-2-1024x1024.jpg\" alt=\"lux-airport unterst\u00fctzt \u00c4rzte\" class=\"wp-image-10355\" srcset=\"https:\/\/www.lux-airport.lu\/wp-content\/uploads\/2023\/01\/2_2212-donation-MSF-luxairport-2-1024x1024.jpg 1024w, https:\/\/www.lux-airport.lu\/wp-content\/uploads\/2023\/01\/2_2212-donation-MSF-luxairport-2-300x300.jpg 300w, https:\/\/www.lux-airport.lu\/wp-content\/uploads\/2023\/01\/2_2212-donation-MSF-luxairport-2-150x150.jpg 150w, https:\/\/www.lux-airport.lu\/wp-content\/uploads\/2023\/01\/2_2212-donation-MSF-luxairport-2-768x768.jpg 768w, https:\/\/www.lux-airport.lu\/wp-content\/uploads\/2023\/01\/2_2212-donation-MSF-luxairport-2.jpg 1080w\" sizes=\"auto, (max-width: 1024px) 100vw, 1024px\" \/><\/figure>\n<\/div>\n<\/div>\n\n\n\n<p><strong>Unterst\u00fctzen Sie die Krebsforschung:<\/strong><br><\/p>\n\n\n\n<p>Mehr als 3&nbsp;000&nbsp;Erwachsene und Kinder in Luxemburg erhalten Jahr f\u00fcr Jahr die Diagnose \u201eKrebs\u201c. Die NGO T\u00e9l\u00e9vie unterst\u00fctzt die Krebsforschung und hier vor allem die Forschung zu Leuk\u00e4mie bei Kindern.<\/p>\n\n\n\n<p>Urspr\u00fcnglich startete T\u00e9l\u00e9vie seine T\u00e4tigkeit in Belgien, weitete sie jedoch 2022 nach Luxemburg aus. Seither haben Privatpersonen, Unternehmen und Gemeinden bei verschiedenen Anl\u00e4ssen Geld gesammelt. Ein besonderes Highlight im Jahr ist der \u201eT\u00e9l\u00e9vie Dag\u201c, wenn ausgew\u00e4hlte Gemeinden Geld sammeln und darum konkurrieren, wer am meisten Spenden sammelt. 2022 spendete lux-Airport 8&nbsp;000&nbsp;\u20ac f\u00fcr die Spendenkampagne von Niederanven. Der Ort konnte 321&nbsp;000&nbsp;\u20ac sammeln.<\/p>\n\n\n\n<figure class=\"wp-block-image size-medium\"><img loading=\"lazy\" decoding=\"async\" width=\"300\" height=\"300\" src=\"https:\/\/www.lux-airport.lu\/wp-content\/uploads\/2023\/01\/13052022-Televie-payconiq-social-media-final-com_1-1-300x300.jpg\" alt=\"lux-airpoer unterst\u00fctzt Krebs\" class=\"wp-image-10362\" srcset=\"https:\/\/www.lux-airport.lu\/wp-content\/uploads\/2023\/01\/13052022-Televie-payconiq-social-media-final-com_1-1-300x300.jpg 300w, https:\/\/www.lux-airport.lu\/wp-content\/uploads\/2023\/01\/13052022-Televie-payconiq-social-media-final-com_1-1-1024x1024.jpg 1024w, https:\/\/www.lux-airport.lu\/wp-content\/uploads\/2023\/01\/13052022-Televie-payconiq-social-media-final-com_1-1-150x150.jpg 150w, https:\/\/www.lux-airport.lu\/wp-content\/uploads\/2023\/01\/13052022-Televie-payconiq-social-media-final-com_1-1-768x768.jpg 768w, https:\/\/www.lux-airport.lu\/wp-content\/uploads\/2023\/01\/13052022-Televie-payconiq-social-media-final-com_1-1-1536x1536.jpg 1536w, https:\/\/www.lux-airport.lu\/wp-content\/uploads\/2023\/01\/13052022-Televie-payconiq-social-media-final-com_1-1-2048x2048.jpg 2048w\" sizes=\"auto, (max-width: 300px) 100vw, 300px\" \/><\/figure>\n\n\n\n<div style=\"height:64px\" aria-hidden=\"true\" class=\"wp-block-spacer\"><\/div>\n\n\n\n<p><strong>Unterst\u00fctzung der sportlichen Aktivit\u00e4ten 2022:<\/strong><\/p>\n\n\n\n<ul class=\"wp-block-list\">\n<li>AB Contern Basketball Club &#8211; <a href=\"https:\/\/www.abcontern.lu\" data-type=\"URL\" data-id=\"www.abcontern.lu\" target=\"_blank\" rel=\"noreferrer noopener nofollow\">www.abcontern.lu<\/a><\/li>\n\n\n\n<li>IWTP 2022 by Luxembourg Ladies Tennis Masters &#8211; <a href=\"https:\/\/www.luxembourg-ladies-tennis-masters.com\/\" rel=\"nofollow noopener\" target=\"_blank\">https:\/\/www.luxembourg-ladies-tennis-masters.com\/<\/a><\/li>\n<\/ul>\n","protected":false},"excerpt":{"rendered":"<p>Der lux-Airport ist bestrebt, nicht nur in Bezug auf Umweltthemen nachhaltig zu handeln, sondern auch die Verantwortung f\u00fcr sein Umfeld und die Menschen zu \u00fcbernehmen. Seit vielen Jahren unterst\u00fctzt lux-Airport Sport, soziale soziale Projekte und Kultur. Hier finden Sie einige Einblicke in das Engagement des lux-Airports in der letzten Zeit. Die Rolle von lux-Airport &#8211; [&hellip;]<\/p>\n","protected":false},"author":1,"featured_media":0,"parent":6895,"menu_order":0,"comment_status":"closed","ping_status":"closed","template":"","meta":{"_acf_changed":false,"footnotes":""},"class_list":["post-10368","page","type-page","status-publish","hentry"],"acf":{"set_page_width_full":false,"start_with_small_header":false,"reno_options":{"hide_reno_widget":false,"open_widget_on_page_load":false,"which_tab_to_open":"chatbot","hide_reno_turn_onoff":false,"set_height_to_mini":false,"reno_page_branded_text_back_front":{"reno_show_branded_text":false,"reno_text_in_the_back":"JOURNEY","reno_text_in_the_front":"my journey starts here"}},"branded_text_backfront":{"hide_branded_text":false,"text_in_the_back":"JOURNEY","text_in_the_front_left":"My journey","text_in_the_front_right":"starts here"},"hide_breadcrumbs":false,"hide_footer_widgets":false,"hide_page_title":false,"advertising__adsense":{"show_ads_in_this_page":true,"image_instead_of_adsense":{"enable_image_instead_of_adsense":false,"banner_image_300x250":null,"banner_url":""}},"header_image_options":{"show_header_image":"Yes","header_image":""}},"_links":{"self":[{"href":"https:\/\/www.lux-airport.lu\/de\/wp-json\/wp\/v2\/pages\/10368","targetHints":{"allow":["GET"]}}],"collection":[{"href":"https:\/\/www.lux-airport.lu\/de\/wp-json\/wp\/v2\/pages"}],"about":[{"href":"https:\/\/www.lux-airport.lu\/de\/wp-json\/wp\/v2\/types\/page"}],"author":[{"embeddable":true,"href":"https:\/\/www.lux-airport.lu\/de\/wp-json\/wp\/v2\/users\/1"}],"replies":[{"embeddable":true,"href":"https:\/\/www.lux-airport.lu\/de\/wp-json\/wp\/v2\/comments?post=10368"}],"version-history":[{"count":0,"href":"https:\/\/www.lux-airport.lu\/de\/wp-json\/wp\/v2\/pages\/10368\/revisions"}],"up":[{"embeddable":true,"href":"https:\/\/www.lux-airport.lu\/de\/wp-json\/wp\/v2\/pages\/6895"}],"wp:attachment":[{"href":"https:\/\/www.lux-airport.lu\/de\/wp-json\/wp\/v2\/media?parent=10368"}],"curies":[{"name":"wp","href":"https:\/\/api.w.org\/{rel}","templated":true}]}}